{"id":9893,"date":"2017-12-21T12:22:21","date_gmt":"2017-12-21T11:22:21","guid":{"rendered":"http:\/\/www.citaprevia-teatroarriaga.eus\/?page_id=9893&#038;lang=eu"},"modified":"2025-01-13T16:29:03","modified_gmt":"2025-01-13T15:29:03","slug":"accesibilidad-auditiva","status":"publish","type":"page","link":"https:\/\/www.citaprevia-teatroarriaga.eus\/eu\/accesibilidad-auditiva\/","title":{"rendered":"Entzun-Irisgarritasuna"},"content":{"rendered":"<div class=\"row\">\n<div class=\"col-md-12\">\n2017-2018 denboralditik aurrera, entzumen urritasuna duten pertsonek<strong> bi sistema<\/strong> izango dituzte, bat soinu anplifikatu sistema, eta bestea norbanakoentzako bukle magnetiko sistema, Arriagako agertokian eskainiko diren ikuskizunez argi eta ozen gozatu ahal izateko.\n<\/div>\n<\/div>\n<div class=\"row\">\n<div class=\"col-md-6\">\n<img loading=\"lazy\" decoding=\"async\" src=\"https:\/\/www.citaprevia-teatroarriaga.eus\/wp-content\/uploads\/2025\/01\/sonido-amplificado-150x150.png\" alt=\"sistema de sonido amplificado\" width=\"150\" height=\"150\" class=\"alignleft size-thumbnail wp-image-60921\" srcset=\"https:\/\/www.citaprevia-teatroarriaga.eus\/wp-content\/uploads\/2025\/01\/sonido-amplificado-150x150.png 150w, https:\/\/www.citaprevia-teatroarriaga.eus\/wp-content\/uploads\/2025\/01\/sonido-amplificado.png 186w\" sizes=\"auto, (max-width: 150px) 100vw, 150px\" \/><br \/>\n<strong>Soinu anplifikatu sistema<\/strong>n aurikularrak erabiliko dira, aretoko soinua argiago jaso ahal izateko. Beraz, entzuteko arazoak dituzten edo, aurikular horiei esker, ikuskizuna hobeto entzun nahi duten, pertsonei dago zuzenduta.\n<\/div>\n<div class=\"col-md-6\">\n<img loading=\"lazy\" decoding=\"async\" src=\"https:\/\/www.citaprevia-teatroarriaga.eus\/wp-content\/uploads\/2025\/01\/bucle-magnetico-150x150.png\" alt=\"sistema de bucle magn\u00e9tico individual\" width=\"150\" height=\"150\" class=\"alignleft size-thumbnail wp-image-60918\" srcset=\"https:\/\/www.citaprevia-teatroarriaga.eus\/wp-content\/uploads\/2025\/01\/bucle-magnetico-150x150.png 150w, https:\/\/www.citaprevia-teatroarriaga.eus\/wp-content\/uploads\/2025\/01\/bucle-magnetico.png 186w\" sizes=\"auto, (max-width: 150px) 100vw, 150px\" \/><br \/>\nBeste alde batetik, <strong>norbanakoentzako bukle magnetiko sistema<\/strong>ri esker, entzuteko protesiak (audifonoa edo kokleako inplantea) dituzten pertsonek soinua argi eta garbi entzun ahal izango dute.\n<\/div>\n<\/div>\n<div class=\"row\">\n<div class=\"col-md-12\">\nSistema horien ezarpenerako, Arriaga Antzokiak<span>\u00a0<\/span><i>Teatro Accesible<\/i><span>\u00a0<\/span>ekimenaren laguntza izan du. Ekimen horren helburua, entzumen eta ikusmen urritasuna duten pertsonak eta pertsona nagusiak antzerkira hurbiltzea da.\n<\/div>\n<\/div>\n","protected":false},"excerpt":{"rendered":"2017-2018 denboralditik aurrera, entzumen urritasuna duten pertsonek bi sistema izango dituzte, bat soinu anplifikatu sistema, eta bestea norbanakoentzako bukle magnetiko sistema, Arriagako agertokian eskainiko diren ikuskizunez argi eta ozen gozatu ahal izateko. Soinu anplifikatu sisteman aurikularrak erabiliko dira, aretoko soinua argiago jaso ahal izateko. Beraz, entzuteko arazoak dituzten edo, aurikular horiei esker, ikuskizuna hobeto entzun [&hellip;]<div class=\"clearfix\"><\/div>","protected":false},"author":10,"featured_media":6234,"parent":0,"menu_order":0,"comment_status":"closed","ping_status":"closed","template":"","meta":{"_acf_changed":false,"footnotes":""},"class_list":["post-9893","page","type-page","status-publish","has-post-thumbnail","hentry"],"acf":[],"yoast_head":"<!-- This site is optimized with the Yoast SEO plugin v27.6 - https:\/\/yoast.com\/product\/yoast-seo-wordpress\/ -->\n<title>Entzun-Irisgarritasuna - Teatro Arriaga Antzokia<\/title>\n<meta name=\"robots\" content=\"index, follow, max-snippet:-1, max-image-preview:large, max-video-preview:-1\" \/>\n<link rel=\"canonical\" href=\"https:\/\/www.citaprevia-teatroarriaga.eus\/?page_id=9891\" \/>\n<meta property=\"og:locale\" content=\"en_US\" \/>\n<meta property=\"og:type\" content=\"article\" \/>\n<meta property=\"og:title\" content=\"Entzun-Irisgarritasuna - Teatro Arriaga Antzokia\" \/>\n<meta property=\"og:description\" content=\"2017-2018 denboralditik aurrera, entzumen urritasuna duten pertsonek bi sistema izango dituzte, bat soinu anplifikatu sistema, eta bestea norbanakoentzako bukle magnetiko sistema, Arriagako agertokian eskainiko diren ikuskizunez argi eta ozen gozatu ahal izateko. Soinu anplifikatu sisteman aurikularrak erabiliko dira, aretoko soinua argiago jaso ahal izateko. Beraz, entzuteko arazoak dituzten edo, aurikular horiei esker, ikuskizuna hobeto entzun [&hellip;]\" \/>\n<meta property=\"og:url\" content=\"https:\/\/www.citaprevia-teatroarriaga.eus\/?page_id=9891\" \/>\n<meta property=\"og:site_name\" content=\"Teatro Arriaga Antzokia\" \/>\n<meta property=\"article:modified_time\" content=\"2025-01-13T15:29:03+00:00\" \/>\n<meta property=\"og:image\" content=\"https:\/\/www.citaprevia-teatroarriaga.eus\/wp-content\/uploads\/2016\/02\/Submenu_Servicio_alquileres_byn1800.jpg\" \/>\n\t<meta property=\"og:image:width\" content=\"1800\" \/>\n\t<meta property=\"og:image:height\" content=\"800\" \/>\n\t<meta property=\"og:image:type\" content=\"image\/jpeg\" \/>\n<meta name=\"twitter:card\" content=\"summary_large_image\" \/>\n<meta name=\"twitter:label1\" content=\"Est. reading time\" \/>\n\t<meta name=\"twitter:data1\" content=\"1 minute\" \/>\n<script type=\"application\/ld+json\" class=\"yoast-schema-graph\">{\"@context\":\"https:\\\/\\\/schema.org\",\"@graph\":[{\"@type\":\"WebPage\",\"@id\":\"https:\\\/\\\/www.citaprevia-teatroarriaga.eus\\\/?page_id=9891\",\"url\":\"https:\\\/\\\/www.citaprevia-teatroarriaga.eus\\\/?page_id=9891\",\"name\":\"Entzun-Irisgarritasuna - Teatro Arriaga Antzokia\",\"isPartOf\":{\"@id\":\"https:\\\/\\\/www.citaprevia-teatroarriaga.eus\\\/#website\"},\"primaryImageOfPage\":{\"@id\":\"https:\\\/\\\/www.citaprevia-teatroarriaga.eus\\\/?page_id=9891#primaryimage\"},\"image\":{\"@id\":\"https:\\\/\\\/www.citaprevia-teatroarriaga.eus\\\/?page_id=9891#primaryimage\"},\"thumbnailUrl\":\"https:\\\/\\\/www.citaprevia-teatroarriaga.eus\\\/wp-content\\\/uploads\\\/2016\\\/02\\\/Submenu_Servicio_alquileres_byn1800.jpg\",\"datePublished\":\"2017-12-21T11:22:21+00:00\",\"dateModified\":\"2025-01-13T15:29:03+00:00\",\"breadcrumb\":{\"@id\":\"https:\\\/\\\/www.citaprevia-teatroarriaga.eus\\\/?page_id=9891#breadcrumb\"},\"inLanguage\":\"eu-EU\",\"potentialAction\":[{\"@type\":\"ReadAction\",\"target\":[\"https:\\\/\\\/www.citaprevia-teatroarriaga.eus\\\/?page_id=9891\"]}]},{\"@type\":\"ImageObject\",\"inLanguage\":\"eu-EU\",\"@id\":\"https:\\\/\\\/www.citaprevia-teatroarriaga.eus\\\/?page_id=9891#primaryimage\",\"url\":\"https:\\\/\\\/www.citaprevia-teatroarriaga.eus\\\/wp-content\\\/uploads\\\/2016\\\/02\\\/Submenu_Servicio_alquileres_byn1800.jpg\",\"contentUrl\":\"https:\\\/\\\/www.citaprevia-teatroarriaga.eus\\\/wp-content\\\/uploads\\\/2016\\\/02\\\/Submenu_Servicio_alquileres_byn1800.jpg\",\"width\":1800,\"height\":800},{\"@type\":\"BreadcrumbList\",\"@id\":\"https:\\\/\\\/www.citaprevia-teatroarriaga.eus\\\/?page_id=9891#breadcrumb\",\"itemListElement\":[{\"@type\":\"ListItem\",\"position\":1,\"name\":\"Portada\",\"item\":\"https:\\\/\\\/www.citaprevia-teatroarriaga.eus\\\/\"},{\"@type\":\"ListItem\",\"position\":2,\"name\":\"Info\",\"item\":\"https:\\\/\\\/www.citaprevia-teatroarriaga.eus\\\/?page_id=8\"},{\"@type\":\"ListItem\",\"position\":3,\"name\":\"Irisgarritasuna\",\"item\":\"https:\\\/\\\/www.citaprevia-teatroarriaga.eus\\\/?page_id=9888\"},{\"@type\":\"ListItem\",\"position\":4,\"name\":\"Entzun-Irisgarritasuna\"}]},{\"@type\":\"WebSite\",\"@id\":\"https:\\\/\\\/www.citaprevia-teatroarriaga.eus\\\/#website\",\"url\":\"https:\\\/\\\/www.citaprevia-teatroarriaga.eus\\\/\",\"name\":\"Teatro Arriaga Antzokia\",\"description\":\"Sitio web oficial del Teatro. Programaci\u00f3n y venta de entradas para espect\u00e1culos. Teatro, danza, conciertos, \u00f3pera.  Edificio emblem\u00e1tico de Bilbao\",\"potentialAction\":[{\"@type\":\"SearchAction\",\"target\":{\"@type\":\"EntryPoint\",\"urlTemplate\":\"https:\\\/\\\/www.citaprevia-teatroarriaga.eus\\\/?s={search_term_string}\"},\"query-input\":{\"@type\":\"PropertyValueSpecification\",\"valueRequired\":true,\"valueName\":\"search_term_string\"}}],\"inLanguage\":\"eu-EU\"}]}<\/script>\n<!-- \/ Yoast SEO plugin. -->","yoast_head_json":{"title":"Entzun-Irisgarritasuna - Teatro Arriaga Antzokia","robots":{"index":"index","follow":"follow","max-snippet":"max-snippet:-1","max-image-preview":"max-image-preview:large","max-video-preview":"max-video-preview:-1"},"canonical":"https:\/\/www.citaprevia-teatroarriaga.eus\/?page_id=9891","og_locale":"en_US","og_type":"article","og_title":"Entzun-Irisgarritasuna - Teatro Arriaga Antzokia","og_description":"2017-2018 denboralditik aurrera, entzumen urritasuna duten pertsonek bi sistema izango dituzte, bat soinu anplifikatu sistema, eta bestea norbanakoentzako bukle magnetiko sistema, Arriagako agertokian eskainiko diren ikuskizunez argi eta ozen gozatu ahal izateko. Soinu anplifikatu sisteman aurikularrak erabiliko dira, aretoko soinua argiago jaso ahal izateko. Beraz, entzuteko arazoak dituzten edo, aurikular horiei esker, ikuskizuna hobeto entzun [&hellip;]","og_url":"https:\/\/www.citaprevia-teatroarriaga.eus\/?page_id=9891","og_site_name":"Teatro Arriaga Antzokia","article_modified_time":"2025-01-13T15:29:03+00:00","og_image":[{"width":1800,"height":800,"url":"https:\/\/www.citaprevia-teatroarriaga.eus\/wp-content\/uploads\/2016\/02\/Submenu_Servicio_alquileres_byn1800.jpg","type":"image\/jpeg"}],"twitter_card":"summary_large_image","twitter_misc":{"Est. reading time":"1 minute"},"schema":{"@context":"https:\/\/schema.org","@graph":[{"@type":"WebPage","@id":"https:\/\/www.citaprevia-teatroarriaga.eus\/?page_id=9891","url":"https:\/\/www.citaprevia-teatroarriaga.eus\/?page_id=9891","name":"Entzun-Irisgarritasuna - Teatro Arriaga Antzokia","isPartOf":{"@id":"https:\/\/www.citaprevia-teatroarriaga.eus\/#website"},"primaryImageOfPage":{"@id":"https:\/\/www.citaprevia-teatroarriaga.eus\/?page_id=9891#primaryimage"},"image":{"@id":"https:\/\/www.citaprevia-teatroarriaga.eus\/?page_id=9891#primaryimage"},"thumbnailUrl":"https:\/\/www.citaprevia-teatroarriaga.eus\/wp-content\/uploads\/2016\/02\/Submenu_Servicio_alquileres_byn1800.jpg","datePublished":"2017-12-21T11:22:21+00:00","dateModified":"2025-01-13T15:29:03+00:00","breadcrumb":{"@id":"https:\/\/www.citaprevia-teatroarriaga.eus\/?page_id=9891#breadcrumb"},"inLanguage":"eu-EU","potentialAction":[{"@type":"ReadAction","target":["https:\/\/www.citaprevia-teatroarriaga.eus\/?page_id=9891"]}]},{"@type":"ImageObject","inLanguage":"eu-EU","@id":"https:\/\/www.citaprevia-teatroarriaga.eus\/?page_id=9891#primaryimage","url":"https:\/\/www.citaprevia-teatroarriaga.eus\/wp-content\/uploads\/2016\/02\/Submenu_Servicio_alquileres_byn1800.jpg","contentUrl":"https:\/\/www.citaprevia-teatroarriaga.eus\/wp-content\/uploads\/2016\/02\/Submenu_Servicio_alquileres_byn1800.jpg","width":1800,"height":800},{"@type":"BreadcrumbList","@id":"https:\/\/www.citaprevia-teatroarriaga.eus\/?page_id=9891#breadcrumb","itemListElement":[{"@type":"ListItem","position":1,"name":"Portada","item":"https:\/\/www.citaprevia-teatroarriaga.eus\/"},{"@type":"ListItem","position":2,"name":"Info","item":"https:\/\/www.citaprevia-teatroarriaga.eus\/?page_id=8"},{"@type":"ListItem","position":3,"name":"Irisgarritasuna","item":"https:\/\/www.citaprevia-teatroarriaga.eus\/?page_id=9888"},{"@type":"ListItem","position":4,"name":"Entzun-Irisgarritasuna"}]},{"@type":"WebSite","@id":"https:\/\/www.citaprevia-teatroarriaga.eus\/#website","url":"https:\/\/www.citaprevia-teatroarriaga.eus\/","name":"Teatro Arriaga Antzokia","description":"Sitio web oficial del Teatro. Programaci\u00f3n y venta de entradas para espect\u00e1culos. Teatro, danza, conciertos, \u00f3pera.  Edificio emblem\u00e1tico de Bilbao","potentialAction":[{"@type":"SearchAction","target":{"@type":"EntryPoint","urlTemplate":"https:\/\/www.citaprevia-teatroarriaga.eus\/?s={search_term_string}"},"query-input":{"@type":"PropertyValueSpecification","valueRequired":true,"valueName":"search_term_string"}}],"inLanguage":"eu-EU"}]}},"_links":{"self":[{"href":"https:\/\/www.citaprevia-teatroarriaga.eus\/eu\/wp-json\/wp\/v2\/pages\/9893","targetHints":{"allow":["GET"]}}],"collection":[{"href":"https:\/\/www.citaprevia-teatroarriaga.eus\/eu\/wp-json\/wp\/v2\/pages"}],"about":[{"href":"https:\/\/www.citaprevia-teatroarriaga.eus\/eu\/wp-json\/wp\/v2\/types\/page"}],"author":[{"embeddable":true,"href":"https:\/\/www.citaprevia-teatroarriaga.eus\/eu\/wp-json\/wp\/v2\/users\/10"}],"replies":[{"embeddable":true,"href":"https:\/\/www.citaprevia-teatroarriaga.eus\/eu\/wp-json\/wp\/v2\/comments?post=9893"}],"version-history":[{"count":1,"href":"https:\/\/www.citaprevia-teatroarriaga.eus\/eu\/wp-json\/wp\/v2\/pages\/9893\/revisions"}],"predecessor-version":[{"id":60929,"href":"https:\/\/www.citaprevia-teatroarriaga.eus\/eu\/wp-json\/wp\/v2\/pages\/9893\/revisions\/60929"}],"wp:featuredmedia":[{"embeddable":true,"href":"https:\/\/www.citaprevia-teatroarriaga.eus\/eu\/wp-json\/wp\/v2\/media\/6234"}],"wp:attachment":[{"href":"https:\/\/www.citaprevia-teatroarriaga.eus\/eu\/wp-json\/wp\/v2\/media?parent=9893"}],"curies":[{"name":"wp","href":"https:\/\/api.w.org\/{rel}","templated":true}]}}