{"id":6986,"date":"2017-02-07T13:36:43","date_gmt":"2017-02-07T12:36:43","guid":{"rendered":"http:\/\/www.citaprevia-teatroarriaga.eus\/?page_id=6986&#038;lang=eu"},"modified":"2026-01-23T08:43:52","modified_gmt":"2026-01-23T07:43:52","slug":"visitas-guiadas","status":"publish","type":"page","link":"https:\/\/www.citaprevia-teatroarriaga.eus\/eu\/quienes-somos\/visitas-guiadas\/","title":{"rendered":"Bisita gidatuak"},"content":{"rendered":"<div class=\"aviso\" style=\"display: none\">\n<h4>Uztailean eta abuztuan ez da bisita gidaturik eskainiko.<br \/>\nIrailean itzuliko gara data berriekin.<\/h4>\n<\/div>\n<p>Arriaga Antzokia Bilbo hiriko eraikin enblematikoa da, hiriko Hirigune Historikorako atea eta hiribilduko kulturaren enblema. 1890ean eraiki zen eta monumentu historikoaren maila du. Oinezkoak eraikinaren kanpoko arkitektura neo-barrokoa ikus dezake, baina, orain, jendeak eraikineko instalazioetara egindako bisita gidatuen bitartez barneko diseinu eta arkitektura berezia ere ezagutu ahal izango ditu.<\/p>\n<p>Bisita Hallean hasten da eta foyerrak jendea emanaldietara joaten denean normalean sartzen ez den hainbat areto ere korritzen ditu, hala nola, Orient Express areto txikia edo Areto Isabeldarra, operako trajeen erakusketan geldiunea eginez eta, noski, baita besaulki-patio harrigarrian ere.<\/p>\n<p>Bisita beti izan ohi da interesgarria eta 125 urtetik gora dituen eraikin batek barnebiltzen dituen historiak are gehiago oraindik.<\/p>\n<p>Anima zaitez eta bisitatu Bilboko bihotzean dagoen ezinbesteko lekua. Arriaga Antzokia zain daukazu.<\/p>\n<p>&nbsp;<\/p>\n<p><span class=\"arriaga-color-brand\">Hizkuntza:<\/span> euskara, gaztelania eta ingelesa.<\/p>\n<p><span class=\"arriaga-color-brand\">Ordutegia:<\/span> Bisiten egutegia jarduera eszenikoaren araberakoa da, eta une bakoitzean antzokiaren baitako espazioek duten okupazioaren araberakoa. <span>Beraz, bisitak larunbat eta\/edo igande goizetan egin ohi dira.<\/span>\u00a0Bisita burutzeko datak <a href=\"https:\/\/arriaga.janto.es\/espectaculo\/visita-guiada-bisita-gidatua-guided-tour\/170304\" rel=\"noopener\" target=\"_blank\">hemen<\/a>.<\/p>\n<p><span class=\"arriaga-color-brand\">Iraupena:<\/span> 50 minutu, gutxi gorabehera<\/p>\n<p><span sclass=\"arriaga-color-brand\">Edukiera:<\/span> gehienez, 30 pertsona<\/p>\n<p><span class=\"arriaga-color-brand\">Bisita:<\/span> Halla. Juan Cris\u00f3stomo Arriaga eskailera. Foyerra. Areto Isabeldarra. Areto nagusia eta besaulki-patioa. Operako eta zartzuelako jantzien erakusketa. Orient Express Areto Txikia.<\/p>\n<p>&nbsp;<\/p>\n<p><span class=\"arriaga-color-brand\">Sarreren prezioa:<\/span><\/p>\n<p>&#8211; Sarrera arrunta: 5 euro<\/p>\n<p>&#8211; Mugikortasun urriko pertsonek: 3 euro<\/p>\n<p>&#8211; Sarrera doakoa: 18 urtetik beherakoak lagunduta (heldu bakoitzeko bi sarrera gehienez) eta 25 urtetik beherako ikasleak. Doako sarrerak leihatilan emango dira, edukiera bete arte.<\/p>\n<p>&nbsp;<\/p>\n<p><span class=\"arriaga-color-brand\">Sarreren salmenta:<\/span><\/p>\n<p>&#8211;\u00a0online<\/p>\n<p>&#8211; Arriaga Antzokiko leihatilan<\/p>\n<p>&nbsp;<\/p>\n<p><span class=\"arriaga-color-brand\">Bisitaldiaren esperientzia partekatzeko posta elektronikoa:<\/span><\/p>\n<p>visitasguiadas@teatroarriaga.eus<\/p>\n<p>&nbsp;<\/p>\n<p><span class=\"arriaga-color-brand\">Berariazko baldintzak:<\/span><\/p>\n<p>&#8211; Arriaga Antzokiak, arrazoi teknikoak edo artistikoak direla medio, aurreikusitako ibilbidea eta bisiten ordutegia alda dezake.<\/p>\n<p>&#8211; Bisitak dagokien orduan puntual hasiko dira eta, behin hasita daudenean, ezingo da sartu.<\/p>\n<p>&#8211; Gidariak bestelakorik esan ezean, argazkiak atera eta grabazioak egin ahal izango dira.<\/p>\n<p>&#8211; Segurtasun-arrazoiak direla bide, beti gidariaren jarraibideak bete beharko dira, ezingo da Antzokian zehar norbere kasa ibili.<\/p>\n<p>&#8211; Arriaga Antzokiak sarrera ukatzea erreserbatuta du eta gidariaren jarraibideak ez betetzearen ondorioz sor daitezkeen gertakariengatiko edozein erantzukizun baztertuta geratuko da.<\/p>\n<p>&#8211; Sarrera itzultzeko edo aldatzeko arrazoi bakarra bisitaldia bertan behera geratzea izango da.<\/p>\n<p>&#8211;<span>Debekatuta dago animaliak Arriaga Antzokiko instalazioetara sartzea, gida-txakurra izan ezik.<\/span><\/p>\n","protected":false},"excerpt":{"rendered":"Uztailean eta abuztuan ez da bisita gidaturik eskainiko. Irailean itzuliko gara data berriekin. Arriaga Antzokia Bilbo hiriko eraikin enblematikoa da, hiriko Hirigune Historikorako atea eta hiribilduko kulturaren enblema. 1890ean eraiki zen eta monumentu historikoaren maila du. Oinezkoak eraikinaren kanpoko arkitektura neo-barrokoa ikus dezake, baina, orain, jendeak eraikineko instalazioetara egindako bisita gidatuen bitartez barneko diseinu eta [&hellip;]<div class=\"clearfix\"><\/div>","protected":false},"author":10,"featured_media":6984,"parent":2064,"menu_order":0,"comment_status":"closed","ping_status":"closed","template":"","meta":{"_acf_changed":false,"footnotes":""},"class_list":["post-6986","page","type-page","status-publish","has-post-thumbnail","hentry"],"acf":[],"yoast_head":"<!-- This site is optimized with the Yoast SEO plugin v27.6 - https:\/\/yoast.com\/product\/yoast-seo-wordpress\/ -->\n<title>Bisita gidatuak - Teatro Arriaga Antzokia<\/title>\n<meta name=\"robots\" content=\"index, follow, max-snippet:-1, max-image-preview:large, max-video-preview:-1\" \/>\n<link rel=\"canonical\" href=\"https:\/\/www.citaprevia-teatroarriaga.eus\/?page_id=6981\" \/>\n<meta property=\"og:locale\" content=\"en_US\" \/>\n<meta property=\"og:type\" content=\"article\" \/>\n<meta property=\"og:title\" content=\"Bisita gidatuak - Teatro Arriaga Antzokia\" \/>\n<meta property=\"og:description\" content=\"Uztailean eta abuztuan ez da bisita gidaturik eskainiko. Irailean itzuliko gara data berriekin. Arriaga Antzokia Bilbo hiriko eraikin enblematikoa da, hiriko Hirigune Historikorako atea eta hiribilduko kulturaren enblema. 1890ean eraiki zen eta monumentu historikoaren maila du. Oinezkoak eraikinaren kanpoko arkitektura neo-barrokoa ikus dezake, baina, orain, jendeak eraikineko instalazioetara egindako bisita gidatuen bitartez barneko diseinu eta [&hellip;]\" \/>\n<meta property=\"og:url\" content=\"https:\/\/www.citaprevia-teatroarriaga.eus\/?page_id=6981\" \/>\n<meta property=\"og:site_name\" content=\"Teatro Arriaga Antzokia\" \/>\n<meta property=\"article:modified_time\" content=\"2026-01-23T07:43:52+00:00\" \/>\n<meta property=\"og:image\" content=\"https:\/\/www.citaprevia-teatroarriaga.eus\/wp-content\/uploads\/2017\/02\/visitas_guiadas_cabecera.jpg\" \/>\n\t<meta property=\"og:image:width\" content=\"1800\" \/>\n\t<meta property=\"og:image:height\" content=\"800\" \/>\n\t<meta property=\"og:image:type\" content=\"image\/jpeg\" \/>\n<meta name=\"twitter:card\" content=\"summary_large_image\" \/>\n<meta name=\"twitter:label1\" content=\"Est. reading time\" \/>\n\t<meta name=\"twitter:data1\" content=\"3 minutes\" \/>\n<script type=\"application\/ld+json\" class=\"yoast-schema-graph\">{\"@context\":\"https:\\\/\\\/schema.org\",\"@graph\":[{\"@type\":\"WebPage\",\"@id\":\"https:\\\/\\\/www.citaprevia-teatroarriaga.eus\\\/?page_id=6981\",\"url\":\"https:\\\/\\\/www.citaprevia-teatroarriaga.eus\\\/?page_id=6981\",\"name\":\"Bisita gidatuak - Teatro Arriaga Antzokia\",\"isPartOf\":{\"@id\":\"https:\\\/\\\/www.citaprevia-teatroarriaga.eus\\\/#website\"},\"primaryImageOfPage\":{\"@id\":\"https:\\\/\\\/www.citaprevia-teatroarriaga.eus\\\/?page_id=6981#primaryimage\"},\"image\":{\"@id\":\"https:\\\/\\\/www.citaprevia-teatroarriaga.eus\\\/?page_id=6981#primaryimage\"},\"thumbnailUrl\":\"https:\\\/\\\/www.citaprevia-teatroarriaga.eus\\\/wp-content\\\/uploads\\\/2017\\\/02\\\/visitas_guiadas_cabecera.jpg\",\"datePublished\":\"2017-02-07T12:36:43+00:00\",\"dateModified\":\"2026-01-23T07:43:52+00:00\",\"breadcrumb\":{\"@id\":\"https:\\\/\\\/www.citaprevia-teatroarriaga.eus\\\/?page_id=6981#breadcrumb\"},\"inLanguage\":\"eu-EU\",\"potentialAction\":[{\"@type\":\"ReadAction\",\"target\":[\"https:\\\/\\\/www.citaprevia-teatroarriaga.eus\\\/?page_id=6981\"]}]},{\"@type\":\"ImageObject\",\"inLanguage\":\"eu-EU\",\"@id\":\"https:\\\/\\\/www.citaprevia-teatroarriaga.eus\\\/?page_id=6981#primaryimage\",\"url\":\"https:\\\/\\\/www.citaprevia-teatroarriaga.eus\\\/wp-content\\\/uploads\\\/2017\\\/02\\\/visitas_guiadas_cabecera.jpg\",\"contentUrl\":\"https:\\\/\\\/www.citaprevia-teatroarriaga.eus\\\/wp-content\\\/uploads\\\/2017\\\/02\\\/visitas_guiadas_cabecera.jpg\",\"width\":1800,\"height\":800},{\"@type\":\"BreadcrumbList\",\"@id\":\"https:\\\/\\\/www.citaprevia-teatroarriaga.eus\\\/?page_id=6981#breadcrumb\",\"itemListElement\":[{\"@type\":\"ListItem\",\"position\":1,\"name\":\"Portada\",\"item\":\"https:\\\/\\\/www.citaprevia-teatroarriaga.eus\\\/\"},{\"@type\":\"ListItem\",\"position\":2,\"name\":\"Nor gara\",\"item\":\"https:\\\/\\\/www.citaprevia-teatroarriaga.eus\\\/?page_id=41\"},{\"@type\":\"ListItem\",\"position\":3,\"name\":\"Bisita gidatuak\"}]},{\"@type\":\"WebSite\",\"@id\":\"https:\\\/\\\/www.citaprevia-teatroarriaga.eus\\\/#website\",\"url\":\"https:\\\/\\\/www.citaprevia-teatroarriaga.eus\\\/\",\"name\":\"Teatro Arriaga Antzokia\",\"description\":\"Sitio web oficial del Teatro. Programaci\u00f3n y venta de entradas para espect\u00e1culos. Teatro, danza, conciertos, \u00f3pera.  Edificio emblem\u00e1tico de Bilbao\",\"potentialAction\":[{\"@type\":\"SearchAction\",\"target\":{\"@type\":\"EntryPoint\",\"urlTemplate\":\"https:\\\/\\\/www.citaprevia-teatroarriaga.eus\\\/?s={search_term_string}\"},\"query-input\":{\"@type\":\"PropertyValueSpecification\",\"valueRequired\":true,\"valueName\":\"search_term_string\"}}],\"inLanguage\":\"eu-EU\"}]}<\/script>\n<!-- \/ Yoast SEO plugin. -->","yoast_head_json":{"title":"Bisita gidatuak - Teatro Arriaga Antzokia","robots":{"index":"index","follow":"follow","max-snippet":"max-snippet:-1","max-image-preview":"max-image-preview:large","max-video-preview":"max-video-preview:-1"},"canonical":"https:\/\/www.citaprevia-teatroarriaga.eus\/?page_id=6981","og_locale":"en_US","og_type":"article","og_title":"Bisita gidatuak - Teatro Arriaga Antzokia","og_description":"Uztailean eta abuztuan ez da bisita gidaturik eskainiko. Irailean itzuliko gara data berriekin. Arriaga Antzokia Bilbo hiriko eraikin enblematikoa da, hiriko Hirigune Historikorako atea eta hiribilduko kulturaren enblema. 1890ean eraiki zen eta monumentu historikoaren maila du. Oinezkoak eraikinaren kanpoko arkitektura neo-barrokoa ikus dezake, baina, orain, jendeak eraikineko instalazioetara egindako bisita gidatuen bitartez barneko diseinu eta [&hellip;]","og_url":"https:\/\/www.citaprevia-teatroarriaga.eus\/?page_id=6981","og_site_name":"Teatro Arriaga Antzokia","article_modified_time":"2026-01-23T07:43:52+00:00","og_image":[{"width":1800,"height":800,"url":"https:\/\/www.citaprevia-teatroarriaga.eus\/wp-content\/uploads\/2017\/02\/visitas_guiadas_cabecera.jpg","type":"image\/jpeg"}],"twitter_card":"summary_large_image","twitter_misc":{"Est. reading time":"3 minutes"},"schema":{"@context":"https:\/\/schema.org","@graph":[{"@type":"WebPage","@id":"https:\/\/www.citaprevia-teatroarriaga.eus\/?page_id=6981","url":"https:\/\/www.citaprevia-teatroarriaga.eus\/?page_id=6981","name":"Bisita gidatuak - Teatro Arriaga Antzokia","isPartOf":{"@id":"https:\/\/www.citaprevia-teatroarriaga.eus\/#website"},"primaryImageOfPage":{"@id":"https:\/\/www.citaprevia-teatroarriaga.eus\/?page_id=6981#primaryimage"},"image":{"@id":"https:\/\/www.citaprevia-teatroarriaga.eus\/?page_id=6981#primaryimage"},"thumbnailUrl":"https:\/\/www.citaprevia-teatroarriaga.eus\/wp-content\/uploads\/2017\/02\/visitas_guiadas_cabecera.jpg","datePublished":"2017-02-07T12:36:43+00:00","dateModified":"2026-01-23T07:43:52+00:00","breadcrumb":{"@id":"https:\/\/www.citaprevia-teatroarriaga.eus\/?page_id=6981#breadcrumb"},"inLanguage":"eu-EU","potentialAction":[{"@type":"ReadAction","target":["https:\/\/www.citaprevia-teatroarriaga.eus\/?page_id=6981"]}]},{"@type":"ImageObject","inLanguage":"eu-EU","@id":"https:\/\/www.citaprevia-teatroarriaga.eus\/?page_id=6981#primaryimage","url":"https:\/\/www.citaprevia-teatroarriaga.eus\/wp-content\/uploads\/2017\/02\/visitas_guiadas_cabecera.jpg","contentUrl":"https:\/\/www.citaprevia-teatroarriaga.eus\/wp-content\/uploads\/2017\/02\/visitas_guiadas_cabecera.jpg","width":1800,"height":800},{"@type":"BreadcrumbList","@id":"https:\/\/www.citaprevia-teatroarriaga.eus\/?page_id=6981#breadcrumb","itemListElement":[{"@type":"ListItem","position":1,"name":"Portada","item":"https:\/\/www.citaprevia-teatroarriaga.eus\/"},{"@type":"ListItem","position":2,"name":"Nor gara","item":"https:\/\/www.citaprevia-teatroarriaga.eus\/?page_id=41"},{"@type":"ListItem","position":3,"name":"Bisita gidatuak"}]},{"@type":"WebSite","@id":"https:\/\/www.citaprevia-teatroarriaga.eus\/#website","url":"https:\/\/www.citaprevia-teatroarriaga.eus\/","name":"Teatro Arriaga Antzokia","description":"Sitio web oficial del Teatro. Programaci\u00f3n y venta de entradas para espect\u00e1culos. Teatro, danza, conciertos, \u00f3pera.  Edificio emblem\u00e1tico de Bilbao","potentialAction":[{"@type":"SearchAction","target":{"@type":"EntryPoint","urlTemplate":"https:\/\/www.citaprevia-teatroarriaga.eus\/?s={search_term_string}"},"query-input":{"@type":"PropertyValueSpecification","valueRequired":true,"valueName":"search_term_string"}}],"inLanguage":"eu-EU"}]}},"_links":{"self":[{"href":"https:\/\/www.citaprevia-teatroarriaga.eus\/eu\/wp-json\/wp\/v2\/pages\/6986","targetHints":{"allow":["GET"]}}],"collection":[{"href":"https:\/\/www.citaprevia-teatroarriaga.eus\/eu\/wp-json\/wp\/v2\/pages"}],"about":[{"href":"https:\/\/www.citaprevia-teatroarriaga.eus\/eu\/wp-json\/wp\/v2\/types\/page"}],"author":[{"embeddable":true,"href":"https:\/\/www.citaprevia-teatroarriaga.eus\/eu\/wp-json\/wp\/v2\/users\/10"}],"replies":[{"embeddable":true,"href":"https:\/\/www.citaprevia-teatroarriaga.eus\/eu\/wp-json\/wp\/v2\/comments?post=6986"}],"version-history":[{"count":1,"href":"https:\/\/www.citaprevia-teatroarriaga.eus\/eu\/wp-json\/wp\/v2\/pages\/6986\/revisions"}],"predecessor-version":[{"id":64156,"href":"https:\/\/www.citaprevia-teatroarriaga.eus\/eu\/wp-json\/wp\/v2\/pages\/6986\/revisions\/64156"}],"up":[{"embeddable":true,"href":"https:\/\/www.citaprevia-teatroarriaga.eus\/eu\/wp-json\/wp\/v2\/pages\/2064"}],"wp:featuredmedia":[{"embeddable":true,"href":"https:\/\/www.citaprevia-teatroarriaga.eus\/eu\/wp-json\/wp\/v2\/media\/6984"}],"wp:attachment":[{"href":"https:\/\/www.citaprevia-teatroarriaga.eus\/eu\/wp-json\/wp\/v2\/media?parent=6986"}],"curies":[{"name":"wp","href":"https:\/\/api.w.org\/{rel}","templated":true}]}}