{"id":66566,"date":"2026-05-06T16:16:49","date_gmt":"2026-05-06T14:16:49","guid":{"rendered":"https:\/\/www.citaprevia-teatroarriaga.eus\/reservas-amigos-arriaga\/"},"modified":"2026-05-13T09:44:02","modified_gmt":"2026-05-13T07:44:02","slug":"reservas-amigos-arriaga","status":"publish","type":"page","link":"https:\/\/www.citaprevia-teatroarriaga.eus\/eu\/reservas-amigos-arriaga\/","title":{"rendered":"Reservas amigos arriaga"},"content":{"rendered":"<section class=\"content-address\">\n<div class=\"container row\">\n       <main class=\"col-sm-7 col-md-8 left-col wl-pa-top-md wl-pa-bottom-lg ow-border-right\"><\/p>\n<p>Arriaga Antzokian <span class=\"highlight\">Informazio bulegoa<\/span> dago, gure programazioaren inguruko kontsultak egiteko, zalantzak eta iradokizunak agertzeko, eta abarretarako.<\/p>\n<h5>INFORMAZIO BULEGOAREN ORDUTEGIA<\/h5>\n<p style=\"text-align: left;\"><span class=\"arriaga-color-brand\">Astelehenatik ostiralera:<\/span><\/p>\n<p>Goizean 11:00tik 14:00ra<br \/>\n            Arratsaldean 17:00tik 20:00ra<\/p>\n<p>(Jaiegunak, Aste Santua, abenduaren 21, 24 eta 31, uztaila eta abuztuaren 1etik 11ra izan ezik)<\/p>\n<h5>TELEFONOAK<\/h5>\n<p>Informazio telefonoa: 944 79 20 36<br \/>\n            Telefonogunea: 944 16 35 33<\/p>\n<p>        <\/main><\/p>\n<aside class=\"col-sm-5 col-md-4 right-col\">\n<div class=\"ow-block\">\n<h5><span class=\"subtitulo\">Informazio bulegoarekin harremanetan jartzeko bideak hauek dira<\/span><\/h5>\n<p><span class=\"textocolorbold\">Antzokira joan: <\/span>Antzokian<\/p>\n<p><span class=\"textocolorbold\">Telefonoa:&nbsp;<\/span> 94 479 20 36<\/p>\n<p><span class=\"textocolorbold\">Posta arruntaren helbidea<\/span>:<br \/>\n                Informazio bulegoa<br \/>\n                Arriaga Antzokia<br \/>\n                Arriaga Plaza,1<br \/>\n                Bilbo 48005<br \/>\n                &nbsp;<br \/>\n                E-maila: <span lang=\"EN-US\"><a target=\"_blank\" href=\"mailto:informacion@teatroarriaga.eus\" rel=\"noopener\">informacion@teatroarriaga.eus<\/a><\/span><\/p>\n<\/p><\/div>\n<\/aside><\/div>\n<\/section>\n\n","protected":false},"excerpt":{"rendered":"","protected":false},"author":10,"featured_media":0,"parent":0,"menu_order":0,"comment_status":"closed","ping_status":"closed","template":"templates\/template-reservas-amigos-arriaga.php","meta":{"_acf_changed":false,"footnotes":""},"class_list":["post-66566","page","type-page","status-publish","hentry"],"acf":[],"yoast_head":"<!-- This site is optimized with the Yoast SEO plugin v27.6 - https:\/\/yoast.com\/product\/yoast-seo-wordpress\/ -->\n<title>Reservas amigos arriaga - Teatro Arriaga Antzokia<\/title>\n<meta name=\"robots\" content=\"index, follow, max-snippet:-1, max-image-preview:large, max-video-preview:-1\" \/>\n<link rel=\"canonical\" href=\"https:\/\/www.citaprevia-teatroarriaga.eus\/reservas-amigos-arriaga\/?lang=eu\" \/>\n<meta property=\"og:locale\" content=\"en_US\" \/>\n<meta property=\"og:type\" content=\"article\" \/>\n<meta property=\"og:title\" content=\"Reservas amigos arriaga - Teatro Arriaga Antzokia\" \/>\n<meta property=\"og:url\" content=\"https:\/\/www.citaprevia-teatroarriaga.eus\/reservas-amigos-arriaga\/?lang=eu\" \/>\n<meta property=\"og:site_name\" content=\"Teatro Arriaga Antzokia\" \/>\n<meta property=\"article:modified_time\" content=\"2026-05-13T07:44:02+00:00\" \/>\n<meta name=\"twitter:card\" content=\"summary_large_image\" \/>\n<meta name=\"twitter:label1\" content=\"Est. reading time\" \/>\n\t<meta name=\"twitter:data1\" content=\"1 minute\" \/>\n<script type=\"application\/ld+json\" class=\"yoast-schema-graph\">{\"@context\":\"https:\\\/\\\/schema.org\",\"@graph\":[{\"@type\":\"WebPage\",\"@id\":\"https:\\\/\\\/www.citaprevia-teatroarriaga.eus\\\/reservas-amigos-arriaga\\\/?lang=eu\",\"url\":\"https:\\\/\\\/www.citaprevia-teatroarriaga.eus\\\/reservas-amigos-arriaga\\\/?lang=eu\",\"name\":\"Reservas amigos arriaga - Teatro Arriaga Antzokia\",\"isPartOf\":{\"@id\":\"https:\\\/\\\/www.citaprevia-teatroarriaga.eus\\\/#website\"},\"datePublished\":\"2026-05-06T14:16:49+00:00\",\"dateModified\":\"2026-05-13T07:44:02+00:00\",\"breadcrumb\":{\"@id\":\"https:\\\/\\\/www.citaprevia-teatroarriaga.eus\\\/reservas-amigos-arriaga\\\/?lang=eu#breadcrumb\"},\"inLanguage\":\"eu-EU\",\"potentialAction\":[{\"@type\":\"ReadAction\",\"target\":[\"https:\\\/\\\/www.citaprevia-teatroarriaga.eus\\\/reservas-amigos-arriaga\\\/?lang=eu\"]}]},{\"@type\":\"BreadcrumbList\",\"@id\":\"https:\\\/\\\/www.citaprevia-teatroarriaga.eus\\\/reservas-amigos-arriaga\\\/?lang=eu#breadcrumb\",\"itemListElement\":[{\"@type\":\"ListItem\",\"position\":1,\"name\":\"Portada\",\"item\":\"https:\\\/\\\/www.citaprevia-teatroarriaga.eus\\\/\"},{\"@type\":\"ListItem\",\"position\":2,\"name\":\"Reservas amigos arriaga\"}]},{\"@type\":\"WebSite\",\"@id\":\"https:\\\/\\\/www.citaprevia-teatroarriaga.eus\\\/#website\",\"url\":\"https:\\\/\\\/www.citaprevia-teatroarriaga.eus\\\/\",\"name\":\"Teatro Arriaga Antzokia\",\"description\":\"Sitio web oficial del Teatro. Programaci\u00f3n y venta de entradas para espect\u00e1culos. Teatro, danza, conciertos, \u00f3pera.  Edificio emblem\u00e1tico de Bilbao\",\"potentialAction\":[{\"@type\":\"SearchAction\",\"target\":{\"@type\":\"EntryPoint\",\"urlTemplate\":\"https:\\\/\\\/www.citaprevia-teatroarriaga.eus\\\/?s={search_term_string}\"},\"query-input\":{\"@type\":\"PropertyValueSpecification\",\"valueRequired\":true,\"valueName\":\"search_term_string\"}}],\"inLanguage\":\"eu-EU\"}]}<\/script>\n<!-- \/ Yoast SEO plugin. -->","yoast_head_json":{"title":"Reservas amigos arriaga - Teatro Arriaga Antzokia","robots":{"index":"index","follow":"follow","max-snippet":"max-snippet:-1","max-image-preview":"max-image-preview:large","max-video-preview":"max-video-preview:-1"},"canonical":"https:\/\/www.citaprevia-teatroarriaga.eus\/reservas-amigos-arriaga\/?lang=eu","og_locale":"en_US","og_type":"article","og_title":"Reservas amigos arriaga - Teatro Arriaga Antzokia","og_url":"https:\/\/www.citaprevia-teatroarriaga.eus\/reservas-amigos-arriaga\/?lang=eu","og_site_name":"Teatro Arriaga Antzokia","article_modified_time":"2026-05-13T07:44:02+00:00","twitter_card":"summary_large_image","twitter_misc":{"Est. reading time":"1 minute"},"schema":{"@context":"https:\/\/schema.org","@graph":[{"@type":"WebPage","@id":"https:\/\/www.citaprevia-teatroarriaga.eus\/reservas-amigos-arriaga\/?lang=eu","url":"https:\/\/www.citaprevia-teatroarriaga.eus\/reservas-amigos-arriaga\/?lang=eu","name":"Reservas amigos arriaga - Teatro Arriaga Antzokia","isPartOf":{"@id":"https:\/\/www.citaprevia-teatroarriaga.eus\/#website"},"datePublished":"2026-05-06T14:16:49+00:00","dateModified":"2026-05-13T07:44:02+00:00","breadcrumb":{"@id":"https:\/\/www.citaprevia-teatroarriaga.eus\/reservas-amigos-arriaga\/?lang=eu#breadcrumb"},"inLanguage":"eu-EU","potentialAction":[{"@type":"ReadAction","target":["https:\/\/www.citaprevia-teatroarriaga.eus\/reservas-amigos-arriaga\/?lang=eu"]}]},{"@type":"BreadcrumbList","@id":"https:\/\/www.citaprevia-teatroarriaga.eus\/reservas-amigos-arriaga\/?lang=eu#breadcrumb","itemListElement":[{"@type":"ListItem","position":1,"name":"Portada","item":"https:\/\/www.citaprevia-teatroarriaga.eus\/"},{"@type":"ListItem","position":2,"name":"Reservas amigos arriaga"}]},{"@type":"WebSite","@id":"https:\/\/www.citaprevia-teatroarriaga.eus\/#website","url":"https:\/\/www.citaprevia-teatroarriaga.eus\/","name":"Teatro Arriaga Antzokia","description":"Sitio web oficial del Teatro. Programaci\u00f3n y venta de entradas para espect\u00e1culos. Teatro, danza, conciertos, \u00f3pera.  Edificio emblem\u00e1tico de Bilbao","potentialAction":[{"@type":"SearchAction","target":{"@type":"EntryPoint","urlTemplate":"https:\/\/www.citaprevia-teatroarriaga.eus\/?s={search_term_string}"},"query-input":{"@type":"PropertyValueSpecification","valueRequired":true,"valueName":"search_term_string"}}],"inLanguage":"eu-EU"}]}},"_links":{"self":[{"href":"https:\/\/www.citaprevia-teatroarriaga.eus\/eu\/wp-json\/wp\/v2\/pages\/66566","targetHints":{"allow":["GET"]}}],"collection":[{"href":"https:\/\/www.citaprevia-teatroarriaga.eus\/eu\/wp-json\/wp\/v2\/pages"}],"about":[{"href":"https:\/\/www.citaprevia-teatroarriaga.eus\/eu\/wp-json\/wp\/v2\/types\/page"}],"author":[{"embeddable":true,"href":"https:\/\/www.citaprevia-teatroarriaga.eus\/eu\/wp-json\/wp\/v2\/users\/10"}],"replies":[{"embeddable":true,"href":"https:\/\/www.citaprevia-teatroarriaga.eus\/eu\/wp-json\/wp\/v2\/comments?post=66566"}],"version-history":[{"count":1,"href":"https:\/\/www.citaprevia-teatroarriaga.eus\/eu\/wp-json\/wp\/v2\/pages\/66566\/revisions"}],"predecessor-version":[{"id":66567,"href":"https:\/\/www.citaprevia-teatroarriaga.eus\/eu\/wp-json\/wp\/v2\/pages\/66566\/revisions\/66567"}],"wp:attachment":[{"href":"https:\/\/www.citaprevia-teatroarriaga.eus\/eu\/wp-json\/wp\/v2\/media?parent=66566"}],"curies":[{"name":"wp","href":"https:\/\/api.w.org\/{rel}","templated":true}]}}