{"id":61768,"date":"2025-03-11T13:27:10","date_gmt":"2025-03-11T12:27:10","guid":{"rendered":"https:\/\/www.citaprevia-teatroarriaga.eus\/informacion\/dosel-project\/"},"modified":"2025-09-29T09:34:39","modified_gmt":"2025-09-29T07:34:39","slug":"dosel-project","status":"publish","type":"page","link":"https:\/\/www.citaprevia-teatroarriaga.eus\/eu\/dosel-project\/","title":{"rendered":"DoSEL project"},"content":{"rendered":"<p><strong>Drama of Smaller European Languages \u200b\u200b(DoSEL)<\/strong> Europako kultur espazioko kultura eta hizkuntza aniztasuna zaintzen laguntzen duen lankidetza-proiektu bat da, zehazki, dramaren eta antzerkiaren sektorean, Europako hizkuntza txikiagotan idatzitako Europako antzerkigintzaren sorkuntza, itzulpen eta antzezpen transnazionalaren baldintzak hobetuz.<\/p>\n<p>+ Info: <a href=\"https:\/\/dosel.eu\" rel=\"noopener\" target=\"_blank\">dosel.eu<\/a><\/p>\n<hr>\n<p class=\"small p-t-50\"><img loading=\"lazy\" decoding=\"async\" src=\"https:\/\/www.citaprevia-teatroarriaga.eus\/wp-content\/uploads\/2025\/03\/logos-dosel.png\" alt=\"\" width=\"1000\" height=\"105\" class=\"aligncenter size-full wp-image-61571\" srcset=\"https:\/\/www.citaprevia-teatroarriaga.eus\/wp-content\/uploads\/2025\/03\/logos-dosel.png 1000w, https:\/\/www.citaprevia-teatroarriaga.eus\/wp-content\/uploads\/2025\/03\/logos-dosel-300x32.png 300w, https:\/\/www.citaprevia-teatroarriaga.eus\/wp-content\/uploads\/2025\/03\/logos-dosel-768x81.png 768w, https:\/\/www.citaprevia-teatroarriaga.eus\/wp-content\/uploads\/2025\/03\/logos-dosel-940x99.png 940w\" sizes=\"auto, (max-width: 1000px) 100vw, 1000px\" \/><br \/>Funded by the European Union. Views and opinions expressed are however those of the author(s) only and do not necessarily reflect those of the European Union or the European Education and Culture Executive Agency (EACEA). Neither the European Union nor EACEA can be held responsible for them.<\/p>\n<hr>\n<p>Laguntzaile: <img loading=\"lazy\" decoding=\"async\" src=\"https:\/\/www.citaprevia-teatroarriaga.eus\/wp-content\/uploads\/2025\/03\/logo-etxepare.png\" alt=\"\" width=\"223\" height=\"105\" class=\"alignnone size-full wp-image-61785\" \/><\/p>\n<hr>\n<div class=\"noticias\">\n<div class=\"row\">\n<div class=\"col-md-12\">\n<h2 class=\"borde\">Albisteak<\/h2>\n<\/div>\n<\/div>\n<div class=\"row\">\n<div class=\"col-md-4\">\n<img loading=\"lazy\" decoding=\"async\" src=\"https:\/\/www.citaprevia-teatroarriaga.eus\/wp-content\/uploads\/2025\/09\/liubliana.jpg\" alt=\"\" width=\"800\" height=\"500\" class=\"alignnone size-full wp-image-61972\" \/>\n<\/div>\n<div class=\"col-md-8\">\n<p class=\"fecha\">2025-09-28<\/p>\n<h3>DoSEL Nazioarteko Erakusleihoa programa eta Europako Hizkuntza Txikiagoetan sortutako Antzerkiari buruzko jardunaldia izango dira Ljubljanan <\/h3>\n<p>Kranjeko Pre\u0161eren Antzokiak, Cankarjev dom eta DoSEL proiektuko bazkideekin lankidetzan, poz handiz aurkezten du DoSELen 2025eko Nazioarteko Erakusleiho Programaren baitan Eslovenian egingo den ekitaldia.<\/p>\n<p><a class=\"boton\" href=\"https:\/\/www.citaprevia-teatroarriaga.eus\/wp-content\/uploads\/2025\/09\/OHARRA_Satellite-Showcase-and-Conference-in-Ljubljana_2nd-October-2025_eu.pdf\">Deskargatu pdf<\/a><\/p>\n<\/div>\n<\/div>\n<hr>\n<div class=\"row\">\n<div class=\"col-md-4\">\n<img loading=\"lazy\" decoding=\"async\" src=\"https:\/\/www.citaprevia-teatroarriaga.eus\/wp-content\/uploads\/2025\/09\/moto-menbra2.jpg\" alt=\"\" width=\"800\" height=\"500\" class=\"alignnone size-full wp-image-61972\" \/>\n<\/div>\n<div class=\"col-md-8\">\n<p class=\"fecha\">2025-09-22<\/p>\n<h3>Arriaga Antzokiak Moto-Membra Jesu Nostri bere ekoizpen propioaren emanaldi bat eskainiko du larunbatean, datorren astean Esloveniara eraman aurretik <\/h3>\n<p>Larunbatean, irailaren 27an, izango da ikuskizuna Arriaga Antzokian, eta datorren astean Ljubljanako Cankarjev Dom Cultural Centre-k, Esloveniako kultur eta kongresu zentrorik handienak, Moto-Membra Jesu Nostriren emanaldi bat eskainiko du urriaren 2an (osteguna), DoSEL proiektuari esker.<\/p>\n<p><a class=\"boton\" href=\"https:\/\/www.citaprevia-teatroarriaga.eus\/wp-content\/uploads\/2025\/09\/Oharra-MOTO-MEMBRA-JESU-NOSTRI.pdf\">Deskargatu pdf<\/a><\/p>\n<\/div>\n<\/div>\n<hr>\n<div class=\"row\">\n<div class=\"col-md-4\">\n<img loading=\"lazy\" decoding=\"async\" src=\"https:\/\/www.citaprevia-teatroarriaga.eus\/wp-content\/uploads\/2025\/06\/moto-menbra.jpg\" alt=\"\" width=\"800\" height=\"500\" class=\"alignnone size-full wp-image-61972\" \/>\n<\/div>\n<div class=\"col-md-8\">\n<p class=\"fecha\">2025-06-30<\/p>\n<h3>Arriaga Antzokiak Esloveniara eramango du bere Moto-Membra Jesu Nostri ekoizpen propioa, Europako DoSEL proiektuaren barruan<\/h3>\n<p>Ljubljanako Cankarjev Dom Cultural Centre-k, Esloveniako kultur eta kongresu zentrorik handienak, Moto-Membra Jesu Nostriren emanaldi bat eskainiko du urriaren 2an (osteguna).<\/p>\n<p><a class=\"boton\" href=\"https:\/\/www.citaprevia-teatroarriaga.eus\/wp-content\/uploads\/2025\/06\/Oharra-DOSEL-MOTO-ESLOVENIA.pdf\">Deskargatu pdf<\/a><\/p>\n<\/div>\n<\/div>\n<hr>\n<div class=\"row\">\n<div class=\"col-md-4\">\n<img loading=\"lazy\" decoding=\"async\" src=\"https:\/\/www.citaprevia-teatroarriaga.eus\/wp-content\/uploads\/2025\/04\/eneko-jeton.jpg\" alt=\"\" width=\"800\" height=\"500\" class=\"alignnone size-full wp-image-61972\" \/>\n<\/div>\n<div class=\"col-md-8\">\n<p class=\"fecha\">2025-04-14<\/p>\n<h3>Arriaga Antzokiak tailer bat antolatu du hizkuntza gutxituetan idatzitako antzerki-testuak itzultzeko, DoSEL europar proiektuaren esparruan<\/h3>\n<p>Tailerra apirilaren 26tik 30era egingo da Arriaga Antzokian, Etxepare Euskal Institutuaren laguntzarekin, eta hiru itzultzaile gaituk azken ukitua emango diete itzulpenei, Sagardoy eta Nezirajekin elkarlanean.<\/p>\n<p><a class=\"boton\" href=\"https:\/\/www.citaprevia-teatroarriaga.eus\/wp-content\/uploads\/2025\/04\/Oharra-DOSEL-Tailerra-Arriaga.pdf\">Deskargatu pdf<\/a><\/p>\n<\/div>\n<\/div>\n<hr>\n<div class=\"row\">\n<div class=\"col-md-4\">\n<img loading=\"lazy\" decoding=\"async\" src=\"https:\/\/www.citaprevia-teatroarriaga.eus\/wp-content\/uploads\/2025\/03\/teden.jpg\" alt=\"\" width=\"800\" height=\"500\" class=\"alignnone size-full wp-image-61972\" srcset=\"https:\/\/www.citaprevia-teatroarriaga.eus\/wp-content\/uploads\/2025\/03\/teden.jpg 800w, https:\/\/www.citaprevia-teatroarriaga.eus\/wp-content\/uploads\/2025\/03\/teden-300x188.jpg 300w, https:\/\/www.citaprevia-teatroarriaga.eus\/wp-content\/uploads\/2025\/03\/teden-768x480.jpg 768w, https:\/\/www.citaprevia-teatroarriaga.eus\/wp-content\/uploads\/2025\/03\/teden-576x360.jpg 576w\" sizes=\"auto, (max-width: 800px) 100vw, 800px\" \/>\n<\/div>\n<div class=\"col-md-8\">\n<p class=\"fecha\">2025-03-27<\/p>\n<h3>Gaur hasiko da DoSEL proiektuaren Nazioarteko Erakusleihoa Esloveniako Kranj hirian<\/h3>\n<p>2025eko martxoaren 27an, Antzerkiaren Munduko Egunean, Esloveniako 55. Antzerki Astea hasi zen. Aurrekoak baino are aberatsagoa eta zabalagoa izango da aurtengo jaialdia.<\/p>\n<p><a class=\"boton\" href=\"https:\/\/www.citaprevia-teatroarriaga.eus\/wp-content\/uploads\/2025\/03\/Oharra-DoSEL-Nazioarteko-Erakusleihoa.pdf\">Deskargatu pdf<\/a><\/p>\n<\/div>\n<\/div>\n<hr>\n<div class=\"row\">\n<div class=\"col-md-4\">\n<img loading=\"lazy\" decoding=\"async\" src=\"https:\/\/www.citaprevia-teatroarriaga.eus\/wp-content\/uploads\/2025\/03\/mapa-dosel.jpg\" alt=\"\" width=\"800\" height=\"500\" class=\"aligncenter size-full wp-image-61568\" srcset=\"https:\/\/www.citaprevia-teatroarriaga.eus\/wp-content\/uploads\/2025\/03\/mapa-dosel.jpg 800w, https:\/\/www.citaprevia-teatroarriaga.eus\/wp-content\/uploads\/2025\/03\/mapa-dosel-300x188.jpg 300w, https:\/\/www.citaprevia-teatroarriaga.eus\/wp-content\/uploads\/2025\/03\/mapa-dosel-768x480.jpg 768w, https:\/\/www.citaprevia-teatroarriaga.eus\/wp-content\/uploads\/2025\/03\/mapa-dosel-576x360.jpg 576w\" sizes=\"auto, (max-width: 800px) 100vw, 800px\" \/>\n<\/div>\n<div class=\"col-md-8\">\n<p class=\"fecha\">2025-01-23<\/p>\n<h3>DoSEL proiektu europarra abian jarri da, 2025eko Esloveniako Drama Astean lehen DoSEL Nazioarteko Erakustaldia iragarriz<\/h3>\n<p>Arriaga Antzokiak lehen jarduera horretan parte hartuko ez badu ere, parte hartze aktiboa izango du aurrerago DoSEL proiektuaren baitako beste ekimen batzuetan eta horren berri emango da unean-unean.<\/p>\n<p><a class=\"boton\" href=\"https:\/\/www.citaprevia-teatroarriaga.eus\/wp-content\/uploads\/2025\/03\/Oharra-DOSEL-First-showcase.pdf\">Deskargatu pdf<\/a><\/p>\n<\/div>\n<\/div>\n<hr>\n<div class=\"row\">\n<div class=\"col-md-4\">\n<img loading=\"lazy\" decoding=\"async\" src=\"https:\/\/www.citaprevia-teatroarriaga.eus\/wp-content\/uploads\/2016\/02\/imagen-dosel.jpg\" alt=\"\" width=\"800\" height=\"500\" class=\"aligncenter size-full wp-image-61568\" \/>\n<\/div>\n<div class=\"col-md-8\">\n<p class=\"fecha\">2024-11-13<\/p>\n<h3>Arriaga Antzokiak euskarazko antzerkia Europako eremura eramango du DoSEL proiektuaren bidez<\/h3>\n<p>Europar Batasunaren Europa Sortzailea programak babestutako DoSEL proiektuaren helburu nagusia Europako hizkuntza gutxituetan idatzitako dramaturgia sustatzea, itzultzea eta hedatzea da.<\/p>\n<p><a class=\"boton\" href=\"https:\/\/www.citaprevia-teatroarriaga.eus\/wp-content\/uploads\/2025\/03\/Oharra-DOSEL.pdf\">Deskargatu pdf<\/a><\/p>\n<\/div>\n<\/div>\n<hr>\n<\/div>\n","protected":false},"excerpt":{"rendered":"Drama of Smaller European Languages \u200b\u200b(DoSEL) Europako kultur espazioko kultura eta hizkuntza aniztasuna zaintzen laguntzen duen lankidetza-proiektu bat da, zehazki, dramaren eta antzerkiaren sektorean, Europako hizkuntza txikiagotan idatzitako Europako antzerkigintzaren sorkuntza, itzulpen eta antzezpen transnazionalaren baldintzak hobetuz. + Info: dosel.eu Funded by the European Union. Views and opinions expressed are however those of the author(s) [&hellip;]<div class=\"clearfix\"><\/div>","protected":false},"author":10,"featured_media":61565,"parent":0,"menu_order":0,"comment_status":"closed","ping_status":"closed","template":"","meta":{"_acf_changed":false,"footnotes":""},"class_list":["post-61768","page","type-page","status-publish","has-post-thumbnail","hentry"],"acf":[],"yoast_head":"<!-- This site is optimized with the Yoast SEO plugin v27.6 - https:\/\/yoast.com\/product\/yoast-seo-wordpress\/ -->\n<title>DoSEL project - Teatro Arriaga Antzokia<\/title>\n<meta name=\"robots\" content=\"index, follow, max-snippet:-1, max-image-preview:large, max-video-preview:-1\" \/>\n<link rel=\"canonical\" href=\"https:\/\/www.citaprevia-teatroarriaga.eus\/?page_id=61558\" \/>\n<meta property=\"og:locale\" content=\"en_US\" \/>\n<meta property=\"og:type\" content=\"article\" \/>\n<meta property=\"og:title\" content=\"DoSEL project - Teatro Arriaga Antzokia\" \/>\n<meta property=\"og:description\" content=\"Drama of Smaller European Languages \u200b\u200b(DoSEL) Europako kultur espazioko kultura eta hizkuntza aniztasuna zaintzen laguntzen duen lankidetza-proiektu bat da, zehazki, dramaren eta antzerkiaren sektorean, Europako hizkuntza txikiagotan idatzitako Europako antzerkigintzaren sorkuntza, itzulpen eta antzezpen transnazionalaren baldintzak hobetuz. + Info: dosel.eu Funded by the European Union. Views and opinions expressed are however those of the author(s) [&hellip;]\" \/>\n<meta property=\"og:url\" content=\"https:\/\/www.citaprevia-teatroarriaga.eus\/?page_id=61558\" \/>\n<meta property=\"og:site_name\" content=\"Teatro Arriaga Antzokia\" \/>\n<meta property=\"article:modified_time\" content=\"2025-09-29T07:34:39+00:00\" \/>\n<meta property=\"og:image\" content=\"https:\/\/www.citaprevia-teatroarriaga.eus\/wp-content\/uploads\/2025\/03\/cabeecra-dosel-1.jpg\" \/>\n\t<meta property=\"og:image:width\" content=\"1800\" \/>\n\t<meta property=\"og:image:height\" content=\"800\" \/>\n\t<meta property=\"og:image:type\" content=\"image\/jpeg\" \/>\n<meta name=\"twitter:card\" content=\"summary_large_image\" \/>\n<meta name=\"twitter:label1\" content=\"Est. reading time\" \/>\n\t<meta name=\"twitter:data1\" content=\"4 minutes\" \/>\n<script type=\"application\/ld+json\" class=\"yoast-schema-graph\">{\"@context\":\"https:\\\/\\\/schema.org\",\"@graph\":[{\"@type\":\"WebPage\",\"@id\":\"https:\\\/\\\/www.citaprevia-teatroarriaga.eus\\\/?page_id=61558\",\"url\":\"https:\\\/\\\/www.citaprevia-teatroarriaga.eus\\\/?page_id=61558\",\"name\":\"DoSEL project - Teatro Arriaga Antzokia\",\"isPartOf\":{\"@id\":\"https:\\\/\\\/www.citaprevia-teatroarriaga.eus\\\/#website\"},\"primaryImageOfPage\":{\"@id\":\"https:\\\/\\\/www.citaprevia-teatroarriaga.eus\\\/?page_id=61558#primaryimage\"},\"image\":{\"@id\":\"https:\\\/\\\/www.citaprevia-teatroarriaga.eus\\\/?page_id=61558#primaryimage\"},\"thumbnailUrl\":\"https:\\\/\\\/www.citaprevia-teatroarriaga.eus\\\/wp-content\\\/uploads\\\/2025\\\/03\\\/cabeecra-dosel-1.jpg\",\"datePublished\":\"2025-03-11T12:27:10+00:00\",\"dateModified\":\"2025-09-29T07:34:39+00:00\",\"breadcrumb\":{\"@id\":\"https:\\\/\\\/www.citaprevia-teatroarriaga.eus\\\/?page_id=61558#breadcrumb\"},\"inLanguage\":\"eu-EU\",\"potentialAction\":[{\"@type\":\"ReadAction\",\"target\":[\"https:\\\/\\\/www.citaprevia-teatroarriaga.eus\\\/?page_id=61558\"]}]},{\"@type\":\"ImageObject\",\"inLanguage\":\"eu-EU\",\"@id\":\"https:\\\/\\\/www.citaprevia-teatroarriaga.eus\\\/?page_id=61558#primaryimage\",\"url\":\"https:\\\/\\\/www.citaprevia-teatroarriaga.eus\\\/wp-content\\\/uploads\\\/2025\\\/03\\\/cabeecra-dosel-1.jpg\",\"contentUrl\":\"https:\\\/\\\/www.citaprevia-teatroarriaga.eus\\\/wp-content\\\/uploads\\\/2025\\\/03\\\/cabeecra-dosel-1.jpg\",\"width\":1800,\"height\":800},{\"@type\":\"BreadcrumbList\",\"@id\":\"https:\\\/\\\/www.citaprevia-teatroarriaga.eus\\\/?page_id=61558#breadcrumb\",\"itemListElement\":[{\"@type\":\"ListItem\",\"position\":1,\"name\":\"Portada\",\"item\":\"https:\\\/\\\/www.citaprevia-teatroarriaga.eus\\\/\"},{\"@type\":\"ListItem\",\"position\":2,\"name\":\"Info\",\"item\":\"https:\\\/\\\/www.citaprevia-teatroarriaga.eus\\\/?page_id=8\"},{\"@type\":\"ListItem\",\"position\":3,\"name\":\"DoSEL project\"}]},{\"@type\":\"WebSite\",\"@id\":\"https:\\\/\\\/www.citaprevia-teatroarriaga.eus\\\/#website\",\"url\":\"https:\\\/\\\/www.citaprevia-teatroarriaga.eus\\\/\",\"name\":\"Teatro Arriaga Antzokia\",\"description\":\"Sitio web oficial del Teatro. Programaci\u00f3n y venta de entradas para espect\u00e1culos. Teatro, danza, conciertos, \u00f3pera.  Edificio emblem\u00e1tico de Bilbao\",\"potentialAction\":[{\"@type\":\"SearchAction\",\"target\":{\"@type\":\"EntryPoint\",\"urlTemplate\":\"https:\\\/\\\/www.citaprevia-teatroarriaga.eus\\\/?s={search_term_string}\"},\"query-input\":{\"@type\":\"PropertyValueSpecification\",\"valueRequired\":true,\"valueName\":\"search_term_string\"}}],\"inLanguage\":\"eu-EU\"}]}<\/script>\n<!-- \/ Yoast SEO plugin. -->","yoast_head_json":{"title":"DoSEL project - Teatro Arriaga Antzokia","robots":{"index":"index","follow":"follow","max-snippet":"max-snippet:-1","max-image-preview":"max-image-preview:large","max-video-preview":"max-video-preview:-1"},"canonical":"https:\/\/www.citaprevia-teatroarriaga.eus\/?page_id=61558","og_locale":"en_US","og_type":"article","og_title":"DoSEL project - Teatro Arriaga Antzokia","og_description":"Drama of Smaller European Languages \u200b\u200b(DoSEL) Europako kultur espazioko kultura eta hizkuntza aniztasuna zaintzen laguntzen duen lankidetza-proiektu bat da, zehazki, dramaren eta antzerkiaren sektorean, Europako hizkuntza txikiagotan idatzitako Europako antzerkigintzaren sorkuntza, itzulpen eta antzezpen transnazionalaren baldintzak hobetuz. + Info: dosel.eu Funded by the European Union. Views and opinions expressed are however those of the author(s) [&hellip;]","og_url":"https:\/\/www.citaprevia-teatroarriaga.eus\/?page_id=61558","og_site_name":"Teatro Arriaga Antzokia","article_modified_time":"2025-09-29T07:34:39+00:00","og_image":[{"width":1800,"height":800,"url":"https:\/\/www.citaprevia-teatroarriaga.eus\/wp-content\/uploads\/2025\/03\/cabeecra-dosel-1.jpg","type":"image\/jpeg"}],"twitter_card":"summary_large_image","twitter_misc":{"Est. reading time":"4 minutes"},"schema":{"@context":"https:\/\/schema.org","@graph":[{"@type":"WebPage","@id":"https:\/\/www.citaprevia-teatroarriaga.eus\/?page_id=61558","url":"https:\/\/www.citaprevia-teatroarriaga.eus\/?page_id=61558","name":"DoSEL project - Teatro Arriaga Antzokia","isPartOf":{"@id":"https:\/\/www.citaprevia-teatroarriaga.eus\/#website"},"primaryImageOfPage":{"@id":"https:\/\/www.citaprevia-teatroarriaga.eus\/?page_id=61558#primaryimage"},"image":{"@id":"https:\/\/www.citaprevia-teatroarriaga.eus\/?page_id=61558#primaryimage"},"thumbnailUrl":"https:\/\/www.citaprevia-teatroarriaga.eus\/wp-content\/uploads\/2025\/03\/cabeecra-dosel-1.jpg","datePublished":"2025-03-11T12:27:10+00:00","dateModified":"2025-09-29T07:34:39+00:00","breadcrumb":{"@id":"https:\/\/www.citaprevia-teatroarriaga.eus\/?page_id=61558#breadcrumb"},"inLanguage":"eu-EU","potentialAction":[{"@type":"ReadAction","target":["https:\/\/www.citaprevia-teatroarriaga.eus\/?page_id=61558"]}]},{"@type":"ImageObject","inLanguage":"eu-EU","@id":"https:\/\/www.citaprevia-teatroarriaga.eus\/?page_id=61558#primaryimage","url":"https:\/\/www.citaprevia-teatroarriaga.eus\/wp-content\/uploads\/2025\/03\/cabeecra-dosel-1.jpg","contentUrl":"https:\/\/www.citaprevia-teatroarriaga.eus\/wp-content\/uploads\/2025\/03\/cabeecra-dosel-1.jpg","width":1800,"height":800},{"@type":"BreadcrumbList","@id":"https:\/\/www.citaprevia-teatroarriaga.eus\/?page_id=61558#breadcrumb","itemListElement":[{"@type":"ListItem","position":1,"name":"Portada","item":"https:\/\/www.citaprevia-teatroarriaga.eus\/"},{"@type":"ListItem","position":2,"name":"Info","item":"https:\/\/www.citaprevia-teatroarriaga.eus\/?page_id=8"},{"@type":"ListItem","position":3,"name":"DoSEL project"}]},{"@type":"WebSite","@id":"https:\/\/www.citaprevia-teatroarriaga.eus\/#website","url":"https:\/\/www.citaprevia-teatroarriaga.eus\/","name":"Teatro Arriaga Antzokia","description":"Sitio web oficial del Teatro. Programaci\u00f3n y venta de entradas para espect\u00e1culos. Teatro, danza, conciertos, \u00f3pera.  Edificio emblem\u00e1tico de Bilbao","potentialAction":[{"@type":"SearchAction","target":{"@type":"EntryPoint","urlTemplate":"https:\/\/www.citaprevia-teatroarriaga.eus\/?s={search_term_string}"},"query-input":{"@type":"PropertyValueSpecification","valueRequired":true,"valueName":"search_term_string"}}],"inLanguage":"eu-EU"}]}},"_links":{"self":[{"href":"https:\/\/www.citaprevia-teatroarriaga.eus\/eu\/wp-json\/wp\/v2\/pages\/61768","targetHints":{"allow":["GET"]}}],"collection":[{"href":"https:\/\/www.citaprevia-teatroarriaga.eus\/eu\/wp-json\/wp\/v2\/pages"}],"about":[{"href":"https:\/\/www.citaprevia-teatroarriaga.eus\/eu\/wp-json\/wp\/v2\/types\/page"}],"author":[{"embeddable":true,"href":"https:\/\/www.citaprevia-teatroarriaga.eus\/eu\/wp-json\/wp\/v2\/users\/10"}],"replies":[{"embeddable":true,"href":"https:\/\/www.citaprevia-teatroarriaga.eus\/eu\/wp-json\/wp\/v2\/comments?post=61768"}],"version-history":[{"count":1,"href":"https:\/\/www.citaprevia-teatroarriaga.eus\/eu\/wp-json\/wp\/v2\/pages\/61768\/revisions"}],"predecessor-version":[{"id":64263,"href":"https:\/\/www.citaprevia-teatroarriaga.eus\/eu\/wp-json\/wp\/v2\/pages\/61768\/revisions\/64263"}],"wp:featuredmedia":[{"embeddable":true,"href":"https:\/\/www.citaprevia-teatroarriaga.eus\/eu\/wp-json\/wp\/v2\/media\/61565"}],"wp:attachment":[{"href":"https:\/\/www.citaprevia-teatroarriaga.eus\/eu\/wp-json\/wp\/v2\/media?parent=61768"}],"curies":[{"name":"wp","href":"https:\/\/api.w.org\/{rel}","templated":true}]}}