{"id":59972,"date":"2024-10-09T12:31:21","date_gmt":"2024-10-09T10:31:21","guid":{"rendered":"https:\/\/www.citaprevia-teatroarriaga.eus\/teatro-sostenible\/"},"modified":"2024-12-17T10:24:54","modified_gmt":"2024-12-17T09:24:54","slug":"teatro-sostenible","status":"publish","type":"page","link":"https:\/\/www.citaprevia-teatroarriaga.eus\/eu\/teatro-sostenible\/","title":{"rendered":"Antzoki jasangarria"},"content":{"rendered":"\n<div class=\"row\" style=\"padding-top: 20px\">\n<div class=\"col-md-5\">\n<img loading=\"lazy\" decoding=\"async\" src=\"https:\/\/www.citaprevia-teatroarriaga.eus\/wp-content\/uploads\/2024\/10\/tgb-self-certification.jpg\" alt=\"\" width=\"800\" height=\"400\" class=\"aligncenter size-full wp-image-59968\" srcset=\"https:\/\/www.citaprevia-teatroarriaga.eus\/wp-content\/uploads\/2024\/10\/tgb-self-certification.jpg 800w, https:\/\/www.citaprevia-teatroarriaga.eus\/wp-content\/uploads\/2024\/10\/tgb-self-certification-300x150.jpg 300w, https:\/\/www.citaprevia-teatroarriaga.eus\/wp-content\/uploads\/2024\/10\/tgb-self-certification-768x384.jpg 768w, https:\/\/www.citaprevia-teatroarriaga.eus\/wp-content\/uploads\/2024\/10\/tgb-self-certification-720x360.jpg 720w, https:\/\/www.citaprevia-teatroarriaga.eus\/wp-content\/uploads\/2024\/10\/tgb-self-certification-600x300.jpg 600w\" sizes=\"auto, (max-width: 800px) 100vw, 800px\" \/><\/p>\n<\/div>\n<div class=\"col-md-7\">\n<p>Arriaga Antzokian konpromisoa hartu dugu ingurumenaren gainean dugun inpaktua murrizteko eta jasangarritasuna sustatzeko gure eragiketen alderdi guztietan, baita gure produkzioetan ere, eta 2023tik aurrera gure antzokiak <a target=\"_blank\" href=\"https:\/\/www.europeantheatre.eu\/page\/resources\/etc-tgb\/etc-theatre-green-book\/about\" rel=\"noopener\"><strong>Green Booka<\/strong><\/a>ren jarraibideak eta protokoloak betetzen dituela. Elkarrekin lan egiten badugu, kalitate artistiko bikaineko produkzioak sor ditzakegula uste dugu, gure aztarna ekologikoa minimizatuz eta etorkizun jasangarriago bati lagunduz. <\/p>\n<p>Hori dela eta, artistekin ta ekoizpen taldeekin lankidetzan aritzen gara, honako jasangarritasun-gidalerro hauek praktikan jartzeko, besteak beste:<\/p>\n<\/p><\/div>\n<\/div>\n<div class=\"row\">\n<div class=\"col-md-4\">\n<div class=\"sostenible\">\n<img loading=\"lazy\" decoding=\"async\" src=\"https:\/\/www.citaprevia-teatroarriaga.eus\/wp-content\/uploads\/2024\/10\/iconos-sostenibilidad-materiales-300x300.png\" alt=\"Materiales Ecol\u00f3gicos\" width=\"150\" height=\"150\" class=\"aligncenter size-medium wp-image-59949\" srcset=\"https:\/\/www.citaprevia-teatroarriaga.eus\/wp-content\/uploads\/2024\/10\/iconos-sostenibilidad-materiales-300x300.png 300w, https:\/\/www.citaprevia-teatroarriaga.eus\/wp-content\/uploads\/2024\/10\/iconos-sostenibilidad-materiales-150x150.png 150w, https:\/\/www.citaprevia-teatroarriaga.eus\/wp-content\/uploads\/2024\/10\/iconos-sostenibilidad-materiales-360x360.png 360w, https:\/\/www.citaprevia-teatroarriaga.eus\/wp-content\/uploads\/2024\/10\/iconos-sostenibilidad-materiales-200x200.png 200w, https:\/\/www.citaprevia-teatroarriaga.eus\/wp-content\/uploads\/2024\/10\/iconos-sostenibilidad-materiales.png 500w\" sizes=\"auto, (max-width: 150px) 100vw, 150px\" \/><\/p>\n<h3>Material ekologikoak<\/h3>\n<ul>\n<li>Posible denean, lehentasuna emango zaio material jasangarriak eta ingurumena errespetatzen dutenak erabiltzeari eszenografiaren diseinuan eta eraikuntzan.<\/li>\n<li>\u2022\tMaterial berria erosi baino lehen, dauden materialak eta osagarriak berrerabiltzeari eutsiko diogu, edo horiei erabilera berriak emateari, eszenatokian erabiltzen diren materialen % 50ek gutxienez aurretik erabiliak izatearen istorio bat izan dezaten. <\/li>\n<\/ul><\/div>\n<\/p><\/div>\n<div class=\"col-md-4\">\n<div class=\"sostenible\">\n<img loading=\"lazy\" decoding=\"async\" src=\"https:\/\/www.citaprevia-teatroarriaga.eus\/wp-content\/uploads\/2024\/10\/iconos-sostenibilidad-eficiencia-300x300.png\" alt=\"Eficiencia Energ\u00e9tica\" width=\"150\" height=\"150\" class=\"aligncenter size-medium wp-image-59952\" srcset=\"https:\/\/www.citaprevia-teatroarriaga.eus\/wp-content\/uploads\/2024\/10\/iconos-sostenibilidad-eficiencia-300x300.png 300w, https:\/\/www.citaprevia-teatroarriaga.eus\/wp-content\/uploads\/2024\/10\/iconos-sostenibilidad-eficiencia-150x150.png 150w, https:\/\/www.citaprevia-teatroarriaga.eus\/wp-content\/uploads\/2024\/10\/iconos-sostenibilidad-eficiencia-360x360.png 360w, https:\/\/www.citaprevia-teatroarriaga.eus\/wp-content\/uploads\/2024\/10\/iconos-sostenibilidad-eficiencia-200x200.png 200w, https:\/\/www.citaprevia-teatroarriaga.eus\/wp-content\/uploads\/2024\/10\/iconos-sostenibilidad-eficiencia.png 500w\" sizes=\"auto, (max-width: 150px) 100vw, 150px\" \/><\/p>\n<h3>Energia-efizientzia<\/h3>\n<ul>\n<li>Energia modu eraginkorrean erabiliko da eta argiak itzaliko dira erabiltzen ez direnean. <\/li>\n<li>Berokuntza- eta hozte-sistemak eta ekipo elektrikoak eraginkortasunez erabiliko dira. <\/li>\n<li>Argiztapen eta aireztapen naturala eraginkortasunez erabiliko dira posible den heinean. <\/li>\n<\/ul><\/div>\n<\/p><\/div>\n<div class=\"col-md-4\">\n<div class=\"sostenible\">\n<img loading=\"lazy\" decoding=\"async\" src=\"https:\/\/www.citaprevia-teatroarriaga.eus\/wp-content\/uploads\/2024\/10\/iconos-sostenibilidad-residuos-300x300.png\" alt=\"Reducci\u00f3n de Residuos\" width=\"150\" height=\"150\" class=\"aligncenter size-medium wp-image-59965\" srcset=\"https:\/\/www.citaprevia-teatroarriaga.eus\/wp-content\/uploads\/2024\/10\/iconos-sostenibilidad-residuos-300x300.png 300w, https:\/\/www.citaprevia-teatroarriaga.eus\/wp-content\/uploads\/2024\/10\/iconos-sostenibilidad-residuos-150x150.png 150w, https:\/\/www.citaprevia-teatroarriaga.eus\/wp-content\/uploads\/2024\/10\/iconos-sostenibilidad-residuos-360x360.png 360w, https:\/\/www.citaprevia-teatroarriaga.eus\/wp-content\/uploads\/2024\/10\/iconos-sostenibilidad-residuos-200x200.png 200w, https:\/\/www.citaprevia-teatroarriaga.eus\/wp-content\/uploads\/2024\/10\/iconos-sostenibilidad-residuos.png 500w\" sizes=\"auto, (max-width: 150px) 100vw, 150px\" \/><\/p>\n<h3>Hondakinak murriztea<\/h3>\n<ul>\n<li>Hondakinak bereiziko dira eta birziklapena arlo guztietan praktikan jarriko da.<\/li>\n<li>Komunikazioetan paperaren erabilera minimizatuko da.<\/li>\n<\/ul><\/div>\n<\/p><\/div>\n<\/p><\/div>\n<div class=\"row\">\n<div class=\"col-md-4\">\n<div class=\"sostenible\">\n<img loading=\"lazy\" decoding=\"async\" src=\"https:\/\/www.citaprevia-teatroarriaga.eus\/wp-content\/uploads\/2024\/10\/iconos-sostenibilidad-transporte-300x300.png\" alt=\"Transporte\" width=\"150\" height=\"150\" class=\"aligncenter size-medium wp-image-59955\" srcset=\"https:\/\/www.citaprevia-teatroarriaga.eus\/wp-content\/uploads\/2024\/10\/iconos-sostenibilidad-transporte-300x300.png 300w, https:\/\/www.citaprevia-teatroarriaga.eus\/wp-content\/uploads\/2024\/10\/iconos-sostenibilidad-transporte-150x150.png 150w, https:\/\/www.citaprevia-teatroarriaga.eus\/wp-content\/uploads\/2024\/10\/iconos-sostenibilidad-transporte-360x360.png 360w, https:\/\/www.citaprevia-teatroarriaga.eus\/wp-content\/uploads\/2024\/10\/iconos-sostenibilidad-transporte-200x200.png 200w, https:\/\/www.citaprevia-teatroarriaga.eus\/wp-content\/uploads\/2024\/10\/iconos-sostenibilidad-transporte.png 500w\" sizes=\"auto, (max-width: 150px) 100vw, 150px\" \/><\/p>\n<h3>Garraioa<\/h3>\n<ul>\n<li>Autoak partekatzea, garraio publikoa erabiltzea, bizikleta erabiltzea edo antzerkirako joan-etorrietarako oinez ibiltzea lehenetsiko da entseguetan eta emanaldietan.<\/li>\n<li>Distantzia luzeetan, aukera birtualak eta urruneko bilerak aztertuko dira, bidaia-emisioak murrizteko. <\/li>\n<li>Birako produkzioen diseinua optimizatuko da, garraioaren inpaktua minimizatuz, eszenografia errazak erabiliz eta ahal denean ekipamenduak tokian bertan erosiz. <\/li>\n<\/ul><\/div>\n<\/p><\/div>\n<div class=\"col-md-4\">\n<div class=\"sostenible\">\n<img loading=\"lazy\" decoding=\"async\" src=\"https:\/\/www.citaprevia-teatroarriaga.eus\/wp-content\/uploads\/2024\/10\/iconos-sostenibilidad-divulgacion-300x300.png\" alt=\"Educaci\u00f3n y Divulgaci\u00f3n\" width=\"150\" height=\"150\" class=\"aligncenter size-medium wp-image-59958\" srcset=\"https:\/\/www.citaprevia-teatroarriaga.eus\/wp-content\/uploads\/2024\/10\/iconos-sostenibilidad-divulgacion-300x300.png 300w, https:\/\/www.citaprevia-teatroarriaga.eus\/wp-content\/uploads\/2024\/10\/iconos-sostenibilidad-divulgacion-150x150.png 150w, https:\/\/www.citaprevia-teatroarriaga.eus\/wp-content\/uploads\/2024\/10\/iconos-sostenibilidad-divulgacion-360x360.png 360w, https:\/\/www.citaprevia-teatroarriaga.eus\/wp-content\/uploads\/2024\/10\/iconos-sostenibilidad-divulgacion-200x200.png 200w, https:\/\/www.citaprevia-teatroarriaga.eus\/wp-content\/uploads\/2024\/10\/iconos-sostenibilidad-divulgacion.png 500w\" sizes=\"auto, (max-width: 150px) 100vw, 150px\" \/><\/p>\n<h3>Hezkuntza eta dibulgazioa<\/h3>\n<ul>\n<li>Jasangarritasun arloko ahaleginak ikusleekin eta profesioarekin partekatuko dira, haien parte-hartzea sustatuz. Era berean, etorkizuneko produkzioentzat onuragarriak izan daitezkeen ideia berritzaileak eta jardunbide egokiak partekatuko dira.<\/li>\n<\/ul><\/div>\n<\/p><\/div>\n<div class=\"col-md-4\">\n<div class=\"sostenible\">\n<p><img loading=\"lazy\" decoding=\"async\" src=\"https:\/\/www.citaprevia-teatroarriaga.eus\/wp-content\/uploads\/2024\/10\/iconos-sostenibilidad-mejora-300x300.png\" alt=\"Mejora Continua\" width=\"150\" height=\"150\" class=\"aligncenter size-medium wp-image-59961\" srcset=\"https:\/\/www.citaprevia-teatroarriaga.eus\/wp-content\/uploads\/2024\/10\/iconos-sostenibilidad-mejora-300x300.png 300w, https:\/\/www.citaprevia-teatroarriaga.eus\/wp-content\/uploads\/2024\/10\/iconos-sostenibilidad-mejora-150x150.png 150w, https:\/\/www.citaprevia-teatroarriaga.eus\/wp-content\/uploads\/2024\/10\/iconos-sostenibilidad-mejora-360x360.png 360w, https:\/\/www.citaprevia-teatroarriaga.eus\/wp-content\/uploads\/2024\/10\/iconos-sostenibilidad-mejora-200x200.png 200w, https:\/\/www.citaprevia-teatroarriaga.eus\/wp-content\/uploads\/2024\/10\/iconos-sostenibilidad-mejora.png 500w\" sizes=\"auto, (max-width: 150px) 100vw, 150px\" \/><\/p>\n<h3>Etengabeko hobekuntza<\/h3>\n<ul>\n<li>Jasangarritasun arloan egiten ditugun ahaleginak hobetzeko izan ditzakezuen iruzkinak eta iradokizunak oso baliotsuak dira. Elkarrekin eragin positiboa izango dugu ingurumenean eta gure komunitatean<\/li>\n<\/ul><\/div>\n<\/p><\/div>\n<\/p><\/div>\n","protected":false},"excerpt":{"rendered":"Arriaga Antzokian konpromisoa hartu dugu ingurumenaren gainean dugun inpaktua murrizteko eta jasangarritasuna sustatzeko gure eragiketen alderdi guztietan, baita gure produkzioetan ere, eta 2023tik aurrera gure antzokiak Green Bookaren jarraibideak eta protokoloak betetzen dituela. Elkarrekin lan egiten badugu, kalitate artistiko bikaineko produkzioak sor ditzakegula uste dugu, gure aztarna ekologikoa minimizatuz eta etorkizun jasangarriago bati lagunduz. Hori [&hellip;]<div class=\"clearfix\"><\/div>","protected":false},"author":10,"featured_media":0,"parent":0,"menu_order":0,"comment_status":"closed","ping_status":"closed","template":"","meta":{"_acf_changed":false,"footnotes":""},"class_list":["post-59972","page","type-page","status-publish","hentry"],"acf":[],"yoast_head":"<!-- This site is optimized with the Yoast SEO plugin v27.6 - https:\/\/yoast.com\/product\/yoast-seo-wordpress\/ -->\n<title>Antzoki jasangarria - Teatro Arriaga Antzokia<\/title>\n<meta name=\"robots\" content=\"index, follow, max-snippet:-1, max-image-preview:large, max-video-preview:-1\" \/>\n<link rel=\"canonical\" href=\"https:\/\/www.citaprevia-teatroarriaga.eus\/?page_id=59948\" \/>\n<meta property=\"og:locale\" content=\"en_US\" \/>\n<meta property=\"og:type\" content=\"article\" \/>\n<meta property=\"og:title\" content=\"Antzoki jasangarria - Teatro Arriaga Antzokia\" \/>\n<meta property=\"og:description\" content=\"Arriaga Antzokian konpromisoa hartu dugu ingurumenaren gainean dugun inpaktua murrizteko eta jasangarritasuna sustatzeko gure eragiketen alderdi guztietan, baita gure produkzioetan ere, eta 2023tik aurrera gure antzokiak Green Bookaren jarraibideak eta protokoloak betetzen dituela. Elkarrekin lan egiten badugu, kalitate artistiko bikaineko produkzioak sor ditzakegula uste dugu, gure aztarna ekologikoa minimizatuz eta etorkizun jasangarriago bati lagunduz. Hori [&hellip;]\" \/>\n<meta property=\"og:url\" content=\"https:\/\/www.citaprevia-teatroarriaga.eus\/?page_id=59948\" \/>\n<meta property=\"og:site_name\" content=\"Teatro Arriaga Antzokia\" \/>\n<meta property=\"article:modified_time\" content=\"2024-12-17T09:24:54+00:00\" \/>\n<meta property=\"og:image\" content=\"https:\/\/www.citaprevia-teatroarriaga.eus\/wp-content\/uploads\/2024\/10\/tgb-self-certification.jpg\" \/>\n<meta name=\"twitter:card\" content=\"summary_large_image\" \/>\n<meta name=\"twitter:label1\" content=\"Est. reading time\" \/>\n\t<meta name=\"twitter:data1\" content=\"3 minutes\" \/>\n<script type=\"application\/ld+json\" class=\"yoast-schema-graph\">{\"@context\":\"https:\\\/\\\/schema.org\",\"@graph\":[{\"@type\":\"WebPage\",\"@id\":\"https:\\\/\\\/www.citaprevia-teatroarriaga.eus\\\/?page_id=59948\",\"url\":\"https:\\\/\\\/www.citaprevia-teatroarriaga.eus\\\/?page_id=59948\",\"name\":\"Antzoki jasangarria - Teatro Arriaga Antzokia\",\"isPartOf\":{\"@id\":\"https:\\\/\\\/www.citaprevia-teatroarriaga.eus\\\/#website\"},\"primaryImageOfPage\":{\"@id\":\"https:\\\/\\\/www.citaprevia-teatroarriaga.eus\\\/?page_id=59948#primaryimage\"},\"image\":{\"@id\":\"https:\\\/\\\/www.citaprevia-teatroarriaga.eus\\\/?page_id=59948#primaryimage\"},\"thumbnailUrl\":\"https:\\\/\\\/www.citaprevia-teatroarriaga.eus\\\/wp-content\\\/uploads\\\/2024\\\/10\\\/tgb-self-certification.jpg\",\"datePublished\":\"2024-10-09T10:31:21+00:00\",\"dateModified\":\"2024-12-17T09:24:54+00:00\",\"breadcrumb\":{\"@id\":\"https:\\\/\\\/www.citaprevia-teatroarriaga.eus\\\/?page_id=59948#breadcrumb\"},\"inLanguage\":\"eu-EU\",\"potentialAction\":[{\"@type\":\"ReadAction\",\"target\":[\"https:\\\/\\\/www.citaprevia-teatroarriaga.eus\\\/?page_id=59948\"]}]},{\"@type\":\"ImageObject\",\"inLanguage\":\"eu-EU\",\"@id\":\"https:\\\/\\\/www.citaprevia-teatroarriaga.eus\\\/?page_id=59948#primaryimage\",\"url\":\"https:\\\/\\\/www.citaprevia-teatroarriaga.eus\\\/wp-content\\\/uploads\\\/2024\\\/10\\\/tgb-self-certification.jpg\",\"contentUrl\":\"https:\\\/\\\/www.citaprevia-teatroarriaga.eus\\\/wp-content\\\/uploads\\\/2024\\\/10\\\/tgb-self-certification.jpg\"},{\"@type\":\"BreadcrumbList\",\"@id\":\"https:\\\/\\\/www.citaprevia-teatroarriaga.eus\\\/?page_id=59948#breadcrumb\",\"itemListElement\":[{\"@type\":\"ListItem\",\"position\":1,\"name\":\"Portada\",\"item\":\"https:\\\/\\\/www.citaprevia-teatroarriaga.eus\\\/\"},{\"@type\":\"ListItem\",\"position\":2,\"name\":\"Antzoki jasangarria\"}]},{\"@type\":\"WebSite\",\"@id\":\"https:\\\/\\\/www.citaprevia-teatroarriaga.eus\\\/#website\",\"url\":\"https:\\\/\\\/www.citaprevia-teatroarriaga.eus\\\/\",\"name\":\"Teatro Arriaga Antzokia\",\"description\":\"Sitio web oficial del Teatro. Programaci\u00f3n y venta de entradas para espect\u00e1culos. Teatro, danza, conciertos, \u00f3pera.  Edificio emblem\u00e1tico de Bilbao\",\"potentialAction\":[{\"@type\":\"SearchAction\",\"target\":{\"@type\":\"EntryPoint\",\"urlTemplate\":\"https:\\\/\\\/www.citaprevia-teatroarriaga.eus\\\/?s={search_term_string}\"},\"query-input\":{\"@type\":\"PropertyValueSpecification\",\"valueRequired\":true,\"valueName\":\"search_term_string\"}}],\"inLanguage\":\"eu-EU\"}]}<\/script>\n<!-- \/ Yoast SEO plugin. -->","yoast_head_json":{"title":"Antzoki jasangarria - Teatro Arriaga Antzokia","robots":{"index":"index","follow":"follow","max-snippet":"max-snippet:-1","max-image-preview":"max-image-preview:large","max-video-preview":"max-video-preview:-1"},"canonical":"https:\/\/www.citaprevia-teatroarriaga.eus\/?page_id=59948","og_locale":"en_US","og_type":"article","og_title":"Antzoki jasangarria - Teatro Arriaga Antzokia","og_description":"Arriaga Antzokian konpromisoa hartu dugu ingurumenaren gainean dugun inpaktua murrizteko eta jasangarritasuna sustatzeko gure eragiketen alderdi guztietan, baita gure produkzioetan ere, eta 2023tik aurrera gure antzokiak Green Bookaren jarraibideak eta protokoloak betetzen dituela. Elkarrekin lan egiten badugu, kalitate artistiko bikaineko produkzioak sor ditzakegula uste dugu, gure aztarna ekologikoa minimizatuz eta etorkizun jasangarriago bati lagunduz. Hori [&hellip;]","og_url":"https:\/\/www.citaprevia-teatroarriaga.eus\/?page_id=59948","og_site_name":"Teatro Arriaga Antzokia","article_modified_time":"2024-12-17T09:24:54+00:00","og_image":[{"url":"https:\/\/www.citaprevia-teatroarriaga.eus\/wp-content\/uploads\/2024\/10\/tgb-self-certification.jpg","type":"","width":"","height":""}],"twitter_card":"summary_large_image","twitter_misc":{"Est. reading time":"3 minutes"},"schema":{"@context":"https:\/\/schema.org","@graph":[{"@type":"WebPage","@id":"https:\/\/www.citaprevia-teatroarriaga.eus\/?page_id=59948","url":"https:\/\/www.citaprevia-teatroarriaga.eus\/?page_id=59948","name":"Antzoki jasangarria - Teatro Arriaga Antzokia","isPartOf":{"@id":"https:\/\/www.citaprevia-teatroarriaga.eus\/#website"},"primaryImageOfPage":{"@id":"https:\/\/www.citaprevia-teatroarriaga.eus\/?page_id=59948#primaryimage"},"image":{"@id":"https:\/\/www.citaprevia-teatroarriaga.eus\/?page_id=59948#primaryimage"},"thumbnailUrl":"https:\/\/www.citaprevia-teatroarriaga.eus\/wp-content\/uploads\/2024\/10\/tgb-self-certification.jpg","datePublished":"2024-10-09T10:31:21+00:00","dateModified":"2024-12-17T09:24:54+00:00","breadcrumb":{"@id":"https:\/\/www.citaprevia-teatroarriaga.eus\/?page_id=59948#breadcrumb"},"inLanguage":"eu-EU","potentialAction":[{"@type":"ReadAction","target":["https:\/\/www.citaprevia-teatroarriaga.eus\/?page_id=59948"]}]},{"@type":"ImageObject","inLanguage":"eu-EU","@id":"https:\/\/www.citaprevia-teatroarriaga.eus\/?page_id=59948#primaryimage","url":"https:\/\/www.citaprevia-teatroarriaga.eus\/wp-content\/uploads\/2024\/10\/tgb-self-certification.jpg","contentUrl":"https:\/\/www.citaprevia-teatroarriaga.eus\/wp-content\/uploads\/2024\/10\/tgb-self-certification.jpg"},{"@type":"BreadcrumbList","@id":"https:\/\/www.citaprevia-teatroarriaga.eus\/?page_id=59948#breadcrumb","itemListElement":[{"@type":"ListItem","position":1,"name":"Portada","item":"https:\/\/www.citaprevia-teatroarriaga.eus\/"},{"@type":"ListItem","position":2,"name":"Antzoki jasangarria"}]},{"@type":"WebSite","@id":"https:\/\/www.citaprevia-teatroarriaga.eus\/#website","url":"https:\/\/www.citaprevia-teatroarriaga.eus\/","name":"Teatro Arriaga Antzokia","description":"Sitio web oficial del Teatro. Programaci\u00f3n y venta de entradas para espect\u00e1culos. Teatro, danza, conciertos, \u00f3pera.  Edificio emblem\u00e1tico de Bilbao","potentialAction":[{"@type":"SearchAction","target":{"@type":"EntryPoint","urlTemplate":"https:\/\/www.citaprevia-teatroarriaga.eus\/?s={search_term_string}"},"query-input":{"@type":"PropertyValueSpecification","valueRequired":true,"valueName":"search_term_string"}}],"inLanguage":"eu-EU"}]}},"_links":{"self":[{"href":"https:\/\/www.citaprevia-teatroarriaga.eus\/eu\/wp-json\/wp\/v2\/pages\/59972","targetHints":{"allow":["GET"]}}],"collection":[{"href":"https:\/\/www.citaprevia-teatroarriaga.eus\/eu\/wp-json\/wp\/v2\/pages"}],"about":[{"href":"https:\/\/www.citaprevia-teatroarriaga.eus\/eu\/wp-json\/wp\/v2\/types\/page"}],"author":[{"embeddable":true,"href":"https:\/\/www.citaprevia-teatroarriaga.eus\/eu\/wp-json\/wp\/v2\/users\/10"}],"replies":[{"embeddable":true,"href":"https:\/\/www.citaprevia-teatroarriaga.eus\/eu\/wp-json\/wp\/v2\/comments?post=59972"}],"version-history":[{"count":0,"href":"https:\/\/www.citaprevia-teatroarriaga.eus\/eu\/wp-json\/wp\/v2\/pages\/59972\/revisions"}],"wp:attachment":[{"href":"https:\/\/www.citaprevia-teatroarriaga.eus\/eu\/wp-json\/wp\/v2\/media?parent=59972"}],"curies":[{"name":"wp","href":"https:\/\/api.w.org\/{rel}","templated":true}]}}