{"id":56900,"date":"2024-02-27T17:28:21","date_gmt":"2024-02-27T16:28:21","guid":{"rendered":"https:\/\/www.citaprevia-teatroarriaga.eus\/informacion\/iniciativas-etc\/"},"modified":"2024-02-27T17:41:47","modified_gmt":"2024-02-27T16:41:47","slug":"iniciativas-etc","status":"publish","type":"page","link":"https:\/\/www.citaprevia-teatroarriaga.eus\/eu\/iniciativas-etc\/","title":{"rendered":"ETC ekimenak"},"content":{"rendered":"<h3>ETC 2024ko Egonaldi Artistikoen Programa<\/h3>\n<p><strong>Deialdia zabalik.<\/strong><br \/>\n<strong>Eskaerak aurkezteko azken eguna: 2023ko urriaren 29a<\/strong><br \/>\nEuropean Theatre Convention ETCko kide denez, Antzoki Arriagak ETC sareari atxikitako Europako 6 antzoki publikotan egiten ari den deialdiaren berri ematen du.<\/p>\n<p>ETC Artisten Egoitza Programak bere ibilbideen hasieran dauden antzerki-artistak (batez ere eszena-zuzendariak eta antzerkigileak) gonbidatzen ditu ETC-ko kide den antzoki batekin bat egitera, 4-8 asteko egonaldi bat eskatuta.<br \/>\nHautatutako artistek beka bat jasoko dute eta antzerki-ekoizpen-prozesu baten sormen taldean sartuko dira, horrela lan-metodo berriei buruzko ezagutzak eskuratu eta Europako antzoki publiko baten egunerokotasuna eta egiturak ezagutzeko.<\/p>\n<p>Egonaldia eskaintzen duten antzokiak hauek dira:<br \/>\n\u2022 Teatro do Noroeste \u2013 Centro Dram\u00e1tico de Viana (Portugal\/Viana do Castelo)<br \/>\n\u2022 G\u00f6teborgs Stadsteater \/ Backa Teater (Sweden\/Gothenburg)<br \/>\n\u2022 Slovak National Drama Theatre (Slovakia\/Bratislava)<br \/>\n\u2022 Deutsches Theater Berlin (Germany\/Berlin)<br \/>\n\u2022 Slovensko Narodno Gledali\u0161\u010de Nova Gorica (Slovenia\/Nova Gorica)<br \/>\n\u2022 National Theatre of Kosovo (Kosovo\/Prishtina)<\/p>\n<p><a class=\"wpcf7-form-control wpcf7-submit btn btn-lg btn-default\" href=\"https:\/\/www.europeantheatre.eu\/page\/activities\/etc-artist-residency-programme\/etc-artist-residency-2024\/open-call-2024\" rel=\"noopener\" target=\"_blank\">Informazio gehiago<\/a><\/p>\n<hr style=\"border-bottom: 1px dotted #fff\" \/>\n<h3>Antzerkigintza Berriak<\/h3>\n<p>Helburua dramaturgo berriei eta beste arte-arlo batzuetatik etorrita (literatura, zinema\u2026) sorkuntza eszenikoan barrendu nahi dutenei antzerki-mundurako sarbidea erraztea da. Gasteizko Teatro Principal Antzokiak, Bilboko Arriaga Antzokiak eta Donostiako Victoria Eugenia Antzokiak sustatu dute ekimen hau.<\/p>\n<p>Izena emateko epea gaur, urriak 2,  ireki da eta urriaren 31n amaituko da. Hautaturiko pertsonek, gehienez ere zortzi, obra dramatiko bat garatu beharko dute bost hilabetean, arte eszenikoetako profesionalen gidaritzapean. Laborategi horiek 2024ko otsaila eta apirila bitartean egingo dira.<\/p>\n<p>Hautaturiko pertsonek 3.300 \u20ac-ko diru-laguntza bat izango dute, proiektuan jardutearen eta laborategietako dieten truke.<\/p>\n<p><a class=\"wpcf7-form-control wpcf7-submit btn btn-lg btn-default\" href=\"https:\/\/www.citaprevia-teatroarriaga.eus\/wp-content\/uploads\/2016\/02\/Antzerkigintza-Berriak-Oinarriak-2023.pdf\" rel=\"noopener\" target=\"_blank\">Oinarriak kontsultatzeko<\/a><\/p>\n<hr style=\"border-bottom: 1px dotted #fff\" \/>\n<h3>ETC Online Liburutegia<\/h3>\n<p>European Theatre Convention (ETC) nazioarteko sareak bere liburutegi digitalean antzerkiaren esparruko artistentzat eta akademikoentzat balio handikoak izan daitezkeen dokumentuak jasotzen ditu. Arriaga Antzokitik, aipatutako sarearen parte izatearen ondorioz, dokumentazio baliotsu hau gure ingurune artistikoaren eskura jarri dezakegu.<\/p>\n<p>Horrela, ETCren sareko\u00a0<strong><a target=\"_blank\" href=\"https:\/\/www.europeantheatre.eu\/page\/resources\/online-library\" rel=\"noopener\">liburutegi digitalak<\/a><\/strong> antzerki-liburu eta argitalpen, ikerketa, bideo, tresna eta emanaldi labur ugari ditu Europako antzerki komunitatearentzat. Webgunea bisitatzen dutenek erabilgarri dagoen edukia arakatu eta pdf dokumentuak deskargatu ditzakete, edo bideoak beren nabigatzaileetan ikusi. Bilaketari laguntzeko, iragazki batzuk zehaztu dituzte gaiaren, eduki motaren, dataren eta herrialdearen arabera.<\/p>\n<p>Liburutegi birtualerako sarbidea doakoa da\u00a0<strong>\u00a0<a target=\"_blank\" href=\"https:\/\/www.europeantheatre.eu\/page\/resources\/online-library?category=3&#038;show_date\" rel=\"noopener\">esteka honen<\/a><\/strong> bidez<\/p>\n<p><img loading=\"lazy\" decoding=\"async\" src=\"https:\/\/www.citaprevia-teatroarriaga.eus\/wp-content\/uploads\/2022\/11\/logo-etc.png\" alt=\"\" width=\"200\" height=\"67\" class=\"alignnone size-full wp-image-50376\" \/><\/p>\n<hr style=\"border-bottom: 1px dotted #fff\" \/>\n<h3>Euskarazko testu garaikide baten hautaketa<\/h3>\n<p><strong>European Theatre Convention<\/strong>\u00a0(ETC) elkartearekin elkarlanean egiten dituen jarduerekin jarraituz, Arriaga Antzokiak deialdi bat zabaltzen du\u00a0<strong>euskarazko testu garaikide bat hautatzeko<\/strong>. Hautatzen den testua, bestalde, Arriaga Antzokiak aurkeztu egingo du aipatu ETC sareak haren kideen artean deitzen duen dramaturgia berrien 2023ko deialdira.<\/p>\n<p>Izan ere,<strong>\u00a0European Theatre Convention<\/strong>ek, deialdi horren bidez, Europako dramaturgia garaikideko bi testu berriri emango die babesa, eta baita horiek 2023an nazioartean izango duten ibilbideari ere. Testu horiek Europako 50 antzokik eta jaialdik baino gehiagok osatutako sareko kideen artean zabalduko ditu, eta 1.500 euroko dirulaguntza emango du testu horiek ingelesera itzultzeko, Europako testu garaikide interesgarrien bilduma zabalduz.<\/p>\n<p>ETCren deialdiaren oinarrietan argitaratutako hautagarritasun irizpideak honako hauek dira:<\/p>\n<ul>\n<li>Testuaren kalitatea<\/li>\n<li>Testuaren itzulpenak jatorrizko hizkuntza ez den beste hizkuntza bateko ikusleentzat funtzionatzeko duen ahalmena<\/li>\n<li>Argumentuak nazioarteko ikusleriarentzat izan dezakeen garrantzia<\/li>\n<li>Egilearen ibilbidea<\/li>\n<li>Egilearen ibilbidea nazioartekotzeko laguntza behar izatea.<\/li>\n<\/ul>\n<p>ETCren deialdiko testu irabazleak ETCren hurrengo Nazioarteko Konferentziaren programazioaren parte izango dira. Konferentzia Opolen (Polonia) izango da, 2023ko maiatzean, eta bertaratutakoek irakurketa parte\u2011hartzailea egingo dute.<\/p>\n<p><strong>Arriaga Antzokian deialdian parte hartzeko baldintzak:<\/strong><\/p>\n<p>Euskarazko jatorrizko testuak amaituta egon behar du, baina ez beste hizkuntzetara itzulita.<\/p>\n<p>Aurkeztu behar diren materialak:<\/p>\n<ul>\n<li>Argumentuaren laburpena (orrialde bat gehienez,\u00a0<strong>ingelesez<\/strong>, pertsonaia nagusien aurkezpen batekin).<\/li>\n<li><strong>Euskaraz<\/strong>ko testu osoa.<\/li>\n<li>Egilearen lan globalaren eta ordezkatzen duenaren deskribapena\u00a0<strong>ingelesez<\/strong>.<\/li>\n<li>Egilearen biografia\u00a0<strong>ingelesez<\/strong>\u00a0(aurretik argitaratutako testuen zerrenda batekin)<\/li>\n<li>Aurkeztutako testuak Europako ikusleriarentzat duen garrantziaren azalpena (gai nagusiak barne, gehienez orrialde bat\u00a0<strong>ingelesez<\/strong>).<\/li>\n<\/ul>\n<p>Dokumentazioa\u00a0<strong>abenduaren 26a\u00a0<\/strong>(astelehena) baino lehen aurkeztu behar da, mezu elektroniko bat bidaliz\u00a0<a href=\"mailto:international@teatroarriaga.eus\">international@teatroarriaga.eus<\/a>\u00a0helbidera.<\/p>\n<p>Testuak jaso ondoren, Arriaga Antzokiak hautaketa prozesu bat egingo du ETC European Theatre Convention-eko Call for Texts 2023 programan aurkezteko testu bakarra aukeratzeko.<\/p>\n<p><img loading=\"lazy\" decoding=\"async\" src=\"https:\/\/www.citaprevia-teatroarriaga.eus\/wp-content\/uploads\/2022\/12\/arriaga-etc.png\" alt=\"\" width=\"350\" height=\"62\" class=\"alignnone size-full wp-image-50929\" srcset=\"https:\/\/www.citaprevia-teatroarriaga.eus\/wp-content\/uploads\/2022\/12\/arriaga-etc.png 350w, https:\/\/www.citaprevia-teatroarriaga.eus\/wp-content\/uploads\/2022\/12\/arriaga-etc-300x53.png 300w\" sizes=\"auto, (max-width: 350px) 100vw, 350px\" \/>    <img loading=\"lazy\" decoding=\"async\" src=\"https:\/\/www.citaprevia-teatroarriaga.eus\/wp-content\/uploads\/2022\/12\/europe-creative.png\" alt=\"\" width=\"306\" height=\"62\" class=\"alignright size-full wp-image-50932\" srcset=\"https:\/\/www.citaprevia-teatroarriaga.eus\/wp-content\/uploads\/2022\/12\/europe-creative.png 306w, https:\/\/www.citaprevia-teatroarriaga.eus\/wp-content\/uploads\/2022\/12\/europe-creative-300x61.png 300w\" sizes=\"auto, (max-width: 306px) 100vw, 306px\" \/><\/p>\n<hr style=\"border-bottom: 1px dotted #fff\" \/>\n<h3>EMAKUME ZUZENDARIENTZAKO NETWORKING TALDEA<\/h3>\n<p>ETCko KIDE DIREN ANTZOKIEN INGURUKO EMAKUME ZUZENDARIAK ELKARTU EGITEN DIRA ESPERIENTZIAK PARTEKATZEKO.<\/p>\n<p>Arriaga Antzokia ETC antzoki sarean sartu berri denez,\u00a0<strong>aukerak zabaltzen dira\u00a0<\/strong>gure erkidegoko\u00a0<strong>artistek\u00a0<\/strong>sare horrek antolatzen dituen jardueretan parte hartu ahal izateko.<\/p>\n<p><strong>Izena emateko epea zabalik.<\/strong><\/p>\n<p>Egin klik hemen: \u00a0\u00a0<a class=\"wpcf7-form-control wpcf7-submit btn btn-lg btn-default\" href=\"https:\/\/www.europeantheatre.eu\/page\/activities\/artistic-collaborations\/women-directors-networking-group\" rel=\"noopener\" target=\"_blank\">Deialdia argitaratuta<\/a><\/p>\n<p>ETCko EMAKUME ZUZENDARIEN NETWORKING Taldea 2021eko udaberrian inauguratu zen, eta gune bat eskaintzen die ETCko kide diren antzokietatik gertuko eszena-zuzendariei eta zuzendari artistikoei, trukerako, eztabaidarako eta bateratzeko.<\/p>\n<p>Izena eateko azken eguna\u00a0<strong>azaroaren 22a\u00a0<\/strong>da, asteartea. Horretarako, mezu elektroniko bat bidali behar zaio ETCko H\u00e9l\u00e8ne Gauthierri <a href=\"mailto:hgauthier@europeantheatre.eu\">hgauthier@europeantheatre.eu<\/a>, eta kopian <a href=\"mailto:international@teatroarriaga.eus\">international@teatroarriaga.eus<\/a>\u00a0jarrita.<\/p>\n<p>Bilerak\u00a0<strong>ingelesez\u00a0<\/strong>egiten dira.<\/p>\n<p>ETC Europako antzoki publikoen sare handiena da eta 30 herrialde baino gehiagoko 50 kide europar ditu, kulturaren sektore biziaren aniztasuna islatuz. ETC 1988an sortu zen, eta Europako antzerkia sustatzen du elkarrizketarako, demokraziarako eta interakziorako ezinbesteko plataforma gisa. Plataforma horrek, halaber, erantzun eta islatu egiten du, eta konpromisoa hartzen du gaur egungo ikusleria anitzarekin eta gizarte aldakorrarekin. ETCk antzerkiaren nozio inklusiboa sustatzen du, Europako gizarte-, hizkuntza- eta kultura-legatua Europako eta haragoko entzule eta komunitateei hurbilduz. ETCren gobernantza indartsu eta profesionalak sareak aurrera egitea eta haztea bermatzen du, azken joeren eta garapenen parametroetan lan eginez.<\/p>\n<p>Egitasmo honek Europar Batasunaren Europa Sortzailea Programaren babesa du.<\/p>\n<p><img loading=\"lazy\" decoding=\"async\" src=\"https:\/\/www.citaprevia-teatroarriaga.eus\/wp-content\/uploads\/2022\/11\/etc-creative.png\" alt=\"\" width=\"350\" height=\"62\" class=\"alignnone size-full wp-image-50555\" srcset=\"https:\/\/www.citaprevia-teatroarriaga.eus\/wp-content\/uploads\/2022\/11\/etc-creative.png 350w, https:\/\/www.citaprevia-teatroarriaga.eus\/wp-content\/uploads\/2022\/11\/etc-creative-300x53.png 300w\" sizes=\"auto, (max-width: 350px) 100vw, 350px\" \/><\/p>\n","protected":false},"excerpt":{"rendered":"ETC 2024ko Egonaldi Artistikoen Programa Deialdia zabalik. Eskaerak aurkezteko azken eguna: 2023ko urriaren 29a European Theatre Convention ETCko kide denez, Antzoki Arriagak ETC sareari atxikitako Europako 6 antzoki publikotan egiten ari den deialdiaren berri ematen du. ETC Artisten Egoitza Programak bere ibilbideen hasieran dauden antzerki-artistak (batez ere eszena-zuzendariak eta antzerkigileak) gonbidatzen ditu ETC-ko kide den [&hellip;]<div class=\"clearfix\"><\/div>","protected":false},"author":10,"featured_media":56896,"parent":0,"menu_order":0,"comment_status":"closed","ping_status":"closed","template":"","meta":{"_acf_changed":false,"footnotes":""},"class_list":["post-56900","page","type-page","status-publish","has-post-thumbnail","hentry"],"acf":[],"yoast_head":"<!-- This site is optimized with the Yoast SEO plugin v27.6 - https:\/\/yoast.com\/product\/yoast-seo-wordpress\/ -->\n<title>ETC ekimenak - Teatro Arriaga Antzokia<\/title>\n<meta name=\"robots\" content=\"index, follow, max-snippet:-1, max-image-preview:large, max-video-preview:-1\" \/>\n<link rel=\"canonical\" href=\"https:\/\/www.citaprevia-teatroarriaga.eus\/?page_id=56893\" \/>\n<meta property=\"og:locale\" content=\"en_US\" \/>\n<meta property=\"og:type\" content=\"article\" \/>\n<meta property=\"og:title\" content=\"ETC ekimenak - Teatro Arriaga Antzokia\" \/>\n<meta property=\"og:description\" content=\"ETC 2024ko Egonaldi Artistikoen Programa Deialdia zabalik. Eskaerak aurkezteko azken eguna: 2023ko urriaren 29a European Theatre Convention ETCko kide denez, Antzoki Arriagak ETC sareari atxikitako Europako 6 antzoki publikotan egiten ari den deialdiaren berri ematen du. ETC Artisten Egoitza Programak bere ibilbideen hasieran dauden antzerki-artistak (batez ere eszena-zuzendariak eta antzerkigileak) gonbidatzen ditu ETC-ko kide den [&hellip;]\" \/>\n<meta property=\"og:url\" content=\"https:\/\/www.citaprevia-teatroarriaga.eus\/?page_id=56893\" \/>\n<meta property=\"og:site_name\" content=\"Teatro Arriaga Antzokia\" \/>\n<meta property=\"article:modified_time\" content=\"2024-02-27T16:41:47+00:00\" \/>\n<meta property=\"og:image\" content=\"https:\/\/www.citaprevia-teatroarriaga.eus\/wp-content\/uploads\/2024\/02\/cabecera-ets.jpg\" \/>\n\t<meta property=\"og:image:width\" content=\"1600\" \/>\n\t<meta property=\"og:image:height\" content=\"600\" \/>\n\t<meta property=\"og:image:type\" content=\"image\/jpeg\" \/>\n<meta name=\"twitter:card\" content=\"summary_large_image\" \/>\n<meta name=\"twitter:label1\" content=\"Est. reading time\" \/>\n\t<meta name=\"twitter:data1\" content=\"6 minutes\" \/>\n<script type=\"application\/ld+json\" class=\"yoast-schema-graph\">{\"@context\":\"https:\\\/\\\/schema.org\",\"@graph\":[{\"@type\":\"WebPage\",\"@id\":\"https:\\\/\\\/www.citaprevia-teatroarriaga.eus\\\/?page_id=56893\",\"url\":\"https:\\\/\\\/www.citaprevia-teatroarriaga.eus\\\/?page_id=56893\",\"name\":\"ETC ekimenak - Teatro Arriaga Antzokia\",\"isPartOf\":{\"@id\":\"https:\\\/\\\/www.citaprevia-teatroarriaga.eus\\\/#website\"},\"primaryImageOfPage\":{\"@id\":\"https:\\\/\\\/www.citaprevia-teatroarriaga.eus\\\/?page_id=56893#primaryimage\"},\"image\":{\"@id\":\"https:\\\/\\\/www.citaprevia-teatroarriaga.eus\\\/?page_id=56893#primaryimage\"},\"thumbnailUrl\":\"https:\\\/\\\/www.citaprevia-teatroarriaga.eus\\\/wp-content\\\/uploads\\\/2024\\\/02\\\/cabecera-ets.jpg\",\"datePublished\":\"2024-02-27T16:28:21+00:00\",\"dateModified\":\"2024-02-27T16:41:47+00:00\",\"breadcrumb\":{\"@id\":\"https:\\\/\\\/www.citaprevia-teatroarriaga.eus\\\/?page_id=56893#breadcrumb\"},\"inLanguage\":\"eu-EU\",\"potentialAction\":[{\"@type\":\"ReadAction\",\"target\":[\"https:\\\/\\\/www.citaprevia-teatroarriaga.eus\\\/?page_id=56893\"]}]},{\"@type\":\"ImageObject\",\"inLanguage\":\"eu-EU\",\"@id\":\"https:\\\/\\\/www.citaprevia-teatroarriaga.eus\\\/?page_id=56893#primaryimage\",\"url\":\"https:\\\/\\\/www.citaprevia-teatroarriaga.eus\\\/wp-content\\\/uploads\\\/2024\\\/02\\\/cabecera-ets.jpg\",\"contentUrl\":\"https:\\\/\\\/www.citaprevia-teatroarriaga.eus\\\/wp-content\\\/uploads\\\/2024\\\/02\\\/cabecera-ets.jpg\",\"width\":1600,\"height\":600},{\"@type\":\"BreadcrumbList\",\"@id\":\"https:\\\/\\\/www.citaprevia-teatroarriaga.eus\\\/?page_id=56893#breadcrumb\",\"itemListElement\":[{\"@type\":\"ListItem\",\"position\":1,\"name\":\"Portada\",\"item\":\"https:\\\/\\\/www.citaprevia-teatroarriaga.eus\\\/\"},{\"@type\":\"ListItem\",\"position\":2,\"name\":\"Info\",\"item\":\"https:\\\/\\\/www.citaprevia-teatroarriaga.eus\\\/?page_id=8\"},{\"@type\":\"ListItem\",\"position\":3,\"name\":\"ETC ekimenak\"}]},{\"@type\":\"WebSite\",\"@id\":\"https:\\\/\\\/www.citaprevia-teatroarriaga.eus\\\/#website\",\"url\":\"https:\\\/\\\/www.citaprevia-teatroarriaga.eus\\\/\",\"name\":\"Teatro Arriaga Antzokia\",\"description\":\"Sitio web oficial del Teatro. Programaci\u00f3n y venta de entradas para espect\u00e1culos. Teatro, danza, conciertos, \u00f3pera.  Edificio emblem\u00e1tico de Bilbao\",\"potentialAction\":[{\"@type\":\"SearchAction\",\"target\":{\"@type\":\"EntryPoint\",\"urlTemplate\":\"https:\\\/\\\/www.citaprevia-teatroarriaga.eus\\\/?s={search_term_string}\"},\"query-input\":{\"@type\":\"PropertyValueSpecification\",\"valueRequired\":true,\"valueName\":\"search_term_string\"}}],\"inLanguage\":\"eu-EU\"}]}<\/script>\n<!-- \/ Yoast SEO plugin. -->","yoast_head_json":{"title":"ETC ekimenak - Teatro Arriaga Antzokia","robots":{"index":"index","follow":"follow","max-snippet":"max-snippet:-1","max-image-preview":"max-image-preview:large","max-video-preview":"max-video-preview:-1"},"canonical":"https:\/\/www.citaprevia-teatroarriaga.eus\/?page_id=56893","og_locale":"en_US","og_type":"article","og_title":"ETC ekimenak - Teatro Arriaga Antzokia","og_description":"ETC 2024ko Egonaldi Artistikoen Programa Deialdia zabalik. Eskaerak aurkezteko azken eguna: 2023ko urriaren 29a European Theatre Convention ETCko kide denez, Antzoki Arriagak ETC sareari atxikitako Europako 6 antzoki publikotan egiten ari den deialdiaren berri ematen du. ETC Artisten Egoitza Programak bere ibilbideen hasieran dauden antzerki-artistak (batez ere eszena-zuzendariak eta antzerkigileak) gonbidatzen ditu ETC-ko kide den [&hellip;]","og_url":"https:\/\/www.citaprevia-teatroarriaga.eus\/?page_id=56893","og_site_name":"Teatro Arriaga Antzokia","article_modified_time":"2024-02-27T16:41:47+00:00","og_image":[{"width":1600,"height":600,"url":"https:\/\/www.citaprevia-teatroarriaga.eus\/wp-content\/uploads\/2024\/02\/cabecera-ets.jpg","type":"image\/jpeg"}],"twitter_card":"summary_large_image","twitter_misc":{"Est. reading time":"6 minutes"},"schema":{"@context":"https:\/\/schema.org","@graph":[{"@type":"WebPage","@id":"https:\/\/www.citaprevia-teatroarriaga.eus\/?page_id=56893","url":"https:\/\/www.citaprevia-teatroarriaga.eus\/?page_id=56893","name":"ETC ekimenak - Teatro Arriaga Antzokia","isPartOf":{"@id":"https:\/\/www.citaprevia-teatroarriaga.eus\/#website"},"primaryImageOfPage":{"@id":"https:\/\/www.citaprevia-teatroarriaga.eus\/?page_id=56893#primaryimage"},"image":{"@id":"https:\/\/www.citaprevia-teatroarriaga.eus\/?page_id=56893#primaryimage"},"thumbnailUrl":"https:\/\/www.citaprevia-teatroarriaga.eus\/wp-content\/uploads\/2024\/02\/cabecera-ets.jpg","datePublished":"2024-02-27T16:28:21+00:00","dateModified":"2024-02-27T16:41:47+00:00","breadcrumb":{"@id":"https:\/\/www.citaprevia-teatroarriaga.eus\/?page_id=56893#breadcrumb"},"inLanguage":"eu-EU","potentialAction":[{"@type":"ReadAction","target":["https:\/\/www.citaprevia-teatroarriaga.eus\/?page_id=56893"]}]},{"@type":"ImageObject","inLanguage":"eu-EU","@id":"https:\/\/www.citaprevia-teatroarriaga.eus\/?page_id=56893#primaryimage","url":"https:\/\/www.citaprevia-teatroarriaga.eus\/wp-content\/uploads\/2024\/02\/cabecera-ets.jpg","contentUrl":"https:\/\/www.citaprevia-teatroarriaga.eus\/wp-content\/uploads\/2024\/02\/cabecera-ets.jpg","width":1600,"height":600},{"@type":"BreadcrumbList","@id":"https:\/\/www.citaprevia-teatroarriaga.eus\/?page_id=56893#breadcrumb","itemListElement":[{"@type":"ListItem","position":1,"name":"Portada","item":"https:\/\/www.citaprevia-teatroarriaga.eus\/"},{"@type":"ListItem","position":2,"name":"Info","item":"https:\/\/www.citaprevia-teatroarriaga.eus\/?page_id=8"},{"@type":"ListItem","position":3,"name":"ETC ekimenak"}]},{"@type":"WebSite","@id":"https:\/\/www.citaprevia-teatroarriaga.eus\/#website","url":"https:\/\/www.citaprevia-teatroarriaga.eus\/","name":"Teatro Arriaga Antzokia","description":"Sitio web oficial del Teatro. Programaci\u00f3n y venta de entradas para espect\u00e1culos. Teatro, danza, conciertos, \u00f3pera.  Edificio emblem\u00e1tico de Bilbao","potentialAction":[{"@type":"SearchAction","target":{"@type":"EntryPoint","urlTemplate":"https:\/\/www.citaprevia-teatroarriaga.eus\/?s={search_term_string}"},"query-input":{"@type":"PropertyValueSpecification","valueRequired":true,"valueName":"search_term_string"}}],"inLanguage":"eu-EU"}]}},"_links":{"self":[{"href":"https:\/\/www.citaprevia-teatroarriaga.eus\/eu\/wp-json\/wp\/v2\/pages\/56900","targetHints":{"allow":["GET"]}}],"collection":[{"href":"https:\/\/www.citaprevia-teatroarriaga.eus\/eu\/wp-json\/wp\/v2\/pages"}],"about":[{"href":"https:\/\/www.citaprevia-teatroarriaga.eus\/eu\/wp-json\/wp\/v2\/types\/page"}],"author":[{"embeddable":true,"href":"https:\/\/www.citaprevia-teatroarriaga.eus\/eu\/wp-json\/wp\/v2\/users\/10"}],"replies":[{"embeddable":true,"href":"https:\/\/www.citaprevia-teatroarriaga.eus\/eu\/wp-json\/wp\/v2\/comments?post=56900"}],"version-history":[{"count":1,"href":"https:\/\/www.citaprevia-teatroarriaga.eus\/eu\/wp-json\/wp\/v2\/pages\/56900\/revisions"}],"predecessor-version":[{"id":56901,"href":"https:\/\/www.citaprevia-teatroarriaga.eus\/eu\/wp-json\/wp\/v2\/pages\/56900\/revisions\/56901"}],"wp:featuredmedia":[{"embeddable":true,"href":"https:\/\/www.citaprevia-teatroarriaga.eus\/eu\/wp-json\/wp\/v2\/media\/56896"}],"wp:attachment":[{"href":"https:\/\/www.citaprevia-teatroarriaga.eus\/eu\/wp-json\/wp\/v2\/media?parent=56900"}],"curies":[{"name":"wp","href":"https:\/\/api.w.org\/{rel}","templated":true}]}}