{"id":54700,"date":"2023-06-13T09:33:41","date_gmt":"2023-06-13T07:33:41","guid":{"rendered":"https:\/\/www.citaprevia-teatroarriaga.eus\/sistema-interno-de-informacion\/"},"modified":"2023-06-14T11:46:30","modified_gmt":"2023-06-14T09:46:30","slug":"sistema-interno-de-informacion","status":"publish","type":"page","link":"https:\/\/www.citaprevia-teatroarriaga.eus\/eu\/sistema-interno-de-informacion\/","title":{"rendered":"Barneko Informazio Sistema"},"content":{"rendered":"<h4>Zer da Barruko informazio-kanala?<\/h4>\n<p>Barneko Informazio-Sistema bat da. Sistema honi esker pertsonek aukera dute Arriaga antzokiari erakundearekin duten lan-harremanaren edo harreman profesionalen ondorioz ezagutu ahal izan dituzten irregulartasunen berri emateko. Sistemak gertakariak informatzailea babesteko bermearekin ikertzeko aukera ematen du.<\/p>\n<h4>Aplikatu beharreko araudia<\/h4>\n<p>2\/2023 Legea, otsailaren 20koa, arau-urratzeei eta ustelkeriaren aurkako borrokari buruzko informazioa ematen duten pertsonen babesa arautzen duena.<\/p>\n<h4>Araudi honen helburua<\/h4>\n<p>Babes egokia ematea otsailaren 20ko 2\/2023 Legearen 2. artikuluan aipatzen diren egite edo ez-egiteetako bati buruzko informazioa ematen duten pertsona fisikoek jasan ditzaketen errepresalien aurrean. <\/p>\n<p>Informazioaren kultura eta erakundeen integritate-azpiegiturak indartzea eta informazioaren edo komunikazioaren kultura sustatzea, interes publikoaren aurkako mehatxuei aurre hartzeko eta antzemateko mekanismo gisa.<\/p>\n<h4>Barruko informazio-kanala<\/h4>\n<p>Erakundearen gobernu-organoak ezarri du.<\/p>\n<p>Besteak beste, sistemak Legearen 5. artikuluak ezarritako baldintza hauek betetzen ditu:<\/p>\n<ul>\n<li>Legearen 3. artikuluan aipatzen diren pertsona guztiei aukera ematen die lege horren 2. artikuluan arautzen diren arau-hausteei buruzko informazioa jakinarazteko:\n<ul>\n<li>Arriaga antzokiko langileak.<\/li>\n<li>Langile autonomoak.<\/li>\n<li>Erakunde baten akziodunak edo administrazio-, zuzendaritza- edo ikuskapen-organoa osatzen duten pertsonak.<\/li>\n<li>Boluntarioak, bekadunak eta praktiketako langileak.<\/li>\n<li>Arriaga antzokiaren kontratistentzat, azpikontratistentzat eta hornitzaileentzat lan egiten duten pertsonak.<\/li>\n<\/ul>\n<\/li>\n<\/ul>\n<ul>\n<li>Arriagako antzokiarekin zerikusia duten aurreko pertsonek lan- edo lanbide-testuinguru batean honako hauei buruzko informazioa eman ahal izango dute:\n<ul>\n<li>Arau-hauste penal eta administratibo larriak eta oso larriak (Espainiako legeriaren barruan eta, kasu guztietan, eta Ogasun Publikoa edo Gizarte Segurantza urratzen dutenak).<\/li>\n<li>Europar Batasuneko legediaren aurkako ekintzengatiko arau-hausteak, baldin eta Batasunaren finantza-interesei eragiten badiete edo bere barne-merkatuan eragiten badute (EB 2019\/1937 Zuzentarauaren eranskineko egintzak).<\/li>\n<\/ul>\n<\/li>\n<\/ul>\n<ul>\n<li>Modu seguruan diseinatu, ezarri eta kudeatu da, informatzailearen identitatearen eta egiten diren jarduketen konfidentzialtasuna eta datuen babesa bermatzeko.<\/li>\n<li>Komunikazioak idatziz eta\/edo ahoz aurkezteko aukera ematen du.<\/li>\n<\/ul>\n<ul>\n<li>Sistema honetan integratuta daude:\n<ul>\n<li>BARRUKO INFORMAZIO-KANALA. Sistemak komunikazio anonimoak aurkezteko eta ondoren izapidetzeko aukera ematen du. Salaketak\/informazioak aurkezteko bide hauek erabili ahal izango dira:\n<ul>\n<li>Kanal telematikoa: <a target=\"_blank\" href=\"https:\/\/salaketakarriaga.bilbao.eus\/\" rel=\"noopener\">https:\/\/salaketakarriaga.bilbao.eus<\/a><\/li>\n<li>Posta arrunta: C.A.C.Teatro Arriaga,S.A. Arriaga Plaza,1  48005 Bilbo. Arriaga Antzokiko Barne Informazio Sistemaren arduradunari.<\/li>\n<li>Elkarrizketa pertsonala: hitzordua eskatu beharko da Arriaga Antzokiko Barne Informazio Sistemaren arduradun izendatuarekin.<\/li>\n<li>Telefonoz\/Ahots-mezularitzaz: 944163533<\/li>\n<\/ul>\n<\/li>\n<\/ul>\n<\/li>\n<\/ul>\n<ul>\n<li>FUNTZIONAMENDU-ARAUAK ETA INFORMAZIOA KUDEATZEKO PROZEDURA. <a href=\"https:\/\/www.citaprevia-teatroarriaga.eus\/wp-content\/uploads\/2023\/06\/Sistema-interno-informacio\u0301n-Ley-2_2023-T-ARRIAGA-EUS.pdf\" rel=\"noopener\" target=\"_blank\">Eranskina<\/a>.<\/li>\n<\/ul>\n<h4>Nola eman informazioa<\/h4>\n<p>Informazioa emateko gaitutako kanaletako batean sartu aurretik, eta informazioari dagokionez gauzak ahaztea edo zehaztasun-faltak saihesteko, ahalik eta datu gehien biltzea gomendatzen dizugu. Gertatutakoari buruz eman daitezkeen datuak:<\/p>\n<ul>\n<li>Lekua, eguna eta ordua.<\/li>\n<li>Eragindako pertsona edo pertsonak (ustez arau-haustea egin dutenak).<\/li>\n<li>Bertaratutako pertsona edo pertsonak, balizko lekukoak izan daitezkeenak.<\/li>\n<li>Gertaeren deskribapen zehatza.<\/li>\n<li>Gertatutakoari lotutako ebidentziak.<\/li>\n<\/ul>\n<p><a class=\"wpcf7-form-control wpcf7-submit btn btn-lg btn-default btnColor\" href=\"https:\/\/salaketakarriaga.bilbao.eus\/c\/cb04b766-bddf-4649-baff-d4a12b2c5bd6\" rel=\"noopener\" target=\"_blank\">INFORMAZIOAREN KANALERAKO SARBIDEA<\/a><\/p>\n<h4>Datuak babesteko oinarrizko informazioa:<\/h4>\n<table border=\"0\" cellspacing=\"0\" cellpadding=\"0\" width=\"100%\" class=\"tabla\">\n<tr>\n<td colspan=\"2\">\n<p align=\"center\"><strong>Datuak babesteko oinarrizko informazioa<\/strong><\/p>\n<\/td>\n<\/tr>\n<tr>\n<td>\n<p>Arduraduna<\/p>\n<\/td>\n<td>\n<p>C.A.C. Teatro Arriaga, S.A.<br \/>\n      Arriaga Plaza, 1 48005 Bilbao<br \/>\n      <a href=\"http:\/\/www.citaprevia-teatroarriaga.eus\">www.citaprevia-teatroarriaga.eus<\/a><\/p>\n<\/td>\n<\/tr>\n<tr>\n<td>\n<p>Helburua<\/p>\n<\/td>\n<td>\n<p>Informazioaren barne-sistemaren bidez egindako salaketak erregistratzea eta kudeatzea.<\/p>\n<\/td>\n<\/tr>\n<tr>\n<td>\n<p>Legitimazioa<\/p>\n<\/td>\n<td>\n<p>RGPD 6.1 c) eta 6.1 e) artikuluak:<br \/>\nAraudi erregulatzailetik eratorritako legezko betebeharrak betetzea.<br \/>\nArau-hausteei eta ustelkeriaren aurkako borrokari buruzko informazioa ematen duten pertsonak babestea, bai eta interes publikoaren alde edo arduradunari emandako botere publikoak erabiltzearen alde egindako misio bat betetzea ere.\n<\/p>\n<\/td>\n<\/tr>\n<tr>\n<td>\n<p>Hartzaileak<\/p>\n<\/td>\n<td>\n<p>Hirugarrenei jakinaraziko zaizkie jasotako informazioa\/salaketa izapidetzeko behar diren datuak, legean eskatutako baldintzetan. Ez da nazioarteko datu-transferentziarik egiten. <\/p>\n<\/td>\n<\/tr>\n<tr>\n<td>\n<p>Eskubideak<\/p>\n<\/td>\n<td>\n<p>Interesdunek honako eskubide hauek dituzte:<\/p>\n<ul>\n<li>Datuak eskuratzea, zuzentzea, ezabatzea eta tratamendua mugatzea edo ez egitea. Horretarako, idazki bat bidali beharko da tratamenduaren arduradunaren helbidera, haren nortasuna egiaztatu ondoren, edo Bilboko Udaleko herritarrei arreta emateko guneetara.<\/li>\n<li>Datuak Babesteko Euskal Bulegoan erreklamazioa aurkezteko eskubidea.<\/li>\n<\/ul>\n<\/td>\n<\/tr>\n<tr>\n<td>\n<p>Informazio gehigarria<\/p>\n<\/td>\n<td>\n<p>Informazio gehiago nahi izanez gero, jo ezazu helbide elektronikora <a href=\"mailto:informacion@teatroarriaga.eus\">informacion@teatroarriaga.eus<\/a>, datu pertsonalen tratamendu honi buruzko informazio gehiago eskatzeko.  <\/p>\n<\/td>\n<\/tr>\n<\/table>\n","protected":false},"excerpt":{"rendered":"Zer da Barruko informazio-kanala? Barneko Informazio-Sistema bat da. Sistema honi esker pertsonek aukera dute Arriaga antzokiari erakundearekin duten lan-harremanaren edo harreman profesionalen ondorioz ezagutu ahal izan dituzten irregulartasunen berri emateko. Sistemak gertakariak informatzailea babesteko bermearekin ikertzeko aukera ematen du. Aplikatu beharreko araudia 2\/2023 Legea, otsailaren 20koa, arau-urratzeei eta ustelkeriaren aurkako borrokari buruzko informazioa ematen duten [&hellip;]<div class=\"clearfix\"><\/div>","protected":false},"author":10,"featured_media":0,"parent":0,"menu_order":0,"comment_status":"closed","ping_status":"closed","template":"","meta":{"_acf_changed":false,"footnotes":""},"class_list":["post-54700","page","type-page","status-publish","hentry"],"acf":[],"yoast_head":"<!-- This site is optimized with the Yoast SEO plugin v27.6 - https:\/\/yoast.com\/product\/yoast-seo-wordpress\/ -->\n<title>Barneko Informazio Sistema - Teatro Arriaga Antzokia<\/title>\n<meta name=\"robots\" content=\"index, follow, max-snippet:-1, max-image-preview:large, max-video-preview:-1\" \/>\n<link rel=\"canonical\" href=\"https:\/\/www.citaprevia-teatroarriaga.eus\/sistema-interno-de-informacion\/\" \/>\n<meta property=\"og:locale\" content=\"en_US\" \/>\n<meta property=\"og:type\" content=\"article\" \/>\n<meta property=\"og:title\" content=\"Barneko Informazio Sistema - Teatro Arriaga Antzokia\" \/>\n<meta property=\"og:description\" content=\"Zer da Barruko informazio-kanala? Barneko Informazio-Sistema bat da. Sistema honi esker pertsonek aukera dute Arriaga antzokiari erakundearekin duten lan-harremanaren edo harreman profesionalen ondorioz ezagutu ahal izan dituzten irregulartasunen berri emateko. Sistemak gertakariak informatzailea babesteko bermearekin ikertzeko aukera ematen du. Aplikatu beharreko araudia 2\/2023 Legea, otsailaren 20koa, arau-urratzeei eta ustelkeriaren aurkako borrokari buruzko informazioa ematen duten [&hellip;]\" \/>\n<meta property=\"og:url\" content=\"https:\/\/www.citaprevia-teatroarriaga.eus\/sistema-interno-de-informacion\/\" \/>\n<meta property=\"og:site_name\" content=\"Teatro Arriaga Antzokia\" \/>\n<meta property=\"article:modified_time\" content=\"2023-06-14T09:46:30+00:00\" \/>\n<meta name=\"twitter:card\" content=\"summary_large_image\" \/>\n<meta name=\"twitter:label1\" content=\"Est. reading time\" \/>\n\t<meta name=\"twitter:data1\" content=\"3 minutes\" \/>\n<script type=\"application\/ld+json\" class=\"yoast-schema-graph\">{\"@context\":\"https:\\\/\\\/schema.org\",\"@graph\":[{\"@type\":\"WebPage\",\"@id\":\"https:\\\/\\\/www.citaprevia-teatroarriaga.eus\\\/sistema-interno-de-informacion\\\/\",\"url\":\"https:\\\/\\\/www.citaprevia-teatroarriaga.eus\\\/sistema-interno-de-informacion\\\/\",\"name\":\"Barneko Informazio Sistema - Teatro Arriaga Antzokia\",\"isPartOf\":{\"@id\":\"https:\\\/\\\/www.citaprevia-teatroarriaga.eus\\\/#website\"},\"datePublished\":\"2023-06-13T07:33:41+00:00\",\"dateModified\":\"2023-06-14T09:46:30+00:00\",\"breadcrumb\":{\"@id\":\"https:\\\/\\\/www.citaprevia-teatroarriaga.eus\\\/sistema-interno-de-informacion\\\/#breadcrumb\"},\"inLanguage\":\"eu-EU\",\"potentialAction\":[{\"@type\":\"ReadAction\",\"target\":[\"https:\\\/\\\/www.citaprevia-teatroarriaga.eus\\\/sistema-interno-de-informacion\\\/\"]}]},{\"@type\":\"BreadcrumbList\",\"@id\":\"https:\\\/\\\/www.citaprevia-teatroarriaga.eus\\\/sistema-interno-de-informacion\\\/#breadcrumb\",\"itemListElement\":[{\"@type\":\"ListItem\",\"position\":1,\"name\":\"Portada\",\"item\":\"https:\\\/\\\/www.citaprevia-teatroarriaga.eus\\\/\"},{\"@type\":\"ListItem\",\"position\":2,\"name\":\"Barneko Informazio Sistema\"}]},{\"@type\":\"WebSite\",\"@id\":\"https:\\\/\\\/www.citaprevia-teatroarriaga.eus\\\/#website\",\"url\":\"https:\\\/\\\/www.citaprevia-teatroarriaga.eus\\\/\",\"name\":\"Teatro Arriaga Antzokia\",\"description\":\"Sitio web oficial del Teatro. Programaci\u00f3n y venta de entradas para espect\u00e1culos. Teatro, danza, conciertos, \u00f3pera.  Edificio emblem\u00e1tico de Bilbao\",\"potentialAction\":[{\"@type\":\"SearchAction\",\"target\":{\"@type\":\"EntryPoint\",\"urlTemplate\":\"https:\\\/\\\/www.citaprevia-teatroarriaga.eus\\\/?s={search_term_string}\"},\"query-input\":{\"@type\":\"PropertyValueSpecification\",\"valueRequired\":true,\"valueName\":\"search_term_string\"}}],\"inLanguage\":\"eu-EU\"}]}<\/script>\n<!-- \/ Yoast SEO plugin. -->","yoast_head_json":{"title":"Barneko Informazio Sistema - Teatro Arriaga Antzokia","robots":{"index":"index","follow":"follow","max-snippet":"max-snippet:-1","max-image-preview":"max-image-preview:large","max-video-preview":"max-video-preview:-1"},"canonical":"https:\/\/www.citaprevia-teatroarriaga.eus\/sistema-interno-de-informacion\/","og_locale":"en_US","og_type":"article","og_title":"Barneko Informazio Sistema - Teatro Arriaga Antzokia","og_description":"Zer da Barruko informazio-kanala? Barneko Informazio-Sistema bat da. Sistema honi esker pertsonek aukera dute Arriaga antzokiari erakundearekin duten lan-harremanaren edo harreman profesionalen ondorioz ezagutu ahal izan dituzten irregulartasunen berri emateko. Sistemak gertakariak informatzailea babesteko bermearekin ikertzeko aukera ematen du. Aplikatu beharreko araudia 2\/2023 Legea, otsailaren 20koa, arau-urratzeei eta ustelkeriaren aurkako borrokari buruzko informazioa ematen duten [&hellip;]","og_url":"https:\/\/www.citaprevia-teatroarriaga.eus\/sistema-interno-de-informacion\/","og_site_name":"Teatro Arriaga Antzokia","article_modified_time":"2023-06-14T09:46:30+00:00","twitter_card":"summary_large_image","twitter_misc":{"Est. reading time":"3 minutes"},"schema":{"@context":"https:\/\/schema.org","@graph":[{"@type":"WebPage","@id":"https:\/\/www.citaprevia-teatroarriaga.eus\/sistema-interno-de-informacion\/","url":"https:\/\/www.citaprevia-teatroarriaga.eus\/sistema-interno-de-informacion\/","name":"Barneko Informazio Sistema - Teatro Arriaga Antzokia","isPartOf":{"@id":"https:\/\/www.citaprevia-teatroarriaga.eus\/#website"},"datePublished":"2023-06-13T07:33:41+00:00","dateModified":"2023-06-14T09:46:30+00:00","breadcrumb":{"@id":"https:\/\/www.citaprevia-teatroarriaga.eus\/sistema-interno-de-informacion\/#breadcrumb"},"inLanguage":"eu-EU","potentialAction":[{"@type":"ReadAction","target":["https:\/\/www.citaprevia-teatroarriaga.eus\/sistema-interno-de-informacion\/"]}]},{"@type":"BreadcrumbList","@id":"https:\/\/www.citaprevia-teatroarriaga.eus\/sistema-interno-de-informacion\/#breadcrumb","itemListElement":[{"@type":"ListItem","position":1,"name":"Portada","item":"https:\/\/www.citaprevia-teatroarriaga.eus\/"},{"@type":"ListItem","position":2,"name":"Barneko Informazio Sistema"}]},{"@type":"WebSite","@id":"https:\/\/www.citaprevia-teatroarriaga.eus\/#website","url":"https:\/\/www.citaprevia-teatroarriaga.eus\/","name":"Teatro Arriaga Antzokia","description":"Sitio web oficial del Teatro. Programaci\u00f3n y venta de entradas para espect\u00e1culos. Teatro, danza, conciertos, \u00f3pera.  Edificio emblem\u00e1tico de Bilbao","potentialAction":[{"@type":"SearchAction","target":{"@type":"EntryPoint","urlTemplate":"https:\/\/www.citaprevia-teatroarriaga.eus\/?s={search_term_string}"},"query-input":{"@type":"PropertyValueSpecification","valueRequired":true,"valueName":"search_term_string"}}],"inLanguage":"eu-EU"}]}},"_links":{"self":[{"href":"https:\/\/www.citaprevia-teatroarriaga.eus\/eu\/wp-json\/wp\/v2\/pages\/54700","targetHints":{"allow":["GET"]}}],"collection":[{"href":"https:\/\/www.citaprevia-teatroarriaga.eus\/eu\/wp-json\/wp\/v2\/pages"}],"about":[{"href":"https:\/\/www.citaprevia-teatroarriaga.eus\/eu\/wp-json\/wp\/v2\/types\/page"}],"author":[{"embeddable":true,"href":"https:\/\/www.citaprevia-teatroarriaga.eus\/eu\/wp-json\/wp\/v2\/users\/10"}],"replies":[{"embeddable":true,"href":"https:\/\/www.citaprevia-teatroarriaga.eus\/eu\/wp-json\/wp\/v2\/comments?post=54700"}],"version-history":[{"count":1,"href":"https:\/\/www.citaprevia-teatroarriaga.eus\/eu\/wp-json\/wp\/v2\/pages\/54700\/revisions"}],"predecessor-version":[{"id":54706,"href":"https:\/\/www.citaprevia-teatroarriaga.eus\/eu\/wp-json\/wp\/v2\/pages\/54700\/revisions\/54706"}],"wp:attachment":[{"href":"https:\/\/www.citaprevia-teatroarriaga.eus\/eu\/wp-json\/wp\/v2\/media?parent=54700"}],"curies":[{"name":"wp","href":"https:\/\/api.w.org\/{rel}","templated":true}]}}