{"id":4750,"date":"2016-06-06T12:06:14","date_gmt":"2016-06-06T10:06:14","guid":{"rendered":"http:\/\/www.citaprevia-teatroarriaga.eus\/?page_id=4750&#038;lang=eu"},"modified":"2024-06-25T12:40:58","modified_gmt":"2024-06-25T10:40:58","slug":"como-llegar","status":"publish","type":"page","link":"https:\/\/www.citaprevia-teatroarriaga.eus\/eu\/como-llegar\/","title":{"rendered":"Nola iritsi daitekeen"},"content":{"rendered":"<h5>Teatro Arriaga Antzokia<\/h5>\n<p>Arriaga Plaza, 1<br \/>\n48005 Bilbo<br \/>\nBizkaia<\/p>\n<hr>\n<h2>Bidaia-gida berdea: Bilboko Arriaga antzokira iristeko garraio jasangarrien aukerak<\/h2>\n<p>&#x1f33f; Ongi etorri Arriagara, Bilboko hirigune historikoaren bihotzean dagoen antzokira! Jasangarritasunarekin eta ingurune-inpaktua murriztearekin dugun konpromisoaren barruan, gure ikuskizunez gozatzera etortzeko garraio ekologikoen aukera batzuk aintzat hartzea proposatu nahi diegu bisitariei. Bilbon ez dago distantzia handirik; hortaz, oinez ibiltzea aukera ekologiko bikaina da antzokira etortzeko, ingurumena gehien errespetatzen duen garraiobidea baita.<\/p>\n<h4>&#x1f68c; Aireportutik<\/h4>\n<p>Bilboko aireportura iristean, erabili bertako autobus-zerbitzua; garraio eroso eta ekologikoa eskaintzen du hiriko erdiguneraino. Erdigunetik, hainbat aukera izango dituzue Arriaga antzokira iristeko. Ordutegi eta geralekuei buruzko informazioa, <a hrtef=\"https:\/\/www.bilbaoturismo.net\/BilbaoTurismo\/en\/del-aeropuerto-a-bilbao\" target=\"_blank\" rel=\"noopener\">hemen<\/a>.<\/p>\n<h4>&#x1f687; Metroa<\/h4>\n<p>Bilboko metro-sistema eraginkorra oso aukera erosoa da antzokira iristeko. Metro-geltoki asko daude hirian, baita hirigune historikoan ere. Antzokitik hurbilen dagoen metro-geltokia Zazpikaleetakoa da (hirigune historikoan bertan), bost minutura baitago oinez.<\/p>\n<h4>&#x1f68b; Tranbia<\/h4>\n<p>Beste garraio-aukera ekologiko bat tranbia-sarea da, hiriko gune garrantzitsuak lotzen baititu, hirigune historikoa barne. Antzokitik hurbilen dagoen geralekua antzokiaren atzealdean bertan dago, artisten sarreratik gertu, Erribera kalearen 4.ean.<\/p>\n<h4>&#x1f68c; Autobusa<\/h4>\n<p>Bilbok autobus-sare zabala du, hainbat lineak zeharkatzen baitute hiriaren erdigunea. Bilbotik hurbil dagoen leku batetik bazatozte edo hiritik kanpo dagoen lekuren bat ezagutu nahi baduzue, autobusa garraio eraginkorra da erabat, eta ingurumena errespetatzen du. Hona hemen antzokitik hurbil pasatzen diren autobus-lineak: 11, 22, 28, 56, 62, 75, 77, 85 eta A2.<\/p>\n<h4>&#x1f6b2; Bizikleta<\/h4>\n<p>Gure hiria pedalei eraginez ezagutu nahi dutenentzako aukera ere eskaintzen du Bilbok, egoiliar zein kanpotarrentzako bizikleten alokairu-zerbitzuak, hain zuzen. Horrez gain, bizikletak aparkatzeko berariazko gunea dago antzokiaren ondoan.<\/p>\n<h4>&#x1f686; Trena (Renfe Aldiriak)<\/h4>\n<p>Trenez ere irits daiteke antzokira, Renferen Aldirietako zerbitzuaren bidez. Hala, C1, C2 eta C3 lineak Arriaga antzokitik hurbil dagoen Bilbao Abando geltokira iristen dira.<\/p>\n<p><\/p>\n<p>&#x1f33f; Garraio publikoa edo bizikleta aukeratzen baduzue, trafiko-pilaketak eta aire-kutsadura murrizten laguntzeaz gain, bat egingo duzue etorkizun berdeago eta jasangarriago baten alde guztion artean egiten ari garen ahaleginarekin. Eskerrik asko ingurumenaren aldeko borrokan laguntzeagatik Arriaga antzokira egiten dituzuen joan-etorrietan. Irrikan gaude gure antzokira ongietorria emateko!    &#x1f3ad;<\/p>\n","protected":false},"excerpt":{"rendered":"Teatro Arriaga Antzokia Arriaga Plaza, 1 48005 Bilbo Bizkaia Bidaia-gida berdea: Bilboko Arriaga antzokira iristeko garraio jasangarrien aukerak &#x1f33f; Ongi etorri Arriagara, Bilboko hirigune historikoaren bihotzean dagoen antzokira! Jasangarritasunarekin eta ingurune-inpaktua murriztearekin dugun konpromisoaren barruan, gure ikuskizunez gozatzera etortzeko garraio ekologikoen aukera batzuk aintzat hartzea proposatu nahi diegu bisitariei. Bilbon ez dago distantzia handirik; hortaz, [&hellip;]<div class=\"clearfix\"><\/div>","protected":false},"author":10,"featured_media":0,"parent":0,"menu_order":0,"comment_status":"closed","ping_status":"closed","template":"templates\/template-como-llegar.php","meta":{"_acf_changed":false,"footnotes":""},"class_list":["post-4750","page","type-page","status-publish","hentry"],"acf":[],"yoast_head":"<!-- This site is optimized with the Yoast SEO plugin v27.6 - https:\/\/yoast.com\/product\/yoast-seo-wordpress\/ -->\n<title>Nola iritsi daitekeen - Teatro Arriaga Antzokia<\/title>\n<meta name=\"robots\" content=\"index, follow, max-snippet:-1, max-image-preview:large, max-video-preview:-1\" \/>\n<link rel=\"canonical\" href=\"https:\/\/www.citaprevia-teatroarriaga.eus\/?page_id=4748\" \/>\n<meta property=\"og:locale\" content=\"en_US\" \/>\n<meta property=\"og:type\" content=\"article\" \/>\n<meta property=\"og:title\" content=\"Nola iritsi daitekeen - Teatro Arriaga Antzokia\" \/>\n<meta property=\"og:description\" content=\"Teatro Arriaga Antzokia Arriaga Plaza, 1 48005 Bilbo Bizkaia Bidaia-gida berdea: Bilboko Arriaga antzokira iristeko garraio jasangarrien aukerak &#x1f33f; Ongi etorri Arriagara, Bilboko hirigune historikoaren bihotzean dagoen antzokira! Jasangarritasunarekin eta ingurune-inpaktua murriztearekin dugun konpromisoaren barruan, gure ikuskizunez gozatzera etortzeko garraio ekologikoen aukera batzuk aintzat hartzea proposatu nahi diegu bisitariei. Bilbon ez dago distantzia handirik; hortaz, [&hellip;]\" \/>\n<meta property=\"og:url\" content=\"https:\/\/www.citaprevia-teatroarriaga.eus\/?page_id=4748\" \/>\n<meta property=\"og:site_name\" content=\"Teatro Arriaga Antzokia\" \/>\n<meta property=\"article:modified_time\" content=\"2024-06-25T10:40:58+00:00\" \/>\n<meta name=\"twitter:card\" content=\"summary_large_image\" \/>\n<meta name=\"twitter:label1\" content=\"Est. reading time\" \/>\n\t<meta name=\"twitter:data1\" content=\"1 minute\" \/>\n<script type=\"application\/ld+json\" class=\"yoast-schema-graph\">{\"@context\":\"https:\\\/\\\/schema.org\",\"@graph\":[{\"@type\":\"WebPage\",\"@id\":\"https:\\\/\\\/www.citaprevia-teatroarriaga.eus\\\/?page_id=4748\",\"url\":\"https:\\\/\\\/www.citaprevia-teatroarriaga.eus\\\/?page_id=4748\",\"name\":\"Nola iritsi daitekeen - Teatro Arriaga Antzokia\",\"isPartOf\":{\"@id\":\"https:\\\/\\\/www.citaprevia-teatroarriaga.eus\\\/#website\"},\"datePublished\":\"2016-06-06T10:06:14+00:00\",\"dateModified\":\"2024-06-25T10:40:58+00:00\",\"breadcrumb\":{\"@id\":\"https:\\\/\\\/www.citaprevia-teatroarriaga.eus\\\/?page_id=4748#breadcrumb\"},\"inLanguage\":\"eu-EU\",\"potentialAction\":[{\"@type\":\"ReadAction\",\"target\":[\"https:\\\/\\\/www.citaprevia-teatroarriaga.eus\\\/?page_id=4748\"]}]},{\"@type\":\"BreadcrumbList\",\"@id\":\"https:\\\/\\\/www.citaprevia-teatroarriaga.eus\\\/?page_id=4748#breadcrumb\",\"itemListElement\":[{\"@type\":\"ListItem\",\"position\":1,\"name\":\"Portada\",\"item\":\"https:\\\/\\\/www.citaprevia-teatroarriaga.eus\\\/\"},{\"@type\":\"ListItem\",\"position\":2,\"name\":\"Nola iritsi daitekeen\"}]},{\"@type\":\"WebSite\",\"@id\":\"https:\\\/\\\/www.citaprevia-teatroarriaga.eus\\\/#website\",\"url\":\"https:\\\/\\\/www.citaprevia-teatroarriaga.eus\\\/\",\"name\":\"Teatro Arriaga Antzokia\",\"description\":\"Sitio web oficial del Teatro. Programaci\u00f3n y venta de entradas para espect\u00e1culos. Teatro, danza, conciertos, \u00f3pera.  Edificio emblem\u00e1tico de Bilbao\",\"potentialAction\":[{\"@type\":\"SearchAction\",\"target\":{\"@type\":\"EntryPoint\",\"urlTemplate\":\"https:\\\/\\\/www.citaprevia-teatroarriaga.eus\\\/?s={search_term_string}\"},\"query-input\":{\"@type\":\"PropertyValueSpecification\",\"valueRequired\":true,\"valueName\":\"search_term_string\"}}],\"inLanguage\":\"eu-EU\"}]}<\/script>\n<!-- \/ Yoast SEO plugin. -->","yoast_head_json":{"title":"Nola iritsi daitekeen - Teatro Arriaga Antzokia","robots":{"index":"index","follow":"follow","max-snippet":"max-snippet:-1","max-image-preview":"max-image-preview:large","max-video-preview":"max-video-preview:-1"},"canonical":"https:\/\/www.citaprevia-teatroarriaga.eus\/?page_id=4748","og_locale":"en_US","og_type":"article","og_title":"Nola iritsi daitekeen - Teatro Arriaga Antzokia","og_description":"Teatro Arriaga Antzokia Arriaga Plaza, 1 48005 Bilbo Bizkaia Bidaia-gida berdea: Bilboko Arriaga antzokira iristeko garraio jasangarrien aukerak &#x1f33f; Ongi etorri Arriagara, Bilboko hirigune historikoaren bihotzean dagoen antzokira! Jasangarritasunarekin eta ingurune-inpaktua murriztearekin dugun konpromisoaren barruan, gure ikuskizunez gozatzera etortzeko garraio ekologikoen aukera batzuk aintzat hartzea proposatu nahi diegu bisitariei. Bilbon ez dago distantzia handirik; hortaz, [&hellip;]","og_url":"https:\/\/www.citaprevia-teatroarriaga.eus\/?page_id=4748","og_site_name":"Teatro Arriaga Antzokia","article_modified_time":"2024-06-25T10:40:58+00:00","twitter_card":"summary_large_image","twitter_misc":{"Est. reading time":"1 minute"},"schema":{"@context":"https:\/\/schema.org","@graph":[{"@type":"WebPage","@id":"https:\/\/www.citaprevia-teatroarriaga.eus\/?page_id=4748","url":"https:\/\/www.citaprevia-teatroarriaga.eus\/?page_id=4748","name":"Nola iritsi daitekeen - Teatro Arriaga Antzokia","isPartOf":{"@id":"https:\/\/www.citaprevia-teatroarriaga.eus\/#website"},"datePublished":"2016-06-06T10:06:14+00:00","dateModified":"2024-06-25T10:40:58+00:00","breadcrumb":{"@id":"https:\/\/www.citaprevia-teatroarriaga.eus\/?page_id=4748#breadcrumb"},"inLanguage":"eu-EU","potentialAction":[{"@type":"ReadAction","target":["https:\/\/www.citaprevia-teatroarriaga.eus\/?page_id=4748"]}]},{"@type":"BreadcrumbList","@id":"https:\/\/www.citaprevia-teatroarriaga.eus\/?page_id=4748#breadcrumb","itemListElement":[{"@type":"ListItem","position":1,"name":"Portada","item":"https:\/\/www.citaprevia-teatroarriaga.eus\/"},{"@type":"ListItem","position":2,"name":"Nola iritsi daitekeen"}]},{"@type":"WebSite","@id":"https:\/\/www.citaprevia-teatroarriaga.eus\/#website","url":"https:\/\/www.citaprevia-teatroarriaga.eus\/","name":"Teatro Arriaga Antzokia","description":"Sitio web oficial del Teatro. Programaci\u00f3n y venta de entradas para espect\u00e1culos. Teatro, danza, conciertos, \u00f3pera.  Edificio emblem\u00e1tico de Bilbao","potentialAction":[{"@type":"SearchAction","target":{"@type":"EntryPoint","urlTemplate":"https:\/\/www.citaprevia-teatroarriaga.eus\/?s={search_term_string}"},"query-input":{"@type":"PropertyValueSpecification","valueRequired":true,"valueName":"search_term_string"}}],"inLanguage":"eu-EU"}]}},"_links":{"self":[{"href":"https:\/\/www.citaprevia-teatroarriaga.eus\/eu\/wp-json\/wp\/v2\/pages\/4750","targetHints":{"allow":["GET"]}}],"collection":[{"href":"https:\/\/www.citaprevia-teatroarriaga.eus\/eu\/wp-json\/wp\/v2\/pages"}],"about":[{"href":"https:\/\/www.citaprevia-teatroarriaga.eus\/eu\/wp-json\/wp\/v2\/types\/page"}],"author":[{"embeddable":true,"href":"https:\/\/www.citaprevia-teatroarriaga.eus\/eu\/wp-json\/wp\/v2\/users\/10"}],"replies":[{"embeddable":true,"href":"https:\/\/www.citaprevia-teatroarriaga.eus\/eu\/wp-json\/wp\/v2\/comments?post=4750"}],"version-history":[{"count":1,"href":"https:\/\/www.citaprevia-teatroarriaga.eus\/eu\/wp-json\/wp\/v2\/pages\/4750\/revisions"}],"predecessor-version":[{"id":59619,"href":"https:\/\/www.citaprevia-teatroarriaga.eus\/eu\/wp-json\/wp\/v2\/pages\/4750\/revisions\/59619"}],"wp:attachment":[{"href":"https:\/\/www.citaprevia-teatroarriaga.eus\/eu\/wp-json\/wp\/v2\/media?parent=4750"}],"curies":[{"name":"wp","href":"https:\/\/api.w.org\/{rel}","templated":true}]}}