{"id":4738,"date":"2016-05-10T13:44:02","date_gmt":"2016-05-10T11:44:02","guid":{"rendered":"http:\/\/www.citaprevia-teatroarriaga.eus\/?page_id=4738&#038;lang=eu"},"modified":"2024-10-08T11:34:56","modified_gmt":"2024-10-08T09:34:56","slug":"colaboraciones","status":"publish","type":"page","link":"https:\/\/www.citaprevia-teatroarriaga.eus\/eu\/amigos-del-arriaga\/colaboraciones\/","title":{"rendered":"Kolaborazioak"},"content":{"rendered":"<h5>ABAO Txiki Arriagan<\/h5>\n<p>Arriaga Antzokiak eta ABAO-OLBEk urte asko daramatzate ABAO Txiki izeneko lankidetza programa arrakastatsua garatzen Arriagan. Argi izanik kulturaren arloko hezkuntza oso aberasgarria dela gizabanako zein kolektiboentzat, bereziki txikienentzat, haurrak operaren generora hurbiltzea da programaren asmoa.<\/p>\n<p>Arriagako ABAO Txiki zikloa 2006an hasi zen, eta denboraldi bakoitzean 20.000-22.000 haur biltzen dira bertara, Bizkaiko eskola, ikastola eta ikastetxeetatik etorriak, bai eta adin guztietako kideak dituzten familiak ere.<\/p>\n<p>&nbsp;<\/p>\n<p><span lang=\"EU\">Informazio gehiago<\/span> \u00a0\u00a0 <a href=\"http:\/\/www.abao.org\/eus\/hasiera.html\"><img loading=\"lazy\" decoding=\"async\" src=\"https:\/\/www.citaprevia-teatroarriaga.eus\/wp-content\/uploads\/2019\/05\/logoabao_2019.jpg\" alt=\"ABAO\" class=\"alignnone wp-image-33063 size-full\" height=\"79\" width=\"250\" \/><\/a><\/p>\n<p>&nbsp;<\/p>\n<h5>\u00d3pera XXI<\/h5>\n<p><span lang=\"EU\">\u00d3pera XXI espainiar estatuko antzerkien, jaialdien eta operako denboraldi egonkorren elkartea da. Honako helburu hauek ditu<\/span>:<\/p>\n<ul type=\"disc\">\n<li><span lang=\"EU\">Opera kultura-eredu irekia eta parte-hartzailea lortzea, XXI. mendeko beharretara eta ikusle eta entzuleetara egokitua<\/span>.<\/li>\n<li><span lang=\"EU\">Jarduera lirikoa eta opera-jarduera gehitzea eta sustatzea, teknologia berriez baliatuz zabaltzea eta publiko berriak sortzea<\/span>.<\/li>\n<li><span lang=\"EU\">Elkartekideen arteko sinergiak sustatzea erabilgarri dauden baliabideen kudeaketa eta probetxua hobetzeko<\/span>.<\/li>\n<li><span lang=\"EU\">Konpromiso-gune izatea, bai maila artistikoan bai teknikoan<\/span>.<\/li>\n<li><span lang=\"EU\">Elkartekideen artean koprodukzioa sustatzea<\/span>.<\/li>\n<\/ul>\n<p><span lang=\"EU\">2005eko otsailak 12an, Mahongo Antzoki Nagusian, antzokirik zaharrena eta opera-emanaldia eskaini zen estatuko lehenengo antzokia berau, egin zen elkarte hau sortzeko lehenengo bilera. Bere historiari 20 antzerki, jaialdi eta denboraldirekin eman zion hasiera. Gaur egun, 32 elkartekide ditu, horien artean, Arriaga Antzokia<\/span>.<br \/>\n<span lang=\"EU\">Informazio gehiago<\/span> \u00a0\u00a0 <a href=\"https:\/\/operaxxi.com\/\"><img loading=\"lazy\" decoding=\"async\" src=\"https:\/\/www.citaprevia-teatroarriaga.eus\/wp-content\/uploads\/2021\/05\/logo-operaxxi.png\" alt=\"Logo \u00d3pera XXI\" width=\"299\" height=\"98\" class=\"alignnone size-full wp-image-42417\" \/><\/a><\/p>\n<p>&nbsp;<\/p>\n<h5>ETC European Theatre Convention<\/h5>\n<p>Europan funts publikoekin finantzatutako antzoki-sarerik handiena da ETC, eta 59 kide ditu 31 herrialdetan. Askotariko jarduerak antolatzen ditu, antzokietan Europako sektore eszenikoaren alde lan egiten duten pertsonei laguntzeko eta haien garapena ahalbidetzeko. Arriaga Antzokia 2022an egin zen ETCko kide, elkarteak Lisboan egindako Batzar Nagusian, eta bertan aktiboki parte hartzeko asmoa du, bere helburu lehenetsietako bat betetzearren: ekoizpenak nazioartekotzea eta Europan elkarlanean jardutea.<\/p>\n<p>&nbsp;<\/p>\n<p>Informazio gehiago: <a href=\"https:\/\/www.europeantheatre.eu\/\"><img loading=\"lazy\" decoding=\"async\" src=\"https:\/\/www.citaprevia-teatroarriaga.eus\/wp-content\/uploads\/2022\/11\/logo-etc.png\" alt=\"Logo ETC\" width=\"299\" height=\"98\" class=\"alignnone size-full wp-image-50376\" \/><\/a><\/p>\n<p>&nbsp;<\/p>\n<h5>PERSPECTIV. Antzoki historikoen Europako ibilbidea<\/h5>\n<p><span lang=\"EU\">Europako antzoki historikoek Europako kultura-ondare komunaren zati garrantzitsua osatzen dute. Altxor horiek etorkizuneko belaunaldiei bermatzeko helburuarekin, Europako Antzoki Historikoen Elkarteak bere jarduerari 2003an ekin zion. Elkarte hori irabazi asmorik gabeko erakundea da eta honako helburu hauek ditu<\/span>:<\/p>\n<ul type=\"disc\">\n<li><span lang=\"EU\">Antzoki historikoen kontserbazioa eta zaharberritzea sustatzea eta horretan laguntzea<\/span>.<\/li>\n<li><span lang=\"EU\">Antzoki europar horien elkartrukea eta etengabeko lankidetza ziurtatzea<\/span>.<\/li>\n<li><span lang=\"EU\">Ikerketa hasi eta bultzatzea<\/span>.<\/li>\n<li><span lang=\"EU\">Publikoa Europako Kultura-ondare bikain horretara sartzea<\/span>.<\/li>\n<\/ul>\n<p><span lang=\"EU\">Elkarte horretako kideak 1500 eta 1900 urte bitartean eraikitako antzoki historikoak dira. Arriaga Antzokia elkartekide da 2015az geroztik.<\/span><\/p>\n<p>&nbsp;<\/p>\n<p>&nbsp;<\/p>\n<table border=\"0\" cellspacing=\"0\" cellpadding=\"0\">\n<tbody>\n<tr>\n<td width=\"132\" valign=\"top\">Informazio gehiago<\/td>\n<td width=\"464\" valign=\"top\"><a href=\"https:\/\/www.perspectiv-online.org\/pages\/en\/about-us.php?lang=EN\" target=\"_blank\" rel=\"noopener\"><img loading=\"lazy\" decoding=\"async\" src=\"http:\/\/www.citaprevia-teatroarriaga.eus\/wp-content\/uploads\/2016\/02\/teatroshistoricos-300x52.jpg\" alt=\"Ruta europea de teatros hist\u00f3ricos\" width=\"300\" height=\"52\" class=\"alignnone size-medium wp-image-5364\" srcset=\"https:\/\/www.citaprevia-teatroarriaga.eus\/wp-content\/uploads\/2016\/02\/teatroshistoricos-300x52.jpg 300w, https:\/\/www.citaprevia-teatroarriaga.eus\/wp-content\/uploads\/2016\/02\/teatroshistoricos.jpg 450w\" sizes=\"auto, (max-width: 300px) 100vw, 300px\" \/><\/a><\/td>\n<td width=\"118\" valign=\"top\"><\/td>\n<\/tr>\n<\/tbody>\n<\/table>\n","protected":false},"excerpt":{"rendered":"ABAO Txiki Arriagan Arriaga Antzokiak eta ABAO-OLBEk urte asko daramatzate ABAO Txiki izeneko lankidetza programa arrakastatsua garatzen Arriagan. Argi izanik kulturaren arloko hezkuntza oso aberasgarria dela gizabanako zein kolektiboentzat, bereziki txikienentzat, haurrak operaren generora hurbiltzea da programaren asmoa. Arriagako ABAO Txiki zikloa 2006an hasi zen, eta denboraldi bakoitzean 20.000-22.000 haur biltzen dira bertara, Bizkaiko eskola, [&hellip;]<div class=\"clearfix\"><\/div>","protected":false},"author":10,"featured_media":4729,"parent":2070,"menu_order":0,"comment_status":"closed","ping_status":"closed","template":"","meta":{"_acf_changed":false,"footnotes":""},"class_list":["post-4738","page","type-page","status-publish","has-post-thumbnail","hentry"],"acf":[],"yoast_head":"<!-- This site is optimized with the Yoast SEO plugin v27.6 - https:\/\/yoast.com\/product\/yoast-seo-wordpress\/ -->\n<title>Kolaborazioak - Teatro Arriaga Antzokia<\/title>\n<meta name=\"robots\" content=\"index, follow, max-snippet:-1, max-image-preview:large, max-video-preview:-1\" \/>\n<link rel=\"canonical\" href=\"https:\/\/www.citaprevia-teatroarriaga.eus\/amigos-del-arriaga\/colaboraciones\/?lang=eu\" \/>\n<meta property=\"og:locale\" content=\"en_US\" \/>\n<meta property=\"og:type\" content=\"article\" \/>\n<meta property=\"og:title\" content=\"Kolaborazioak - Teatro Arriaga Antzokia\" \/>\n<meta property=\"og:description\" content=\"ABAO Txiki Arriagan Arriaga Antzokiak eta ABAO-OLBEk urte asko daramatzate ABAO Txiki izeneko lankidetza programa arrakastatsua garatzen Arriagan. Argi izanik kulturaren arloko hezkuntza oso aberasgarria dela gizabanako zein kolektiboentzat, bereziki txikienentzat, haurrak operaren generora hurbiltzea da programaren asmoa. Arriagako ABAO Txiki zikloa 2006an hasi zen, eta denboraldi bakoitzean 20.000-22.000 haur biltzen dira bertara, Bizkaiko eskola, [&hellip;]\" \/>\n<meta property=\"og:url\" content=\"https:\/\/www.citaprevia-teatroarriaga.eus\/amigos-del-arriaga\/colaboraciones\/?lang=eu\" \/>\n<meta property=\"og:site_name\" content=\"Teatro Arriaga Antzokia\" \/>\n<meta property=\"article:modified_time\" content=\"2024-10-08T09:34:56+00:00\" \/>\n<meta property=\"og:image\" content=\"https:\/\/www.citaprevia-teatroarriaga.eus\/wp-content\/uploads\/2016\/05\/img_cabecera28.jpg\" \/>\n\t<meta property=\"og:image:width\" content=\"999\" \/>\n\t<meta property=\"og:image:height\" content=\"375\" \/>\n\t<meta property=\"og:image:type\" content=\"image\/jpeg\" \/>\n<meta name=\"twitter:card\" content=\"summary_large_image\" \/>\n<meta name=\"twitter:label1\" content=\"Est. reading time\" \/>\n\t<meta name=\"twitter:data1\" content=\"3 minutes\" \/>\n<script type=\"application\/ld+json\" class=\"yoast-schema-graph\">{\"@context\":\"https:\\\/\\\/schema.org\",\"@graph\":[{\"@type\":\"WebPage\",\"@id\":\"https:\\\/\\\/www.citaprevia-teatroarriaga.eus\\\/amigos-del-arriaga\\\/colaboraciones\\\/?lang=eu\",\"url\":\"https:\\\/\\\/www.citaprevia-teatroarriaga.eus\\\/amigos-del-arriaga\\\/colaboraciones\\\/?lang=eu\",\"name\":\"Kolaborazioak - Teatro Arriaga Antzokia\",\"isPartOf\":{\"@id\":\"https:\\\/\\\/www.citaprevia-teatroarriaga.eus\\\/#website\"},\"primaryImageOfPage\":{\"@id\":\"https:\\\/\\\/www.citaprevia-teatroarriaga.eus\\\/amigos-del-arriaga\\\/colaboraciones\\\/?lang=eu#primaryimage\"},\"image\":{\"@id\":\"https:\\\/\\\/www.citaprevia-teatroarriaga.eus\\\/amigos-del-arriaga\\\/colaboraciones\\\/?lang=eu#primaryimage\"},\"thumbnailUrl\":\"https:\\\/\\\/www.citaprevia-teatroarriaga.eus\\\/wp-content\\\/uploads\\\/2016\\\/05\\\/img_cabecera28.jpg\",\"datePublished\":\"2016-05-10T11:44:02+00:00\",\"dateModified\":\"2024-10-08T09:34:56+00:00\",\"breadcrumb\":{\"@id\":\"https:\\\/\\\/www.citaprevia-teatroarriaga.eus\\\/amigos-del-arriaga\\\/colaboraciones\\\/?lang=eu#breadcrumb\"},\"inLanguage\":\"eu-EU\",\"potentialAction\":[{\"@type\":\"ReadAction\",\"target\":[\"https:\\\/\\\/www.citaprevia-teatroarriaga.eus\\\/amigos-del-arriaga\\\/colaboraciones\\\/?lang=eu\"]}]},{\"@type\":\"ImageObject\",\"inLanguage\":\"eu-EU\",\"@id\":\"https:\\\/\\\/www.citaprevia-teatroarriaga.eus\\\/amigos-del-arriaga\\\/colaboraciones\\\/?lang=eu#primaryimage\",\"url\":\"https:\\\/\\\/www.citaprevia-teatroarriaga.eus\\\/wp-content\\\/uploads\\\/2016\\\/05\\\/img_cabecera28.jpg\",\"contentUrl\":\"https:\\\/\\\/www.citaprevia-teatroarriaga.eus\\\/wp-content\\\/uploads\\\/2016\\\/05\\\/img_cabecera28.jpg\",\"width\":999,\"height\":375},{\"@type\":\"BreadcrumbList\",\"@id\":\"https:\\\/\\\/www.citaprevia-teatroarriaga.eus\\\/amigos-del-arriaga\\\/colaboraciones\\\/?lang=eu#breadcrumb\",\"itemListElement\":[{\"@type\":\"ListItem\",\"position\":1,\"name\":\"Portada\",\"item\":\"https:\\\/\\\/www.citaprevia-teatroarriaga.eus\\\/\"},{\"@type\":\"ListItem\",\"position\":2,\"name\":\"Arriagaren lagunak\",\"item\":\"https:\\\/\\\/www.citaprevia-teatroarriaga.eus\\\/?page_id=9\"},{\"@type\":\"ListItem\",\"position\":3,\"name\":\"Kolaborazioak\"}]},{\"@type\":\"WebSite\",\"@id\":\"https:\\\/\\\/www.citaprevia-teatroarriaga.eus\\\/#website\",\"url\":\"https:\\\/\\\/www.citaprevia-teatroarriaga.eus\\\/\",\"name\":\"Teatro Arriaga Antzokia\",\"description\":\"Sitio web oficial del Teatro. Programaci\u00f3n y venta de entradas para espect\u00e1culos. Teatro, danza, conciertos, \u00f3pera.  Edificio emblem\u00e1tico de Bilbao\",\"potentialAction\":[{\"@type\":\"SearchAction\",\"target\":{\"@type\":\"EntryPoint\",\"urlTemplate\":\"https:\\\/\\\/www.citaprevia-teatroarriaga.eus\\\/?s={search_term_string}\"},\"query-input\":{\"@type\":\"PropertyValueSpecification\",\"valueRequired\":true,\"valueName\":\"search_term_string\"}}],\"inLanguage\":\"eu-EU\"}]}<\/script>\n<!-- \/ Yoast SEO plugin. -->","yoast_head_json":{"title":"Kolaborazioak - Teatro Arriaga Antzokia","robots":{"index":"index","follow":"follow","max-snippet":"max-snippet:-1","max-image-preview":"max-image-preview:large","max-video-preview":"max-video-preview:-1"},"canonical":"https:\/\/www.citaprevia-teatroarriaga.eus\/amigos-del-arriaga\/colaboraciones\/?lang=eu","og_locale":"en_US","og_type":"article","og_title":"Kolaborazioak - Teatro Arriaga Antzokia","og_description":"ABAO Txiki Arriagan Arriaga Antzokiak eta ABAO-OLBEk urte asko daramatzate ABAO Txiki izeneko lankidetza programa arrakastatsua garatzen Arriagan. Argi izanik kulturaren arloko hezkuntza oso aberasgarria dela gizabanako zein kolektiboentzat, bereziki txikienentzat, haurrak operaren generora hurbiltzea da programaren asmoa. Arriagako ABAO Txiki zikloa 2006an hasi zen, eta denboraldi bakoitzean 20.000-22.000 haur biltzen dira bertara, Bizkaiko eskola, [&hellip;]","og_url":"https:\/\/www.citaprevia-teatroarriaga.eus\/amigos-del-arriaga\/colaboraciones\/?lang=eu","og_site_name":"Teatro Arriaga Antzokia","article_modified_time":"2024-10-08T09:34:56+00:00","og_image":[{"width":999,"height":375,"url":"https:\/\/www.citaprevia-teatroarriaga.eus\/wp-content\/uploads\/2016\/05\/img_cabecera28.jpg","type":"image\/jpeg"}],"twitter_card":"summary_large_image","twitter_misc":{"Est. reading time":"3 minutes"},"schema":{"@context":"https:\/\/schema.org","@graph":[{"@type":"WebPage","@id":"https:\/\/www.citaprevia-teatroarriaga.eus\/amigos-del-arriaga\/colaboraciones\/?lang=eu","url":"https:\/\/www.citaprevia-teatroarriaga.eus\/amigos-del-arriaga\/colaboraciones\/?lang=eu","name":"Kolaborazioak - Teatro Arriaga Antzokia","isPartOf":{"@id":"https:\/\/www.citaprevia-teatroarriaga.eus\/#website"},"primaryImageOfPage":{"@id":"https:\/\/www.citaprevia-teatroarriaga.eus\/amigos-del-arriaga\/colaboraciones\/?lang=eu#primaryimage"},"image":{"@id":"https:\/\/www.citaprevia-teatroarriaga.eus\/amigos-del-arriaga\/colaboraciones\/?lang=eu#primaryimage"},"thumbnailUrl":"https:\/\/www.citaprevia-teatroarriaga.eus\/wp-content\/uploads\/2016\/05\/img_cabecera28.jpg","datePublished":"2016-05-10T11:44:02+00:00","dateModified":"2024-10-08T09:34:56+00:00","breadcrumb":{"@id":"https:\/\/www.citaprevia-teatroarriaga.eus\/amigos-del-arriaga\/colaboraciones\/?lang=eu#breadcrumb"},"inLanguage":"eu-EU","potentialAction":[{"@type":"ReadAction","target":["https:\/\/www.citaprevia-teatroarriaga.eus\/amigos-del-arriaga\/colaboraciones\/?lang=eu"]}]},{"@type":"ImageObject","inLanguage":"eu-EU","@id":"https:\/\/www.citaprevia-teatroarriaga.eus\/amigos-del-arriaga\/colaboraciones\/?lang=eu#primaryimage","url":"https:\/\/www.citaprevia-teatroarriaga.eus\/wp-content\/uploads\/2016\/05\/img_cabecera28.jpg","contentUrl":"https:\/\/www.citaprevia-teatroarriaga.eus\/wp-content\/uploads\/2016\/05\/img_cabecera28.jpg","width":999,"height":375},{"@type":"BreadcrumbList","@id":"https:\/\/www.citaprevia-teatroarriaga.eus\/amigos-del-arriaga\/colaboraciones\/?lang=eu#breadcrumb","itemListElement":[{"@type":"ListItem","position":1,"name":"Portada","item":"https:\/\/www.citaprevia-teatroarriaga.eus\/"},{"@type":"ListItem","position":2,"name":"Arriagaren lagunak","item":"https:\/\/www.citaprevia-teatroarriaga.eus\/?page_id=9"},{"@type":"ListItem","position":3,"name":"Kolaborazioak"}]},{"@type":"WebSite","@id":"https:\/\/www.citaprevia-teatroarriaga.eus\/#website","url":"https:\/\/www.citaprevia-teatroarriaga.eus\/","name":"Teatro Arriaga Antzokia","description":"Sitio web oficial del Teatro. Programaci\u00f3n y venta de entradas para espect\u00e1culos. Teatro, danza, conciertos, \u00f3pera.  Edificio emblem\u00e1tico de Bilbao","potentialAction":[{"@type":"SearchAction","target":{"@type":"EntryPoint","urlTemplate":"https:\/\/www.citaprevia-teatroarriaga.eus\/?s={search_term_string}"},"query-input":{"@type":"PropertyValueSpecification","valueRequired":true,"valueName":"search_term_string"}}],"inLanguage":"eu-EU"}]}},"_links":{"self":[{"href":"https:\/\/www.citaprevia-teatroarriaga.eus\/eu\/wp-json\/wp\/v2\/pages\/4738","targetHints":{"allow":["GET"]}}],"collection":[{"href":"https:\/\/www.citaprevia-teatroarriaga.eus\/eu\/wp-json\/wp\/v2\/pages"}],"about":[{"href":"https:\/\/www.citaprevia-teatroarriaga.eus\/eu\/wp-json\/wp\/v2\/types\/page"}],"author":[{"embeddable":true,"href":"https:\/\/www.citaprevia-teatroarriaga.eus\/eu\/wp-json\/wp\/v2\/users\/10"}],"replies":[{"embeddable":true,"href":"https:\/\/www.citaprevia-teatroarriaga.eus\/eu\/wp-json\/wp\/v2\/comments?post=4738"}],"version-history":[{"count":0,"href":"https:\/\/www.citaprevia-teatroarriaga.eus\/eu\/wp-json\/wp\/v2\/pages\/4738\/revisions"}],"up":[{"embeddable":true,"href":"https:\/\/www.citaprevia-teatroarriaga.eus\/eu\/wp-json\/wp\/v2\/pages\/2070"}],"wp:featuredmedia":[{"embeddable":true,"href":"https:\/\/www.citaprevia-teatroarriaga.eus\/eu\/wp-json\/wp\/v2\/media\/4729"}],"wp:attachment":[{"href":"https:\/\/www.citaprevia-teatroarriaga.eus\/eu\/wp-json\/wp\/v2\/media?parent=4738"}],"curies":[{"name":"wp","href":"https:\/\/api.w.org\/{rel}","templated":true}]}}