{"id":42044,"date":"2021-04-20T16:23:08","date_gmt":"2021-04-20T14:23:08","guid":{"rendered":"https:\/\/www.citaprevia-teatroarriaga.eus\/bas-bilbao-ars-sacrum\/"},"modified":"2021-04-20T17:12:25","modified_gmt":"2021-04-20T15:12:25","slug":"bas-bilbao-ars-sacrum","status":"publish","type":"page","link":"https:\/\/www.citaprevia-teatroarriaga.eus\/eu\/bas-bilbao-ars-sacrum\/","title":{"rendered":"BAS &#8211; BILBAO ARS SACRUM"},"content":{"rendered":"\n<div class=\"row\">\n<div class=\"col-sd-12\">\n<p>2021eko edizioan eta ZEREMONIA izenburupean, Bilbao Ars Sacrum-BASek gonbit egiten digu ekitaldi musikala ospakizun sakratu gisa berreskuratzera, hots, erritual bat bezala, motibazioa, aurredisposizioa eta dedikazioa eskatzen dituena.<\/p>\n<p>Aukera ona balioa emateko kulturen arteko hurbilketari, trukeak indartzeko, elkarrizketarako eta mundu ikuskera desberdinak ezagutuz puntu komunak aurkitzeko.<\/p>\n<h2 style=\"padding-bottom: 20px; PADDING-TOP: 20PX\">IKUSKIZUNAK<\/h2>\n<\/p><\/div>\n<\/div>\n<div class=\"row listado-obras listado-obras-bas\">\n<article class=\"post-obra\">\n<div class=\"post-obra__inner\">\n<div class=\"post-obra__card\">\n<header class=\"post-obra__title\">\n<h2 class=\"post-obra__title-text\"><a href=\"https:\/\/ticket.kutxabank.es\/teatroarriaga\/public\/janto\/main.php?Nivel=Evento&#038;idEvento=210427&#038;Idioma=EU\" target=\"_blank\" rel=\"noopener\">IN FESTO SANCTAE MARIAE MAGDALENAE<\/a><\/h2>\n<p>QUINTA ESSEN\u00c7IA<\/p>\n<\/header>\n<p>            <main class=\"post-obra__main\">    <\/p>\n<div class=\"post-obra__date\">apirilak 27 \u2013 19:00<\/div>\n<p> <a class=\"ow-buy-tickets\" title=\"Sarrerak erosi\" href=\"https:\/\/ticket.kutxabank.es\/teatroarriaga\/public\/janto\/main.php?Nivel=Evento&#038;idEvento=210427&#038;Idioma=EU\" target=\"_blank\" rel=\"noopener\">Sarrerak erosi<\/a><br \/>\n            <\/main>\n        <\/div>\n<\/p><\/div>\n<\/article>\n<article class=\"post-obra\">\n<div class=\"post-obra__inner\">\n<div class=\"post-obra__card\">\n<header class=\"post-obra__title\">\n<h2 class=\"post-obra__title-text\"><a href=\"https:\/\/ticket.kutxabank.es\/teatroarriaga\/public\/janto\/main.php?Nivel=Evento&#038;idEvento=210428&#038;Idioma=EU\" target=\"_blank\" rel=\"noopener\">QU\u00c9 M\u00daSICA DIVINA<\/a><\/h2>\n<p>CORAL DE C\u00c1MARA DE PAMPLONA<\/p>\n<\/header>\n<p>            <main class=\"post-obra__main\">    <\/p>\n<div class=\"post-obra__date\">apirilak 28 \u2013 19:00<\/div>\n<p> <a class=\"ow-buy-tickets\" title=\"Sarrerak erosi\" href=\"https:\/\/ticket.kutxabank.es\/teatroarriaga\/public\/janto\/main.php?Nivel=Evento&#038;idEvento=210428&#038;Idioma=EU\" target=\"_blank\" rel=\"noopener\">Sarrerak erosi<\/a><br \/>\n            <\/main>\n        <\/div>\n<\/p><\/div>\n<\/article>\n<article class=\"post-obra\">\n<div class=\"post-obra__inner\">\n<div class=\"post-obra__card\">\n<header class=\"post-obra__title\">\n<h2 class=\"post-obra__title-text\"><a href=\"https:\/\/ticket.kutxabank.es\/teatroarriaga\/public\/janto\/main.php?Nivel=Evento&#038;idEvento=210429A&#038;Idioma=EU\" target=\"_blank\" rel=\"noopener\">ARS MELANCHOLIAE<\/a><\/h2>\n<p>ACCADEMIA DEL PIACERE<\/p>\n<\/header>\n<p>            <main class=\"post-obra__main\">    <\/p>\n<div class=\"post-obra__date\">apirilak 29 \u2013 19:00<\/div>\n<p> <a class=\"ow-buy-tickets\" title=\"Sarrerak erosi\" href=\"https:\/\/ticket.kutxabank.es\/teatroarriaga\/public\/janto\/main.php?Nivel=Evento&#038;idEvento=210429A&#038;Idioma=EU\" target=\"_blank\" rel=\"noopener\">Sarrerak erosi<\/a><br \/>\n            <\/main>\n        <\/div>\n<\/p><\/div>\n<\/article><\/div>\n<div class=\"row listado-obras listado-obras-bas\">\n<article class=\"post-obra\">\n<div class=\"post-obra__inner\">\n<div class=\"post-obra__card\">\n<header class=\"post-obra__title\">\n<h2 class=\"post-obra__title-text\"><a href=\"https:\/\/ticket.kutxabank.es\/teatroarriaga\/public\/janto\/main.php?Nivel=Evento&#038;idEvento=210430&#038;Idioma=EU\" target=\"_blank\" rel=\"noopener\">LECCIONES DE TINIEBLAS <\/a><\/h2>\n<p>LE PO\u00c8ME HARMONIQUE<\/p>\n<\/header>\n<p>            <main class=\"post-obra__main\">    <\/p>\n<div class=\"post-obra__date\">apirilak 30 \u2013 19:00<\/div>\n<p> <a class=\"ow-buy-tickets\" title=\"Sarrerak erosi\" href=\"https:\/\/ticket.kutxabank.es\/teatroarriaga\/public\/janto\/main.php?Nivel=Evento&#038;idEvento=210430&#038;Idioma=EU\" target=\"_blank\" rel=\"noopener\">Sarrerak erosi<\/a><br \/>\n            <\/main>\n        <\/div>\n<\/p><\/div>\n<\/article>\n<article class=\"post-obra\">\n<div class=\"post-obra__inner\">\n<div class=\"post-obra__card\">\n<header class=\"post-obra__title\">\n<h2 class=\"post-obra__title-text\"><a href=\"https:\/\/ticket.kutxabank.es\/teatroarriaga\/public\/janto\/main.php?Nivel=Evento&#038;idEvento=210501&#038;Idioma=EU\" target=\"_blank\" rel=\"noopener\">COMME L\u2019AURORE SE L\u00c8VE<\/a><\/h2>\n<p>DE CAELIS<\/p>\n<\/header>\n<p>            <main class=\"post-obra__main\">    <\/p>\n<div class=\"post-obra__date\">maiatzak 1 \u2013 19:00<\/div>\n<p> <a class=\"ow-buy-tickets\" title=\"Sarrerak erosi\" href=\"https:\/\/ticket.kutxabank.es\/teatroarriaga\/public\/janto\/main.php?Nivel=Evento&#038;idEvento=210501&#038;Idioma=EU\" target=\"_blank\" rel=\"noopener\">Sarrerak erosi<\/a><br \/>\n            <\/main>\n        <\/div>\n<\/p><\/div>\n<\/article><\/div>\n","protected":false},"excerpt":{"rendered":"2021eko edizioan eta ZEREMONIA izenburupean, Bilbao Ars Sacrum-BASek gonbit egiten digu ekitaldi musikala ospakizun sakratu gisa berreskuratzera, hots, erritual bat bezala, motibazioa, aurredisposizioa eta dedikazioa eskatzen dituena. Aukera ona balioa emateko kulturen arteko hurbilketari, trukeak indartzeko, elkarrizketarako eta mundu ikuskera desberdinak ezagutuz puntu komunak aurkitzeko. IKUSKIZUNAK IN FESTO SANCTAE MARIAE MAGDALENAE QUINTA ESSEN\u00c7IA apirilak 27 [&hellip;]<div class=\"clearfix\"><\/div>","protected":false},"author":10,"featured_media":42040,"parent":0,"menu_order":0,"comment_status":"closed","ping_status":"closed","template":"","meta":{"_acf_changed":false,"footnotes":""},"class_list":["post-42044","page","type-page","status-publish","has-post-thumbnail","hentry"],"acf":[],"yoast_head":"<!-- This site is optimized with the Yoast SEO plugin v27.6 - https:\/\/yoast.com\/product\/yoast-seo-wordpress\/ -->\n<title>BAS - BILBAO ARS SACRUM - Teatro Arriaga Antzokia<\/title>\n<meta name=\"robots\" content=\"index, follow, max-snippet:-1, max-image-preview:large, max-video-preview:-1\" \/>\n<link rel=\"canonical\" href=\"https:\/\/www.citaprevia-teatroarriaga.eus\/?page_id=42032\" \/>\n<meta property=\"og:locale\" content=\"en_US\" \/>\n<meta property=\"og:type\" content=\"article\" \/>\n<meta property=\"og:title\" content=\"BAS - BILBAO ARS SACRUM - Teatro Arriaga Antzokia\" \/>\n<meta property=\"og:description\" content=\"2021eko edizioan eta ZEREMONIA izenburupean, Bilbao Ars Sacrum-BASek gonbit egiten digu ekitaldi musikala ospakizun sakratu gisa berreskuratzera, hots, erritual bat bezala, motibazioa, aurredisposizioa eta dedikazioa eskatzen dituena. Aukera ona balioa emateko kulturen arteko hurbilketari, trukeak indartzeko, elkarrizketarako eta mundu ikuskera desberdinak ezagutuz puntu komunak aurkitzeko. IKUSKIZUNAK IN FESTO SANCTAE MARIAE MAGDALENAE QUINTA ESSEN\u00c7IA apirilak 27 [&hellip;]\" \/>\n<meta property=\"og:url\" content=\"https:\/\/www.citaprevia-teatroarriaga.eus\/?page_id=42032\" \/>\n<meta property=\"og:site_name\" content=\"Teatro Arriaga Antzokia\" \/>\n<meta property=\"article:modified_time\" content=\"2021-04-20T15:12:25+00:00\" \/>\n<meta property=\"og:image\" content=\"https:\/\/www.citaprevia-teatroarriaga.eus\/wp-content\/uploads\/2021\/04\/cabecera-bas-2.jpg\" \/>\n\t<meta property=\"og:image:width\" content=\"1800\" \/>\n\t<meta property=\"og:image:height\" content=\"800\" \/>\n\t<meta property=\"og:image:type\" content=\"image\/jpeg\" \/>\n<meta name=\"twitter:card\" content=\"summary_large_image\" \/>\n<script type=\"application\/ld+json\" class=\"yoast-schema-graph\">{\"@context\":\"https:\\\/\\\/schema.org\",\"@graph\":[{\"@type\":\"WebPage\",\"@id\":\"https:\\\/\\\/www.citaprevia-teatroarriaga.eus\\\/?page_id=42032\",\"url\":\"https:\\\/\\\/www.citaprevia-teatroarriaga.eus\\\/?page_id=42032\",\"name\":\"BAS - BILBAO ARS SACRUM - Teatro Arriaga Antzokia\",\"isPartOf\":{\"@id\":\"https:\\\/\\\/www.citaprevia-teatroarriaga.eus\\\/#website\"},\"primaryImageOfPage\":{\"@id\":\"https:\\\/\\\/www.citaprevia-teatroarriaga.eus\\\/?page_id=42032#primaryimage\"},\"image\":{\"@id\":\"https:\\\/\\\/www.citaprevia-teatroarriaga.eus\\\/?page_id=42032#primaryimage\"},\"thumbnailUrl\":\"https:\\\/\\\/www.citaprevia-teatroarriaga.eus\\\/wp-content\\\/uploads\\\/2021\\\/04\\\/cabecera-bas-2.jpg\",\"datePublished\":\"2021-04-20T14:23:08+00:00\",\"dateModified\":\"2021-04-20T15:12:25+00:00\",\"breadcrumb\":{\"@id\":\"https:\\\/\\\/www.citaprevia-teatroarriaga.eus\\\/?page_id=42032#breadcrumb\"},\"inLanguage\":\"eu-EU\",\"potentialAction\":[{\"@type\":\"ReadAction\",\"target\":[\"https:\\\/\\\/www.citaprevia-teatroarriaga.eus\\\/?page_id=42032\"]}]},{\"@type\":\"ImageObject\",\"inLanguage\":\"eu-EU\",\"@id\":\"https:\\\/\\\/www.citaprevia-teatroarriaga.eus\\\/?page_id=42032#primaryimage\",\"url\":\"https:\\\/\\\/www.citaprevia-teatroarriaga.eus\\\/wp-content\\\/uploads\\\/2021\\\/04\\\/cabecera-bas-2.jpg\",\"contentUrl\":\"https:\\\/\\\/www.citaprevia-teatroarriaga.eus\\\/wp-content\\\/uploads\\\/2021\\\/04\\\/cabecera-bas-2.jpg\",\"width\":1800,\"height\":800},{\"@type\":\"BreadcrumbList\",\"@id\":\"https:\\\/\\\/www.citaprevia-teatroarriaga.eus\\\/?page_id=42032#breadcrumb\",\"itemListElement\":[{\"@type\":\"ListItem\",\"position\":1,\"name\":\"Portada\",\"item\":\"https:\\\/\\\/www.citaprevia-teatroarriaga.eus\\\/\"},{\"@type\":\"ListItem\",\"position\":2,\"name\":\"BAS &#8211; BILBAO ARS SACRUM\"}]},{\"@type\":\"WebSite\",\"@id\":\"https:\\\/\\\/www.citaprevia-teatroarriaga.eus\\\/#website\",\"url\":\"https:\\\/\\\/www.citaprevia-teatroarriaga.eus\\\/\",\"name\":\"Teatro Arriaga Antzokia\",\"description\":\"Sitio web oficial del Teatro. Programaci\u00f3n y venta de entradas para espect\u00e1culos. Teatro, danza, conciertos, \u00f3pera.  Edificio emblem\u00e1tico de Bilbao\",\"potentialAction\":[{\"@type\":\"SearchAction\",\"target\":{\"@type\":\"EntryPoint\",\"urlTemplate\":\"https:\\\/\\\/www.citaprevia-teatroarriaga.eus\\\/?s={search_term_string}\"},\"query-input\":{\"@type\":\"PropertyValueSpecification\",\"valueRequired\":true,\"valueName\":\"search_term_string\"}}],\"inLanguage\":\"eu-EU\"}]}<\/script>\n<!-- \/ Yoast SEO plugin. -->","yoast_head_json":{"title":"BAS - BILBAO ARS SACRUM - Teatro Arriaga Antzokia","robots":{"index":"index","follow":"follow","max-snippet":"max-snippet:-1","max-image-preview":"max-image-preview:large","max-video-preview":"max-video-preview:-1"},"canonical":"https:\/\/www.citaprevia-teatroarriaga.eus\/?page_id=42032","og_locale":"en_US","og_type":"article","og_title":"BAS - BILBAO ARS SACRUM - Teatro Arriaga Antzokia","og_description":"2021eko edizioan eta ZEREMONIA izenburupean, Bilbao Ars Sacrum-BASek gonbit egiten digu ekitaldi musikala ospakizun sakratu gisa berreskuratzera, hots, erritual bat bezala, motibazioa, aurredisposizioa eta dedikazioa eskatzen dituena. Aukera ona balioa emateko kulturen arteko hurbilketari, trukeak indartzeko, elkarrizketarako eta mundu ikuskera desberdinak ezagutuz puntu komunak aurkitzeko. IKUSKIZUNAK IN FESTO SANCTAE MARIAE MAGDALENAE QUINTA ESSEN\u00c7IA apirilak 27 [&hellip;]","og_url":"https:\/\/www.citaprevia-teatroarriaga.eus\/?page_id=42032","og_site_name":"Teatro Arriaga Antzokia","article_modified_time":"2021-04-20T15:12:25+00:00","og_image":[{"width":1800,"height":800,"url":"https:\/\/www.citaprevia-teatroarriaga.eus\/wp-content\/uploads\/2021\/04\/cabecera-bas-2.jpg","type":"image\/jpeg"}],"twitter_card":"summary_large_image","schema":{"@context":"https:\/\/schema.org","@graph":[{"@type":"WebPage","@id":"https:\/\/www.citaprevia-teatroarriaga.eus\/?page_id=42032","url":"https:\/\/www.citaprevia-teatroarriaga.eus\/?page_id=42032","name":"BAS - BILBAO ARS SACRUM - Teatro Arriaga Antzokia","isPartOf":{"@id":"https:\/\/www.citaprevia-teatroarriaga.eus\/#website"},"primaryImageOfPage":{"@id":"https:\/\/www.citaprevia-teatroarriaga.eus\/?page_id=42032#primaryimage"},"image":{"@id":"https:\/\/www.citaprevia-teatroarriaga.eus\/?page_id=42032#primaryimage"},"thumbnailUrl":"https:\/\/www.citaprevia-teatroarriaga.eus\/wp-content\/uploads\/2021\/04\/cabecera-bas-2.jpg","datePublished":"2021-04-20T14:23:08+00:00","dateModified":"2021-04-20T15:12:25+00:00","breadcrumb":{"@id":"https:\/\/www.citaprevia-teatroarriaga.eus\/?page_id=42032#breadcrumb"},"inLanguage":"eu-EU","potentialAction":[{"@type":"ReadAction","target":["https:\/\/www.citaprevia-teatroarriaga.eus\/?page_id=42032"]}]},{"@type":"ImageObject","inLanguage":"eu-EU","@id":"https:\/\/www.citaprevia-teatroarriaga.eus\/?page_id=42032#primaryimage","url":"https:\/\/www.citaprevia-teatroarriaga.eus\/wp-content\/uploads\/2021\/04\/cabecera-bas-2.jpg","contentUrl":"https:\/\/www.citaprevia-teatroarriaga.eus\/wp-content\/uploads\/2021\/04\/cabecera-bas-2.jpg","width":1800,"height":800},{"@type":"BreadcrumbList","@id":"https:\/\/www.citaprevia-teatroarriaga.eus\/?page_id=42032#breadcrumb","itemListElement":[{"@type":"ListItem","position":1,"name":"Portada","item":"https:\/\/www.citaprevia-teatroarriaga.eus\/"},{"@type":"ListItem","position":2,"name":"BAS &#8211; BILBAO ARS SACRUM"}]},{"@type":"WebSite","@id":"https:\/\/www.citaprevia-teatroarriaga.eus\/#website","url":"https:\/\/www.citaprevia-teatroarriaga.eus\/","name":"Teatro Arriaga Antzokia","description":"Sitio web oficial del Teatro. Programaci\u00f3n y venta de entradas para espect\u00e1culos. Teatro, danza, conciertos, \u00f3pera.  Edificio emblem\u00e1tico de Bilbao","potentialAction":[{"@type":"SearchAction","target":{"@type":"EntryPoint","urlTemplate":"https:\/\/www.citaprevia-teatroarriaga.eus\/?s={search_term_string}"},"query-input":{"@type":"PropertyValueSpecification","valueRequired":true,"valueName":"search_term_string"}}],"inLanguage":"eu-EU"}]}},"_links":{"self":[{"href":"https:\/\/www.citaprevia-teatroarriaga.eus\/eu\/wp-json\/wp\/v2\/pages\/42044","targetHints":{"allow":["GET"]}}],"collection":[{"href":"https:\/\/www.citaprevia-teatroarriaga.eus\/eu\/wp-json\/wp\/v2\/pages"}],"about":[{"href":"https:\/\/www.citaprevia-teatroarriaga.eus\/eu\/wp-json\/wp\/v2\/types\/page"}],"author":[{"embeddable":true,"href":"https:\/\/www.citaprevia-teatroarriaga.eus\/eu\/wp-json\/wp\/v2\/users\/10"}],"replies":[{"embeddable":true,"href":"https:\/\/www.citaprevia-teatroarriaga.eus\/eu\/wp-json\/wp\/v2\/comments?post=42044"}],"version-history":[{"count":1,"href":"https:\/\/www.citaprevia-teatroarriaga.eus\/eu\/wp-json\/wp\/v2\/pages\/42044\/revisions"}],"predecessor-version":[{"id":42045,"href":"https:\/\/www.citaprevia-teatroarriaga.eus\/eu\/wp-json\/wp\/v2\/pages\/42044\/revisions\/42045"}],"wp:featuredmedia":[{"embeddable":true,"href":"https:\/\/www.citaprevia-teatroarriaga.eus\/eu\/wp-json\/wp\/v2\/media\/42040"}],"wp:attachment":[{"href":"https:\/\/www.citaprevia-teatroarriaga.eus\/eu\/wp-json\/wp\/v2\/media?parent=42044"}],"curies":[{"name":"wp","href":"https:\/\/api.w.org\/{rel}","templated":true}]}}