{"id":40071,"date":"2020-12-11T10:57:38","date_gmt":"2020-12-11T09:57:38","guid":{"rendered":"https:\/\/www.citaprevia-teatroarriaga.eus\/?page_id=40071"},"modified":"2025-11-28T12:19:23","modified_gmt":"2025-11-28T11:19:23","slug":"regala-arriaga-2026","status":"publish","type":"page","link":"https:\/\/www.citaprevia-teatroarriaga.eus\/eu\/regala-arriaga-2026\/","title":{"rendered":"Arriaga Oparitu"},"content":{"rendered":"<p><strong>Arriaga oparitu!<\/strong>\u00a0Oparitu antzerkia, opera, dantza, kontzertuak, musikalak\u2026\u00a0<strong>40 ala 100<\/strong>\u00a0<strong>euroko balioa duen Arriaga Antzokiko<\/strong>\u00a0<strong>OPARI TXARTELArekin.\u00a0<\/strong>Oso detaile berezia da, hartzaileari aukera<strong>\u00a0<\/strong>emango diona ikuskizun sorta zabala<strong>\u00a0<\/strong>ikusteko eta Arriagako Lagun<strong>\u00a0<\/strong>izatearen abantaila guztiez gozatzeko:<strong>\u00a0<\/strong>sarrerak %25erainoko deskontuarekin<strong>\u00a0<\/strong>erosteko adibidez.<\/p>\n<p>Arriaga Antzokiak Opari Txartela jarri du berriro ere salgai:<\/p>\n<ul>\n<li>Opari Txartela txarteldegian eta on-line egindako erosketetan erabili ahal izango da.<\/li>\n<li>Opari Txartelaren balioa 40 edo 100 eurokoa izango da, eta %25era arteko beherapenak eskainiko ditu Antzokiko sarreretan.<\/li>\n<li>Saldoa agortu ondoren, dohainik lor daiteke Arriagako norbanako adiskide karneta,<\/li>\n<\/ul>\n<p>Arriaga Antzokiak, arte eszenikoen aldeko pasioa sustatzeko eta ikus-entzuleei antzokira etortzea errazteko xedez, berriz ere bere Opari Txartela jarri du salgai. Txartel horri esker, jasotzen duenak, 2026ko ekainera arteko denboraldi honetako antzerki, musika, opera, dantza\u2026 ikuskizunez gozatu ahal izango du. Beste modu batean esanda, Arriagako Opari Txartela oparitzen duenak emozio bikain eta paregabeak oparitzen ditu.\u00a0<\/p>\n<p>Arriaga Antzokiko Opari Txartela eskuratzea, oso prezio egokian eta beste zenbait abantailez kultura oparitzeko aukera bikaina da. Hori dela eta, Gabon hauetan senideei edo\/eta adiskideei egiteko opari ezin hobea izan daiteke.<\/p>\n<p>Opari Txartelaren bi modalitate daude. Batak 40 euroko saldoa du, eta besteak 100 eurokoa. Aukera bietako edozeinek ematen du denboraldi honetarako Arriaga Antzokiko sarrerak erosteko aukera (saldoa agortu arte). <\/p>\n<p>Horrez gain, Opari Txartela duenak beste abantaila bat ere badu. Haren saldoa agortu ondoren, Arriagako Adiskide karneta dohainik lor dezake. Karnet horren titularrak sarrerak beherapenarekin erosten jarraitzeko eskubidea eta bestelako zenbait abantaila izango ditu denboraldi honetan, 2026ko ekainera arte. Opari Txartelaren saldoa amaitu ondoren aipatutako karneta dohainik lortzeko, nahikoa izango da antzokiko Informazio Bulegora hurbiltzea eta Opari Txartela aurkeztea.<\/p>\n<h4>Baliagarria sarrerak txarteldegian eta Internetez erosteko<\/h4>\n<p>Opari Txartelak sarreren prezioan abantailak dituzten eskaintzak ematen ditu, balio osoa amaitu arte (40 edo 100 euro, modalitatearen arabera). Arriaga Antzokiko txarteldegietan erabili daiteke, eta baita on-line egiten den edozein erosketatan ere (<a href=\"http:\/\/www.citaprevia-teatroarriaga.eus\/\">www.citaprevia-teatroarriaga.eus<\/a>). Sarrerak Internetez erosteko, Opari Txartelaren jabeak txartel bakoitzean dagoen kodea sartu beharko du.\u00a0<\/p>\n<h4>Salmenta puntuak<\/h4>\n<p>Opari Txartela dagoeneko erosi daiteke Informazio Bulegoan edo Arriaga Antzokiko txarteldegietan.<\/p>\n","protected":false},"excerpt":{"rendered":"Arriaga oparitu!\u00a0Oparitu antzerkia, opera, dantza, kontzertuak, musikalak\u2026\u00a040 ala 100\u00a0euroko balioa duen Arriaga Antzokiko\u00a0OPARI TXARTELArekin.\u00a0Oso detaile berezia da, hartzaileari aukera\u00a0emango diona ikuskizun sorta zabala\u00a0ikusteko eta Arriagako Lagun\u00a0izatearen abantaila guztiez gozatzeko:\u00a0sarrerak %25erainoko deskontuarekin\u00a0erosteko adibidez. Arriaga Antzokiak Opari Txartela jarri du berriro ere salgai: Opari Txartela txarteldegian eta on-line egindako erosketetan erabili ahal izango da. Opari Txartelaren balioa [&hellip;]<div class=\"clearfix\"><\/div>","protected":false},"author":10,"featured_media":65041,"parent":0,"menu_order":0,"comment_status":"closed","ping_status":"closed","template":"","meta":{"_acf_changed":false,"footnotes":""},"class_list":["post-40071","page","type-page","status-publish","has-post-thumbnail","hentry"],"acf":[],"yoast_head":"<!-- This site is optimized with the Yoast SEO plugin v27.6 - https:\/\/yoast.com\/product\/yoast-seo-wordpress\/ -->\n<title>Arriaga Oparitu - Teatro Arriaga Antzokia<\/title>\n<meta name=\"robots\" content=\"index, follow, max-snippet:-1, max-image-preview:large, max-video-preview:-1\" \/>\n<link rel=\"canonical\" href=\"https:\/\/www.citaprevia-teatroarriaga.eus\/?page_id=40064\" \/>\n<meta property=\"og:locale\" content=\"en_US\" \/>\n<meta property=\"og:type\" content=\"article\" \/>\n<meta property=\"og:title\" content=\"Arriaga Oparitu - Teatro Arriaga Antzokia\" \/>\n<meta property=\"og:description\" content=\"Arriaga oparitu!\u00a0Oparitu antzerkia, opera, dantza, kontzertuak, musikalak\u2026\u00a040 ala 100\u00a0euroko balioa duen Arriaga Antzokiko\u00a0OPARI TXARTELArekin.\u00a0Oso detaile berezia da, hartzaileari aukera\u00a0emango diona ikuskizun sorta zabala\u00a0ikusteko eta Arriagako Lagun\u00a0izatearen abantaila guztiez gozatzeko:\u00a0sarrerak %25erainoko deskontuarekin\u00a0erosteko adibidez. Arriaga Antzokiak Opari Txartela jarri du berriro ere salgai: Opari Txartela txarteldegian eta on-line egindako erosketetan erabili ahal izango da. Opari Txartelaren balioa [&hellip;]\" \/>\n<meta property=\"og:url\" content=\"https:\/\/www.citaprevia-teatroarriaga.eus\/?page_id=40064\" \/>\n<meta property=\"og:site_name\" content=\"Teatro Arriaga Antzokia\" \/>\n<meta property=\"article:modified_time\" content=\"2025-11-28T11:19:23+00:00\" \/>\n<meta property=\"og:image\" content=\"https:\/\/www.citaprevia-teatroarriaga.eus\/wp-content\/uploads\/2025\/11\/cabecera-tarjeta-regalo-26.jpg\" \/>\n\t<meta property=\"og:image:width\" content=\"1650\" \/>\n\t<meta property=\"og:image:height\" content=\"733\" \/>\n\t<meta property=\"og:image:type\" content=\"image\/jpeg\" \/>\n<meta name=\"twitter:card\" content=\"summary_large_image\" \/>\n<meta name=\"twitter:label1\" content=\"Est. reading time\" \/>\n\t<meta name=\"twitter:data1\" content=\"2 minutes\" \/>\n<script type=\"application\/ld+json\" class=\"yoast-schema-graph\">{\"@context\":\"https:\\\/\\\/schema.org\",\"@graph\":[{\"@type\":\"WebPage\",\"@id\":\"https:\\\/\\\/www.citaprevia-teatroarriaga.eus\\\/?page_id=40064\",\"url\":\"https:\\\/\\\/www.citaprevia-teatroarriaga.eus\\\/?page_id=40064\",\"name\":\"Arriaga Oparitu - Teatro Arriaga Antzokia\",\"isPartOf\":{\"@id\":\"https:\\\/\\\/www.citaprevia-teatroarriaga.eus\\\/#website\"},\"primaryImageOfPage\":{\"@id\":\"https:\\\/\\\/www.citaprevia-teatroarriaga.eus\\\/?page_id=40064#primaryimage\"},\"image\":{\"@id\":\"https:\\\/\\\/www.citaprevia-teatroarriaga.eus\\\/?page_id=40064#primaryimage\"},\"thumbnailUrl\":\"https:\\\/\\\/www.citaprevia-teatroarriaga.eus\\\/wp-content\\\/uploads\\\/2025\\\/11\\\/cabecera-tarjeta-regalo-26.jpg\",\"datePublished\":\"2020-12-11T09:57:38+00:00\",\"dateModified\":\"2025-11-28T11:19:23+00:00\",\"breadcrumb\":{\"@id\":\"https:\\\/\\\/www.citaprevia-teatroarriaga.eus\\\/?page_id=40064#breadcrumb\"},\"inLanguage\":\"eu-EU\",\"potentialAction\":[{\"@type\":\"ReadAction\",\"target\":[\"https:\\\/\\\/www.citaprevia-teatroarriaga.eus\\\/?page_id=40064\"]}]},{\"@type\":\"ImageObject\",\"inLanguage\":\"eu-EU\",\"@id\":\"https:\\\/\\\/www.citaprevia-teatroarriaga.eus\\\/?page_id=40064#primaryimage\",\"url\":\"https:\\\/\\\/www.citaprevia-teatroarriaga.eus\\\/wp-content\\\/uploads\\\/2025\\\/11\\\/cabecera-tarjeta-regalo-26.jpg\",\"contentUrl\":\"https:\\\/\\\/www.citaprevia-teatroarriaga.eus\\\/wp-content\\\/uploads\\\/2025\\\/11\\\/cabecera-tarjeta-regalo-26.jpg\",\"width\":1650,\"height\":733},{\"@type\":\"BreadcrumbList\",\"@id\":\"https:\\\/\\\/www.citaprevia-teatroarriaga.eus\\\/?page_id=40064#breadcrumb\",\"itemListElement\":[{\"@type\":\"ListItem\",\"position\":1,\"name\":\"Portada\",\"item\":\"https:\\\/\\\/www.citaprevia-teatroarriaga.eus\\\/\"},{\"@type\":\"ListItem\",\"position\":2,\"name\":\"Info\",\"item\":\"https:\\\/\\\/www.citaprevia-teatroarriaga.eus\\\/?page_id=8\"},{\"@type\":\"ListItem\",\"position\":3,\"name\":\"Arriaga Oparitu\"}]},{\"@type\":\"WebSite\",\"@id\":\"https:\\\/\\\/www.citaprevia-teatroarriaga.eus\\\/#website\",\"url\":\"https:\\\/\\\/www.citaprevia-teatroarriaga.eus\\\/\",\"name\":\"Teatro Arriaga Antzokia\",\"description\":\"Sitio web oficial del Teatro. Programaci\u00f3n y venta de entradas para espect\u00e1culos. Teatro, danza, conciertos, \u00f3pera.  Edificio emblem\u00e1tico de Bilbao\",\"potentialAction\":[{\"@type\":\"SearchAction\",\"target\":{\"@type\":\"EntryPoint\",\"urlTemplate\":\"https:\\\/\\\/www.citaprevia-teatroarriaga.eus\\\/?s={search_term_string}\"},\"query-input\":{\"@type\":\"PropertyValueSpecification\",\"valueRequired\":true,\"valueName\":\"search_term_string\"}}],\"inLanguage\":\"eu-EU\"}]}<\/script>\n<!-- \/ Yoast SEO plugin. -->","yoast_head_json":{"title":"Arriaga Oparitu - Teatro Arriaga Antzokia","robots":{"index":"index","follow":"follow","max-snippet":"max-snippet:-1","max-image-preview":"max-image-preview:large","max-video-preview":"max-video-preview:-1"},"canonical":"https:\/\/www.citaprevia-teatroarriaga.eus\/?page_id=40064","og_locale":"en_US","og_type":"article","og_title":"Arriaga Oparitu - Teatro Arriaga Antzokia","og_description":"Arriaga oparitu!\u00a0Oparitu antzerkia, opera, dantza, kontzertuak, musikalak\u2026\u00a040 ala 100\u00a0euroko balioa duen Arriaga Antzokiko\u00a0OPARI TXARTELArekin.\u00a0Oso detaile berezia da, hartzaileari aukera\u00a0emango diona ikuskizun sorta zabala\u00a0ikusteko eta Arriagako Lagun\u00a0izatearen abantaila guztiez gozatzeko:\u00a0sarrerak %25erainoko deskontuarekin\u00a0erosteko adibidez. Arriaga Antzokiak Opari Txartela jarri du berriro ere salgai: Opari Txartela txarteldegian eta on-line egindako erosketetan erabili ahal izango da. Opari Txartelaren balioa [&hellip;]","og_url":"https:\/\/www.citaprevia-teatroarriaga.eus\/?page_id=40064","og_site_name":"Teatro Arriaga Antzokia","article_modified_time":"2025-11-28T11:19:23+00:00","og_image":[{"width":1650,"height":733,"url":"https:\/\/www.citaprevia-teatroarriaga.eus\/wp-content\/uploads\/2025\/11\/cabecera-tarjeta-regalo-26.jpg","type":"image\/jpeg"}],"twitter_card":"summary_large_image","twitter_misc":{"Est. reading time":"2 minutes"},"schema":{"@context":"https:\/\/schema.org","@graph":[{"@type":"WebPage","@id":"https:\/\/www.citaprevia-teatroarriaga.eus\/?page_id=40064","url":"https:\/\/www.citaprevia-teatroarriaga.eus\/?page_id=40064","name":"Arriaga Oparitu - Teatro Arriaga Antzokia","isPartOf":{"@id":"https:\/\/www.citaprevia-teatroarriaga.eus\/#website"},"primaryImageOfPage":{"@id":"https:\/\/www.citaprevia-teatroarriaga.eus\/?page_id=40064#primaryimage"},"image":{"@id":"https:\/\/www.citaprevia-teatroarriaga.eus\/?page_id=40064#primaryimage"},"thumbnailUrl":"https:\/\/www.citaprevia-teatroarriaga.eus\/wp-content\/uploads\/2025\/11\/cabecera-tarjeta-regalo-26.jpg","datePublished":"2020-12-11T09:57:38+00:00","dateModified":"2025-11-28T11:19:23+00:00","breadcrumb":{"@id":"https:\/\/www.citaprevia-teatroarriaga.eus\/?page_id=40064#breadcrumb"},"inLanguage":"eu-EU","potentialAction":[{"@type":"ReadAction","target":["https:\/\/www.citaprevia-teatroarriaga.eus\/?page_id=40064"]}]},{"@type":"ImageObject","inLanguage":"eu-EU","@id":"https:\/\/www.citaprevia-teatroarriaga.eus\/?page_id=40064#primaryimage","url":"https:\/\/www.citaprevia-teatroarriaga.eus\/wp-content\/uploads\/2025\/11\/cabecera-tarjeta-regalo-26.jpg","contentUrl":"https:\/\/www.citaprevia-teatroarriaga.eus\/wp-content\/uploads\/2025\/11\/cabecera-tarjeta-regalo-26.jpg","width":1650,"height":733},{"@type":"BreadcrumbList","@id":"https:\/\/www.citaprevia-teatroarriaga.eus\/?page_id=40064#breadcrumb","itemListElement":[{"@type":"ListItem","position":1,"name":"Portada","item":"https:\/\/www.citaprevia-teatroarriaga.eus\/"},{"@type":"ListItem","position":2,"name":"Info","item":"https:\/\/www.citaprevia-teatroarriaga.eus\/?page_id=8"},{"@type":"ListItem","position":3,"name":"Arriaga Oparitu"}]},{"@type":"WebSite","@id":"https:\/\/www.citaprevia-teatroarriaga.eus\/#website","url":"https:\/\/www.citaprevia-teatroarriaga.eus\/","name":"Teatro Arriaga Antzokia","description":"Sitio web oficial del Teatro. Programaci\u00f3n y venta de entradas para espect\u00e1culos. Teatro, danza, conciertos, \u00f3pera.  Edificio emblem\u00e1tico de Bilbao","potentialAction":[{"@type":"SearchAction","target":{"@type":"EntryPoint","urlTemplate":"https:\/\/www.citaprevia-teatroarriaga.eus\/?s={search_term_string}"},"query-input":{"@type":"PropertyValueSpecification","valueRequired":true,"valueName":"search_term_string"}}],"inLanguage":"eu-EU"}]}},"_links":{"self":[{"href":"https:\/\/www.citaprevia-teatroarriaga.eus\/eu\/wp-json\/wp\/v2\/pages\/40071","targetHints":{"allow":["GET"]}}],"collection":[{"href":"https:\/\/www.citaprevia-teatroarriaga.eus\/eu\/wp-json\/wp\/v2\/pages"}],"about":[{"href":"https:\/\/www.citaprevia-teatroarriaga.eus\/eu\/wp-json\/wp\/v2\/types\/page"}],"author":[{"embeddable":true,"href":"https:\/\/www.citaprevia-teatroarriaga.eus\/eu\/wp-json\/wp\/v2\/users\/10"}],"replies":[{"embeddable":true,"href":"https:\/\/www.citaprevia-teatroarriaga.eus\/eu\/wp-json\/wp\/v2\/comments?post=40071"}],"version-history":[{"count":0,"href":"https:\/\/www.citaprevia-teatroarriaga.eus\/eu\/wp-json\/wp\/v2\/pages\/40071\/revisions"}],"wp:featuredmedia":[{"embeddable":true,"href":"https:\/\/www.citaprevia-teatroarriaga.eus\/eu\/wp-json\/wp\/v2\/media\/65041"}],"wp:attachment":[{"href":"https:\/\/www.citaprevia-teatroarriaga.eus\/eu\/wp-json\/wp\/v2\/media?parent=40071"}],"curies":[{"name":"wp","href":"https:\/\/api.w.org\/{rel}","templated":true}]}}