{"id":39719,"date":"2020-10-27T14:34:10","date_gmt":"2020-10-27T13:34:10","guid":{"rendered":"https:\/\/www.citaprevia-teatroarriaga.eus\/informacion\/comunicado-devolucion-de-entradas\/"},"modified":"2021-01-21T17:58:30","modified_gmt":"2021-01-21T16:58:30","slug":"comunicado-devolucion-de-entradas","status":"publish","type":"page","link":"https:\/\/www.citaprevia-teatroarriaga.eus\/eu\/comunicado-devolucion-de-entradas\/","title":{"rendered":"KOMUNIKATUA \u2013 SARREREN ITZULKETA"},"content":{"rendered":"<p>Arriaga Antzokiak honako hau jakinarazi nahi du:<\/p>\n<p>Ezarritako mugikortasun murrizketek eragindako pertsona guztiei urriaren 27tik abenduaren 10era bitartean programatutako ikuskizunetarako sarreren zenbatekoa honela itzuliko zaie:<\/p>\n<h3>1.Antzokiko leihatiletan erositako sarrerak:<\/h3>\n<p>Zenbatekoa leihatiletan itzuliko da, erosteko erabilitako finantza-txartel berean edo eskudirutan. <span><\/span><\/p>\n<h3>2.On-line erositako sarrerak:<\/h3>\n<p>Itzulketa ez da automatikoa izango. Interesdunek posta elektronikoko mezu bat bidali beharko dute helbide honetara: <a href=\"mailto:informacion@teatroarriaga.eus\">informacion@teatroarriaga.eus<\/a>, gaian &#8220;Sarrerak itzultzea&#8221; adieraziz eta, mezuaren eremuan, sarreren itzulketa berariaz eskatuz. <span>Erosketaren unean jasotako sarrerak pdf formatuan erantsi beharko dira. <\/span><\/p>\n<p><span>2020ko ikuskizunetako sarrerak itzultzeko, gainera, nahitaez bete beharko da Arriaga Antzokiak emango duen inprimaki bat.<\/span><\/p>\n<p>Arriaga Antzokiak lehenbailehen kudeatuko du itzulketa. Pazientzia eskatzen dugu itzulketak kudeatzeko behar den denborarengatik, eta barkamena eskatzen dizuegu sortutako eragozpenengatik.<\/p>\n<p>Bilbon, 2021eko urtarrilaren 2an<\/p>\n","protected":false},"excerpt":{"rendered":"Arriaga Antzokiak honako hau jakinarazi nahi du: Ezarritako mugikortasun murrizketek eragindako pertsona guztiei urriaren 27tik abenduaren 10era bitartean programatutako ikuskizunetarako sarreren zenbatekoa honela itzuliko zaie: 1.Antzokiko leihatiletan erositako sarrerak: Zenbatekoa leihatiletan itzuliko da, erosteko erabilitako finantza-txartel berean edo eskudirutan. 2.On-line erositako sarrerak: Itzulketa ez da automatikoa izango. Interesdunek posta elektronikoko mezu bat bidali beharko dute [&hellip;]<div class=\"clearfix\"><\/div>","protected":false},"author":10,"featured_media":39716,"parent":0,"menu_order":0,"comment_status":"closed","ping_status":"closed","template":"","meta":{"_acf_changed":false,"footnotes":""},"class_list":["post-39719","page","type-page","status-publish","has-post-thumbnail","hentry"],"acf":[],"yoast_head":"<!-- This site is optimized with the Yoast SEO plugin v27.6 - https:\/\/yoast.com\/product\/yoast-seo-wordpress\/ -->\n<title>KOMUNIKATUA \u2013 SARREREN ITZULKETA - Teatro Arriaga Antzokia<\/title>\n<meta name=\"robots\" content=\"index, follow, max-snippet:-1, max-image-preview:large, max-video-preview:-1\" \/>\n<link rel=\"canonical\" href=\"https:\/\/www.citaprevia-teatroarriaga.eus\/?page_id=39714\" \/>\n<meta property=\"og:locale\" content=\"en_US\" \/>\n<meta property=\"og:type\" content=\"article\" \/>\n<meta property=\"og:title\" content=\"KOMUNIKATUA \u2013 SARREREN ITZULKETA - Teatro Arriaga Antzokia\" \/>\n<meta property=\"og:description\" content=\"Arriaga Antzokiak honako hau jakinarazi nahi du: Ezarritako mugikortasun murrizketek eragindako pertsona guztiei urriaren 27tik abenduaren 10era bitartean programatutako ikuskizunetarako sarreren zenbatekoa honela itzuliko zaie: 1.Antzokiko leihatiletan erositako sarrerak: Zenbatekoa leihatiletan itzuliko da, erosteko erabilitako finantza-txartel berean edo eskudirutan. 2.On-line erositako sarrerak: Itzulketa ez da automatikoa izango. Interesdunek posta elektronikoko mezu bat bidali beharko dute [&hellip;]\" \/>\n<meta property=\"og:url\" content=\"https:\/\/www.citaprevia-teatroarriaga.eus\/?page_id=39714\" \/>\n<meta property=\"og:site_name\" content=\"Teatro Arriaga Antzokia\" \/>\n<meta property=\"article:modified_time\" content=\"2021-01-21T16:58:30+00:00\" \/>\n<meta property=\"og:image\" content=\"https:\/\/www.citaprevia-teatroarriaga.eus\/wp-content\/uploads\/2020\/10\/fachada-teatro.jpg\" \/>\n\t<meta property=\"og:image:width\" content=\"1600\" \/>\n\t<meta property=\"og:image:height\" content=\"711\" \/>\n\t<meta property=\"og:image:type\" content=\"image\/jpeg\" \/>\n<meta name=\"twitter:card\" content=\"summary_large_image\" \/>\n<meta name=\"twitter:label1\" content=\"Est. reading time\" \/>\n\t<meta name=\"twitter:data1\" content=\"1 minute\" \/>\n<script type=\"application\/ld+json\" class=\"yoast-schema-graph\">{\"@context\":\"https:\\\/\\\/schema.org\",\"@graph\":[{\"@type\":\"WebPage\",\"@id\":\"https:\\\/\\\/www.citaprevia-teatroarriaga.eus\\\/?page_id=39714\",\"url\":\"https:\\\/\\\/www.citaprevia-teatroarriaga.eus\\\/?page_id=39714\",\"name\":\"KOMUNIKATUA \u2013 SARREREN ITZULKETA - Teatro Arriaga Antzokia\",\"isPartOf\":{\"@id\":\"https:\\\/\\\/www.citaprevia-teatroarriaga.eus\\\/#website\"},\"primaryImageOfPage\":{\"@id\":\"https:\\\/\\\/www.citaprevia-teatroarriaga.eus\\\/?page_id=39714#primaryimage\"},\"image\":{\"@id\":\"https:\\\/\\\/www.citaprevia-teatroarriaga.eus\\\/?page_id=39714#primaryimage\"},\"thumbnailUrl\":\"https:\\\/\\\/www.citaprevia-teatroarriaga.eus\\\/wp-content\\\/uploads\\\/2020\\\/10\\\/fachada-teatro.jpg\",\"datePublished\":\"2020-10-27T13:34:10+00:00\",\"dateModified\":\"2021-01-21T16:58:30+00:00\",\"breadcrumb\":{\"@id\":\"https:\\\/\\\/www.citaprevia-teatroarriaga.eus\\\/?page_id=39714#breadcrumb\"},\"inLanguage\":\"eu-EU\",\"potentialAction\":[{\"@type\":\"ReadAction\",\"target\":[\"https:\\\/\\\/www.citaprevia-teatroarriaga.eus\\\/?page_id=39714\"]}]},{\"@type\":\"ImageObject\",\"inLanguage\":\"eu-EU\",\"@id\":\"https:\\\/\\\/www.citaprevia-teatroarriaga.eus\\\/?page_id=39714#primaryimage\",\"url\":\"https:\\\/\\\/www.citaprevia-teatroarriaga.eus\\\/wp-content\\\/uploads\\\/2020\\\/10\\\/fachada-teatro.jpg\",\"contentUrl\":\"https:\\\/\\\/www.citaprevia-teatroarriaga.eus\\\/wp-content\\\/uploads\\\/2020\\\/10\\\/fachada-teatro.jpg\",\"width\":1600,\"height\":711},{\"@type\":\"BreadcrumbList\",\"@id\":\"https:\\\/\\\/www.citaprevia-teatroarriaga.eus\\\/?page_id=39714#breadcrumb\",\"itemListElement\":[{\"@type\":\"ListItem\",\"position\":1,\"name\":\"Portada\",\"item\":\"https:\\\/\\\/www.citaprevia-teatroarriaga.eus\\\/\"},{\"@type\":\"ListItem\",\"position\":2,\"name\":\"Info\",\"item\":\"https:\\\/\\\/www.citaprevia-teatroarriaga.eus\\\/?page_id=8\"},{\"@type\":\"ListItem\",\"position\":3,\"name\":\"KOMUNIKATUA \u2013 SARREREN ITZULKETA\"}]},{\"@type\":\"WebSite\",\"@id\":\"https:\\\/\\\/www.citaprevia-teatroarriaga.eus\\\/#website\",\"url\":\"https:\\\/\\\/www.citaprevia-teatroarriaga.eus\\\/\",\"name\":\"Teatro Arriaga Antzokia\",\"description\":\"Sitio web oficial del Teatro. Programaci\u00f3n y venta de entradas para espect\u00e1culos. Teatro, danza, conciertos, \u00f3pera.  Edificio emblem\u00e1tico de Bilbao\",\"potentialAction\":[{\"@type\":\"SearchAction\",\"target\":{\"@type\":\"EntryPoint\",\"urlTemplate\":\"https:\\\/\\\/www.citaprevia-teatroarriaga.eus\\\/?s={search_term_string}\"},\"query-input\":{\"@type\":\"PropertyValueSpecification\",\"valueRequired\":true,\"valueName\":\"search_term_string\"}}],\"inLanguage\":\"eu-EU\"}]}<\/script>\n<!-- \/ Yoast SEO plugin. -->","yoast_head_json":{"title":"KOMUNIKATUA \u2013 SARREREN ITZULKETA - Teatro Arriaga Antzokia","robots":{"index":"index","follow":"follow","max-snippet":"max-snippet:-1","max-image-preview":"max-image-preview:large","max-video-preview":"max-video-preview:-1"},"canonical":"https:\/\/www.citaprevia-teatroarriaga.eus\/?page_id=39714","og_locale":"en_US","og_type":"article","og_title":"KOMUNIKATUA \u2013 SARREREN ITZULKETA - Teatro Arriaga Antzokia","og_description":"Arriaga Antzokiak honako hau jakinarazi nahi du: Ezarritako mugikortasun murrizketek eragindako pertsona guztiei urriaren 27tik abenduaren 10era bitartean programatutako ikuskizunetarako sarreren zenbatekoa honela itzuliko zaie: 1.Antzokiko leihatiletan erositako sarrerak: Zenbatekoa leihatiletan itzuliko da, erosteko erabilitako finantza-txartel berean edo eskudirutan. 2.On-line erositako sarrerak: Itzulketa ez da automatikoa izango. Interesdunek posta elektronikoko mezu bat bidali beharko dute [&hellip;]","og_url":"https:\/\/www.citaprevia-teatroarriaga.eus\/?page_id=39714","og_site_name":"Teatro Arriaga Antzokia","article_modified_time":"2021-01-21T16:58:30+00:00","og_image":[{"width":1600,"height":711,"url":"https:\/\/www.citaprevia-teatroarriaga.eus\/wp-content\/uploads\/2020\/10\/fachada-teatro.jpg","type":"image\/jpeg"}],"twitter_card":"summary_large_image","twitter_misc":{"Est. reading time":"1 minute"},"schema":{"@context":"https:\/\/schema.org","@graph":[{"@type":"WebPage","@id":"https:\/\/www.citaprevia-teatroarriaga.eus\/?page_id=39714","url":"https:\/\/www.citaprevia-teatroarriaga.eus\/?page_id=39714","name":"KOMUNIKATUA \u2013 SARREREN ITZULKETA - Teatro Arriaga Antzokia","isPartOf":{"@id":"https:\/\/www.citaprevia-teatroarriaga.eus\/#website"},"primaryImageOfPage":{"@id":"https:\/\/www.citaprevia-teatroarriaga.eus\/?page_id=39714#primaryimage"},"image":{"@id":"https:\/\/www.citaprevia-teatroarriaga.eus\/?page_id=39714#primaryimage"},"thumbnailUrl":"https:\/\/www.citaprevia-teatroarriaga.eus\/wp-content\/uploads\/2020\/10\/fachada-teatro.jpg","datePublished":"2020-10-27T13:34:10+00:00","dateModified":"2021-01-21T16:58:30+00:00","breadcrumb":{"@id":"https:\/\/www.citaprevia-teatroarriaga.eus\/?page_id=39714#breadcrumb"},"inLanguage":"eu-EU","potentialAction":[{"@type":"ReadAction","target":["https:\/\/www.citaprevia-teatroarriaga.eus\/?page_id=39714"]}]},{"@type":"ImageObject","inLanguage":"eu-EU","@id":"https:\/\/www.citaprevia-teatroarriaga.eus\/?page_id=39714#primaryimage","url":"https:\/\/www.citaprevia-teatroarriaga.eus\/wp-content\/uploads\/2020\/10\/fachada-teatro.jpg","contentUrl":"https:\/\/www.citaprevia-teatroarriaga.eus\/wp-content\/uploads\/2020\/10\/fachada-teatro.jpg","width":1600,"height":711},{"@type":"BreadcrumbList","@id":"https:\/\/www.citaprevia-teatroarriaga.eus\/?page_id=39714#breadcrumb","itemListElement":[{"@type":"ListItem","position":1,"name":"Portada","item":"https:\/\/www.citaprevia-teatroarriaga.eus\/"},{"@type":"ListItem","position":2,"name":"Info","item":"https:\/\/www.citaprevia-teatroarriaga.eus\/?page_id=8"},{"@type":"ListItem","position":3,"name":"KOMUNIKATUA \u2013 SARREREN ITZULKETA"}]},{"@type":"WebSite","@id":"https:\/\/www.citaprevia-teatroarriaga.eus\/#website","url":"https:\/\/www.citaprevia-teatroarriaga.eus\/","name":"Teatro Arriaga Antzokia","description":"Sitio web oficial del Teatro. Programaci\u00f3n y venta de entradas para espect\u00e1culos. Teatro, danza, conciertos, \u00f3pera.  Edificio emblem\u00e1tico de Bilbao","potentialAction":[{"@type":"SearchAction","target":{"@type":"EntryPoint","urlTemplate":"https:\/\/www.citaprevia-teatroarriaga.eus\/?s={search_term_string}"},"query-input":{"@type":"PropertyValueSpecification","valueRequired":true,"valueName":"search_term_string"}}],"inLanguage":"eu-EU"}]}},"_links":{"self":[{"href":"https:\/\/www.citaprevia-teatroarriaga.eus\/eu\/wp-json\/wp\/v2\/pages\/39719","targetHints":{"allow":["GET"]}}],"collection":[{"href":"https:\/\/www.citaprevia-teatroarriaga.eus\/eu\/wp-json\/wp\/v2\/pages"}],"about":[{"href":"https:\/\/www.citaprevia-teatroarriaga.eus\/eu\/wp-json\/wp\/v2\/types\/page"}],"author":[{"embeddable":true,"href":"https:\/\/www.citaprevia-teatroarriaga.eus\/eu\/wp-json\/wp\/v2\/users\/10"}],"replies":[{"embeddable":true,"href":"https:\/\/www.citaprevia-teatroarriaga.eus\/eu\/wp-json\/wp\/v2\/comments?post=39719"}],"version-history":[{"count":0,"href":"https:\/\/www.citaprevia-teatroarriaga.eus\/eu\/wp-json\/wp\/v2\/pages\/39719\/revisions"}],"wp:featuredmedia":[{"embeddable":true,"href":"https:\/\/www.citaprevia-teatroarriaga.eus\/eu\/wp-json\/wp\/v2\/media\/39716"}],"wp:attachment":[{"href":"https:\/\/www.citaprevia-teatroarriaga.eus\/eu\/wp-json\/wp\/v2\/media?parent=39719"}],"curies":[{"name":"wp","href":"https:\/\/api.w.org\/{rel}","templated":true}]}}