{"id":36279,"date":"2019-11-18T10:51:52","date_gmt":"2019-11-18T09:51:52","guid":{"rendered":"https:\/\/www.citaprevia-teatroarriaga.eus\/?page_id=36279"},"modified":"2025-12-22T15:56:58","modified_gmt":"2025-12-22T14:56:58","slug":"proyectos-y-audiciones","status":"publish","type":"page","link":"https:\/\/www.citaprevia-teatroarriaga.eus\/eu\/proyectos-y-audiciones\/","title":{"rendered":"Proiektuak eta entzunaldiak"},"content":{"rendered":"<h3>BILBAO EDITA 2025<\/h3>\n<p>Bilboko Udalak \u201cBilbao Edita\u201d deialdia abiarazi du, Bilboko uriko liburuen edizioko argitaletxe eta profesionalei zuzenduta<\/p>\n<ul>\n<li>Guztira bost proiektu aukeratuko dira, bi kategoriatan banatuta: A, 3.000 euroko hiru proiektutarako; eta B, 6.000 euroko bi proiektutarako.<\/li>\n<li>Proiektuak 2025ko azaroaren 14ra arte aurkeztu ahal izango dira, eta 2026an editatu beharko dira.<\/li>\n<li>Deialdi hau Bilboko Kulturaren Plan Estrategikoa 2023 &#8211; 2033 barruan dago. Plan horrek bi helburu ditu: alde batetik, bertako biztanleen eta bisitarien artean kultura hiri-markaren irudi bezala sendotzea, eta bestetik, tokiko kultura-eragileak sustatzea eta ikusaraztea.<\/li>\n<\/ul>\n<p><a class=\"wpcf7-form-control wpcf7-submit btn btn-lg btn-default\" href=\"https:\/\/www.citaprevia-teatroarriaga.eus\/wp-content\/uploads\/2025\/09\/Bilbao-edita-Oinarriak-2025.pdf\" rel=\"noopener\" target=\"_blank\">Oinarriak kontsultatzeko<\/a><\/p>\n<hr>\n<p><a class=\"wpcf7-form-control wpcf7-submit btn btn-lg btn-default\" href=\"https:\/\/www.citaprevia-teatroarriaga.eus\/wp-content\/uploads\/2025\/09\/I.-Eranskina.docx\" rel=\"noopener\" target=\"_blank\">ESKABIDE EREDUA<\/a>  <a class=\"wpcf7-form-control wpcf7-submit btn btn-lg btn-default\" href=\"https:\/\/www.citaprevia-teatroarriaga.eus\/wp-content\/uploads\/2025\/09\/II.-Eranskina.docx\" rel=\"noopener\" target=\"_blank\">ARGITALPEN-PROIEKTUAREN DATUAK<\/a>  <a class=\"wpcf7-form-control wpcf7-submit btn btn-lg btn-default\" href=\"https:\/\/www.citaprevia-teatroarriaga.eus\/wp-content\/uploads\/2025\/09\/III.-Eranskina.docx\" rel=\"noopener\" target=\"_blank\">ERANTZUKIZUNPEKO ADIERAZPENA<\/a><\/p>\n<hr>\n<p><a class=\"wpcf7-form-control wpcf7-submit btn btn-lg btn-default\" href=\"https:\/\/www.citaprevia-teatroarriaga.eus\/wp-content\/uploads\/2025\/12\/EBAZPEN-BILBAO-EDITA-2025.pdf\" rel=\"noopener\" target=\"_blank\">EBAZPEN-AKTA<\/a><\/p>\n<hr>\n<p>Informazio gehiago: <a href=\"https:\/\/bilbaokultura.eus\/es\/bilbao-edita-2023\/\" rel=\"noopener\" target=\"_blank\">https:\/\/bilbaokultura.eus\/es\/bilbao-edita-2023\/<\/a><\/p>\n<hr style=\"border-bottom: 1px dotted #fff\" \/>\n<h3>Antzerkigintza Berriak<\/h3>\n<p>Helburua dramaturgo berriei eta beste arte-arlo batzuetatik etorrita (literatura, zinema\u2026) sorkuntza eszenikoan barrendu nahi dutenei antzerki-mundurako sarbidea erraztea da. Gasteizko Teatro Principal Antzokiak, Bilboko Arriaga Antzokiak eta Donostiako Victoria Eugenia Antzokiak sustatu dute ekimen hau. .<\/p>\n<p>Izena emateko epea gaur, urriak 1,  ireki da eta urriaren 31n amaituko da. Hautaturiko pertsonek, gehienez ere zortzi, obra dramatiko bat garatu beharko dute bost hilabetean, arte eszenikoetako profesionalen gidaritzapean. Laborategi horiek 2026ko otsaila eta apirila bitartean egingo dira.<\/p>\n<p>Hautaturiko pertsonek 3.300 \u20ac-ko diru-laguntza bat izango dute, proiektuan jardutearen eta laborategietako dieten truke.<\/p>\n<p><a class=\"wpcf7-form-control wpcf7-submit btn btn-lg btn-default\" href=\"https:\/\/www.citaprevia-teatroarriaga.eus\/wp-content\/uploads\/2016\/02\/Antzerkigintza_Berriak_Oinarriak_2026.pdf\" rel=\"noopener\" target=\"_blank\">Oinarriak kontsultatzeko<\/a><\/p>\n","protected":false},"excerpt":{"rendered":"BILBAO EDITA 2025 Bilboko Udalak \u201cBilbao Edita\u201d deialdia abiarazi du, Bilboko uriko liburuen edizioko argitaletxe eta profesionalei zuzenduta Guztira bost proiektu aukeratuko dira, bi kategoriatan banatuta: A, 3.000 euroko hiru proiektutarako; eta B, 6.000 euroko bi proiektutarako. Proiektuak 2025ko azaroaren 14ra arte aurkeztu ahal izango dira, eta 2026an editatu beharko dira. Deialdi hau Bilboko Kulturaren [&hellip;]<div class=\"clearfix\"><\/div>","protected":false},"author":10,"featured_media":33166,"parent":0,"menu_order":0,"comment_status":"closed","ping_status":"closed","template":"","meta":{"_acf_changed":false,"footnotes":""},"class_list":["post-36279","page","type-page","status-publish","has-post-thumbnail","hentry"],"acf":[],"yoast_head":"<!-- This site is optimized with the Yoast SEO plugin v27.6 - https:\/\/yoast.com\/product\/yoast-seo-wordpress\/ -->\n<title>Proiektuak eta entzunaldiak - Teatro Arriaga Antzokia<\/title>\n<meta name=\"robots\" content=\"index, follow, max-snippet:-1, max-image-preview:large, max-video-preview:-1\" \/>\n<link rel=\"canonical\" href=\"https:\/\/www.citaprevia-teatroarriaga.eus\/?page_id=36262\" \/>\n<meta property=\"og:locale\" content=\"en_US\" \/>\n<meta property=\"og:type\" content=\"article\" \/>\n<meta property=\"og:title\" content=\"Proiektuak eta entzunaldiak - Teatro Arriaga Antzokia\" \/>\n<meta property=\"og:description\" content=\"BILBAO EDITA 2025 Bilboko Udalak \u201cBilbao Edita\u201d deialdia abiarazi du, Bilboko uriko liburuen edizioko argitaletxe eta profesionalei zuzenduta Guztira bost proiektu aukeratuko dira, bi kategoriatan banatuta: A, 3.000 euroko hiru proiektutarako; eta B, 6.000 euroko bi proiektutarako. Proiektuak 2025ko azaroaren 14ra arte aurkeztu ahal izango dira, eta 2026an editatu beharko dira. Deialdi hau Bilboko Kulturaren [&hellip;]\" \/>\n<meta property=\"og:url\" content=\"https:\/\/www.citaprevia-teatroarriaga.eus\/?page_id=36262\" \/>\n<meta property=\"og:site_name\" content=\"Teatro Arriaga Antzokia\" \/>\n<meta property=\"article:modified_time\" content=\"2025-12-22T14:56:58+00:00\" \/>\n<meta property=\"og:image\" content=\"https:\/\/www.citaprevia-teatroarriaga.eus\/wp-content\/uploads\/2019\/05\/teatro_arriaga_2019_2020.jpg\" \/>\n\t<meta property=\"og:image:width\" content=\"1600\" \/>\n\t<meta property=\"og:image:height\" content=\"600\" \/>\n\t<meta property=\"og:image:type\" content=\"image\/jpeg\" \/>\n<meta name=\"twitter:card\" content=\"summary_large_image\" \/>\n<meta name=\"twitter:label1\" content=\"Est. reading time\" \/>\n\t<meta name=\"twitter:data1\" content=\"2 minutes\" \/>\n<script type=\"application\/ld+json\" class=\"yoast-schema-graph\">{\"@context\":\"https:\\\/\\\/schema.org\",\"@graph\":[{\"@type\":\"WebPage\",\"@id\":\"https:\\\/\\\/www.citaprevia-teatroarriaga.eus\\\/?page_id=36262\",\"url\":\"https:\\\/\\\/www.citaprevia-teatroarriaga.eus\\\/?page_id=36262\",\"name\":\"Proiektuak eta entzunaldiak - Teatro Arriaga Antzokia\",\"isPartOf\":{\"@id\":\"https:\\\/\\\/www.citaprevia-teatroarriaga.eus\\\/#website\"},\"primaryImageOfPage\":{\"@id\":\"https:\\\/\\\/www.citaprevia-teatroarriaga.eus\\\/?page_id=36262#primaryimage\"},\"image\":{\"@id\":\"https:\\\/\\\/www.citaprevia-teatroarriaga.eus\\\/?page_id=36262#primaryimage\"},\"thumbnailUrl\":\"https:\\\/\\\/www.citaprevia-teatroarriaga.eus\\\/wp-content\\\/uploads\\\/2019\\\/05\\\/teatro_arriaga_2019_2020.jpg\",\"datePublished\":\"2019-11-18T09:51:52+00:00\",\"dateModified\":\"2025-12-22T14:56:58+00:00\",\"breadcrumb\":{\"@id\":\"https:\\\/\\\/www.citaprevia-teatroarriaga.eus\\\/?page_id=36262#breadcrumb\"},\"inLanguage\":\"eu-EU\",\"potentialAction\":[{\"@type\":\"ReadAction\",\"target\":[\"https:\\\/\\\/www.citaprevia-teatroarriaga.eus\\\/?page_id=36262\"]}]},{\"@type\":\"ImageObject\",\"inLanguage\":\"eu-EU\",\"@id\":\"https:\\\/\\\/www.citaprevia-teatroarriaga.eus\\\/?page_id=36262#primaryimage\",\"url\":\"https:\\\/\\\/www.citaprevia-teatroarriaga.eus\\\/wp-content\\\/uploads\\\/2019\\\/05\\\/teatro_arriaga_2019_2020.jpg\",\"contentUrl\":\"https:\\\/\\\/www.citaprevia-teatroarriaga.eus\\\/wp-content\\\/uploads\\\/2019\\\/05\\\/teatro_arriaga_2019_2020.jpg\",\"width\":1600,\"height\":600,\"caption\":\"Teatro Arriaga 2019-2020\"},{\"@type\":\"BreadcrumbList\",\"@id\":\"https:\\\/\\\/www.citaprevia-teatroarriaga.eus\\\/?page_id=36262#breadcrumb\",\"itemListElement\":[{\"@type\":\"ListItem\",\"position\":1,\"name\":\"Portada\",\"item\":\"https:\\\/\\\/www.citaprevia-teatroarriaga.eus\\\/\"},{\"@type\":\"ListItem\",\"position\":2,\"name\":\"Info\",\"item\":\"https:\\\/\\\/www.citaprevia-teatroarriaga.eus\\\/?page_id=8\"},{\"@type\":\"ListItem\",\"position\":3,\"name\":\"Proiektuak eta entzunaldiak\"}]},{\"@type\":\"WebSite\",\"@id\":\"https:\\\/\\\/www.citaprevia-teatroarriaga.eus\\\/#website\",\"url\":\"https:\\\/\\\/www.citaprevia-teatroarriaga.eus\\\/\",\"name\":\"Teatro Arriaga Antzokia\",\"description\":\"Sitio web oficial del Teatro. Programaci\u00f3n y venta de entradas para espect\u00e1culos. Teatro, danza, conciertos, \u00f3pera.  Edificio emblem\u00e1tico de Bilbao\",\"potentialAction\":[{\"@type\":\"SearchAction\",\"target\":{\"@type\":\"EntryPoint\",\"urlTemplate\":\"https:\\\/\\\/www.citaprevia-teatroarriaga.eus\\\/?s={search_term_string}\"},\"query-input\":{\"@type\":\"PropertyValueSpecification\",\"valueRequired\":true,\"valueName\":\"search_term_string\"}}],\"inLanguage\":\"eu-EU\"}]}<\/script>\n<!-- \/ Yoast SEO plugin. -->","yoast_head_json":{"title":"Proiektuak eta entzunaldiak - Teatro Arriaga Antzokia","robots":{"index":"index","follow":"follow","max-snippet":"max-snippet:-1","max-image-preview":"max-image-preview:large","max-video-preview":"max-video-preview:-1"},"canonical":"https:\/\/www.citaprevia-teatroarriaga.eus\/?page_id=36262","og_locale":"en_US","og_type":"article","og_title":"Proiektuak eta entzunaldiak - Teatro Arriaga Antzokia","og_description":"BILBAO EDITA 2025 Bilboko Udalak \u201cBilbao Edita\u201d deialdia abiarazi du, Bilboko uriko liburuen edizioko argitaletxe eta profesionalei zuzenduta Guztira bost proiektu aukeratuko dira, bi kategoriatan banatuta: A, 3.000 euroko hiru proiektutarako; eta B, 6.000 euroko bi proiektutarako. Proiektuak 2025ko azaroaren 14ra arte aurkeztu ahal izango dira, eta 2026an editatu beharko dira. Deialdi hau Bilboko Kulturaren [&hellip;]","og_url":"https:\/\/www.citaprevia-teatroarriaga.eus\/?page_id=36262","og_site_name":"Teatro Arriaga Antzokia","article_modified_time":"2025-12-22T14:56:58+00:00","og_image":[{"width":1600,"height":600,"url":"https:\/\/www.citaprevia-teatroarriaga.eus\/wp-content\/uploads\/2019\/05\/teatro_arriaga_2019_2020.jpg","type":"image\/jpeg"}],"twitter_card":"summary_large_image","twitter_misc":{"Est. reading time":"2 minutes"},"schema":{"@context":"https:\/\/schema.org","@graph":[{"@type":"WebPage","@id":"https:\/\/www.citaprevia-teatroarriaga.eus\/?page_id=36262","url":"https:\/\/www.citaprevia-teatroarriaga.eus\/?page_id=36262","name":"Proiektuak eta entzunaldiak - Teatro Arriaga Antzokia","isPartOf":{"@id":"https:\/\/www.citaprevia-teatroarriaga.eus\/#website"},"primaryImageOfPage":{"@id":"https:\/\/www.citaprevia-teatroarriaga.eus\/?page_id=36262#primaryimage"},"image":{"@id":"https:\/\/www.citaprevia-teatroarriaga.eus\/?page_id=36262#primaryimage"},"thumbnailUrl":"https:\/\/www.citaprevia-teatroarriaga.eus\/wp-content\/uploads\/2019\/05\/teatro_arriaga_2019_2020.jpg","datePublished":"2019-11-18T09:51:52+00:00","dateModified":"2025-12-22T14:56:58+00:00","breadcrumb":{"@id":"https:\/\/www.citaprevia-teatroarriaga.eus\/?page_id=36262#breadcrumb"},"inLanguage":"eu-EU","potentialAction":[{"@type":"ReadAction","target":["https:\/\/www.citaprevia-teatroarriaga.eus\/?page_id=36262"]}]},{"@type":"ImageObject","inLanguage":"eu-EU","@id":"https:\/\/www.citaprevia-teatroarriaga.eus\/?page_id=36262#primaryimage","url":"https:\/\/www.citaprevia-teatroarriaga.eus\/wp-content\/uploads\/2019\/05\/teatro_arriaga_2019_2020.jpg","contentUrl":"https:\/\/www.citaprevia-teatroarriaga.eus\/wp-content\/uploads\/2019\/05\/teatro_arriaga_2019_2020.jpg","width":1600,"height":600,"caption":"Teatro Arriaga 2019-2020"},{"@type":"BreadcrumbList","@id":"https:\/\/www.citaprevia-teatroarriaga.eus\/?page_id=36262#breadcrumb","itemListElement":[{"@type":"ListItem","position":1,"name":"Portada","item":"https:\/\/www.citaprevia-teatroarriaga.eus\/"},{"@type":"ListItem","position":2,"name":"Info","item":"https:\/\/www.citaprevia-teatroarriaga.eus\/?page_id=8"},{"@type":"ListItem","position":3,"name":"Proiektuak eta entzunaldiak"}]},{"@type":"WebSite","@id":"https:\/\/www.citaprevia-teatroarriaga.eus\/#website","url":"https:\/\/www.citaprevia-teatroarriaga.eus\/","name":"Teatro Arriaga Antzokia","description":"Sitio web oficial del Teatro. Programaci\u00f3n y venta de entradas para espect\u00e1culos. Teatro, danza, conciertos, \u00f3pera.  Edificio emblem\u00e1tico de Bilbao","potentialAction":[{"@type":"SearchAction","target":{"@type":"EntryPoint","urlTemplate":"https:\/\/www.citaprevia-teatroarriaga.eus\/?s={search_term_string}"},"query-input":{"@type":"PropertyValueSpecification","valueRequired":true,"valueName":"search_term_string"}}],"inLanguage":"eu-EU"}]}},"_links":{"self":[{"href":"https:\/\/www.citaprevia-teatroarriaga.eus\/eu\/wp-json\/wp\/v2\/pages\/36279","targetHints":{"allow":["GET"]}}],"collection":[{"href":"https:\/\/www.citaprevia-teatroarriaga.eus\/eu\/wp-json\/wp\/v2\/pages"}],"about":[{"href":"https:\/\/www.citaprevia-teatroarriaga.eus\/eu\/wp-json\/wp\/v2\/types\/page"}],"author":[{"embeddable":true,"href":"https:\/\/www.citaprevia-teatroarriaga.eus\/eu\/wp-json\/wp\/v2\/users\/10"}],"replies":[{"embeddable":true,"href":"https:\/\/www.citaprevia-teatroarriaga.eus\/eu\/wp-json\/wp\/v2\/comments?post=36279"}],"version-history":[{"count":0,"href":"https:\/\/www.citaprevia-teatroarriaga.eus\/eu\/wp-json\/wp\/v2\/pages\/36279\/revisions"}],"wp:featuredmedia":[{"embeddable":true,"href":"https:\/\/www.citaprevia-teatroarriaga.eus\/eu\/wp-json\/wp\/v2\/media\/33166"}],"wp:attachment":[{"href":"https:\/\/www.citaprevia-teatroarriaga.eus\/eu\/wp-json\/wp\/v2\/media?parent=36279"}],"curies":[{"name":"wp","href":"https:\/\/api.w.org\/{rel}","templated":true}]}}