{"id":2067,"date":"2016-02-12T02:26:27","date_gmt":"2016-02-12T01:26:27","guid":{"rendered":"http:\/\/www.citaprevia-teatroarriaga.eus\/cronologia\/?lang=eu"},"modified":"2019-06-05T12:16:52","modified_gmt":"2019-06-05T10:16:52","slug":"cronologia","status":"publish","type":"page","link":"https:\/\/www.citaprevia-teatroarriaga.eus\/eu\/cronologia\/","title":{"rendered":"Kronologia"},"content":{"rendered":"<div class=\"ocultarenmovil\"><a class=\"mpopup-image\" href=\"https:\/\/www.citaprevia-teatroarriaga.eus\/wp-content\/uploads\/2016\/02\/cronologia_20192020eusk.jpg\"><img loading=\"lazy\" decoding=\"async\" src=\"https:\/\/www.citaprevia-teatroarriaga.eus\/wp-content\/uploads\/2016\/02\/cronologia_20192020eusk.jpg\" alt=\"cronologia_bg\" class=\"aligncenter size-full wp-image-192\" height=\"1649\" width=\"930\" \/><\/a><\/div>\n<div class=\"mostrarenmovil\">\n<div class=\"mostrarenmovil\">\n<p><span class=\"eventoanyo\"> XIV-XV m<\/span><br \/>\nDokumentatutako lehenengo mimoak, eresiak eta auto sakramentalak antzeztu ziren hirian.<\/p>\n<p><span class=\"eventoanyo\">1779 \u2013 1816<\/span><br \/>\nRonda kalean arte eszenikoetarako soilik balio zuen lokala ireki zen, baina sute batek suntsitu zuen.<\/p>\n<p><span class=\"eventoanyo\">1834 \u2013 1886<\/span><br \/>\nHiriko antzokia ireki zen Areatzan. 52 urte igaro ondoren, eraikina egoera txarrarengatik itxi eta bota zuten.<\/p>\n<p><span class=\"eventoanyo\">1882<\/span><br \/>\nHiriko antzokia zutik zegoelarik, eraikuntza berri bat egiteko asmoa zuten.<\/p>\n<p><span class=\"eventoanyo\">1885eko<\/span><br \/>\n<span class=\"eventomes\"> martxoaren 22a<\/span><br \/>\nBilboko antzoki berria sozietate anonimoa gauzatu zuten.<\/p>\n<p><span class=\"eventoanyo\">1885<\/span><br \/>\nErnesto Hoffmeyer arkitektoak Erriberako kaia handitzeko proiektua egin zuen eta ur-ibilguaren 6 metro irabazi ziren.<\/p>\n<p><span class=\"eventoanyo\">1887ko<\/span><br \/>\n<span class=\"eventomes\"> urriaren 21a<\/span><br \/>\nEraikuntza eraikitzen ari zirenean zati bat erori egin zen. Ondorioz, bi langile hil eta lau zauritu ziren.<\/p>\n<p><span class=\"eventoanyo\">1889<\/span><br \/>\n<span class=\"eventomes\">iraila<\/span><br \/>\nAntzokia eraikitzen ari ziren plazan, plaka bat jarri zuten izen berriarekin: Arriaga maisuaren plaza.<\/p>\n<p><span class=\"eventoanyo\">1890ko<\/span><br \/>\n<span class=\"eventomes\">maiatzaren 31a<\/span><br \/>\nBilboko antzoki berria ireki zen, baina jendeak Arriaga Antzokia deitzen zion dagoeneko.<\/p>\n<p><span class=\"eventoanyo\">1902ko<\/span><br \/>\n<span class=\"eventomes\">apirilaren 8<\/span><br \/>\nLehenengo aldiz, Arriaga Antzokia izena erabili zuten kudeatzaileek, izan ere ikuskizunak iragartzeko erabiltzen baitzen prentsan.<\/p>\n<p><span class=\"eventoanyo\">1914ko<\/span><br \/>\n<span class=\"eventomes\"> abenduaren 22a <\/span><br \/>\nSanto Tomas merkatuaren egunsentian sute batek erabat suntsitu zuen.<\/p>\n<p><span class=\"eventoanyo\">1916 \u2013 1918<\/span><br \/>\nArriaga berreraikitzeko prest zeudenak ez ziren bat etorri. Hainbeste, non uneren batean jada eginda zeuden obrak botatzea ere agindu baitzuten.<\/p>\n<p><span class=\"eventoanyo\">1919<\/span><br \/>\n<span class=\"eventomes\"> ekainaren 5a<\/span><br \/>\nBerreraikitzen bost urte igaro ostean, Arriaga berriz ireki zen.<\/p>\n<p><span class=\"eventoanyo\">1924<\/span><br \/>\n<span class=\"eventomes\"> urtarrilaren 31<\/span><br \/>\nDiestro familiak lokala erabiltzeko eskubidea izan zezan, Bilboko antzoki berria elkarteak alokatu zion.<\/p>\n<p><span class=\"eventoanyo\">1963<\/span><br \/>\nElkartearen eta familiaren arteko liskar juridikoa konpontzeko denbora asko pasa zen; baina azkenean, elkarteak giltzak eskuratu zituen berriz.<\/p>\n<p><span class=\"eventoanyo\">1963 \u2013 1978<\/span><br \/>\nAntzokia Trueba ikuskizun enpresari alokatu zitzaion.<\/p>\n<p><span class=\"eventoanyo\">1972<\/span><br \/>\nArriagarentzat onura izan zen Bilboko Alde Zaharra multzo historiko-artistikoa izendatzea.<\/p>\n<p><span class=\"eventoanyo\">1977ko<\/span><br \/>\n<span class=\"eventomes\"> azaroaren 4a<\/span><br \/>\nEraikina monumentu historiko-artistikoa zela jakitera emateko, espedientea ireki zen.<\/p>\n<p><span class=\"eventoanyo\">1978ko<\/span><br \/>\n<span class=\"eventomes\"> maiatzaren 10a<\/span><br \/>\nAntzokia udalaren esku zegoen.<\/p>\n<p><span class=\"eventoanyo\">1981-1986<\/span><br \/>\nEraikina berritzeko lanak egin ziren eta egitura sendotu zen.<\/p>\n<p><span class=\"eventoanyo\">1983<\/span><br \/>\n<span class=\"eventomes\">abuztua<\/span><br \/>\nHirian izan ziren uholdeek asko kaltetu zuten antzo.<\/p>\n<p><span class=\"eventoanyo\">1986ko<\/span><br \/>\n<span class=\"eventomes\"> urriaren 3a<\/span><br \/>\nAntzokia kudeatzeko Arriaga antzokiko jarduera kulturalen zentroa udaleko sozietate anonimoa sortu zen.<\/p>\n<p><span class=\"eventoanyo\">1986<\/span><br \/>\n<span class=\"eventomes\"> abenduaren 5a<\/span><br \/>\nLanak bukatu ondoren, antzokia berriro ireki zen.<\/p>\n<p><span class=\"eventoanyo\">1990<\/span><br \/>\n<span class=\"eventomes\"> maiatzaren 31<\/span><br \/>\nArriaga antzokiak ehun urte bete zituen.<\/p>\n<\/div>\n<\/div>\n","protected":false},"excerpt":{"rendered":"XIV-XV m Dokumentatutako lehenengo mimoak, eresiak eta auto sakramentalak antzeztu ziren hirian. 1779 \u2013 1816 Ronda kalean arte eszenikoetarako soilik balio zuen lokala ireki zen, baina sute batek suntsitu zuen. 1834 \u2013 1886 Hiriko antzokia ireki zen Areatzan. 52 urte igaro ondoren, eraikina egoera txarrarengatik itxi eta bota zuten. 1882 Hiriko antzokia zutik zegoelarik, eraikuntza [&hellip;]<div class=\"clearfix\"><\/div>","protected":false},"author":10,"featured_media":6253,"parent":0,"menu_order":0,"comment_status":"closed","ping_status":"closed","template":"","meta":{"_acf_changed":false,"footnotes":""},"class_list":["post-2067","page","type-page","status-publish","has-post-thumbnail","hentry"],"acf":[],"yoast_head":"<!-- This site is optimized with the Yoast SEO plugin v27.6 - https:\/\/yoast.com\/product\/yoast-seo-wordpress\/ -->\n<title>Kronologia - Teatro Arriaga Antzokia<\/title>\n<meta name=\"robots\" content=\"index, follow, max-snippet:-1, max-image-preview:large, max-video-preview:-1\" \/>\n<link rel=\"canonical\" href=\"https:\/\/www.citaprevia-teatroarriaga.eus\/?page_id=37\" \/>\n<meta property=\"og:locale\" content=\"en_US\" \/>\n<meta property=\"og:type\" content=\"article\" \/>\n<meta property=\"og:title\" content=\"Kronologia - Teatro Arriaga Antzokia\" \/>\n<meta property=\"og:description\" content=\"XIV-XV m Dokumentatutako lehenengo mimoak, eresiak eta auto sakramentalak antzeztu ziren hirian. 1779 \u2013 1816 Ronda kalean arte eszenikoetarako soilik balio zuen lokala ireki zen, baina sute batek suntsitu zuen. 1834 \u2013 1886 Hiriko antzokia ireki zen Areatzan. 52 urte igaro ondoren, eraikina egoera txarrarengatik itxi eta bota zuten. 1882 Hiriko antzokia zutik zegoelarik, eraikuntza [&hellip;]\" \/>\n<meta property=\"og:url\" content=\"https:\/\/www.citaprevia-teatroarriaga.eus\/?page_id=37\" \/>\n<meta property=\"og:site_name\" content=\"Teatro Arriaga Antzokia\" \/>\n<meta property=\"article:modified_time\" content=\"2019-06-05T10:16:52+00:00\" \/>\n<meta property=\"og:image\" content=\"https:\/\/www.citaprevia-teatroarriaga.eus\/wp-content\/uploads\/2016\/02\/Foto_cabecera_cronologia_byn1800.jpg\" \/>\n\t<meta property=\"og:image:width\" content=\"1800\" \/>\n\t<meta property=\"og:image:height\" content=\"800\" \/>\n\t<meta property=\"og:image:type\" content=\"image\/jpeg\" \/>\n<meta name=\"twitter:card\" content=\"summary_large_image\" \/>\n<meta name=\"twitter:label1\" content=\"Est. reading time\" \/>\n\t<meta name=\"twitter:data1\" content=\"2 minutes\" \/>\n<script type=\"application\/ld+json\" class=\"yoast-schema-graph\">{\"@context\":\"https:\\\/\\\/schema.org\",\"@graph\":[{\"@type\":\"WebPage\",\"@id\":\"https:\\\/\\\/www.citaprevia-teatroarriaga.eus\\\/?page_id=37\",\"url\":\"https:\\\/\\\/www.citaprevia-teatroarriaga.eus\\\/?page_id=37\",\"name\":\"Kronologia - Teatro Arriaga Antzokia\",\"isPartOf\":{\"@id\":\"https:\\\/\\\/www.citaprevia-teatroarriaga.eus\\\/#website\"},\"primaryImageOfPage\":{\"@id\":\"https:\\\/\\\/www.citaprevia-teatroarriaga.eus\\\/?page_id=37#primaryimage\"},\"image\":{\"@id\":\"https:\\\/\\\/www.citaprevia-teatroarriaga.eus\\\/?page_id=37#primaryimage\"},\"thumbnailUrl\":\"https:\\\/\\\/www.citaprevia-teatroarriaga.eus\\\/wp-content\\\/uploads\\\/2016\\\/02\\\/Foto_cabecera_cronologia_byn1800.jpg\",\"datePublished\":\"2016-02-12T01:26:27+00:00\",\"dateModified\":\"2019-06-05T10:16:52+00:00\",\"breadcrumb\":{\"@id\":\"https:\\\/\\\/www.citaprevia-teatroarriaga.eus\\\/?page_id=37#breadcrumb\"},\"inLanguage\":\"eu-EU\",\"potentialAction\":[{\"@type\":\"ReadAction\",\"target\":[\"https:\\\/\\\/www.citaprevia-teatroarriaga.eus\\\/?page_id=37\"]}]},{\"@type\":\"ImageObject\",\"inLanguage\":\"eu-EU\",\"@id\":\"https:\\\/\\\/www.citaprevia-teatroarriaga.eus\\\/?page_id=37#primaryimage\",\"url\":\"https:\\\/\\\/www.citaprevia-teatroarriaga.eus\\\/wp-content\\\/uploads\\\/2016\\\/02\\\/Foto_cabecera_cronologia_byn1800.jpg\",\"contentUrl\":\"https:\\\/\\\/www.citaprevia-teatroarriaga.eus\\\/wp-content\\\/uploads\\\/2016\\\/02\\\/Foto_cabecera_cronologia_byn1800.jpg\",\"width\":1800,\"height\":800},{\"@type\":\"BreadcrumbList\",\"@id\":\"https:\\\/\\\/www.citaprevia-teatroarriaga.eus\\\/?page_id=37#breadcrumb\",\"itemListElement\":[{\"@type\":\"ListItem\",\"position\":1,\"name\":\"Portada\",\"item\":\"https:\\\/\\\/www.citaprevia-teatroarriaga.eus\\\/\"},{\"@type\":\"ListItem\",\"position\":2,\"name\":\"Kronologia\"}]},{\"@type\":\"WebSite\",\"@id\":\"https:\\\/\\\/www.citaprevia-teatroarriaga.eus\\\/#website\",\"url\":\"https:\\\/\\\/www.citaprevia-teatroarriaga.eus\\\/\",\"name\":\"Teatro Arriaga Antzokia\",\"description\":\"Sitio web oficial del Teatro. Programaci\u00f3n y venta de entradas para espect\u00e1culos. Teatro, danza, conciertos, \u00f3pera.  Edificio emblem\u00e1tico de Bilbao\",\"potentialAction\":[{\"@type\":\"SearchAction\",\"target\":{\"@type\":\"EntryPoint\",\"urlTemplate\":\"https:\\\/\\\/www.citaprevia-teatroarriaga.eus\\\/?s={search_term_string}\"},\"query-input\":{\"@type\":\"PropertyValueSpecification\",\"valueRequired\":true,\"valueName\":\"search_term_string\"}}],\"inLanguage\":\"eu-EU\"}]}<\/script>\n<!-- \/ Yoast SEO plugin. -->","yoast_head_json":{"title":"Kronologia - Teatro Arriaga Antzokia","robots":{"index":"index","follow":"follow","max-snippet":"max-snippet:-1","max-image-preview":"max-image-preview:large","max-video-preview":"max-video-preview:-1"},"canonical":"https:\/\/www.citaprevia-teatroarriaga.eus\/?page_id=37","og_locale":"en_US","og_type":"article","og_title":"Kronologia - Teatro Arriaga Antzokia","og_description":"XIV-XV m Dokumentatutako lehenengo mimoak, eresiak eta auto sakramentalak antzeztu ziren hirian. 1779 \u2013 1816 Ronda kalean arte eszenikoetarako soilik balio zuen lokala ireki zen, baina sute batek suntsitu zuen. 1834 \u2013 1886 Hiriko antzokia ireki zen Areatzan. 52 urte igaro ondoren, eraikina egoera txarrarengatik itxi eta bota zuten. 1882 Hiriko antzokia zutik zegoelarik, eraikuntza [&hellip;]","og_url":"https:\/\/www.citaprevia-teatroarriaga.eus\/?page_id=37","og_site_name":"Teatro Arriaga Antzokia","article_modified_time":"2019-06-05T10:16:52+00:00","og_image":[{"width":1800,"height":800,"url":"https:\/\/www.citaprevia-teatroarriaga.eus\/wp-content\/uploads\/2016\/02\/Foto_cabecera_cronologia_byn1800.jpg","type":"image\/jpeg"}],"twitter_card":"summary_large_image","twitter_misc":{"Est. reading time":"2 minutes"},"schema":{"@context":"https:\/\/schema.org","@graph":[{"@type":"WebPage","@id":"https:\/\/www.citaprevia-teatroarriaga.eus\/?page_id=37","url":"https:\/\/www.citaprevia-teatroarriaga.eus\/?page_id=37","name":"Kronologia - Teatro Arriaga Antzokia","isPartOf":{"@id":"https:\/\/www.citaprevia-teatroarriaga.eus\/#website"},"primaryImageOfPage":{"@id":"https:\/\/www.citaprevia-teatroarriaga.eus\/?page_id=37#primaryimage"},"image":{"@id":"https:\/\/www.citaprevia-teatroarriaga.eus\/?page_id=37#primaryimage"},"thumbnailUrl":"https:\/\/www.citaprevia-teatroarriaga.eus\/wp-content\/uploads\/2016\/02\/Foto_cabecera_cronologia_byn1800.jpg","datePublished":"2016-02-12T01:26:27+00:00","dateModified":"2019-06-05T10:16:52+00:00","breadcrumb":{"@id":"https:\/\/www.citaprevia-teatroarriaga.eus\/?page_id=37#breadcrumb"},"inLanguage":"eu-EU","potentialAction":[{"@type":"ReadAction","target":["https:\/\/www.citaprevia-teatroarriaga.eus\/?page_id=37"]}]},{"@type":"ImageObject","inLanguage":"eu-EU","@id":"https:\/\/www.citaprevia-teatroarriaga.eus\/?page_id=37#primaryimage","url":"https:\/\/www.citaprevia-teatroarriaga.eus\/wp-content\/uploads\/2016\/02\/Foto_cabecera_cronologia_byn1800.jpg","contentUrl":"https:\/\/www.citaprevia-teatroarriaga.eus\/wp-content\/uploads\/2016\/02\/Foto_cabecera_cronologia_byn1800.jpg","width":1800,"height":800},{"@type":"BreadcrumbList","@id":"https:\/\/www.citaprevia-teatroarriaga.eus\/?page_id=37#breadcrumb","itemListElement":[{"@type":"ListItem","position":1,"name":"Portada","item":"https:\/\/www.citaprevia-teatroarriaga.eus\/"},{"@type":"ListItem","position":2,"name":"Kronologia"}]},{"@type":"WebSite","@id":"https:\/\/www.citaprevia-teatroarriaga.eus\/#website","url":"https:\/\/www.citaprevia-teatroarriaga.eus\/","name":"Teatro Arriaga Antzokia","description":"Sitio web oficial del Teatro. Programaci\u00f3n y venta de entradas para espect\u00e1culos. Teatro, danza, conciertos, \u00f3pera.  Edificio emblem\u00e1tico de Bilbao","potentialAction":[{"@type":"SearchAction","target":{"@type":"EntryPoint","urlTemplate":"https:\/\/www.citaprevia-teatroarriaga.eus\/?s={search_term_string}"},"query-input":{"@type":"PropertyValueSpecification","valueRequired":true,"valueName":"search_term_string"}}],"inLanguage":"eu-EU"}]}},"_links":{"self":[{"href":"https:\/\/www.citaprevia-teatroarriaga.eus\/eu\/wp-json\/wp\/v2\/pages\/2067","targetHints":{"allow":["GET"]}}],"collection":[{"href":"https:\/\/www.citaprevia-teatroarriaga.eus\/eu\/wp-json\/wp\/v2\/pages"}],"about":[{"href":"https:\/\/www.citaprevia-teatroarriaga.eus\/eu\/wp-json\/wp\/v2\/types\/page"}],"author":[{"embeddable":true,"href":"https:\/\/www.citaprevia-teatroarriaga.eus\/eu\/wp-json\/wp\/v2\/users\/10"}],"replies":[{"embeddable":true,"href":"https:\/\/www.citaprevia-teatroarriaga.eus\/eu\/wp-json\/wp\/v2\/comments?post=2067"}],"version-history":[{"count":0,"href":"https:\/\/www.citaprevia-teatroarriaga.eus\/eu\/wp-json\/wp\/v2\/pages\/2067\/revisions"}],"wp:featuredmedia":[{"embeddable":true,"href":"https:\/\/www.citaprevia-teatroarriaga.eus\/eu\/wp-json\/wp\/v2\/media\/6253"}],"wp:attachment":[{"href":"https:\/\/www.citaprevia-teatroarriaga.eus\/eu\/wp-json\/wp\/v2\/media?parent=2067"}],"curies":[{"name":"wp","href":"https:\/\/api.w.org\/{rel}","templated":true}]}}