{"id":2064,"date":"2016-02-12T04:53:36","date_gmt":"2016-02-12T03:53:36","guid":{"rendered":"http:\/\/www.citaprevia-teatroarriaga.eus\/quienes-somos\/?lang=eu"},"modified":"2026-01-16T10:15:05","modified_gmt":"2026-01-16T09:15:05","slug":"quienes-somos","status":"publish","type":"page","link":"https:\/\/www.citaprevia-teatroarriaga.eus\/eu\/quienes-somos\/","title":{"rendered":"Nor gara"},"content":{"rendered":"<p>&nbsp;<\/p>\n<div class=\"col-sm-6\">\n<h5>ADMINISTRAZIO BATZORDEA<\/h5>\n<p><strong>Presidentea<\/strong> Gonzalo Olabarria Villota<br \/>\n<strong>Presidenteordea<\/strong> Itziar Urtasun Jimeno<br \/>\n<strong>Kontzeiaria<\/strong> Marta Ajuria Arribas<br \/>\n<strong>Kontzeiaria<\/strong> Nora Abete Garc\u00eda<br \/>\n<strong>Kontzeiaria<\/strong> Garazi Perea Prego<br \/>\n<strong>Kontzeiaria<\/strong> Javier Caballero Honorato<br \/>\n<strong>Kontzeiaria<\/strong> In\u00e9s Nerea Llanos G\u00f3mez<br \/>\n<strong>Kontzeiaria<\/strong> Joseba Jauregi Urresti<br \/>\n<strong>Kontzeiaria<\/strong> Nekane Alonso Santamaria<br \/>\n<strong>Kontzeiaria<\/strong> I\u00f1aki L\u00f3pez de Aguileta D\u00edaz<br \/>\n<strong>Kontzeiaria<\/strong> Lorenzo Delgado Vicente<br \/>\n<b>Idazkaria <\/b>I\u00f1igo Villate Carrasco<\/p>\n<p>&nbsp;<\/p>\n<h5>ZUZENDARITZA<\/h5>\n<p><strong>Zuzendari Artistikoa<\/strong> <a href=\"https:\/\/www.citaprevia-teatroarriaga.eus\/calixto-bieito\/?lang=eu\" rel=\"noopener\" target=\"_blank\">Calixto Bieito<\/a><br \/>\n<strong>Zuzendari Nagusia<\/strong> Jos\u00e9 Ignacio Malaina S\u00e1nchez<\/p>\n<p>&nbsp;<\/p>\n<h5>PROGRAMAZIOA EKOIZPENA<\/h5>\n<p><strong>Programazio Zuzendaria<\/strong> Nahikari Aretxederra Olabarri<br \/>\n<strong>Programazio Koordinatzailea<\/strong> Irene Prieto Jim\u00e9nez<br \/>\n<strong>Programazio Teknikaria<\/strong> Javier Pe\u00f1as Pe\u00f1as<br \/>\n<strong>Programazio Teknikaria<\/strong> Eider Gil Lauzirika<\/p>\n<p>&nbsp;<\/p>\n<h5>KANPO-HARREMANAK ETA KOKAPENA<\/h5>\n<p><strong>Areto burua<\/strong> Izaskun Ardanaz Acha<br \/>\n<strong>Areto buruaren laguntzailea<\/strong> Jos\u00e9 Manuel S\u00e1nchez San Juan<br \/>\n<strong>Harreman Publiko eta Instituzionalak<\/strong> Jose Bonilla Delgado (Jotamas eventos)<br \/>\n<strong>Nazioarteratzeko Bulegoa<\/strong> Raquel Castells Cabestrero (aholkularia)<br \/>\n&nbsp;<\/p>\n<h5>PRENTSA BULEGOA<\/h5>\n<p><strong>Arduraduna<\/strong> Jon Rozadilla Urrutia<\/p>\n<p>&nbsp;<\/p>\n<h5>ADMINISTRAZIOA<\/h5>\n<p><strong>Administrazioko Arduraduna <\/strong>Jes\u00fas M\u00aa Rico Hern\u00e1ndez<br \/>\n<strong>Giza Baliabideetarako Administrari Teknikoa<\/strong> Hiart Laka Goitia<br \/>\n<strong>Administrazio Orokorreko Teknikaria<\/strong> Amaya L\u00f3pez Abad<\/p>\n<\/div>\n<div class=\"col-sm-6\">\n<h5>TXARTEL-LEIHATILA ETA INFORMAZIO BULEGOA<\/h5>\n<p><strong>Txarteldegiaren Arduraduna<\/strong> Jon Bara\u00f1ano Iradier<br \/>\n<strong>Informazio Bulegoko Teknikaria<\/strong> Fernando Seisas L\u00f3pez<\/p>\n<p>&nbsp;<\/p>\n<h5>TEKNIKO SAILA<\/h5>\n<p><strong>Eszenatokiko zuzendari teknikoa<\/strong> Alberto Guti\u00e9rrez Campo<br \/>\n<strong>Mantentze-lanetako zuzendari teknikoa<\/strong> Javier Iturrioz Uriondo<br \/>\n<strong>Errejidorea<\/strong> Joseba Erkiaga Cilloniz<br \/>\n<strong>Errejidorea<\/strong> Javier Bergara Aretxabaleta<br \/>\n<strong>Eszenatoki burua<\/strong> Juan Resines Morr\u00e1s<br \/>\n<strong>Jostundegiko Arduraduna<\/strong> Oscar Armend\u00e1riz Lucarini<br \/>\n<strong>Zuzendari Tekniko Laguntzailea<\/strong> Jos\u00e9 Antonio Becerra<br \/>\n<strong>Argiketaria<\/strong> \u00c1ngel M\u00aa Alonso Garc\u00eda<br \/>\n<strong>Argiketaria<\/strong> Gorka Ochoa Gorostizaga<br \/>\n<strong>Argiketaria<\/strong> Itziar Resano Igoa<br \/>\n<strong>Argiketaria<\/strong> Aranzazu Heredia D\u00edez<br \/>\n<strong>Argiketaria<\/strong> Mikel Garc\u00eda Aranguiz<br \/>\n<strong>Argiketaria<\/strong> Jon Mentxakatorre Molpeceres<br \/>\n<strong>Argiketariaren Laguntzailea<\/strong> Arantza Flores Bengoetxea<br \/>\n<strong>Argiketariaren Laguntzailea<\/strong> Txema Saez Larrauri<br \/>\n<strong>Argiketariaren Laguntzailea<\/strong> Ra\u00fal Sarmiento Garc\u00eda<br \/>\n<strong>Tramoiaria<\/strong> Gorka Garc\u00eda L\u00f3pez<br \/>\n<strong>Tramoiaria<\/strong> Ibon Andueza Elorza<br \/>\n<strong>Tramoiaria<\/strong> Germ\u00e1n Cund\u00edn P\u00e9rez<br \/>\n<strong>Tramoiaria<\/strong> Fco. Javier Izagirre Goikolea<br \/>\n<strong>Tramoiaria<\/strong> Joseba Urkizu Villalain<br \/>\n<strong>Tramoiarien Laguntzailea<\/strong> \u00d3scar C\u00e1ceres Garc\u00eda<br \/>\n<strong>Tramoiarien Laguntzailea<\/strong> Alfredo Marino Pascual<br \/>\n<strong>Tramoiarien Laguntzailea<\/strong> Javier Garc\u00eda San Vicente<br \/>\n<strong>Tramoiarien Laguntzailea<\/strong> I\u00f1aki Luna Sanz<br \/>\n<strong>Tramoiarien Laguntzailea<\/strong> Javier Arranz Romero<br \/>\n<strong>Tramoiarien Laguntzailea<\/strong> Urko Bara\u00f1ano Marcano<\/p>\n<p>&nbsp;<\/p>\n<h5>ZINEBI<\/h5>\n<p><strong>Zuzendaria<\/strong> Joseba Lopezortega Aguirre<br \/>\n<strong>Zinema Jaialdiko Idazkaria Orokorra<\/strong> In\u00e9s Intxausti Garmendia<br \/>\n<strong>Programazio Teknikaria<\/strong> Rub\u00e9n Corral Gimenez<br \/>\n<strong>Programazio Teknikari-laguntzailea<\/strong> Cristina Ezkerra Campos<\/p>\n<p>&nbsp;<\/p>\n<h5>MUSIKA MUSICA, BAS, GAU ZURIA<\/h5>\n<p><strong>Zuzendaria<\/strong> Bego\u00f1a Escribano Mendia<br \/>\n<strong>Programazio Teknikaria<\/strong> Leire Zorrozua Iturriaga<br \/>\n<strong>Programazio Administrazio-laguntzailea<\/strong> Naia G\u00f3mez Llanos<\/p>\n<\/div>\n","protected":false},"excerpt":{"rendered":"&nbsp; ADMINISTRAZIO BATZORDEA Presidentea Gonzalo Olabarria Villota Presidenteordea Itziar Urtasun Jimeno Kontzeiaria Marta Ajuria Arribas Kontzeiaria Nora Abete Garc\u00eda Kontzeiaria Garazi Perea Prego Kontzeiaria Javier Caballero Honorato Kontzeiaria In\u00e9s Nerea Llanos G\u00f3mez Kontzeiaria Joseba Jauregi Urresti Kontzeiaria Nekane Alonso Santamaria Kontzeiaria I\u00f1aki L\u00f3pez de Aguileta D\u00edaz Kontzeiaria Lorenzo Delgado Vicente Idazkaria I\u00f1igo Villate Carrasco &nbsp; [&hellip;]<div class=\"clearfix\"><\/div>","protected":false},"author":10,"featured_media":6213,"parent":0,"menu_order":0,"comment_status":"closed","ping_status":"closed","template":"templates\/template-quienes-somos.php","meta":{"_acf_changed":false,"footnotes":""},"class_list":["post-2064","page","type-page","status-publish","has-post-thumbnail","hentry"],"acf":[],"yoast_head":"<!-- This site is optimized with the Yoast SEO plugin v27.6 - https:\/\/yoast.com\/product\/yoast-seo-wordpress\/ -->\n<title>Nor gara - Teatro Arriaga Antzokia<\/title>\n<meta name=\"robots\" content=\"index, follow, max-snippet:-1, max-image-preview:large, max-video-preview:-1\" \/>\n<link rel=\"canonical\" href=\"https:\/\/www.citaprevia-teatroarriaga.eus\/?page_id=41\" \/>\n<meta property=\"og:locale\" content=\"en_US\" \/>\n<meta property=\"og:type\" content=\"article\" \/>\n<meta property=\"og:title\" content=\"Nor gara - Teatro Arriaga Antzokia\" \/>\n<meta property=\"og:description\" content=\"&nbsp; ADMINISTRAZIO BATZORDEA Presidentea Gonzalo Olabarria Villota Presidenteordea Itziar Urtasun Jimeno Kontzeiaria Marta Ajuria Arribas Kontzeiaria Nora Abete Garc\u00eda Kontzeiaria Garazi Perea Prego Kontzeiaria Javier Caballero Honorato Kontzeiaria In\u00e9s Nerea Llanos G\u00f3mez Kontzeiaria Joseba Jauregi Urresti Kontzeiaria Nekane Alonso Santamaria Kontzeiaria I\u00f1aki L\u00f3pez de Aguileta D\u00edaz Kontzeiaria Lorenzo Delgado Vicente Idazkaria I\u00f1igo Villate Carrasco &nbsp; [&hellip;]\" \/>\n<meta property=\"og:url\" content=\"https:\/\/www.citaprevia-teatroarriaga.eus\/?page_id=41\" \/>\n<meta property=\"og:site_name\" content=\"Teatro Arriaga Antzokia\" \/>\n<meta property=\"article:modified_time\" content=\"2026-01-16T09:15:05+00:00\" \/>\n<meta property=\"og:image\" content=\"https:\/\/www.citaprevia-teatroarriaga.eus\/wp-content\/uploads\/2016\/02\/Submenu_quiene_-somos_byn1800.jpg\" \/>\n\t<meta property=\"og:image:width\" content=\"1800\" \/>\n\t<meta property=\"og:image:height\" content=\"800\" \/>\n\t<meta property=\"og:image:type\" content=\"image\/jpeg\" \/>\n<meta name=\"twitter:card\" content=\"summary_large_image\" \/>\n<meta name=\"twitter:label1\" content=\"Est. reading time\" \/>\n\t<meta name=\"twitter:data1\" content=\"2 minutes\" \/>\n<script type=\"application\/ld+json\" class=\"yoast-schema-graph\">{\"@context\":\"https:\\\/\\\/schema.org\",\"@graph\":[{\"@type\":\"WebPage\",\"@id\":\"https:\\\/\\\/www.citaprevia-teatroarriaga.eus\\\/?page_id=41\",\"url\":\"https:\\\/\\\/www.citaprevia-teatroarriaga.eus\\\/?page_id=41\",\"name\":\"Nor gara - Teatro Arriaga Antzokia\",\"isPartOf\":{\"@id\":\"https:\\\/\\\/www.citaprevia-teatroarriaga.eus\\\/#website\"},\"primaryImageOfPage\":{\"@id\":\"https:\\\/\\\/www.citaprevia-teatroarriaga.eus\\\/?page_id=41#primaryimage\"},\"image\":{\"@id\":\"https:\\\/\\\/www.citaprevia-teatroarriaga.eus\\\/?page_id=41#primaryimage\"},\"thumbnailUrl\":\"https:\\\/\\\/www.citaprevia-teatroarriaga.eus\\\/wp-content\\\/uploads\\\/2016\\\/02\\\/Submenu_quiene_-somos_byn1800.jpg\",\"datePublished\":\"2016-02-12T03:53:36+00:00\",\"dateModified\":\"2026-01-16T09:15:05+00:00\",\"breadcrumb\":{\"@id\":\"https:\\\/\\\/www.citaprevia-teatroarriaga.eus\\\/?page_id=41#breadcrumb\"},\"inLanguage\":\"eu-EU\",\"potentialAction\":[{\"@type\":\"ReadAction\",\"target\":[\"https:\\\/\\\/www.citaprevia-teatroarriaga.eus\\\/?page_id=41\"]}]},{\"@type\":\"ImageObject\",\"inLanguage\":\"eu-EU\",\"@id\":\"https:\\\/\\\/www.citaprevia-teatroarriaga.eus\\\/?page_id=41#primaryimage\",\"url\":\"https:\\\/\\\/www.citaprevia-teatroarriaga.eus\\\/wp-content\\\/uploads\\\/2016\\\/02\\\/Submenu_quiene_-somos_byn1800.jpg\",\"contentUrl\":\"https:\\\/\\\/www.citaprevia-teatroarriaga.eus\\\/wp-content\\\/uploads\\\/2016\\\/02\\\/Submenu_quiene_-somos_byn1800.jpg\",\"width\":1800,\"height\":800},{\"@type\":\"BreadcrumbList\",\"@id\":\"https:\\\/\\\/www.citaprevia-teatroarriaga.eus\\\/?page_id=41#breadcrumb\",\"itemListElement\":[{\"@type\":\"ListItem\",\"position\":1,\"name\":\"Portada\",\"item\":\"https:\\\/\\\/www.citaprevia-teatroarriaga.eus\\\/\"},{\"@type\":\"ListItem\",\"position\":2,\"name\":\"Nor gara\"}]},{\"@type\":\"WebSite\",\"@id\":\"https:\\\/\\\/www.citaprevia-teatroarriaga.eus\\\/#website\",\"url\":\"https:\\\/\\\/www.citaprevia-teatroarriaga.eus\\\/\",\"name\":\"Teatro Arriaga Antzokia\",\"description\":\"Sitio web oficial del Teatro. Programaci\u00f3n y venta de entradas para espect\u00e1culos. Teatro, danza, conciertos, \u00f3pera.  Edificio emblem\u00e1tico de Bilbao\",\"potentialAction\":[{\"@type\":\"SearchAction\",\"target\":{\"@type\":\"EntryPoint\",\"urlTemplate\":\"https:\\\/\\\/www.citaprevia-teatroarriaga.eus\\\/?s={search_term_string}\"},\"query-input\":{\"@type\":\"PropertyValueSpecification\",\"valueRequired\":true,\"valueName\":\"search_term_string\"}}],\"inLanguage\":\"eu-EU\"}]}<\/script>\n<!-- \/ Yoast SEO plugin. -->","yoast_head_json":{"title":"Nor gara - Teatro Arriaga Antzokia","robots":{"index":"index","follow":"follow","max-snippet":"max-snippet:-1","max-image-preview":"max-image-preview:large","max-video-preview":"max-video-preview:-1"},"canonical":"https:\/\/www.citaprevia-teatroarriaga.eus\/?page_id=41","og_locale":"en_US","og_type":"article","og_title":"Nor gara - Teatro Arriaga Antzokia","og_description":"&nbsp; ADMINISTRAZIO BATZORDEA Presidentea Gonzalo Olabarria Villota Presidenteordea Itziar Urtasun Jimeno Kontzeiaria Marta Ajuria Arribas Kontzeiaria Nora Abete Garc\u00eda Kontzeiaria Garazi Perea Prego Kontzeiaria Javier Caballero Honorato Kontzeiaria In\u00e9s Nerea Llanos G\u00f3mez Kontzeiaria Joseba Jauregi Urresti Kontzeiaria Nekane Alonso Santamaria Kontzeiaria I\u00f1aki L\u00f3pez de Aguileta D\u00edaz Kontzeiaria Lorenzo Delgado Vicente Idazkaria I\u00f1igo Villate Carrasco &nbsp; [&hellip;]","og_url":"https:\/\/www.citaprevia-teatroarriaga.eus\/?page_id=41","og_site_name":"Teatro Arriaga Antzokia","article_modified_time":"2026-01-16T09:15:05+00:00","og_image":[{"width":1800,"height":800,"url":"https:\/\/www.citaprevia-teatroarriaga.eus\/wp-content\/uploads\/2016\/02\/Submenu_quiene_-somos_byn1800.jpg","type":"image\/jpeg"}],"twitter_card":"summary_large_image","twitter_misc":{"Est. reading time":"2 minutes"},"schema":{"@context":"https:\/\/schema.org","@graph":[{"@type":"WebPage","@id":"https:\/\/www.citaprevia-teatroarriaga.eus\/?page_id=41","url":"https:\/\/www.citaprevia-teatroarriaga.eus\/?page_id=41","name":"Nor gara - Teatro Arriaga Antzokia","isPartOf":{"@id":"https:\/\/www.citaprevia-teatroarriaga.eus\/#website"},"primaryImageOfPage":{"@id":"https:\/\/www.citaprevia-teatroarriaga.eus\/?page_id=41#primaryimage"},"image":{"@id":"https:\/\/www.citaprevia-teatroarriaga.eus\/?page_id=41#primaryimage"},"thumbnailUrl":"https:\/\/www.citaprevia-teatroarriaga.eus\/wp-content\/uploads\/2016\/02\/Submenu_quiene_-somos_byn1800.jpg","datePublished":"2016-02-12T03:53:36+00:00","dateModified":"2026-01-16T09:15:05+00:00","breadcrumb":{"@id":"https:\/\/www.citaprevia-teatroarriaga.eus\/?page_id=41#breadcrumb"},"inLanguage":"eu-EU","potentialAction":[{"@type":"ReadAction","target":["https:\/\/www.citaprevia-teatroarriaga.eus\/?page_id=41"]}]},{"@type":"ImageObject","inLanguage":"eu-EU","@id":"https:\/\/www.citaprevia-teatroarriaga.eus\/?page_id=41#primaryimage","url":"https:\/\/www.citaprevia-teatroarriaga.eus\/wp-content\/uploads\/2016\/02\/Submenu_quiene_-somos_byn1800.jpg","contentUrl":"https:\/\/www.citaprevia-teatroarriaga.eus\/wp-content\/uploads\/2016\/02\/Submenu_quiene_-somos_byn1800.jpg","width":1800,"height":800},{"@type":"BreadcrumbList","@id":"https:\/\/www.citaprevia-teatroarriaga.eus\/?page_id=41#breadcrumb","itemListElement":[{"@type":"ListItem","position":1,"name":"Portada","item":"https:\/\/www.citaprevia-teatroarriaga.eus\/"},{"@type":"ListItem","position":2,"name":"Nor gara"}]},{"@type":"WebSite","@id":"https:\/\/www.citaprevia-teatroarriaga.eus\/#website","url":"https:\/\/www.citaprevia-teatroarriaga.eus\/","name":"Teatro Arriaga Antzokia","description":"Sitio web oficial del Teatro. Programaci\u00f3n y venta de entradas para espect\u00e1culos. Teatro, danza, conciertos, \u00f3pera.  Edificio emblem\u00e1tico de Bilbao","potentialAction":[{"@type":"SearchAction","target":{"@type":"EntryPoint","urlTemplate":"https:\/\/www.citaprevia-teatroarriaga.eus\/?s={search_term_string}"},"query-input":{"@type":"PropertyValueSpecification","valueRequired":true,"valueName":"search_term_string"}}],"inLanguage":"eu-EU"}]}},"_links":{"self":[{"href":"https:\/\/www.citaprevia-teatroarriaga.eus\/eu\/wp-json\/wp\/v2\/pages\/2064","targetHints":{"allow":["GET"]}}],"collection":[{"href":"https:\/\/www.citaprevia-teatroarriaga.eus\/eu\/wp-json\/wp\/v2\/pages"}],"about":[{"href":"https:\/\/www.citaprevia-teatroarriaga.eus\/eu\/wp-json\/wp\/v2\/types\/page"}],"author":[{"embeddable":true,"href":"https:\/\/www.citaprevia-teatroarriaga.eus\/eu\/wp-json\/wp\/v2\/users\/10"}],"replies":[{"embeddable":true,"href":"https:\/\/www.citaprevia-teatroarriaga.eus\/eu\/wp-json\/wp\/v2\/comments?post=2064"}],"version-history":[{"count":1,"href":"https:\/\/www.citaprevia-teatroarriaga.eus\/eu\/wp-json\/wp\/v2\/pages\/2064\/revisions"}],"predecessor-version":[{"id":47776,"href":"https:\/\/www.citaprevia-teatroarriaga.eus\/eu\/wp-json\/wp\/v2\/pages\/2064\/revisions\/47776"}],"wp:featuredmedia":[{"embeddable":true,"href":"https:\/\/www.citaprevia-teatroarriaga.eus\/eu\/wp-json\/wp\/v2\/media\/6213"}],"wp:attachment":[{"href":"https:\/\/www.citaprevia-teatroarriaga.eus\/eu\/wp-json\/wp\/v2\/media?parent=2064"}],"curies":[{"name":"wp","href":"https:\/\/api.w.org\/{rel}","templated":true}]}}