{"id":2059,"date":"2016-02-21T21:59:29","date_gmt":"2016-02-21T20:59:29","guid":{"rendered":"http:\/\/www.citaprevia-teatroarriaga.eus\/servicios-generales-2\/?lang=eu"},"modified":"2016-05-02T14:15:00","modified_gmt":"2016-05-02T12:15:00","slug":"servicios-generales","status":"publish","type":"page","link":"https:\/\/www.citaprevia-teatroarriaga.eus\/eu\/servicios-generales\/","title":{"rendered":"Servicios generales"},"content":{"rendered":"<div class=\"ow-content\">\n<div class=\"col-sm-7 col-md-8 left-col wl-pa-top-md wl-pa-bottom-lg\">\n<p class=\"highlight wl-ma-bottom-md\"><b>SERVICIOS DE GUARDARROPA<br \/>\n<\/b><\/p>\n<p style=\"text-align: left;\">El guardarropa del teatro est\u00e1 situado en la entreplanta del Hall al Foyer. Es un servicio gratuito. Se ruega dejar en el guardarropa las prendas de abrigo, paraguas, bolsas o mochilas, aparatos fotogr\u00e1ficos, de audio y v\u00eddeo, etc.<\/p>\n<hr class=\"ow-content-separator\" \/>\n<p class=\"highlight wl-ma-bottom-md\"><b>DISCAPACITADOS EN SILLAS DE RUEDAS<br \/>\n<\/b><\/p>\n<p style=\"text-align: left;\">El teatro dispone de acceso y un espacio reservado para discapacitados en sillas de ruedas en todos los espect\u00e1culos.<\/p>\n<hr class=\"ow-content-separator\" \/>\n<p class=\"highlight wl-ma-bottom-md\"><b>P\u00daBLICO INFANTIL<br \/>\n<\/b><\/p>\n<p style=\"text-align: left;\">Existen adaptadores de butacas para los m\u00e1s peque\u00f1os, que ser\u00e1n facilitados por el personal de Sala mediante su solicitud.<\/p>\n<hr class=\"ow-content-separator\" \/>\n<p class=\"highlight wl-ma-bottom-md\"><b>REVISTA Y PROGRAMA DE MANO<br \/>\n<\/b><\/p>\n<p style=\"text-align: left;\">La revista de programaci\u00f3n semestral y los programas de mano de los espect\u00e1culos en euskera y castellano se pueden obtener gratuitamente en los diferentes espacios del teatro.<\/p>\n<hr class=\"ow-content-separator\" \/>\n<p class=\"highlight wl-ma-bottom-md\"><b>DURACI\u00d3N DE LAS REPRESENTACIONES<br \/>\n<\/b><\/p>\n<p style=\"text-align: left;\">La duraci\u00f3n de las funciones viene indicada en la entrada del teatro. La duraci\u00f3n estimada podr\u00e1 consultarla dos d\u00edas antes del estreno llamando al tel\u00e9fono de la <a href=\"tel:944792036\">Oficina de Informaci\u00f3n 94 479 20 36<\/a><\/p>\n<\/div>\n<div class=\"wl-cfix-xs visible-xs\"><\/div>\n<div class=\"col-sm-5 col-md-4 right-col\">\n<div class=\"ow-block\">\n<p class=\"highlight wl-ma-bottom-md\"><b>OBJETOS PERDIDOS<br \/>\n<\/b><\/p>\n<p style=\"text-align: left;\">Llamar al tel\u00e9fono de la Oficina de Informaci\u00f3n <a href=\"tel:944792036\">94 479 20 36<\/a> o contactar con el Jefe de Sala.<\/p>\n<\/div>\n<div class=\"ow-block\">\n<p class=\"highlight wl-ma-bottom-md\"><b>ALQUILER DE ESPACIOS<\/b><br \/>\n<span class=\"text-muted\">Espacios para alquilar<\/span><\/p>\n<p style=\"text-align: left;\">La Sala Principal<br \/>\nEl Foyer<br \/>\nHall principal<br \/>\nSala de reuniones<br \/>\nSala polivalente<\/p>\n<p style=\"text-align: left;\">Informaci\u00f3n en el apartado de Servicio de alquileres de \u00e9sta web o en el tel\u00e9fono <a href=\"tel:944792056\">94 479 20 56<\/a><\/p>\n<\/div>\n<div class=\"ow-block\">\n<p class=\"highlight wl-ma-bottom-md\"><b>SOBRETITULACI\u00d3N<br \/>\n<\/b><\/p>\n<p style=\"text-align: left;\">Aquellos espect\u00e1culos en idioma extranjero ser\u00e1n subtitulados mediante proyecci\u00f3n en sala.<\/p>\n<\/div>\n<div class=\"ow-block\">\n<p class=\"highlight wl-ma-bottom-md\"><b>SERVICIO DE BAR<br \/>\n<\/b><\/p>\n<p style=\"text-align: left;\">Servicio de bar en el ambig\u00fa del Foyer en aquellas funciones que tienen entreacto.<\/p>\n<\/div>\n<\/div>\n<\/div>\n","protected":false},"excerpt":{"rendered":"SERVICIOS DE GUARDARROPA El guardarropa del teatro est\u00e1 situado en la entreplanta del Hall al Foyer. Es un servicio gratuito. Se ruega dejar en el guardarropa las prendas de abrigo, paraguas, bolsas o mochilas, aparatos fotogr\u00e1ficos, de audio y v\u00eddeo, etc. DISCAPACITADOS EN SILLAS DE RUEDAS El teatro dispone de acceso y un espacio reservado [&hellip;]<div class=\"clearfix\"><\/div>","protected":false},"author":10,"featured_media":4070,"parent":0,"menu_order":0,"comment_status":"closed","ping_status":"closed","template":"","meta":{"_acf_changed":false,"footnotes":""},"class_list":["post-2059","page","type-page","status-publish","has-post-thumbnail","hentry"],"acf":[],"yoast_head":"<!-- This site is optimized with the Yoast SEO plugin v27.6 - https:\/\/yoast.com\/product\/yoast-seo-wordpress\/ -->\n<title>Servicios generales - Teatro Arriaga Antzokia<\/title>\n<meta name=\"robots\" content=\"index, follow, max-snippet:-1, max-image-preview:large, max-video-preview:-1\" \/>\n<link rel=\"canonical\" href=\"https:\/\/www.citaprevia-teatroarriaga.eus\/servicios-generales\/?lang=eu\" \/>\n<meta property=\"og:locale\" content=\"en_US\" \/>\n<meta property=\"og:type\" content=\"article\" \/>\n<meta property=\"og:title\" content=\"Servicios generales - Teatro Arriaga Antzokia\" \/>\n<meta property=\"og:description\" content=\"SERVICIOS DE GUARDARROPA El guardarropa del teatro est\u00e1 situado en la entreplanta del Hall al Foyer. Es un servicio gratuito. Se ruega dejar en el guardarropa las prendas de abrigo, paraguas, bolsas o mochilas, aparatos fotogr\u00e1ficos, de audio y v\u00eddeo, etc. DISCAPACITADOS EN SILLAS DE RUEDAS El teatro dispone de acceso y un espacio reservado [&hellip;]\" \/>\n<meta property=\"og:url\" content=\"https:\/\/www.citaprevia-teatroarriaga.eus\/servicios-generales\/?lang=eu\" \/>\n<meta property=\"og:site_name\" content=\"Teatro Arriaga Antzokia\" \/>\n<meta property=\"article:modified_time\" content=\"2016-05-02T12:15:00+00:00\" \/>\n<meta property=\"og:image\" content=\"https:\/\/www.citaprevia-teatroarriaga.eus\/wp-content\/uploads\/2016\/02\/img_cabecera19.jpg\" \/>\n\t<meta property=\"og:image:width\" content=\"999\" \/>\n\t<meta property=\"og:image:height\" content=\"375\" \/>\n\t<meta property=\"og:image:type\" content=\"image\/jpeg\" \/>\n<meta name=\"twitter:card\" content=\"summary_large_image\" \/>\n<meta name=\"twitter:label1\" content=\"Est. reading time\" \/>\n\t<meta name=\"twitter:data1\" content=\"1 minute\" \/>\n<script type=\"application\/ld+json\" class=\"yoast-schema-graph\">{\"@context\":\"https:\\\/\\\/schema.org\",\"@graph\":[{\"@type\":\"WebPage\",\"@id\":\"https:\\\/\\\/www.citaprevia-teatroarriaga.eus\\\/servicios-generales\\\/?lang=eu\",\"url\":\"https:\\\/\\\/www.citaprevia-teatroarriaga.eus\\\/servicios-generales\\\/?lang=eu\",\"name\":\"Servicios generales - Teatro Arriaga Antzokia\",\"isPartOf\":{\"@id\":\"https:\\\/\\\/www.citaprevia-teatroarriaga.eus\\\/#website\"},\"primaryImageOfPage\":{\"@id\":\"https:\\\/\\\/www.citaprevia-teatroarriaga.eus\\\/servicios-generales\\\/?lang=eu#primaryimage\"},\"image\":{\"@id\":\"https:\\\/\\\/www.citaprevia-teatroarriaga.eus\\\/servicios-generales\\\/?lang=eu#primaryimage\"},\"thumbnailUrl\":\"https:\\\/\\\/www.citaprevia-teatroarriaga.eus\\\/wp-content\\\/uploads\\\/2016\\\/02\\\/img_cabecera19.jpg\",\"datePublished\":\"2016-02-21T20:59:29+00:00\",\"dateModified\":\"2016-05-02T12:15:00+00:00\",\"breadcrumb\":{\"@id\":\"https:\\\/\\\/www.citaprevia-teatroarriaga.eus\\\/servicios-generales\\\/?lang=eu#breadcrumb\"},\"inLanguage\":\"eu-EU\",\"potentialAction\":[{\"@type\":\"ReadAction\",\"target\":[\"https:\\\/\\\/www.citaprevia-teatroarriaga.eus\\\/servicios-generales\\\/?lang=eu\"]}]},{\"@type\":\"ImageObject\",\"inLanguage\":\"eu-EU\",\"@id\":\"https:\\\/\\\/www.citaprevia-teatroarriaga.eus\\\/servicios-generales\\\/?lang=eu#primaryimage\",\"url\":\"https:\\\/\\\/www.citaprevia-teatroarriaga.eus\\\/wp-content\\\/uploads\\\/2016\\\/02\\\/img_cabecera19.jpg\",\"contentUrl\":\"https:\\\/\\\/www.citaprevia-teatroarriaga.eus\\\/wp-content\\\/uploads\\\/2016\\\/02\\\/img_cabecera19.jpg\",\"width\":999,\"height\":375},{\"@type\":\"BreadcrumbList\",\"@id\":\"https:\\\/\\\/www.citaprevia-teatroarriaga.eus\\\/servicios-generales\\\/?lang=eu#breadcrumb\",\"itemListElement\":[{\"@type\":\"ListItem\",\"position\":1,\"name\":\"Portada\",\"item\":\"https:\\\/\\\/www.citaprevia-teatroarriaga.eus\\\/\"},{\"@type\":\"ListItem\",\"position\":2,\"name\":\"Servicios generales\"}]},{\"@type\":\"WebSite\",\"@id\":\"https:\\\/\\\/www.citaprevia-teatroarriaga.eus\\\/#website\",\"url\":\"https:\\\/\\\/www.citaprevia-teatroarriaga.eus\\\/\",\"name\":\"Teatro Arriaga Antzokia\",\"description\":\"Sitio web oficial del Teatro. Programaci\u00f3n y venta de entradas para espect\u00e1culos. Teatro, danza, conciertos, \u00f3pera.  Edificio emblem\u00e1tico de Bilbao\",\"potentialAction\":[{\"@type\":\"SearchAction\",\"target\":{\"@type\":\"EntryPoint\",\"urlTemplate\":\"https:\\\/\\\/www.citaprevia-teatroarriaga.eus\\\/?s={search_term_string}\"},\"query-input\":{\"@type\":\"PropertyValueSpecification\",\"valueRequired\":true,\"valueName\":\"search_term_string\"}}],\"inLanguage\":\"eu-EU\"}]}<\/script>\n<!-- \/ Yoast SEO plugin. -->","yoast_head_json":{"title":"Servicios generales - Teatro Arriaga Antzokia","robots":{"index":"index","follow":"follow","max-snippet":"max-snippet:-1","max-image-preview":"max-image-preview:large","max-video-preview":"max-video-preview:-1"},"canonical":"https:\/\/www.citaprevia-teatroarriaga.eus\/servicios-generales\/?lang=eu","og_locale":"en_US","og_type":"article","og_title":"Servicios generales - Teatro Arriaga Antzokia","og_description":"SERVICIOS DE GUARDARROPA El guardarropa del teatro est\u00e1 situado en la entreplanta del Hall al Foyer. Es un servicio gratuito. Se ruega dejar en el guardarropa las prendas de abrigo, paraguas, bolsas o mochilas, aparatos fotogr\u00e1ficos, de audio y v\u00eddeo, etc. DISCAPACITADOS EN SILLAS DE RUEDAS El teatro dispone de acceso y un espacio reservado [&hellip;]","og_url":"https:\/\/www.citaprevia-teatroarriaga.eus\/servicios-generales\/?lang=eu","og_site_name":"Teatro Arriaga Antzokia","article_modified_time":"2016-05-02T12:15:00+00:00","og_image":[{"width":999,"height":375,"url":"https:\/\/www.citaprevia-teatroarriaga.eus\/wp-content\/uploads\/2016\/02\/img_cabecera19.jpg","type":"image\/jpeg"}],"twitter_card":"summary_large_image","twitter_misc":{"Est. reading time":"1 minute"},"schema":{"@context":"https:\/\/schema.org","@graph":[{"@type":"WebPage","@id":"https:\/\/www.citaprevia-teatroarriaga.eus\/servicios-generales\/?lang=eu","url":"https:\/\/www.citaprevia-teatroarriaga.eus\/servicios-generales\/?lang=eu","name":"Servicios generales - Teatro Arriaga Antzokia","isPartOf":{"@id":"https:\/\/www.citaprevia-teatroarriaga.eus\/#website"},"primaryImageOfPage":{"@id":"https:\/\/www.citaprevia-teatroarriaga.eus\/servicios-generales\/?lang=eu#primaryimage"},"image":{"@id":"https:\/\/www.citaprevia-teatroarriaga.eus\/servicios-generales\/?lang=eu#primaryimage"},"thumbnailUrl":"https:\/\/www.citaprevia-teatroarriaga.eus\/wp-content\/uploads\/2016\/02\/img_cabecera19.jpg","datePublished":"2016-02-21T20:59:29+00:00","dateModified":"2016-05-02T12:15:00+00:00","breadcrumb":{"@id":"https:\/\/www.citaprevia-teatroarriaga.eus\/servicios-generales\/?lang=eu#breadcrumb"},"inLanguage":"eu-EU","potentialAction":[{"@type":"ReadAction","target":["https:\/\/www.citaprevia-teatroarriaga.eus\/servicios-generales\/?lang=eu"]}]},{"@type":"ImageObject","inLanguage":"eu-EU","@id":"https:\/\/www.citaprevia-teatroarriaga.eus\/servicios-generales\/?lang=eu#primaryimage","url":"https:\/\/www.citaprevia-teatroarriaga.eus\/wp-content\/uploads\/2016\/02\/img_cabecera19.jpg","contentUrl":"https:\/\/www.citaprevia-teatroarriaga.eus\/wp-content\/uploads\/2016\/02\/img_cabecera19.jpg","width":999,"height":375},{"@type":"BreadcrumbList","@id":"https:\/\/www.citaprevia-teatroarriaga.eus\/servicios-generales\/?lang=eu#breadcrumb","itemListElement":[{"@type":"ListItem","position":1,"name":"Portada","item":"https:\/\/www.citaprevia-teatroarriaga.eus\/"},{"@type":"ListItem","position":2,"name":"Servicios generales"}]},{"@type":"WebSite","@id":"https:\/\/www.citaprevia-teatroarriaga.eus\/#website","url":"https:\/\/www.citaprevia-teatroarriaga.eus\/","name":"Teatro Arriaga Antzokia","description":"Sitio web oficial del Teatro. Programaci\u00f3n y venta de entradas para espect\u00e1culos. Teatro, danza, conciertos, \u00f3pera.  Edificio emblem\u00e1tico de Bilbao","potentialAction":[{"@type":"SearchAction","target":{"@type":"EntryPoint","urlTemplate":"https:\/\/www.citaprevia-teatroarriaga.eus\/?s={search_term_string}"},"query-input":{"@type":"PropertyValueSpecification","valueRequired":true,"valueName":"search_term_string"}}],"inLanguage":"eu-EU"}]}},"_links":{"self":[{"href":"https:\/\/www.citaprevia-teatroarriaga.eus\/eu\/wp-json\/wp\/v2\/pages\/2059","targetHints":{"allow":["GET"]}}],"collection":[{"href":"https:\/\/www.citaprevia-teatroarriaga.eus\/eu\/wp-json\/wp\/v2\/pages"}],"about":[{"href":"https:\/\/www.citaprevia-teatroarriaga.eus\/eu\/wp-json\/wp\/v2\/types\/page"}],"author":[{"embeddable":true,"href":"https:\/\/www.citaprevia-teatroarriaga.eus\/eu\/wp-json\/wp\/v2\/users\/10"}],"replies":[{"embeddable":true,"href":"https:\/\/www.citaprevia-teatroarriaga.eus\/eu\/wp-json\/wp\/v2\/comments?post=2059"}],"version-history":[{"count":0,"href":"https:\/\/www.citaprevia-teatroarriaga.eus\/eu\/wp-json\/wp\/v2\/pages\/2059\/revisions"}],"wp:featuredmedia":[{"embeddable":true,"href":"https:\/\/www.citaprevia-teatroarriaga.eus\/eu\/wp-json\/wp\/v2\/media\/4070"}],"wp:attachment":[{"href":"https:\/\/www.citaprevia-teatroarriaga.eus\/eu\/wp-json\/wp\/v2\/media?parent=2059"}],"curies":[{"name":"wp","href":"https:\/\/api.w.org\/{rel}","templated":true}]}}