{"id":2041,"date":"2016-02-24T03:26:53","date_gmt":"2016-02-24T02:26:53","guid":{"rendered":"http:\/\/www.citaprevia-teatroarriaga.eus\/servicios-de-alquileres\/?lang=eu"},"modified":"2019-12-11T14:01:57","modified_gmt":"2019-12-11T13:01:57","slug":"servicios-de-alquileres","status":"publish","type":"page","link":"https:\/\/www.citaprevia-teatroarriaga.eus\/eu\/servicios-de-alquileres\/","title":{"rendered":"Alokairu zerbitzua"},"content":{"rendered":"<h5>Aretoak eta\u00a0 tokiak<\/h5>\n<p><span class=\"textocolorbold\">Areto nagusia.<\/span> Edukiera 1.200 lagun<br \/>\n<span class=\"textocolorbold\">Foyer.<\/span> Edukiera 180-200 lagun<br \/>\n<span class=\"textocolorbold\">Hall nagusia.<\/span> Edukiera 180-200 lagun<br \/>\n<span class=\"textocolorbold\">Bilera-gela.<\/span> Edukiera 20-30 lagun<br \/>\n<span class=\"textocolorbold\">Erabilera anitzeko gela.\u00a0<\/span>Edukiera 70-80 lagun<\/p>\n<p>&nbsp;<\/p>\n<h5>Ekipamendu eszenikoa<\/h5>\n<ul>\n<li>Soinua<\/li>\n<li>Argiztatzea<\/li>\n<\/ul>\n<p>&nbsp;<\/p>\n<h5>Alokairuan sartzen diren zerbitzuak<\/h5>\n<ul>\n<li>Leihatila<\/li>\n<li>Ateak antolatzea<\/li>\n<li>Jantzitegia<\/li>\n<li>Informazio bulegoa<\/li>\n<li>Lantalde teknikoa<\/li>\n<\/ul>\n<p>Alokairuari buruzko informazioa jasotzeko, Kanpo harreman eta protokoloara harremanetan jartzea Izaskun Ardanaz.<\/p>\n<p>Emailak:<\/p>\n<p><a href=\"mailto:iardanaz@teatroarriaga.eus\">iardanaz@teatroarriaga.eus<\/a><\/p>\n<p>&nbsp;<\/p>\n","protected":false},"excerpt":{"rendered":"Aretoak eta\u00a0 tokiak Areto nagusia. Edukiera 1.200 lagun Foyer. Edukiera 180-200 lagun Hall nagusia. Edukiera 180-200 lagun Bilera-gela. Edukiera 20-30 lagun Erabilera anitzeko gela.\u00a0Edukiera 70-80 lagun &nbsp; Ekipamendu eszenikoa Soinua Argiztatzea &nbsp; Alokairuan sartzen diren zerbitzuak Leihatila Ateak antolatzea Jantzitegia Informazio bulegoa Lantalde teknikoa Alokairuari buruzko informazioa jasotzeko, Kanpo harreman eta protokoloara harremanetan jartzea Izaskun [&hellip;]<div class=\"clearfix\"><\/div>","protected":false},"author":10,"featured_media":6234,"parent":0,"menu_order":0,"comment_status":"closed","ping_status":"closed","template":"","meta":{"_acf_changed":false,"footnotes":""},"class_list":["post-2041","page","type-page","status-publish","has-post-thumbnail","hentry"],"acf":[],"yoast_head":"<!-- This site is optimized with the Yoast SEO plugin v27.6 - https:\/\/yoast.com\/product\/yoast-seo-wordpress\/ -->\n<title>Alokairu zerbitzua - Teatro Arriaga Antzokia<\/title>\n<meta name=\"robots\" content=\"index, follow, max-snippet:-1, max-image-preview:large, max-video-preview:-1\" \/>\n<link rel=\"canonical\" href=\"https:\/\/www.citaprevia-teatroarriaga.eus\/?page_id=102\" \/>\n<meta property=\"og:locale\" content=\"en_US\" \/>\n<meta property=\"og:type\" content=\"article\" \/>\n<meta property=\"og:title\" content=\"Alokairu zerbitzua - Teatro Arriaga Antzokia\" \/>\n<meta property=\"og:description\" content=\"Aretoak eta\u00a0 tokiak Areto nagusia. Edukiera 1.200 lagun Foyer. Edukiera 180-200 lagun Hall nagusia. Edukiera 180-200 lagun Bilera-gela. Edukiera 20-30 lagun Erabilera anitzeko gela.\u00a0Edukiera 70-80 lagun &nbsp; Ekipamendu eszenikoa Soinua Argiztatzea &nbsp; Alokairuan sartzen diren zerbitzuak Leihatila Ateak antolatzea Jantzitegia Informazio bulegoa Lantalde teknikoa Alokairuari buruzko informazioa jasotzeko, Kanpo harreman eta protokoloara harremanetan jartzea Izaskun [&hellip;]\" \/>\n<meta property=\"og:url\" content=\"https:\/\/www.citaprevia-teatroarriaga.eus\/?page_id=102\" \/>\n<meta property=\"og:site_name\" content=\"Teatro Arriaga Antzokia\" \/>\n<meta property=\"article:modified_time\" content=\"2019-12-11T13:01:57+00:00\" \/>\n<meta property=\"og:image\" content=\"https:\/\/www.citaprevia-teatroarriaga.eus\/wp-content\/uploads\/2016\/02\/Submenu_Servicio_alquileres_byn1800.jpg\" \/>\n\t<meta property=\"og:image:width\" content=\"1800\" \/>\n\t<meta property=\"og:image:height\" content=\"800\" \/>\n\t<meta property=\"og:image:type\" content=\"image\/jpeg\" \/>\n<meta name=\"twitter:card\" content=\"summary_large_image\" \/>\n<script type=\"application\/ld+json\" class=\"yoast-schema-graph\">{\"@context\":\"https:\\\/\\\/schema.org\",\"@graph\":[{\"@type\":\"WebPage\",\"@id\":\"https:\\\/\\\/www.citaprevia-teatroarriaga.eus\\\/?page_id=102\",\"url\":\"https:\\\/\\\/www.citaprevia-teatroarriaga.eus\\\/?page_id=102\",\"name\":\"Alokairu zerbitzua - Teatro Arriaga Antzokia\",\"isPartOf\":{\"@id\":\"https:\\\/\\\/www.citaprevia-teatroarriaga.eus\\\/#website\"},\"primaryImageOfPage\":{\"@id\":\"https:\\\/\\\/www.citaprevia-teatroarriaga.eus\\\/?page_id=102#primaryimage\"},\"image\":{\"@id\":\"https:\\\/\\\/www.citaprevia-teatroarriaga.eus\\\/?page_id=102#primaryimage\"},\"thumbnailUrl\":\"https:\\\/\\\/www.citaprevia-teatroarriaga.eus\\\/wp-content\\\/uploads\\\/2016\\\/02\\\/Submenu_Servicio_alquileres_byn1800.jpg\",\"datePublished\":\"2016-02-24T02:26:53+00:00\",\"dateModified\":\"2019-12-11T13:01:57+00:00\",\"breadcrumb\":{\"@id\":\"https:\\\/\\\/www.citaprevia-teatroarriaga.eus\\\/?page_id=102#breadcrumb\"},\"inLanguage\":\"eu-EU\",\"potentialAction\":[{\"@type\":\"ReadAction\",\"target\":[\"https:\\\/\\\/www.citaprevia-teatroarriaga.eus\\\/?page_id=102\"]}]},{\"@type\":\"ImageObject\",\"inLanguage\":\"eu-EU\",\"@id\":\"https:\\\/\\\/www.citaprevia-teatroarriaga.eus\\\/?page_id=102#primaryimage\",\"url\":\"https:\\\/\\\/www.citaprevia-teatroarriaga.eus\\\/wp-content\\\/uploads\\\/2016\\\/02\\\/Submenu_Servicio_alquileres_byn1800.jpg\",\"contentUrl\":\"https:\\\/\\\/www.citaprevia-teatroarriaga.eus\\\/wp-content\\\/uploads\\\/2016\\\/02\\\/Submenu_Servicio_alquileres_byn1800.jpg\",\"width\":1800,\"height\":800},{\"@type\":\"BreadcrumbList\",\"@id\":\"https:\\\/\\\/www.citaprevia-teatroarriaga.eus\\\/?page_id=102#breadcrumb\",\"itemListElement\":[{\"@type\":\"ListItem\",\"position\":1,\"name\":\"Portada\",\"item\":\"https:\\\/\\\/www.citaprevia-teatroarriaga.eus\\\/\"},{\"@type\":\"ListItem\",\"position\":2,\"name\":\"Info\",\"item\":\"https:\\\/\\\/www.citaprevia-teatroarriaga.eus\\\/?page_id=8\"},{\"@type\":\"ListItem\",\"position\":3,\"name\":\"Alokairu zerbitzua\"}]},{\"@type\":\"WebSite\",\"@id\":\"https:\\\/\\\/www.citaprevia-teatroarriaga.eus\\\/#website\",\"url\":\"https:\\\/\\\/www.citaprevia-teatroarriaga.eus\\\/\",\"name\":\"Teatro Arriaga Antzokia\",\"description\":\"Sitio web oficial del Teatro. Programaci\u00f3n y venta de entradas para espect\u00e1culos. Teatro, danza, conciertos, \u00f3pera.  Edificio emblem\u00e1tico de Bilbao\",\"potentialAction\":[{\"@type\":\"SearchAction\",\"target\":{\"@type\":\"EntryPoint\",\"urlTemplate\":\"https:\\\/\\\/www.citaprevia-teatroarriaga.eus\\\/?s={search_term_string}\"},\"query-input\":{\"@type\":\"PropertyValueSpecification\",\"valueRequired\":true,\"valueName\":\"search_term_string\"}}],\"inLanguage\":\"eu-EU\"}]}<\/script>\n<!-- \/ Yoast SEO plugin. -->","yoast_head_json":{"title":"Alokairu zerbitzua - Teatro Arriaga Antzokia","robots":{"index":"index","follow":"follow","max-snippet":"max-snippet:-1","max-image-preview":"max-image-preview:large","max-video-preview":"max-video-preview:-1"},"canonical":"https:\/\/www.citaprevia-teatroarriaga.eus\/?page_id=102","og_locale":"en_US","og_type":"article","og_title":"Alokairu zerbitzua - Teatro Arriaga Antzokia","og_description":"Aretoak eta\u00a0 tokiak Areto nagusia. Edukiera 1.200 lagun Foyer. Edukiera 180-200 lagun Hall nagusia. Edukiera 180-200 lagun Bilera-gela. Edukiera 20-30 lagun Erabilera anitzeko gela.\u00a0Edukiera 70-80 lagun &nbsp; Ekipamendu eszenikoa Soinua Argiztatzea &nbsp; Alokairuan sartzen diren zerbitzuak Leihatila Ateak antolatzea Jantzitegia Informazio bulegoa Lantalde teknikoa Alokairuari buruzko informazioa jasotzeko, Kanpo harreman eta protokoloara harremanetan jartzea Izaskun [&hellip;]","og_url":"https:\/\/www.citaprevia-teatroarriaga.eus\/?page_id=102","og_site_name":"Teatro Arriaga Antzokia","article_modified_time":"2019-12-11T13:01:57+00:00","og_image":[{"width":1800,"height":800,"url":"https:\/\/www.citaprevia-teatroarriaga.eus\/wp-content\/uploads\/2016\/02\/Submenu_Servicio_alquileres_byn1800.jpg","type":"image\/jpeg"}],"twitter_card":"summary_large_image","schema":{"@context":"https:\/\/schema.org","@graph":[{"@type":"WebPage","@id":"https:\/\/www.citaprevia-teatroarriaga.eus\/?page_id=102","url":"https:\/\/www.citaprevia-teatroarriaga.eus\/?page_id=102","name":"Alokairu zerbitzua - Teatro Arriaga Antzokia","isPartOf":{"@id":"https:\/\/www.citaprevia-teatroarriaga.eus\/#website"},"primaryImageOfPage":{"@id":"https:\/\/www.citaprevia-teatroarriaga.eus\/?page_id=102#primaryimage"},"image":{"@id":"https:\/\/www.citaprevia-teatroarriaga.eus\/?page_id=102#primaryimage"},"thumbnailUrl":"https:\/\/www.citaprevia-teatroarriaga.eus\/wp-content\/uploads\/2016\/02\/Submenu_Servicio_alquileres_byn1800.jpg","datePublished":"2016-02-24T02:26:53+00:00","dateModified":"2019-12-11T13:01:57+00:00","breadcrumb":{"@id":"https:\/\/www.citaprevia-teatroarriaga.eus\/?page_id=102#breadcrumb"},"inLanguage":"eu-EU","potentialAction":[{"@type":"ReadAction","target":["https:\/\/www.citaprevia-teatroarriaga.eus\/?page_id=102"]}]},{"@type":"ImageObject","inLanguage":"eu-EU","@id":"https:\/\/www.citaprevia-teatroarriaga.eus\/?page_id=102#primaryimage","url":"https:\/\/www.citaprevia-teatroarriaga.eus\/wp-content\/uploads\/2016\/02\/Submenu_Servicio_alquileres_byn1800.jpg","contentUrl":"https:\/\/www.citaprevia-teatroarriaga.eus\/wp-content\/uploads\/2016\/02\/Submenu_Servicio_alquileres_byn1800.jpg","width":1800,"height":800},{"@type":"BreadcrumbList","@id":"https:\/\/www.citaprevia-teatroarriaga.eus\/?page_id=102#breadcrumb","itemListElement":[{"@type":"ListItem","position":1,"name":"Portada","item":"https:\/\/www.citaprevia-teatroarriaga.eus\/"},{"@type":"ListItem","position":2,"name":"Info","item":"https:\/\/www.citaprevia-teatroarriaga.eus\/?page_id=8"},{"@type":"ListItem","position":3,"name":"Alokairu zerbitzua"}]},{"@type":"WebSite","@id":"https:\/\/www.citaprevia-teatroarriaga.eus\/#website","url":"https:\/\/www.citaprevia-teatroarriaga.eus\/","name":"Teatro Arriaga Antzokia","description":"Sitio web oficial del Teatro. Programaci\u00f3n y venta de entradas para espect\u00e1culos. Teatro, danza, conciertos, \u00f3pera.  Edificio emblem\u00e1tico de Bilbao","potentialAction":[{"@type":"SearchAction","target":{"@type":"EntryPoint","urlTemplate":"https:\/\/www.citaprevia-teatroarriaga.eus\/?s={search_term_string}"},"query-input":{"@type":"PropertyValueSpecification","valueRequired":true,"valueName":"search_term_string"}}],"inLanguage":"eu-EU"}]}},"_links":{"self":[{"href":"https:\/\/www.citaprevia-teatroarriaga.eus\/eu\/wp-json\/wp\/v2\/pages\/2041","targetHints":{"allow":["GET"]}}],"collection":[{"href":"https:\/\/www.citaprevia-teatroarriaga.eus\/eu\/wp-json\/wp\/v2\/pages"}],"about":[{"href":"https:\/\/www.citaprevia-teatroarriaga.eus\/eu\/wp-json\/wp\/v2\/types\/page"}],"author":[{"embeddable":true,"href":"https:\/\/www.citaprevia-teatroarriaga.eus\/eu\/wp-json\/wp\/v2\/users\/10"}],"replies":[{"embeddable":true,"href":"https:\/\/www.citaprevia-teatroarriaga.eus\/eu\/wp-json\/wp\/v2\/comments?post=2041"}],"version-history":[{"count":0,"href":"https:\/\/www.citaprevia-teatroarriaga.eus\/eu\/wp-json\/wp\/v2\/pages\/2041\/revisions"}],"wp:featuredmedia":[{"embeddable":true,"href":"https:\/\/www.citaprevia-teatroarriaga.eus\/eu\/wp-json\/wp\/v2\/media\/6234"}],"wp:attachment":[{"href":"https:\/\/www.citaprevia-teatroarriaga.eus\/eu\/wp-json\/wp\/v2\/media?parent=2041"}],"curies":[{"name":"wp","href":"https:\/\/api.w.org\/{rel}","templated":true}]}}