{"id":2039,"date":"2016-02-24T03:27:07","date_gmt":"2016-02-24T02:27:07","guid":{"rendered":"http:\/\/www.citaprevia-teatroarriaga.eus\/condiciones-generales\/?lang=eu"},"modified":"2025-03-27T15:21:36","modified_gmt":"2025-03-27T14:21:36","slug":"condiciones-generales","status":"publish","type":"page","link":"https:\/\/www.citaprevia-teatroarriaga.eus\/eu\/condiciones-generales\/","title":{"rendered":"Baldintza orokorrak"},"content":{"rendered":"<ul>\n<li><span class=\"textocolorbold\"><\/span><span lang=\"EU\">Erosketa egin ondoren, ikuskizun batera joateko eserlekuak ez dira ez aldatuko ezta itzuliko ere. Ikuskizuna bertan behera geratzea izango da eserlekuen dirua itzultzeko onartuko den zergati bakarra<\/span>.<\/li>\n<\/ul>\n<p>&nbsp;<\/p>\n<ul>\n<li><span class=\"textocolorbold\"><\/span><span lang=\"EU\">Abaguneek hala eskatzen badute, Arriaga Antzokiak emanaldiak bertan behera utzi, edo iragarritako egunak, ordutegiak, egitarauak eta antzezleak aldatu ahal izango ditu<\/span>.<\/li>\n<\/ul>\n<p>&nbsp;<\/p>\n<ul>\n<li><span class=\"textocolorbold\"><\/span><span lang=\"EU\">Ikus-entzuleek eta artistek merezi duten errespetua kontuan izanda, ahalik eta puntualtasun handiena eskatzen da. Ikus-entzuleei eta artistei zor zaien errespetua dela eta, emanaldia hasi ondoren ezin izango da aretora sartu, ezarritako atsedenaldietan izan ezik, arauek ez badute kontrakorik adierazten<\/span>.<\/li>\n<\/ul>\n<p>&nbsp;<\/p>\n<ul>\n<li><span>Telefono mugikorrak eta antzeko gailuak aretoan itzali edo isilarazi beharko dira, eta ezin izango da pantaila argiztaturik erabili. Antzezpenetan gailu horiek erabiltzeak aretotik kanporatzea ekar dezake, beharrezkoa izanez gero.<\/span><\/li>\n<\/ul>\n<p>&nbsp;<\/p>\n<ul>\n<li><span class=\"textocolorbold\"><\/span><span lang=\"EU\">Ez dago baimenduta erretzea edo antzokira janariarekin, edariarekin edo arriskutsuak izan daitezkeen objektuekin sartzea<\/span>.<\/li>\n<\/ul>\n<p>&nbsp;<\/p>\n<ul>\n<li><span class=\"textocolorbold\"><\/span><span lang=\"EU\">Sarrerak beherapenen bat badu, hori adierazten duen agiria aurkeztea eskatu ahal izango da, egiaztapena egiteko<\/span>.<\/li>\n<\/ul>\n<p>&nbsp;<\/p>\n<ul>\n<li><span lang=\"EU\">Emanaldian ezin izango da argazkirik atera, filmatu edo grabatu<\/span>.<\/li>\n<\/ul>\n<p>&nbsp;<\/p>\n<ul>\n<li><span class=\"textocolorbold\"><\/span><span lang=\"EU\">Antolakuntzarekin, teknikarekin eta programazioarekin erlazionatutako zergati justifikatuak direla eta, Arriaga Antzokiak salduta dituen eserlekuak bereganatzeko eta bete batzuengatik aldatzeko eskubidea izango du<\/span>.<\/li>\n<\/ul>\n<p>&nbsp;<\/p>\n<ul>\n<li><span class=\"textocolorbold\"><\/span><span lang=\"EU\">Ez da baimenduko aretora hiru urtetik beherako umeak sartzea umeei zuzenduta ez dauden emanaldietan, adin horretarako gomendutako ikuskizunetan izan ezik<\/span>.<\/li>\n<\/ul>\n<p>&nbsp;<\/p>\n<ul>\n<li><span class=\"textocolorbold\"><\/span><span lang=\"EU\">Ez dago baimenduta barandatan berokiak, poltsak, eskuliburuak eta antzekoak uztea. Antzokiak jantziak gordetzeko zerbitzua du<\/span>.<\/li>\n<\/ul>\n<p>&nbsp;<\/p>\n<ul>\n<li><span class=\"textocolorbold\"> <span lang=\"EU\">Ikus-entzule guztiek euren eserlekua erabiliko dute, eta emanaldiaren aurretik edo emanaldiak irauten duen bitartean ez da zutik egotea edo eserlekuz aldatzea baimenduko, Antzokiak bestelakorik adierazten ez badu.<\/span><\/span><\/li>\n<\/ul>\n<p>&nbsp;<\/p>\n<ul>\n<li><span class=\"textocolorbold\"> <span lang=\"EU\">Aretoaren ezaugarriak direla eta, eserleku batzuek emanaldia albotik edo gutxiago ikustea eragin dezakete, eta sartzeko hain erosoak ez diren eserlekuak daude. Ezaugarri horiek webgunean zehazten dira, eta baita sarreretako testuan ere<\/span><\/span>.<\/li>\n<\/ul>\n<p>&nbsp;<\/p>\n<ul>\n<li><span class=\"textocolorbold\"><span lang=\"EU\">Debekatuta dago eserlekuen birsalmenta. Antzokiak ez du inolako erantzukizunik izango salmenta edo webgune ez ofizialetan eskuratutako sarreren gainean, horiek ez baitute antzokira sartzeko eskubiderik emango.<\/span><\/span><\/li>\n<\/ul>\n<p>&nbsp;<\/p>\n<ul>\n<li><span>Debekatuta dago animaliak Arriaga Antzokiko instalazioetara sartzea, gida-txakurra izan ezik.<\/span><\/li>\n<\/ul>\n<p>&nbsp;<\/p>\n<ul>\n<li><span class=\"textocolorbold\"><span lang=\"EU\">Arriaga Antzokiak beretzat gordetzen du onarpen-eskubidea, eta honako arau hauen arabera aplikatzen da:<\/span><\/span>.<\/li>\n<\/ul>\n<section class=\"single normas\" style=\"padding-left: 90px; padding-top: 50px;\">\n<h3 class=\"ow-toggle\" data-target=\"#condiciones-collapse\">Arriaga Antzokira sartzeko arauak eta sarrera ukatzeko eskubidea<i class=\"pull-right icon-angle-down\"><\/i><br \/>\n  <\/h3>\n<hr class=\"wl-ma-bottom-no\">\n<div id=\"condiciones-collapse\" class=\"wl-ds-none wl-pa-top-md wl-pa-bottom-md\" style=\"display: none;\">\n<p>Jendaurreko Ikuskizunen eta Jolas Jardueren abenduaren 23ko 10\/2015 Legearen 22. artikulua eta EAEko Jendaurreko ikuskizunen eta jolas-jardueren Legea garatzeko araudia onesten duen otsailaren 5eko 17\/2019 DEKRETUAren 50. eta 51. artikuluak betez. <\/p>\n<ol>\n<li><strong>Puntualtasuna:<\/strong><\/li>\n<p>Ikuskizuna hasi ondoren, ez zaie sartzen utziko berandu iristen direnei. Antzokira sartzeko, ikuskizunerako edo ekitaldirako ezarritako ordutegia bete behar da. Jarduera eten gabe aretora sartzeko programatutako etenaldiak dituzten ikuskizunak izango dira salbuespen bakarra. Behar adinako aurrerapenarekin iristea gomendatzen dugu, atzerapenak eta eragozpenak saihesteko. <\/p>\n<li><strong>Gutxieneko adina:<\/strong><\/li>\n<p>Hiru urtetik beherakoak ezin dira aretoan sartu berariaz haurrentzat zuzenduta ez dauden emanaldietan, adin gomendaturik ezean. <br \/>\n  Segurtasun arrazoiak direla eta, 16 urtetik beherakoak ezingo dira antzokira sartu, baldin eta heldu arduradun batek lagunduta ez badaude, zeina une oro haiek gainbegiratzeaz arduratu beharko baita. Antzokiak ez du bere gain hartzen adingabeak gainbegiratzeko erantzukizuna. Gurasoek edo tutoreek bermatu behar dute adingabeak antzokiko arauak betetzen dituela eta jokabide egokia duela antzokian dagoen bitartean. <\/p>\n<li><strong>Errespetugabe edo lotsagabe jokatzea:<\/strong><\/li>\n<p>Antzokian sartzeko edo bertan egoteko aukera ukatuko zaie ingurunearentzat iraingarriak edo desegokiak izan daitezkeen jokabideak dituztenei, hala nola, hizkuntza iraingarria edo mehatxuzkoa darabiltenei, deserosotasun larria eragiten duten jarrerak agertzen dituztenei, eta duintasunik gabeko ekintzak, gehiegikeriak edo antzekoak egiten dituztenei. <br \/>\nBestetik, antzokira sartzeko edo bertan egoteko aukera mugatu ahal izango zaie aldez aurretik antzoki barruan istiluak, erasoak edo indarkeriazko edo errespeturik gabeko jokabideak izan dituztenei, argi badago berriro jokabide bera izaten ari direla. <\/p>\n<li><strong>Isiltasuna:<\/strong><\/li>\n<p>Ezingo dira antzokian egon espazioaren izaera isila errespetatzen ez duten horiek, ezta, desaktibatu ezean, zarata errepikakorra egin dezaketen gailuak daramatzaten horiek ere. <\/p>\n<li><strong>Horditasuna edo antzekoak:<\/strong><\/li>\n<p>Sarrera ukatuko zaie nabarmen hordituta edo portaerari eragiten dioten substantzien eraginpean daudenei. <\/p>\n<li><strong>Objektu arriskutsuekin sartzeko debekua:<\/strong><\/li>\n<p>Ezingo dira sartu armak, objektu arriskutsuak, legez kanpoko substantziak edo bertaratutakoen segurtasuna arriskuan jar dezakeen edozein elementu daramatzaten pertsonak. <\/p>\n<li><strong>Baimendutako gehieneko edukiera:<\/strong><\/li>\n<p>Antzokira sartzeko aukera baimendutako gehieneko edukierak mugatzen du. Behin edukiera beteta, sarrera ukatuko da bertaratutakoen segurtasuna bermatzeko. <\/p>\n<li><strong>Jantziak eta higienea:<\/strong><\/li>\n<p>Ezingo dira sartu pertsonen oinarrizko eskubideen aurkako ikurrak dituzten jantziak daramatzaten horiek, ezta janzkeran antzerkirako usadio sozialen gutxieneko bat errespetatzen ez dutenak ere, hala nola oinutsik edo kamisetarik gabe sartu nahi dutenak. <br \/>\nBertaratutako gainerako pertsonen erosotasunari eragin diezaioketen higiene pertsonalik ezaren zantzu nabariak dituzten pertsonei sarbidea mugatu ahal izango zaie. <\/p>\n<li><strong>Kanpoko janari eta edarien debekua:<\/strong><\/li>\n<p>Ezin da kanpoko janari edo edaririk kontsumitu, ura edo behar medikoek agindutakoak izan ezik.<\/p>\n<li><strong>Maskoten debekua:<\/strong><\/li>\n<p>Ezin da animaliarik sartu, akreditatutako laguntza-animalia gisa berariaz baimenduta daudenak izan ezik (adibidez, itsu-txakurrak). <\/p>\n<\/ol><\/div>\n<\/section>\n","protected":false},"excerpt":{"rendered":"Erosketa egin ondoren, ikuskizun batera joateko eserlekuak ez dira ez aldatuko ezta itzuliko ere. Ikuskizuna bertan behera geratzea izango da eserlekuen dirua itzultzeko onartuko den zergati bakarra. &nbsp; Abaguneek hala eskatzen badute, Arriaga Antzokiak emanaldiak bertan behera utzi, edo iragarritako egunak, ordutegiak, egitarauak eta antzezleak aldatu ahal izango ditu. &nbsp; Ikus-entzuleek eta artistek merezi duten [&hellip;]<div class=\"clearfix\"><\/div>","protected":false},"author":10,"featured_media":6265,"parent":0,"menu_order":0,"comment_status":"closed","ping_status":"closed","template":"","meta":{"_acf_changed":false,"footnotes":""},"class_list":["post-2039","page","type-page","status-publish","has-post-thumbnail","hentry"],"acf":[],"yoast_head":"<!-- This site is optimized with the Yoast SEO plugin v27.6 - https:\/\/yoast.com\/product\/yoast-seo-wordpress\/ -->\n<title>Baldintza orokorrak - Teatro Arriaga Antzokia<\/title>\n<meta name=\"robots\" content=\"index, follow, max-snippet:-1, max-image-preview:large, max-video-preview:-1\" \/>\n<link rel=\"canonical\" href=\"https:\/\/www.citaprevia-teatroarriaga.eus\/?page_id=81\" \/>\n<meta property=\"og:locale\" content=\"en_US\" \/>\n<meta property=\"og:type\" content=\"article\" \/>\n<meta property=\"og:title\" content=\"Baldintza orokorrak - Teatro Arriaga Antzokia\" \/>\n<meta property=\"og:description\" content=\"Erosketa egin ondoren, ikuskizun batera joateko eserlekuak ez dira ez aldatuko ezta itzuliko ere. Ikuskizuna bertan behera geratzea izango da eserlekuen dirua itzultzeko onartuko den zergati bakarra. &nbsp; Abaguneek hala eskatzen badute, Arriaga Antzokiak emanaldiak bertan behera utzi, edo iragarritako egunak, ordutegiak, egitarauak eta antzezleak aldatu ahal izango ditu. &nbsp; Ikus-entzuleek eta artistek merezi duten [&hellip;]\" \/>\n<meta property=\"og:url\" content=\"https:\/\/www.citaprevia-teatroarriaga.eus\/?page_id=81\" \/>\n<meta property=\"og:site_name\" content=\"Teatro Arriaga Antzokia\" \/>\n<meta property=\"article:modified_time\" content=\"2025-03-27T14:21:36+00:00\" \/>\n<meta property=\"og:image\" content=\"https:\/\/www.citaprevia-teatroarriaga.eus\/wp-content\/uploads\/2016\/02\/Submenu_condiciones_generales_blancoynegro1800.jpg\" \/>\n\t<meta property=\"og:image:width\" content=\"1800\" \/>\n\t<meta property=\"og:image:height\" content=\"800\" \/>\n\t<meta property=\"og:image:type\" content=\"image\/jpeg\" \/>\n<meta name=\"twitter:card\" content=\"summary_large_image\" \/>\n<meta name=\"twitter:label1\" content=\"Est. reading time\" \/>\n\t<meta name=\"twitter:data1\" content=\"5 minutes\" \/>\n<script type=\"application\/ld+json\" class=\"yoast-schema-graph\">{\"@context\":\"https:\\\/\\\/schema.org\",\"@graph\":[{\"@type\":\"WebPage\",\"@id\":\"https:\\\/\\\/www.citaprevia-teatroarriaga.eus\\\/?page_id=81\",\"url\":\"https:\\\/\\\/www.citaprevia-teatroarriaga.eus\\\/?page_id=81\",\"name\":\"Baldintza orokorrak - Teatro Arriaga Antzokia\",\"isPartOf\":{\"@id\":\"https:\\\/\\\/www.citaprevia-teatroarriaga.eus\\\/#website\"},\"primaryImageOfPage\":{\"@id\":\"https:\\\/\\\/www.citaprevia-teatroarriaga.eus\\\/?page_id=81#primaryimage\"},\"image\":{\"@id\":\"https:\\\/\\\/www.citaprevia-teatroarriaga.eus\\\/?page_id=81#primaryimage\"},\"thumbnailUrl\":\"https:\\\/\\\/www.citaprevia-teatroarriaga.eus\\\/wp-content\\\/uploads\\\/2016\\\/02\\\/Submenu_condiciones_generales_blancoynegro1800.jpg\",\"datePublished\":\"2016-02-24T02:27:07+00:00\",\"dateModified\":\"2025-03-27T14:21:36+00:00\",\"breadcrumb\":{\"@id\":\"https:\\\/\\\/www.citaprevia-teatroarriaga.eus\\\/?page_id=81#breadcrumb\"},\"inLanguage\":\"eu-EU\",\"potentialAction\":[{\"@type\":\"ReadAction\",\"target\":[\"https:\\\/\\\/www.citaprevia-teatroarriaga.eus\\\/?page_id=81\"]}]},{\"@type\":\"ImageObject\",\"inLanguage\":\"eu-EU\",\"@id\":\"https:\\\/\\\/www.citaprevia-teatroarriaga.eus\\\/?page_id=81#primaryimage\",\"url\":\"https:\\\/\\\/www.citaprevia-teatroarriaga.eus\\\/wp-content\\\/uploads\\\/2016\\\/02\\\/Submenu_condiciones_generales_blancoynegro1800.jpg\",\"contentUrl\":\"https:\\\/\\\/www.citaprevia-teatroarriaga.eus\\\/wp-content\\\/uploads\\\/2016\\\/02\\\/Submenu_condiciones_generales_blancoynegro1800.jpg\",\"width\":1800,\"height\":800},{\"@type\":\"BreadcrumbList\",\"@id\":\"https:\\\/\\\/www.citaprevia-teatroarriaga.eus\\\/?page_id=81#breadcrumb\",\"itemListElement\":[{\"@type\":\"ListItem\",\"position\":1,\"name\":\"Portada\",\"item\":\"https:\\\/\\\/www.citaprevia-teatroarriaga.eus\\\/\"},{\"@type\":\"ListItem\",\"position\":2,\"name\":\"Info\",\"item\":\"https:\\\/\\\/www.citaprevia-teatroarriaga.eus\\\/?page_id=8\"},{\"@type\":\"ListItem\",\"position\":3,\"name\":\"Baldintza orokorrak\"}]},{\"@type\":\"WebSite\",\"@id\":\"https:\\\/\\\/www.citaprevia-teatroarriaga.eus\\\/#website\",\"url\":\"https:\\\/\\\/www.citaprevia-teatroarriaga.eus\\\/\",\"name\":\"Teatro Arriaga Antzokia\",\"description\":\"Sitio web oficial del Teatro. Programaci\u00f3n y venta de entradas para espect\u00e1culos. Teatro, danza, conciertos, \u00f3pera.  Edificio emblem\u00e1tico de Bilbao\",\"potentialAction\":[{\"@type\":\"SearchAction\",\"target\":{\"@type\":\"EntryPoint\",\"urlTemplate\":\"https:\\\/\\\/www.citaprevia-teatroarriaga.eus\\\/?s={search_term_string}\"},\"query-input\":{\"@type\":\"PropertyValueSpecification\",\"valueRequired\":true,\"valueName\":\"search_term_string\"}}],\"inLanguage\":\"eu-EU\"}]}<\/script>\n<!-- \/ Yoast SEO plugin. -->","yoast_head_json":{"title":"Baldintza orokorrak - Teatro Arriaga Antzokia","robots":{"index":"index","follow":"follow","max-snippet":"max-snippet:-1","max-image-preview":"max-image-preview:large","max-video-preview":"max-video-preview:-1"},"canonical":"https:\/\/www.citaprevia-teatroarriaga.eus\/?page_id=81","og_locale":"en_US","og_type":"article","og_title":"Baldintza orokorrak - Teatro Arriaga Antzokia","og_description":"Erosketa egin ondoren, ikuskizun batera joateko eserlekuak ez dira ez aldatuko ezta itzuliko ere. Ikuskizuna bertan behera geratzea izango da eserlekuen dirua itzultzeko onartuko den zergati bakarra. &nbsp; Abaguneek hala eskatzen badute, Arriaga Antzokiak emanaldiak bertan behera utzi, edo iragarritako egunak, ordutegiak, egitarauak eta antzezleak aldatu ahal izango ditu. &nbsp; Ikus-entzuleek eta artistek merezi duten [&hellip;]","og_url":"https:\/\/www.citaprevia-teatroarriaga.eus\/?page_id=81","og_site_name":"Teatro Arriaga Antzokia","article_modified_time":"2025-03-27T14:21:36+00:00","og_image":[{"width":1800,"height":800,"url":"https:\/\/www.citaprevia-teatroarriaga.eus\/wp-content\/uploads\/2016\/02\/Submenu_condiciones_generales_blancoynegro1800.jpg","type":"image\/jpeg"}],"twitter_card":"summary_large_image","twitter_misc":{"Est. reading time":"5 minutes"},"schema":{"@context":"https:\/\/schema.org","@graph":[{"@type":"WebPage","@id":"https:\/\/www.citaprevia-teatroarriaga.eus\/?page_id=81","url":"https:\/\/www.citaprevia-teatroarriaga.eus\/?page_id=81","name":"Baldintza orokorrak - Teatro Arriaga Antzokia","isPartOf":{"@id":"https:\/\/www.citaprevia-teatroarriaga.eus\/#website"},"primaryImageOfPage":{"@id":"https:\/\/www.citaprevia-teatroarriaga.eus\/?page_id=81#primaryimage"},"image":{"@id":"https:\/\/www.citaprevia-teatroarriaga.eus\/?page_id=81#primaryimage"},"thumbnailUrl":"https:\/\/www.citaprevia-teatroarriaga.eus\/wp-content\/uploads\/2016\/02\/Submenu_condiciones_generales_blancoynegro1800.jpg","datePublished":"2016-02-24T02:27:07+00:00","dateModified":"2025-03-27T14:21:36+00:00","breadcrumb":{"@id":"https:\/\/www.citaprevia-teatroarriaga.eus\/?page_id=81#breadcrumb"},"inLanguage":"eu-EU","potentialAction":[{"@type":"ReadAction","target":["https:\/\/www.citaprevia-teatroarriaga.eus\/?page_id=81"]}]},{"@type":"ImageObject","inLanguage":"eu-EU","@id":"https:\/\/www.citaprevia-teatroarriaga.eus\/?page_id=81#primaryimage","url":"https:\/\/www.citaprevia-teatroarriaga.eus\/wp-content\/uploads\/2016\/02\/Submenu_condiciones_generales_blancoynegro1800.jpg","contentUrl":"https:\/\/www.citaprevia-teatroarriaga.eus\/wp-content\/uploads\/2016\/02\/Submenu_condiciones_generales_blancoynegro1800.jpg","width":1800,"height":800},{"@type":"BreadcrumbList","@id":"https:\/\/www.citaprevia-teatroarriaga.eus\/?page_id=81#breadcrumb","itemListElement":[{"@type":"ListItem","position":1,"name":"Portada","item":"https:\/\/www.citaprevia-teatroarriaga.eus\/"},{"@type":"ListItem","position":2,"name":"Info","item":"https:\/\/www.citaprevia-teatroarriaga.eus\/?page_id=8"},{"@type":"ListItem","position":3,"name":"Baldintza orokorrak"}]},{"@type":"WebSite","@id":"https:\/\/www.citaprevia-teatroarriaga.eus\/#website","url":"https:\/\/www.citaprevia-teatroarriaga.eus\/","name":"Teatro Arriaga Antzokia","description":"Sitio web oficial del Teatro. Programaci\u00f3n y venta de entradas para espect\u00e1culos. Teatro, danza, conciertos, \u00f3pera.  Edificio emblem\u00e1tico de Bilbao","potentialAction":[{"@type":"SearchAction","target":{"@type":"EntryPoint","urlTemplate":"https:\/\/www.citaprevia-teatroarriaga.eus\/?s={search_term_string}"},"query-input":{"@type":"PropertyValueSpecification","valueRequired":true,"valueName":"search_term_string"}}],"inLanguage":"eu-EU"}]}},"_links":{"self":[{"href":"https:\/\/www.citaprevia-teatroarriaga.eus\/eu\/wp-json\/wp\/v2\/pages\/2039","targetHints":{"allow":["GET"]}}],"collection":[{"href":"https:\/\/www.citaprevia-teatroarriaga.eus\/eu\/wp-json\/wp\/v2\/pages"}],"about":[{"href":"https:\/\/www.citaprevia-teatroarriaga.eus\/eu\/wp-json\/wp\/v2\/types\/page"}],"author":[{"embeddable":true,"href":"https:\/\/www.citaprevia-teatroarriaga.eus\/eu\/wp-json\/wp\/v2\/users\/10"}],"replies":[{"embeddable":true,"href":"https:\/\/www.citaprevia-teatroarriaga.eus\/eu\/wp-json\/wp\/v2\/comments?post=2039"}],"version-history":[{"count":1,"href":"https:\/\/www.citaprevia-teatroarriaga.eus\/eu\/wp-json\/wp\/v2\/pages\/2039\/revisions"}],"predecessor-version":[{"id":61964,"href":"https:\/\/www.citaprevia-teatroarriaga.eus\/eu\/wp-json\/wp\/v2\/pages\/2039\/revisions\/61964"}],"wp:featuredmedia":[{"embeddable":true,"href":"https:\/\/www.citaprevia-teatroarriaga.eus\/eu\/wp-json\/wp\/v2\/media\/6265"}],"wp:attachment":[{"href":"https:\/\/www.citaprevia-teatroarriaga.eus\/eu\/wp-json\/wp\/v2\/media?parent=2039"}],"curies":[{"name":"wp","href":"https:\/\/api.w.org\/{rel}","templated":true}]}}