{"id":2037,"date":"2016-02-24T03:27:25","date_gmt":"2016-02-24T02:27:25","guid":{"rendered":"http:\/\/www.citaprevia-teatroarriaga.eus\/informacion-tecnica\/?lang=eu"},"modified":"2021-02-12T17:27:53","modified_gmt":"2021-02-12T16:27:53","slug":"informacion-tecnica","status":"publish","type":"page","link":"https:\/\/www.citaprevia-teatroarriaga.eus\/eu\/informacion-tecnica\/","title":{"rendered":"Informazio teknikoa"},"content":{"rendered":"<p>&nbsp;<\/p>\n<p>Hurrengo datuak bakarrik informazio moduan eskaintzen dira.<\/p>\n<h5>Arriaga Antzokia<\/h5>\n<p>Arriaga Plaza,1<br \/>\nBilbo 48920<br \/>\nTelefonoa 94 4163533<\/p>\n<p><a href=\"mailto:alberto@teatroarriaga.eus\" target=\"_blank\" rel=\"noopener\">alberto@teatroarriaga.eus<\/a><\/p>\n<h5><span class=\"textocolorbold\">Langile teknikoen ohiko lan-ordutegia<\/span><\/h5>\n<p>Goizez: 7:00etik 14:30etara<br \/>\nArratsaldez:15:30etik 23:00etara<\/p>\n<h5><span class=\"textocolorbold\">Zama lanak<\/span><\/h5>\n<p>Zama lanak Antzokiko atzeko aldetik egiten dira. Eszenatokia Antzokiko bigarren solairuan kokatuta dago.<\/p>\n<p>Materiala zama-jasogailuaren bidez sartzen da. Zama: 5.000 Kg.<\/p>\n<p>Zama lanak egin ondoren, kamioia edo trailerra kamioetarako parkingera eraman beharko da.<\/p>\n<p>&nbsp;<\/p>\n<h5><span class=\"textocolorbold\">Eszenatokia<\/span><\/h5>\n<p>Eszenatokiaren lurra egurrezkoa da, 86 cm-etako tranpoletan ipinita, ahokadurako 5 metrotik. Eszenatokiaren arrapala: %0.<\/p>\n<p><span>ESZENATOKIAREN NEURRIAK<\/span><\/p>\n<p><span class=\"textogrisbold\" style=\"color: #33cccc;\">Zabalera<\/span><br \/>\nAhoa: 1245 cm.<br \/>\nAktorearen ezkerreko sorbalda: 350 cm.<br \/>\nAktorearen eskuineko sorbalda: 400 cm.<br \/>\nEszenatokiaren zabalera guztia: 2200 cm.<br \/>\nOrkestra\/zuloaren gorbata: 1285 cm.<br \/>\nEszenatokiaren zuloa: 1.200 cm.<\/p>\n<p><span class=\"textogrisbold\" style=\"color: #33cccc;\">Hondoa<\/span><br \/>\nOihalaren erorketatik: 1.150 cm.<br \/>\nAktorearen ezkerreko sorbalda: 1.200 cm.<br \/>\nAktorearen eskuineko sorbalda: 1.200 cm.<br \/>\nOrkestra\/gorbataren zuloa: 300 cm.<br \/>\nEszenatokiaren zuloa: 300 cm.<br \/>\nAhoko oihalaren erorketaren gorbata: 180 cm.<\/p>\n<p><span class=\"textogrisbold\" style=\"color: #33cccc;\">Altuera<\/span><br \/>\nAhoa: 715 cm.<br \/>\nEszenatokia orrazian: 1.785 cm. \/ erabilgarriak 1.670 cm.<br \/>\nOrrazia sabaian: 50 cm. eta 500 cm bitartean.<br \/>\nPlatea gaineko eszenatokia: 80 cm.<br \/>\nAktorearen ezkerreko sorbalda: 865 cm.<br \/>\nAktorearen eskuineko sorbalda: 865 cm.<br \/>\nKontrafosoa: 5 m. X 10 m. X 14 m.<\/p>\n<p><span class=\"textogrisbold\" style=\"color: #33cccc;\">Zama jasogailua<\/span><br \/>\nZabalera: 268 cm.<br \/>\nHondoa: 688 cm.<br \/>\nAltuera: 2 solairu<\/p>\n<p><span class=\"textogrisbold\" style=\"color: #33cccc;\">Zama atea <\/span><br \/>\nZabalera: 224 cm.<br \/>\nAltuera: 304 cm.<\/p>\n<h5><span class=\"textocolorbold\">Orkestra zuloa<\/span><\/h5>\n<p>Orkestra zuloak 60 musikarientzat inguru lekua dauka. Honako neurriak dituen plataforma jasogailuak osatzen du: 12,85 m. X 2,47 m.<\/p>\n<p><span class=\"textogrisbold\">3 altuera ditu:<\/span><br \/>\n\u2022 Orkestraren Zuloa<br \/>\n\u2022 Besaulkien Patioa<br \/>\n\u2022 Eszenatokiaren Luzaera<\/p>\n<p>&nbsp;<\/p>\n<h5><span class=\"textocolorbold\">Besaulkietako patioaren 1. eta 2. iralak\u00a0<\/span><\/h5>\n<p>Besaulkietako patioaren 1. eta 2. ilarak orkestraren zuloan kokatuta daude eta Antzokiaren edukiera ofiziala osatzen dute, beraz, salgai jartzen dira, aurretik jakinarazitako premia teknikoak eta artistikoak egon izan ezik.<br \/>\nEdozein besaulki baliogabetu izanez gero, Antzokiari jakinarazi eta ontzat eman beharko du, jendearentzat salgai jarri baino lehen.<br \/>\nInolaz ere, eszenatokiko edo teknikako elementuek eragotziko dute huste plan bat edo jendearen edo Antzokiko lan ofizialen segurtasun-neurriak praktikatzea.<\/p>\n<p>&nbsp;<\/p>\n<h5><span class=\"textocolorbold\">Ahokadura<\/span><\/h5>\n<ul>\n<li>Gillotina motako aho-oihal gorri 1<\/li>\n<li>Oihal amerikar gorri 1<\/li>\n<li>2 arlekin beltz (12 eta 11 m bitartekoak)<\/li>\n<\/ul>\n<p>&nbsp;<\/p>\n<h5><span class=\"textocolorbold\">Eszenatokiko makinak<\/span><\/h5>\n<ul>\n<li>450 kilo zamarako tiro bikoitzeko 48 barra berdinduak.<\/li>\n<li>2 barra motorizatu, eszenatokiko lehenengo aldean kokatuta (209 cm. suhesi-oihala) eta hondoan (1.062 cm. suhesi-oihala).<\/li>\n<li>500 kiloko zamarako 6 motor mugikor puntual, abiadura aldakorrarekin.<\/li>\n<\/ul>\n<p>&nbsp;<\/p>\n<h5><span class=\"textocolorbold\">Soinu eta argiaren hornidura<\/span><\/h5>\n<p>Zuzendaritza Teknikoarekin Kontsultatu<\/p>\n<h5><span class=\"textocolorbold\">Antzokiaren planoak<\/span><\/h5>\n<p>Zuzendaritza Teknikoarekin Kontsultatu<\/p>\n","protected":false},"excerpt":{"rendered":"&nbsp; Hurrengo datuak bakarrik informazio moduan eskaintzen dira. Arriaga Antzokia Arriaga Plaza,1 Bilbo 48920 Telefonoa 94 4163533 alberto@teatroarriaga.eus Langile teknikoen ohiko lan-ordutegia Goizez: 7:00etik 14:30etara Arratsaldez:15:30etik 23:00etara Zama lanak Zama lanak Antzokiko atzeko aldetik egiten dira. Eszenatokia Antzokiko bigarren solairuan kokatuta dago. Materiala zama-jasogailuaren bidez sartzen da. Zama: 5.000 Kg. Zama lanak egin ondoren, kamioia [&hellip;]<div class=\"clearfix\"><\/div>","protected":false},"author":10,"featured_media":6225,"parent":0,"menu_order":0,"comment_status":"closed","ping_status":"closed","template":"","meta":{"_acf_changed":false,"footnotes":""},"class_list":["post-2037","page","type-page","status-publish","has-post-thumbnail","hentry"],"acf":[],"yoast_head":"<!-- This site is optimized with the Yoast SEO plugin v27.6 - https:\/\/yoast.com\/product\/yoast-seo-wordpress\/ -->\n<title>Informazio teknikoa - Teatro Arriaga Antzokia<\/title>\n<meta name=\"robots\" content=\"index, follow, max-snippet:-1, max-image-preview:large, max-video-preview:-1\" \/>\n<link rel=\"canonical\" href=\"https:\/\/www.citaprevia-teatroarriaga.eus\/?page_id=103\" \/>\n<meta property=\"og:locale\" content=\"en_US\" \/>\n<meta property=\"og:type\" content=\"article\" \/>\n<meta property=\"og:title\" content=\"Informazio teknikoa - Teatro Arriaga Antzokia\" \/>\n<meta property=\"og:description\" content=\"&nbsp; Hurrengo datuak bakarrik informazio moduan eskaintzen dira. Arriaga Antzokia Arriaga Plaza,1 Bilbo 48920 Telefonoa 94 4163533 alberto@teatroarriaga.eus Langile teknikoen ohiko lan-ordutegia Goizez: 7:00etik 14:30etara Arratsaldez:15:30etik 23:00etara Zama lanak Zama lanak Antzokiko atzeko aldetik egiten dira. Eszenatokia Antzokiko bigarren solairuan kokatuta dago. Materiala zama-jasogailuaren bidez sartzen da. Zama: 5.000 Kg. Zama lanak egin ondoren, kamioia [&hellip;]\" \/>\n<meta property=\"og:url\" content=\"https:\/\/www.citaprevia-teatroarriaga.eus\/?page_id=103\" \/>\n<meta property=\"og:site_name\" content=\"Teatro Arriaga Antzokia\" \/>\n<meta property=\"article:modified_time\" content=\"2021-02-12T16:27:53+00:00\" \/>\n<meta property=\"og:image\" content=\"https:\/\/www.citaprevia-teatroarriaga.eus\/wp-content\/uploads\/2016\/02\/Submenu_informacion_tecnica_byn1800.jpg\" \/>\n\t<meta property=\"og:image:width\" content=\"1800\" \/>\n\t<meta property=\"og:image:height\" content=\"800\" \/>\n\t<meta property=\"og:image:type\" content=\"image\/jpeg\" \/>\n<meta name=\"twitter:card\" content=\"summary_large_image\" \/>\n<meta name=\"twitter:label1\" content=\"Est. reading time\" \/>\n\t<meta name=\"twitter:data1\" content=\"2 minutes\" \/>\n<script type=\"application\/ld+json\" class=\"yoast-schema-graph\">{\"@context\":\"https:\\\/\\\/schema.org\",\"@graph\":[{\"@type\":\"WebPage\",\"@id\":\"https:\\\/\\\/www.citaprevia-teatroarriaga.eus\\\/?page_id=103\",\"url\":\"https:\\\/\\\/www.citaprevia-teatroarriaga.eus\\\/?page_id=103\",\"name\":\"Informazio teknikoa - Teatro Arriaga Antzokia\",\"isPartOf\":{\"@id\":\"https:\\\/\\\/www.citaprevia-teatroarriaga.eus\\\/#website\"},\"primaryImageOfPage\":{\"@id\":\"https:\\\/\\\/www.citaprevia-teatroarriaga.eus\\\/?page_id=103#primaryimage\"},\"image\":{\"@id\":\"https:\\\/\\\/www.citaprevia-teatroarriaga.eus\\\/?page_id=103#primaryimage\"},\"thumbnailUrl\":\"https:\\\/\\\/www.citaprevia-teatroarriaga.eus\\\/wp-content\\\/uploads\\\/2016\\\/02\\\/Submenu_informacion_tecnica_byn1800.jpg\",\"datePublished\":\"2016-02-24T02:27:25+00:00\",\"dateModified\":\"2021-02-12T16:27:53+00:00\",\"breadcrumb\":{\"@id\":\"https:\\\/\\\/www.citaprevia-teatroarriaga.eus\\\/?page_id=103#breadcrumb\"},\"inLanguage\":\"eu-EU\",\"potentialAction\":[{\"@type\":\"ReadAction\",\"target\":[\"https:\\\/\\\/www.citaprevia-teatroarriaga.eus\\\/?page_id=103\"]}]},{\"@type\":\"ImageObject\",\"inLanguage\":\"eu-EU\",\"@id\":\"https:\\\/\\\/www.citaprevia-teatroarriaga.eus\\\/?page_id=103#primaryimage\",\"url\":\"https:\\\/\\\/www.citaprevia-teatroarriaga.eus\\\/wp-content\\\/uploads\\\/2016\\\/02\\\/Submenu_informacion_tecnica_byn1800.jpg\",\"contentUrl\":\"https:\\\/\\\/www.citaprevia-teatroarriaga.eus\\\/wp-content\\\/uploads\\\/2016\\\/02\\\/Submenu_informacion_tecnica_byn1800.jpg\",\"width\":1800,\"height\":800},{\"@type\":\"BreadcrumbList\",\"@id\":\"https:\\\/\\\/www.citaprevia-teatroarriaga.eus\\\/?page_id=103#breadcrumb\",\"itemListElement\":[{\"@type\":\"ListItem\",\"position\":1,\"name\":\"Portada\",\"item\":\"https:\\\/\\\/www.citaprevia-teatroarriaga.eus\\\/\"},{\"@type\":\"ListItem\",\"position\":2,\"name\":\"Info\",\"item\":\"https:\\\/\\\/www.citaprevia-teatroarriaga.eus\\\/?page_id=8\"},{\"@type\":\"ListItem\",\"position\":3,\"name\":\"Informazio teknikoa\"}]},{\"@type\":\"WebSite\",\"@id\":\"https:\\\/\\\/www.citaprevia-teatroarriaga.eus\\\/#website\",\"url\":\"https:\\\/\\\/www.citaprevia-teatroarriaga.eus\\\/\",\"name\":\"Teatro Arriaga Antzokia\",\"description\":\"Sitio web oficial del Teatro. Programaci\u00f3n y venta de entradas para espect\u00e1culos. Teatro, danza, conciertos, \u00f3pera.  Edificio emblem\u00e1tico de Bilbao\",\"potentialAction\":[{\"@type\":\"SearchAction\",\"target\":{\"@type\":\"EntryPoint\",\"urlTemplate\":\"https:\\\/\\\/www.citaprevia-teatroarriaga.eus\\\/?s={search_term_string}\"},\"query-input\":{\"@type\":\"PropertyValueSpecification\",\"valueRequired\":true,\"valueName\":\"search_term_string\"}}],\"inLanguage\":\"eu-EU\"}]}<\/script>\n<!-- \/ Yoast SEO plugin. -->","yoast_head_json":{"title":"Informazio teknikoa - Teatro Arriaga Antzokia","robots":{"index":"index","follow":"follow","max-snippet":"max-snippet:-1","max-image-preview":"max-image-preview:large","max-video-preview":"max-video-preview:-1"},"canonical":"https:\/\/www.citaprevia-teatroarriaga.eus\/?page_id=103","og_locale":"en_US","og_type":"article","og_title":"Informazio teknikoa - Teatro Arriaga Antzokia","og_description":"&nbsp; Hurrengo datuak bakarrik informazio moduan eskaintzen dira. Arriaga Antzokia Arriaga Plaza,1 Bilbo 48920 Telefonoa 94 4163533 alberto@teatroarriaga.eus Langile teknikoen ohiko lan-ordutegia Goizez: 7:00etik 14:30etara Arratsaldez:15:30etik 23:00etara Zama lanak Zama lanak Antzokiko atzeko aldetik egiten dira. Eszenatokia Antzokiko bigarren solairuan kokatuta dago. Materiala zama-jasogailuaren bidez sartzen da. Zama: 5.000 Kg. Zama lanak egin ondoren, kamioia [&hellip;]","og_url":"https:\/\/www.citaprevia-teatroarriaga.eus\/?page_id=103","og_site_name":"Teatro Arriaga Antzokia","article_modified_time":"2021-02-12T16:27:53+00:00","og_image":[{"width":1800,"height":800,"url":"https:\/\/www.citaprevia-teatroarriaga.eus\/wp-content\/uploads\/2016\/02\/Submenu_informacion_tecnica_byn1800.jpg","type":"image\/jpeg"}],"twitter_card":"summary_large_image","twitter_misc":{"Est. reading time":"2 minutes"},"schema":{"@context":"https:\/\/schema.org","@graph":[{"@type":"WebPage","@id":"https:\/\/www.citaprevia-teatroarriaga.eus\/?page_id=103","url":"https:\/\/www.citaprevia-teatroarriaga.eus\/?page_id=103","name":"Informazio teknikoa - Teatro Arriaga Antzokia","isPartOf":{"@id":"https:\/\/www.citaprevia-teatroarriaga.eus\/#website"},"primaryImageOfPage":{"@id":"https:\/\/www.citaprevia-teatroarriaga.eus\/?page_id=103#primaryimage"},"image":{"@id":"https:\/\/www.citaprevia-teatroarriaga.eus\/?page_id=103#primaryimage"},"thumbnailUrl":"https:\/\/www.citaprevia-teatroarriaga.eus\/wp-content\/uploads\/2016\/02\/Submenu_informacion_tecnica_byn1800.jpg","datePublished":"2016-02-24T02:27:25+00:00","dateModified":"2021-02-12T16:27:53+00:00","breadcrumb":{"@id":"https:\/\/www.citaprevia-teatroarriaga.eus\/?page_id=103#breadcrumb"},"inLanguage":"eu-EU","potentialAction":[{"@type":"ReadAction","target":["https:\/\/www.citaprevia-teatroarriaga.eus\/?page_id=103"]}]},{"@type":"ImageObject","inLanguage":"eu-EU","@id":"https:\/\/www.citaprevia-teatroarriaga.eus\/?page_id=103#primaryimage","url":"https:\/\/www.citaprevia-teatroarriaga.eus\/wp-content\/uploads\/2016\/02\/Submenu_informacion_tecnica_byn1800.jpg","contentUrl":"https:\/\/www.citaprevia-teatroarriaga.eus\/wp-content\/uploads\/2016\/02\/Submenu_informacion_tecnica_byn1800.jpg","width":1800,"height":800},{"@type":"BreadcrumbList","@id":"https:\/\/www.citaprevia-teatroarriaga.eus\/?page_id=103#breadcrumb","itemListElement":[{"@type":"ListItem","position":1,"name":"Portada","item":"https:\/\/www.citaprevia-teatroarriaga.eus\/"},{"@type":"ListItem","position":2,"name":"Info","item":"https:\/\/www.citaprevia-teatroarriaga.eus\/?page_id=8"},{"@type":"ListItem","position":3,"name":"Informazio teknikoa"}]},{"@type":"WebSite","@id":"https:\/\/www.citaprevia-teatroarriaga.eus\/#website","url":"https:\/\/www.citaprevia-teatroarriaga.eus\/","name":"Teatro Arriaga Antzokia","description":"Sitio web oficial del Teatro. Programaci\u00f3n y venta de entradas para espect\u00e1culos. Teatro, danza, conciertos, \u00f3pera.  Edificio emblem\u00e1tico de Bilbao","potentialAction":[{"@type":"SearchAction","target":{"@type":"EntryPoint","urlTemplate":"https:\/\/www.citaprevia-teatroarriaga.eus\/?s={search_term_string}"},"query-input":{"@type":"PropertyValueSpecification","valueRequired":true,"valueName":"search_term_string"}}],"inLanguage":"eu-EU"}]}},"_links":{"self":[{"href":"https:\/\/www.citaprevia-teatroarriaga.eus\/eu\/wp-json\/wp\/v2\/pages\/2037","targetHints":{"allow":["GET"]}}],"collection":[{"href":"https:\/\/www.citaprevia-teatroarriaga.eus\/eu\/wp-json\/wp\/v2\/pages"}],"about":[{"href":"https:\/\/www.citaprevia-teatroarriaga.eus\/eu\/wp-json\/wp\/v2\/types\/page"}],"author":[{"embeddable":true,"href":"https:\/\/www.citaprevia-teatroarriaga.eus\/eu\/wp-json\/wp\/v2\/users\/10"}],"replies":[{"embeddable":true,"href":"https:\/\/www.citaprevia-teatroarriaga.eus\/eu\/wp-json\/wp\/v2\/comments?post=2037"}],"version-history":[{"count":0,"href":"https:\/\/www.citaprevia-teatroarriaga.eus\/eu\/wp-json\/wp\/v2\/pages\/2037\/revisions"}],"wp:featuredmedia":[{"embeddable":true,"href":"https:\/\/www.citaprevia-teatroarriaga.eus\/eu\/wp-json\/wp\/v2\/media\/6225"}],"wp:attachment":[{"href":"https:\/\/www.citaprevia-teatroarriaga.eus\/eu\/wp-json\/wp\/v2\/media?parent=2037"}],"curies":[{"name":"wp","href":"https:\/\/api.w.org\/{rel}","templated":true}]}}