{"id":2034,"date":"2016-02-24T03:27:34","date_gmt":"2016-02-24T02:27:34","guid":{"rendered":"http:\/\/www.citaprevia-teatroarriaga.eus\/contactanos\/?lang=eu"},"modified":"2024-06-26T12:37:40","modified_gmt":"2024-06-26T10:37:40","slug":"contactanos","status":"publish","type":"page","link":"https:\/\/www.citaprevia-teatroarriaga.eus\/eu\/contactanos\/","title":{"rendered":"Harremanetan jarri"},"content":{"rendered":"<div class=\"ow-content\">\n<div class=\"col-sm-7 col-md-8 left-col wl-pa-top-md wl-pa-bottom-lg ow-border-right contactanos-form__wrapper\"><p class=\"wpcf7-contact-form-not-found\"><strong>Error:<\/strong> Contact form not found.<\/p><\/div>\n<div class=\"wl-cfix-xs visible-xs\"><\/div>\n<div class=\"col-sm-5 col-md-4 right-col\">\n<div class=\"ow-block\">\n<h5 class=\"wl-ma-bottom-md\"><span style=\"color: #999;\">TELEFONOAK<\/span><\/h5>\n<p style=\"text-align: left;\"><span class=\"highlight\"><span class=\"textocolorbold\">Informazio telefonoa<\/span>:<\/span> 944 79 20 36<br \/>\n<span class=\"highlight\"><span class=\"textocolorbold\">Telefonogunea<\/span>:<\/span> 944 16 35 33<\/p>\n<\/div>\n<\/div>\n<\/div>\n","protected":false},"excerpt":{"rendered":"TELEFONOAK Informazio telefonoa: 944 79 20 36 Telefonogunea: 944 16 35 33","protected":false},"author":10,"featured_media":6219,"parent":0,"menu_order":0,"comment_status":"closed","ping_status":"closed","template":"","meta":{"_acf_changed":false,"footnotes":""},"class_list":["post-2034","page","type-page","status-publish","has-post-thumbnail","hentry"],"acf":[],"yoast_head":"<!-- This site is optimized with the Yoast SEO plugin v27.6 - https:\/\/yoast.com\/product\/yoast-seo-wordpress\/ -->\n<title>Harremanetan jarri - Teatro Arriaga Antzokia<\/title>\n<meta name=\"robots\" content=\"index, follow, max-snippet:-1, max-image-preview:large, max-video-preview:-1\" \/>\n<link rel=\"canonical\" href=\"https:\/\/www.citaprevia-teatroarriaga.eus\/?page_id=104\" \/>\n<meta property=\"og:locale\" content=\"en_US\" \/>\n<meta property=\"og:type\" content=\"article\" \/>\n<meta property=\"og:title\" content=\"Harremanetan jarri - Teatro Arriaga Antzokia\" \/>\n<meta property=\"og:description\" content=\"TELEFONOAK Informazio telefonoa: 944 79 20 36 Telefonogunea: 944 16 35 33\" \/>\n<meta property=\"og:url\" content=\"https:\/\/www.citaprevia-teatroarriaga.eus\/?page_id=104\" \/>\n<meta property=\"og:site_name\" content=\"Teatro Arriaga Antzokia\" \/>\n<meta property=\"article:modified_time\" content=\"2024-06-26T10:37:40+00:00\" \/>\n<meta property=\"og:image\" content=\"https:\/\/www.citaprevia-teatroarriaga.eus\/wp-content\/uploads\/2016\/02\/submenuu_contactanos_byn1800.jpg\" \/>\n\t<meta property=\"og:image:width\" content=\"1800\" \/>\n\t<meta property=\"og:image:height\" content=\"800\" \/>\n\t<meta property=\"og:image:type\" content=\"image\/jpeg\" \/>\n<meta name=\"twitter:card\" content=\"summary_large_image\" \/>\n<meta name=\"twitter:label1\" content=\"Est. reading time\" \/>\n\t<meta name=\"twitter:data1\" content=\"1 minute\" \/>\n<script type=\"application\/ld+json\" class=\"yoast-schema-graph\">{\"@context\":\"https:\\\/\\\/schema.org\",\"@graph\":[{\"@type\":\"WebPage\",\"@id\":\"https:\\\/\\\/www.citaprevia-teatroarriaga.eus\\\/?page_id=104\",\"url\":\"https:\\\/\\\/www.citaprevia-teatroarriaga.eus\\\/?page_id=104\",\"name\":\"Harremanetan jarri - Teatro Arriaga Antzokia\",\"isPartOf\":{\"@id\":\"https:\\\/\\\/www.citaprevia-teatroarriaga.eus\\\/#website\"},\"primaryImageOfPage\":{\"@id\":\"https:\\\/\\\/www.citaprevia-teatroarriaga.eus\\\/?page_id=104#primaryimage\"},\"image\":{\"@id\":\"https:\\\/\\\/www.citaprevia-teatroarriaga.eus\\\/?page_id=104#primaryimage\"},\"thumbnailUrl\":\"https:\\\/\\\/www.citaprevia-teatroarriaga.eus\\\/wp-content\\\/uploads\\\/2016\\\/02\\\/submenuu_contactanos_byn1800.jpg\",\"datePublished\":\"2016-02-24T02:27:34+00:00\",\"dateModified\":\"2024-06-26T10:37:40+00:00\",\"breadcrumb\":{\"@id\":\"https:\\\/\\\/www.citaprevia-teatroarriaga.eus\\\/?page_id=104#breadcrumb\"},\"inLanguage\":\"eu-EU\",\"potentialAction\":[{\"@type\":\"ReadAction\",\"target\":[\"https:\\\/\\\/www.citaprevia-teatroarriaga.eus\\\/?page_id=104\"]}]},{\"@type\":\"ImageObject\",\"inLanguage\":\"eu-EU\",\"@id\":\"https:\\\/\\\/www.citaprevia-teatroarriaga.eus\\\/?page_id=104#primaryimage\",\"url\":\"https:\\\/\\\/www.citaprevia-teatroarriaga.eus\\\/wp-content\\\/uploads\\\/2016\\\/02\\\/submenuu_contactanos_byn1800.jpg\",\"contentUrl\":\"https:\\\/\\\/www.citaprevia-teatroarriaga.eus\\\/wp-content\\\/uploads\\\/2016\\\/02\\\/submenuu_contactanos_byn1800.jpg\",\"width\":1800,\"height\":800},{\"@type\":\"BreadcrumbList\",\"@id\":\"https:\\\/\\\/www.citaprevia-teatroarriaga.eus\\\/?page_id=104#breadcrumb\",\"itemListElement\":[{\"@type\":\"ListItem\",\"position\":1,\"name\":\"Portada\",\"item\":\"https:\\\/\\\/www.citaprevia-teatroarriaga.eus\\\/\"},{\"@type\":\"ListItem\",\"position\":2,\"name\":\"Info\",\"item\":\"https:\\\/\\\/www.citaprevia-teatroarriaga.eus\\\/?page_id=8\"},{\"@type\":\"ListItem\",\"position\":3,\"name\":\"Harremanetan jarri\"}]},{\"@type\":\"WebSite\",\"@id\":\"https:\\\/\\\/www.citaprevia-teatroarriaga.eus\\\/#website\",\"url\":\"https:\\\/\\\/www.citaprevia-teatroarriaga.eus\\\/\",\"name\":\"Teatro Arriaga Antzokia\",\"description\":\"Sitio web oficial del Teatro. Programaci\u00f3n y venta de entradas para espect\u00e1culos. Teatro, danza, conciertos, \u00f3pera.  Edificio emblem\u00e1tico de Bilbao\",\"potentialAction\":[{\"@type\":\"SearchAction\",\"target\":{\"@type\":\"EntryPoint\",\"urlTemplate\":\"https:\\\/\\\/www.citaprevia-teatroarriaga.eus\\\/?s={search_term_string}\"},\"query-input\":{\"@type\":\"PropertyValueSpecification\",\"valueRequired\":true,\"valueName\":\"search_term_string\"}}],\"inLanguage\":\"eu-EU\"}]}<\/script>\n<!-- \/ Yoast SEO plugin. -->","yoast_head_json":{"title":"Harremanetan jarri - Teatro Arriaga Antzokia","robots":{"index":"index","follow":"follow","max-snippet":"max-snippet:-1","max-image-preview":"max-image-preview:large","max-video-preview":"max-video-preview:-1"},"canonical":"https:\/\/www.citaprevia-teatroarriaga.eus\/?page_id=104","og_locale":"en_US","og_type":"article","og_title":"Harremanetan jarri - Teatro Arriaga Antzokia","og_description":"TELEFONOAK Informazio telefonoa: 944 79 20 36 Telefonogunea: 944 16 35 33","og_url":"https:\/\/www.citaprevia-teatroarriaga.eus\/?page_id=104","og_site_name":"Teatro Arriaga Antzokia","article_modified_time":"2024-06-26T10:37:40+00:00","og_image":[{"width":1800,"height":800,"url":"https:\/\/www.citaprevia-teatroarriaga.eus\/wp-content\/uploads\/2016\/02\/submenuu_contactanos_byn1800.jpg","type":"image\/jpeg"}],"twitter_card":"summary_large_image","twitter_misc":{"Est. reading time":"1 minute"},"schema":{"@context":"https:\/\/schema.org","@graph":[{"@type":"WebPage","@id":"https:\/\/www.citaprevia-teatroarriaga.eus\/?page_id=104","url":"https:\/\/www.citaprevia-teatroarriaga.eus\/?page_id=104","name":"Harremanetan jarri - Teatro Arriaga Antzokia","isPartOf":{"@id":"https:\/\/www.citaprevia-teatroarriaga.eus\/#website"},"primaryImageOfPage":{"@id":"https:\/\/www.citaprevia-teatroarriaga.eus\/?page_id=104#primaryimage"},"image":{"@id":"https:\/\/www.citaprevia-teatroarriaga.eus\/?page_id=104#primaryimage"},"thumbnailUrl":"https:\/\/www.citaprevia-teatroarriaga.eus\/wp-content\/uploads\/2016\/02\/submenuu_contactanos_byn1800.jpg","datePublished":"2016-02-24T02:27:34+00:00","dateModified":"2024-06-26T10:37:40+00:00","breadcrumb":{"@id":"https:\/\/www.citaprevia-teatroarriaga.eus\/?page_id=104#breadcrumb"},"inLanguage":"eu-EU","potentialAction":[{"@type":"ReadAction","target":["https:\/\/www.citaprevia-teatroarriaga.eus\/?page_id=104"]}]},{"@type":"ImageObject","inLanguage":"eu-EU","@id":"https:\/\/www.citaprevia-teatroarriaga.eus\/?page_id=104#primaryimage","url":"https:\/\/www.citaprevia-teatroarriaga.eus\/wp-content\/uploads\/2016\/02\/submenuu_contactanos_byn1800.jpg","contentUrl":"https:\/\/www.citaprevia-teatroarriaga.eus\/wp-content\/uploads\/2016\/02\/submenuu_contactanos_byn1800.jpg","width":1800,"height":800},{"@type":"BreadcrumbList","@id":"https:\/\/www.citaprevia-teatroarriaga.eus\/?page_id=104#breadcrumb","itemListElement":[{"@type":"ListItem","position":1,"name":"Portada","item":"https:\/\/www.citaprevia-teatroarriaga.eus\/"},{"@type":"ListItem","position":2,"name":"Info","item":"https:\/\/www.citaprevia-teatroarriaga.eus\/?page_id=8"},{"@type":"ListItem","position":3,"name":"Harremanetan jarri"}]},{"@type":"WebSite","@id":"https:\/\/www.citaprevia-teatroarriaga.eus\/#website","url":"https:\/\/www.citaprevia-teatroarriaga.eus\/","name":"Teatro Arriaga Antzokia","description":"Sitio web oficial del Teatro. Programaci\u00f3n y venta de entradas para espect\u00e1culos. Teatro, danza, conciertos, \u00f3pera.  Edificio emblem\u00e1tico de Bilbao","potentialAction":[{"@type":"SearchAction","target":{"@type":"EntryPoint","urlTemplate":"https:\/\/www.citaprevia-teatroarriaga.eus\/?s={search_term_string}"},"query-input":{"@type":"PropertyValueSpecification","valueRequired":true,"valueName":"search_term_string"}}],"inLanguage":"eu-EU"}]}},"_links":{"self":[{"href":"https:\/\/www.citaprevia-teatroarriaga.eus\/eu\/wp-json\/wp\/v2\/pages\/2034","targetHints":{"allow":["GET"]}}],"collection":[{"href":"https:\/\/www.citaprevia-teatroarriaga.eus\/eu\/wp-json\/wp\/v2\/pages"}],"about":[{"href":"https:\/\/www.citaprevia-teatroarriaga.eus\/eu\/wp-json\/wp\/v2\/types\/page"}],"author":[{"embeddable":true,"href":"https:\/\/www.citaprevia-teatroarriaga.eus\/eu\/wp-json\/wp\/v2\/users\/10"}],"replies":[{"embeddable":true,"href":"https:\/\/www.citaprevia-teatroarriaga.eus\/eu\/wp-json\/wp\/v2\/comments?post=2034"}],"version-history":[{"count":1,"href":"https:\/\/www.citaprevia-teatroarriaga.eus\/eu\/wp-json\/wp\/v2\/pages\/2034\/revisions"}],"predecessor-version":[{"id":59621,"href":"https:\/\/www.citaprevia-teatroarriaga.eus\/eu\/wp-json\/wp\/v2\/pages\/2034\/revisions\/59621"}],"wp:featuredmedia":[{"embeddable":true,"href":"https:\/\/www.citaprevia-teatroarriaga.eus\/eu\/wp-json\/wp\/v2\/media\/6219"}],"wp:attachment":[{"href":"https:\/\/www.citaprevia-teatroarriaga.eus\/eu\/wp-json\/wp\/v2\/media?parent=2034"}],"curies":[{"name":"wp","href":"https:\/\/api.w.org\/{rel}","templated":true}]}}