{"id":2032,"date":"2016-02-24T03:33:39","date_gmt":"2016-02-24T02:33:39","guid":{"rendered":"http:\/\/www.citaprevia-teatroarriaga.eus\/patrocinadores\/?lang=eu"},"modified":"2026-03-26T11:44:24","modified_gmt":"2026-03-26T10:44:24","slug":"patrocinadores","status":"publish","type":"page","link":"https:\/\/www.citaprevia-teatroarriaga.eus\/eu\/patrocinadores\/","title":{"rendered":"Babesleak"},"content":{"rendered":"<p>Arriaga Antzokia Bilboko kultur zentrorik garrantzitsuena da, zalantzarik gabe. 1890eko maiatzean inauguratu zenetik, orkestrarik garrantzitsuenek, lehen mailako bakarlariek eta antzerki eta dantza-muntaiarik garrantzitsu eta berrienek beren arrastoa utzi dute hiribilduko antzokiaren eszenatokian.<\/p>\n<p align=\"justify\">Publiko eta pribatuaren arteko laguntza posiblea da, eta baita desiragarria ere, guztion mesederako baita, bai hiritarren mesederako zein antzerkiaren jarduera bikainean parte hartzen duten erakunde pribatuen mesederako ere. Arriaga Antzokiarekin elkarlanean aritzea da, kanpora begira, etorkizun handia duen jarduera bati lotzea. Gainera, ordain garrantzitsuak eskaintzen ditu sektore pribatuarentzat.<\/p>\n<p align=\"justify\">Arriaga Antzokiaren babes-programak, ekonomiaren zenbait arlotan aitzindari diren enpresak bildu nahi ditu. Enpresa horiek gure herriaren kulturari lagundu eta Arriagako ikuskizunei goren mailako kalitatea eman nahi diote. Horrela, enpresa hauen irudiak bat egiten du Arriagaren ibilbidearekin eta, aldi berean, kontraprestazioak jasoko dituzte.<\/p>\n<p>&nbsp;<\/p>\n<hr \/>\n<h5>LANKIDENTZAKO EREDUAK<\/h5>\n<p>Babes-programak partaidetzarako lau maila ditu:<\/p>\n<ul>\n<li>Enpresa Adiskidea<\/li>\n<li>Enpresa Laguntzailea<\/li>\n<li>Babeslea<\/li>\n<li>Babesle Berezia<\/li>\n<\/ul>\n<p>Alokairuari buruzko informazioa jasotzeko, Kanpo harreman eta protokoloara deitu, 687 556 764 telefonora, Jose Bonilla.<\/p>\n<p>E-maila: <a href=\"mailto:protocolo.jotamas@teatroarriaga.eus\">protocolo.jotamas@teatroarriaga.eus<\/a><\/p>\n","protected":false},"excerpt":{"rendered":"Arriaga Antzokia Bilboko kultur zentrorik garrantzitsuena da, zalantzarik gabe. 1890eko maiatzean inauguratu zenetik, orkestrarik garrantzitsuenek, lehen mailako bakarlariek eta antzerki eta dantza-muntaiarik garrantzitsu eta berrienek beren arrastoa utzi dute hiribilduko antzokiaren eszenatokian. Publiko eta pribatuaren arteko laguntza posiblea da, eta baita desiragarria ere, guztion mesederako baita, bai hiritarren mesederako zein antzerkiaren jarduera bikainean parte hartzen [&hellip;]<div class=\"clearfix\"><\/div>","protected":false},"author":10,"featured_media":6262,"parent":0,"menu_order":0,"comment_status":"closed","ping_status":"closed","template":"templates\/template-patrocinadores-newer.php","meta":{"_acf_changed":false,"footnotes":""},"class_list":["post-2032","page","type-page","status-publish","has-post-thumbnail","hentry"],"acf":[],"yoast_head":"<!-- This site is optimized with the Yoast SEO plugin v27.6 - https:\/\/yoast.com\/product\/yoast-seo-wordpress\/ -->\n<title>Babesleak - Teatro Arriaga Antzokia<\/title>\n<meta name=\"robots\" content=\"index, follow, max-snippet:-1, max-image-preview:large, max-video-preview:-1\" \/>\n<link rel=\"canonical\" href=\"https:\/\/www.citaprevia-teatroarriaga.eus\/?page_id=105\" \/>\n<meta property=\"og:locale\" content=\"en_US\" \/>\n<meta property=\"og:type\" content=\"article\" \/>\n<meta property=\"og:title\" content=\"Babesleak - Teatro Arriaga Antzokia\" \/>\n<meta property=\"og:description\" content=\"Arriaga Antzokia Bilboko kultur zentrorik garrantzitsuena da, zalantzarik gabe. 1890eko maiatzean inauguratu zenetik, orkestrarik garrantzitsuenek, lehen mailako bakarlariek eta antzerki eta dantza-muntaiarik garrantzitsu eta berrienek beren arrastoa utzi dute hiribilduko antzokiaren eszenatokian. Publiko eta pribatuaren arteko laguntza posiblea da, eta baita desiragarria ere, guztion mesederako baita, bai hiritarren mesederako zein antzerkiaren jarduera bikainean parte hartzen [&hellip;]\" \/>\n<meta property=\"og:url\" content=\"https:\/\/www.citaprevia-teatroarriaga.eus\/?page_id=105\" \/>\n<meta property=\"og:site_name\" content=\"Teatro Arriaga Antzokia\" \/>\n<meta property=\"article:modified_time\" content=\"2026-03-26T10:44:24+00:00\" \/>\n<meta property=\"og:image\" content=\"https:\/\/www.citaprevia-teatroarriaga.eus\/wp-content\/uploads\/2016\/02\/Submenu_patrocinadores_blancoynegro1800.jpg\" \/>\n\t<meta property=\"og:image:width\" content=\"1800\" \/>\n\t<meta property=\"og:image:height\" content=\"800\" \/>\n\t<meta property=\"og:image:type\" content=\"image\/jpeg\" \/>\n<meta name=\"twitter:card\" content=\"summary_large_image\" \/>\n<meta name=\"twitter:label1\" content=\"Est. reading time\" \/>\n\t<meta name=\"twitter:data1\" content=\"2 minutes\" \/>\n<script type=\"application\/ld+json\" class=\"yoast-schema-graph\">{\"@context\":\"https:\\\/\\\/schema.org\",\"@graph\":[{\"@type\":\"WebPage\",\"@id\":\"https:\\\/\\\/www.citaprevia-teatroarriaga.eus\\\/?page_id=105\",\"url\":\"https:\\\/\\\/www.citaprevia-teatroarriaga.eus\\\/?page_id=105\",\"name\":\"Babesleak - Teatro Arriaga Antzokia\",\"isPartOf\":{\"@id\":\"https:\\\/\\\/www.citaprevia-teatroarriaga.eus\\\/#website\"},\"primaryImageOfPage\":{\"@id\":\"https:\\\/\\\/www.citaprevia-teatroarriaga.eus\\\/?page_id=105#primaryimage\"},\"image\":{\"@id\":\"https:\\\/\\\/www.citaprevia-teatroarriaga.eus\\\/?page_id=105#primaryimage\"},\"thumbnailUrl\":\"https:\\\/\\\/www.citaprevia-teatroarriaga.eus\\\/wp-content\\\/uploads\\\/2016\\\/02\\\/Submenu_patrocinadores_blancoynegro1800.jpg\",\"datePublished\":\"2016-02-24T02:33:39+00:00\",\"dateModified\":\"2026-03-26T10:44:24+00:00\",\"breadcrumb\":{\"@id\":\"https:\\\/\\\/www.citaprevia-teatroarriaga.eus\\\/?page_id=105#breadcrumb\"},\"inLanguage\":\"eu-EU\",\"potentialAction\":[{\"@type\":\"ReadAction\",\"target\":[\"https:\\\/\\\/www.citaprevia-teatroarriaga.eus\\\/?page_id=105\"]}]},{\"@type\":\"ImageObject\",\"inLanguage\":\"eu-EU\",\"@id\":\"https:\\\/\\\/www.citaprevia-teatroarriaga.eus\\\/?page_id=105#primaryimage\",\"url\":\"https:\\\/\\\/www.citaprevia-teatroarriaga.eus\\\/wp-content\\\/uploads\\\/2016\\\/02\\\/Submenu_patrocinadores_blancoynegro1800.jpg\",\"contentUrl\":\"https:\\\/\\\/www.citaprevia-teatroarriaga.eus\\\/wp-content\\\/uploads\\\/2016\\\/02\\\/Submenu_patrocinadores_blancoynegro1800.jpg\",\"width\":1800,\"height\":800},{\"@type\":\"BreadcrumbList\",\"@id\":\"https:\\\/\\\/www.citaprevia-teatroarriaga.eus\\\/?page_id=105#breadcrumb\",\"itemListElement\":[{\"@type\":\"ListItem\",\"position\":1,\"name\":\"Portada\",\"item\":\"https:\\\/\\\/www.citaprevia-teatroarriaga.eus\\\/\"},{\"@type\":\"ListItem\",\"position\":2,\"name\":\"Arriagaren lagunak\",\"item\":\"https:\\\/\\\/www.citaprevia-teatroarriaga.eus\\\/?page_id=9\"},{\"@type\":\"ListItem\",\"position\":3,\"name\":\"Babesleak\"}]},{\"@type\":\"WebSite\",\"@id\":\"https:\\\/\\\/www.citaprevia-teatroarriaga.eus\\\/#website\",\"url\":\"https:\\\/\\\/www.citaprevia-teatroarriaga.eus\\\/\",\"name\":\"Teatro Arriaga Antzokia\",\"description\":\"Sitio web oficial del Teatro. Programaci\u00f3n y venta de entradas para espect\u00e1culos. Teatro, danza, conciertos, \u00f3pera.  Edificio emblem\u00e1tico de Bilbao\",\"potentialAction\":[{\"@type\":\"SearchAction\",\"target\":{\"@type\":\"EntryPoint\",\"urlTemplate\":\"https:\\\/\\\/www.citaprevia-teatroarriaga.eus\\\/?s={search_term_string}\"},\"query-input\":{\"@type\":\"PropertyValueSpecification\",\"valueRequired\":true,\"valueName\":\"search_term_string\"}}],\"inLanguage\":\"eu-EU\"}]}<\/script>\n<!-- \/ Yoast SEO plugin. -->","yoast_head_json":{"title":"Babesleak - Teatro Arriaga Antzokia","robots":{"index":"index","follow":"follow","max-snippet":"max-snippet:-1","max-image-preview":"max-image-preview:large","max-video-preview":"max-video-preview:-1"},"canonical":"https:\/\/www.citaprevia-teatroarriaga.eus\/?page_id=105","og_locale":"en_US","og_type":"article","og_title":"Babesleak - Teatro Arriaga Antzokia","og_description":"Arriaga Antzokia Bilboko kultur zentrorik garrantzitsuena da, zalantzarik gabe. 1890eko maiatzean inauguratu zenetik, orkestrarik garrantzitsuenek, lehen mailako bakarlariek eta antzerki eta dantza-muntaiarik garrantzitsu eta berrienek beren arrastoa utzi dute hiribilduko antzokiaren eszenatokian. Publiko eta pribatuaren arteko laguntza posiblea da, eta baita desiragarria ere, guztion mesederako baita, bai hiritarren mesederako zein antzerkiaren jarduera bikainean parte hartzen [&hellip;]","og_url":"https:\/\/www.citaprevia-teatroarriaga.eus\/?page_id=105","og_site_name":"Teatro Arriaga Antzokia","article_modified_time":"2026-03-26T10:44:24+00:00","og_image":[{"width":1800,"height":800,"url":"https:\/\/www.citaprevia-teatroarriaga.eus\/wp-content\/uploads\/2016\/02\/Submenu_patrocinadores_blancoynegro1800.jpg","type":"image\/jpeg"}],"twitter_card":"summary_large_image","twitter_misc":{"Est. reading time":"2 minutes"},"schema":{"@context":"https:\/\/schema.org","@graph":[{"@type":"WebPage","@id":"https:\/\/www.citaprevia-teatroarriaga.eus\/?page_id=105","url":"https:\/\/www.citaprevia-teatroarriaga.eus\/?page_id=105","name":"Babesleak - Teatro Arriaga Antzokia","isPartOf":{"@id":"https:\/\/www.citaprevia-teatroarriaga.eus\/#website"},"primaryImageOfPage":{"@id":"https:\/\/www.citaprevia-teatroarriaga.eus\/?page_id=105#primaryimage"},"image":{"@id":"https:\/\/www.citaprevia-teatroarriaga.eus\/?page_id=105#primaryimage"},"thumbnailUrl":"https:\/\/www.citaprevia-teatroarriaga.eus\/wp-content\/uploads\/2016\/02\/Submenu_patrocinadores_blancoynegro1800.jpg","datePublished":"2016-02-24T02:33:39+00:00","dateModified":"2026-03-26T10:44:24+00:00","breadcrumb":{"@id":"https:\/\/www.citaprevia-teatroarriaga.eus\/?page_id=105#breadcrumb"},"inLanguage":"eu-EU","potentialAction":[{"@type":"ReadAction","target":["https:\/\/www.citaprevia-teatroarriaga.eus\/?page_id=105"]}]},{"@type":"ImageObject","inLanguage":"eu-EU","@id":"https:\/\/www.citaprevia-teatroarriaga.eus\/?page_id=105#primaryimage","url":"https:\/\/www.citaprevia-teatroarriaga.eus\/wp-content\/uploads\/2016\/02\/Submenu_patrocinadores_blancoynegro1800.jpg","contentUrl":"https:\/\/www.citaprevia-teatroarriaga.eus\/wp-content\/uploads\/2016\/02\/Submenu_patrocinadores_blancoynegro1800.jpg","width":1800,"height":800},{"@type":"BreadcrumbList","@id":"https:\/\/www.citaprevia-teatroarriaga.eus\/?page_id=105#breadcrumb","itemListElement":[{"@type":"ListItem","position":1,"name":"Portada","item":"https:\/\/www.citaprevia-teatroarriaga.eus\/"},{"@type":"ListItem","position":2,"name":"Arriagaren lagunak","item":"https:\/\/www.citaprevia-teatroarriaga.eus\/?page_id=9"},{"@type":"ListItem","position":3,"name":"Babesleak"}]},{"@type":"WebSite","@id":"https:\/\/www.citaprevia-teatroarriaga.eus\/#website","url":"https:\/\/www.citaprevia-teatroarriaga.eus\/","name":"Teatro Arriaga Antzokia","description":"Sitio web oficial del Teatro. Programaci\u00f3n y venta de entradas para espect\u00e1culos. Teatro, danza, conciertos, \u00f3pera.  Edificio emblem\u00e1tico de Bilbao","potentialAction":[{"@type":"SearchAction","target":{"@type":"EntryPoint","urlTemplate":"https:\/\/www.citaprevia-teatroarriaga.eus\/?s={search_term_string}"},"query-input":{"@type":"PropertyValueSpecification","valueRequired":true,"valueName":"search_term_string"}}],"inLanguage":"eu-EU"}]}},"_links":{"self":[{"href":"https:\/\/www.citaprevia-teatroarriaga.eus\/eu\/wp-json\/wp\/v2\/pages\/2032","targetHints":{"allow":["GET"]}}],"collection":[{"href":"https:\/\/www.citaprevia-teatroarriaga.eus\/eu\/wp-json\/wp\/v2\/pages"}],"about":[{"href":"https:\/\/www.citaprevia-teatroarriaga.eus\/eu\/wp-json\/wp\/v2\/types\/page"}],"author":[{"embeddable":true,"href":"https:\/\/www.citaprevia-teatroarriaga.eus\/eu\/wp-json\/wp\/v2\/users\/10"}],"replies":[{"embeddable":true,"href":"https:\/\/www.citaprevia-teatroarriaga.eus\/eu\/wp-json\/wp\/v2\/comments?post=2032"}],"version-history":[{"count":0,"href":"https:\/\/www.citaprevia-teatroarriaga.eus\/eu\/wp-json\/wp\/v2\/pages\/2032\/revisions"}],"wp:featuredmedia":[{"embeddable":true,"href":"https:\/\/www.citaprevia-teatroarriaga.eus\/eu\/wp-json\/wp\/v2\/media\/6262"}],"wp:attachment":[{"href":"https:\/\/www.citaprevia-teatroarriaga.eus\/eu\/wp-json\/wp\/v2\/media?parent=2032"}],"curies":[{"name":"wp","href":"https:\/\/api.w.org\/{rel}","templated":true}]}}