{"id":2022,"date":"2016-02-28T04:56:20","date_gmt":"2016-02-28T04:56:20","guid":{"rendered":"http:\/\/www.citaprevia-teatroarriaga.eus\/descuentos\/?lang=eu"},"modified":"2025-05-22T08:59:20","modified_gmt":"2025-05-22T06:59:20","slug":"descuentos","status":"publish","type":"page","link":"https:\/\/www.citaprevia-teatroarriaga.eus\/eu\/descuentos\/","title":{"rendered":"Abantaiak"},"content":{"rendered":"<div class=\"caja\">\n<h3>Arriagako Taldearen Laguna:<\/h3>\n<p><strong><span>%20-25<\/span>etik <span>%35<\/span>era bitarteko deskontua <\/strong> erositako sarrera-kopuruaren arabera <em>(18 eta 41 sarrera bitartean, % 20-25eko deskontua; eta 42 sarreratik aurrera, % 35ekoa)<\/em>. Lagun programaren arabera alda daiteke.<\/p>\n<\/div>\n<div class=\"caja\">\n<h3>Arriagako Banakako Laguna:<\/h3>\n<p><strong><span>%20-25<\/span> eko deskontua<\/strong> urtebeterako balio duen txartela erosiz gero. Lagun programaren arabera alda daiteke.<\/p>\n<\/div>\n<div class=\"caja\">\n<h3>Kolektiboak:<\/h3>\n<p>20 pertsona edo gehiagoko taldeak, 30 urte arteko gazteak, 65 urtetik gorako pertsonak, langabetuak, %33ko desgaitasuna duten pertsonak, familia ugariak, dantza eta antzerkiko profesionalak: <strong><span>%15-20<\/span>ko deskontua<\/strong>.<\/p>\n<\/div>\n<div class=\"caja\">\n<h3>Kolektiboak:<\/h3>\n<p>Mugikortasun urriko pertsonak gurpil-aulkian eta laguntzaile bat palkoko eszenaurrean: <strong><span>%50<\/span>eko deskontua<\/strong>.<\/p>\n<\/div>\n<div class=\"caja\">\n<h3>Azken ordua aurreko taldeentzat:<\/h3>\n<p>(lagunentzat izan ezik) ikuskizuna hasi baino ordubete lehenagotik: <strong><span>%50<\/span>eko deskontua<\/strong><\/p>\n<\/div>\n<div class=\"caja\">\n<h3>Gaztea Lagunarentzako azken ordua:<\/h3>\n<p><strong><span>%70<\/span>eko deskontua<\/strong>.<\/p>\n<\/div>\n<div class=\"caja\">\n<h3>Gazte kupoa:<\/h3>\n<p><strong>sarrerak <span>5 \u20ac<\/span><\/strong> kupo mugatuan.<\/p>\n<\/div>\n<p><em>OHARRA: Deskontu hauek kasu bakoitzean horrela ezarrita duten ikuskizunei bakarrik aplikatuko zaizkie.<\/em><\/p>\n","protected":false},"excerpt":{"rendered":"Arriagako Taldearen Laguna: %20-25etik %35era bitarteko deskontua erositako sarrera-kopuruaren arabera (18 eta 41 sarrera bitartean, % 20-25eko deskontua; eta 42 sarreratik aurrera, % 35ekoa). Lagun programaren arabera alda daiteke. Arriagako Banakako Laguna: %20-25 eko deskontua urtebeterako balio duen txartela erosiz gero. Lagun programaren arabera alda daiteke. Kolektiboak: 20 pertsona edo gehiagoko taldeak, 30 urte arteko [&hellip;]<div class=\"clearfix\"><\/div>","protected":false},"author":10,"featured_media":6250,"parent":0,"menu_order":0,"comment_status":"closed","ping_status":"closed","template":"","meta":{"_acf_changed":false,"footnotes":""},"class_list":["post-2022","page","type-page","status-publish","has-post-thumbnail","hentry"],"acf":[],"yoast_head":"<!-- This site is optimized with the Yoast SEO plugin v27.6 - https:\/\/yoast.com\/product\/yoast-seo-wordpress\/ -->\n<title>Abantaiak - Teatro Arriaga Antzokia<\/title>\n<meta name=\"robots\" content=\"index, follow, max-snippet:-1, max-image-preview:large, max-video-preview:-1\" \/>\n<link rel=\"canonical\" href=\"https:\/\/www.citaprevia-teatroarriaga.eus\/?page_id=381\" \/>\n<meta property=\"og:locale\" content=\"en_US\" \/>\n<meta property=\"og:type\" content=\"article\" \/>\n<meta property=\"og:title\" content=\"Abantaiak - Teatro Arriaga Antzokia\" \/>\n<meta property=\"og:description\" content=\"Arriagako Taldearen Laguna: %20-25etik %35era bitarteko deskontua erositako sarrera-kopuruaren arabera (18 eta 41 sarrera bitartean, % 20-25eko deskontua; eta 42 sarreratik aurrera, % 35ekoa). Lagun programaren arabera alda daiteke. Arriagako Banakako Laguna: %20-25 eko deskontua urtebeterako balio duen txartela erosiz gero. Lagun programaren arabera alda daiteke. Kolektiboak: 20 pertsona edo gehiagoko taldeak, 30 urte arteko [&hellip;]\" \/>\n<meta property=\"og:url\" content=\"https:\/\/www.citaprevia-teatroarriaga.eus\/?page_id=381\" \/>\n<meta property=\"og:site_name\" content=\"Teatro Arriaga Antzokia\" \/>\n<meta property=\"article:modified_time\" content=\"2025-05-22T06:59:20+00:00\" \/>\n<meta property=\"og:image\" content=\"https:\/\/www.citaprevia-teatroarriaga.eus\/wp-content\/uploads\/2016\/02\/submenu_descuentos_byn1800.jpg\" \/>\n\t<meta property=\"og:image:width\" content=\"1800\" \/>\n\t<meta property=\"og:image:height\" content=\"800\" \/>\n\t<meta property=\"og:image:type\" content=\"image\/jpeg\" \/>\n<meta name=\"twitter:card\" content=\"summary_large_image\" \/>\n<meta name=\"twitter:label1\" content=\"Est. reading time\" \/>\n\t<meta name=\"twitter:data1\" content=\"1 minute\" \/>\n<script type=\"application\/ld+json\" class=\"yoast-schema-graph\">{\"@context\":\"https:\\\/\\\/schema.org\",\"@graph\":[{\"@type\":\"WebPage\",\"@id\":\"https:\\\/\\\/www.citaprevia-teatroarriaga.eus\\\/?page_id=381\",\"url\":\"https:\\\/\\\/www.citaprevia-teatroarriaga.eus\\\/?page_id=381\",\"name\":\"Abantaiak - Teatro Arriaga Antzokia\",\"isPartOf\":{\"@id\":\"https:\\\/\\\/www.citaprevia-teatroarriaga.eus\\\/#website\"},\"primaryImageOfPage\":{\"@id\":\"https:\\\/\\\/www.citaprevia-teatroarriaga.eus\\\/?page_id=381#primaryimage\"},\"image\":{\"@id\":\"https:\\\/\\\/www.citaprevia-teatroarriaga.eus\\\/?page_id=381#primaryimage\"},\"thumbnailUrl\":\"https:\\\/\\\/www.citaprevia-teatroarriaga.eus\\\/wp-content\\\/uploads\\\/2016\\\/02\\\/submenu_descuentos_byn1800.jpg\",\"datePublished\":\"2016-02-28T04:56:20+00:00\",\"dateModified\":\"2025-05-22T06:59:20+00:00\",\"breadcrumb\":{\"@id\":\"https:\\\/\\\/www.citaprevia-teatroarriaga.eus\\\/?page_id=381#breadcrumb\"},\"inLanguage\":\"eu-EU\",\"potentialAction\":[{\"@type\":\"ReadAction\",\"target\":[\"https:\\\/\\\/www.citaprevia-teatroarriaga.eus\\\/?page_id=381\"]}]},{\"@type\":\"ImageObject\",\"inLanguage\":\"eu-EU\",\"@id\":\"https:\\\/\\\/www.citaprevia-teatroarriaga.eus\\\/?page_id=381#primaryimage\",\"url\":\"https:\\\/\\\/www.citaprevia-teatroarriaga.eus\\\/wp-content\\\/uploads\\\/2016\\\/02\\\/submenu_descuentos_byn1800.jpg\",\"contentUrl\":\"https:\\\/\\\/www.citaprevia-teatroarriaga.eus\\\/wp-content\\\/uploads\\\/2016\\\/02\\\/submenu_descuentos_byn1800.jpg\",\"width\":1800,\"height\":800},{\"@type\":\"BreadcrumbList\",\"@id\":\"https:\\\/\\\/www.citaprevia-teatroarriaga.eus\\\/?page_id=381#breadcrumb\",\"itemListElement\":[{\"@type\":\"ListItem\",\"position\":1,\"name\":\"Portada\",\"item\":\"https:\\\/\\\/www.citaprevia-teatroarriaga.eus\\\/\"},{\"@type\":\"ListItem\",\"position\":2,\"name\":\"Leihatila\",\"item\":\"https:\\\/\\\/www.citaprevia-teatroarriaga.eus\\\/?page_id=10\"},{\"@type\":\"ListItem\",\"position\":3,\"name\":\"Abantaiak\"}]},{\"@type\":\"WebSite\",\"@id\":\"https:\\\/\\\/www.citaprevia-teatroarriaga.eus\\\/#website\",\"url\":\"https:\\\/\\\/www.citaprevia-teatroarriaga.eus\\\/\",\"name\":\"Teatro Arriaga Antzokia\",\"description\":\"Sitio web oficial del Teatro. Programaci\u00f3n y venta de entradas para espect\u00e1culos. Teatro, danza, conciertos, \u00f3pera.  Edificio emblem\u00e1tico de Bilbao\",\"potentialAction\":[{\"@type\":\"SearchAction\",\"target\":{\"@type\":\"EntryPoint\",\"urlTemplate\":\"https:\\\/\\\/www.citaprevia-teatroarriaga.eus\\\/?s={search_term_string}\"},\"query-input\":{\"@type\":\"PropertyValueSpecification\",\"valueRequired\":true,\"valueName\":\"search_term_string\"}}],\"inLanguage\":\"eu-EU\"}]}<\/script>\n<!-- \/ Yoast SEO plugin. -->","yoast_head_json":{"title":"Abantaiak - Teatro Arriaga Antzokia","robots":{"index":"index","follow":"follow","max-snippet":"max-snippet:-1","max-image-preview":"max-image-preview:large","max-video-preview":"max-video-preview:-1"},"canonical":"https:\/\/www.citaprevia-teatroarriaga.eus\/?page_id=381","og_locale":"en_US","og_type":"article","og_title":"Abantaiak - Teatro Arriaga Antzokia","og_description":"Arriagako Taldearen Laguna: %20-25etik %35era bitarteko deskontua erositako sarrera-kopuruaren arabera (18 eta 41 sarrera bitartean, % 20-25eko deskontua; eta 42 sarreratik aurrera, % 35ekoa). Lagun programaren arabera alda daiteke. Arriagako Banakako Laguna: %20-25 eko deskontua urtebeterako balio duen txartela erosiz gero. Lagun programaren arabera alda daiteke. Kolektiboak: 20 pertsona edo gehiagoko taldeak, 30 urte arteko [&hellip;]","og_url":"https:\/\/www.citaprevia-teatroarriaga.eus\/?page_id=381","og_site_name":"Teatro Arriaga Antzokia","article_modified_time":"2025-05-22T06:59:20+00:00","og_image":[{"width":1800,"height":800,"url":"https:\/\/www.citaprevia-teatroarriaga.eus\/wp-content\/uploads\/2016\/02\/submenu_descuentos_byn1800.jpg","type":"image\/jpeg"}],"twitter_card":"summary_large_image","twitter_misc":{"Est. reading time":"1 minute"},"schema":{"@context":"https:\/\/schema.org","@graph":[{"@type":"WebPage","@id":"https:\/\/www.citaprevia-teatroarriaga.eus\/?page_id=381","url":"https:\/\/www.citaprevia-teatroarriaga.eus\/?page_id=381","name":"Abantaiak - Teatro Arriaga Antzokia","isPartOf":{"@id":"https:\/\/www.citaprevia-teatroarriaga.eus\/#website"},"primaryImageOfPage":{"@id":"https:\/\/www.citaprevia-teatroarriaga.eus\/?page_id=381#primaryimage"},"image":{"@id":"https:\/\/www.citaprevia-teatroarriaga.eus\/?page_id=381#primaryimage"},"thumbnailUrl":"https:\/\/www.citaprevia-teatroarriaga.eus\/wp-content\/uploads\/2016\/02\/submenu_descuentos_byn1800.jpg","datePublished":"2016-02-28T04:56:20+00:00","dateModified":"2025-05-22T06:59:20+00:00","breadcrumb":{"@id":"https:\/\/www.citaprevia-teatroarriaga.eus\/?page_id=381#breadcrumb"},"inLanguage":"eu-EU","potentialAction":[{"@type":"ReadAction","target":["https:\/\/www.citaprevia-teatroarriaga.eus\/?page_id=381"]}]},{"@type":"ImageObject","inLanguage":"eu-EU","@id":"https:\/\/www.citaprevia-teatroarriaga.eus\/?page_id=381#primaryimage","url":"https:\/\/www.citaprevia-teatroarriaga.eus\/wp-content\/uploads\/2016\/02\/submenu_descuentos_byn1800.jpg","contentUrl":"https:\/\/www.citaprevia-teatroarriaga.eus\/wp-content\/uploads\/2016\/02\/submenu_descuentos_byn1800.jpg","width":1800,"height":800},{"@type":"BreadcrumbList","@id":"https:\/\/www.citaprevia-teatroarriaga.eus\/?page_id=381#breadcrumb","itemListElement":[{"@type":"ListItem","position":1,"name":"Portada","item":"https:\/\/www.citaprevia-teatroarriaga.eus\/"},{"@type":"ListItem","position":2,"name":"Leihatila","item":"https:\/\/www.citaprevia-teatroarriaga.eus\/?page_id=10"},{"@type":"ListItem","position":3,"name":"Abantaiak"}]},{"@type":"WebSite","@id":"https:\/\/www.citaprevia-teatroarriaga.eus\/#website","url":"https:\/\/www.citaprevia-teatroarriaga.eus\/","name":"Teatro Arriaga Antzokia","description":"Sitio web oficial del Teatro. Programaci\u00f3n y venta de entradas para espect\u00e1culos. Teatro, danza, conciertos, \u00f3pera.  Edificio emblem\u00e1tico de Bilbao","potentialAction":[{"@type":"SearchAction","target":{"@type":"EntryPoint","urlTemplate":"https:\/\/www.citaprevia-teatroarriaga.eus\/?s={search_term_string}"},"query-input":{"@type":"PropertyValueSpecification","valueRequired":true,"valueName":"search_term_string"}}],"inLanguage":"eu-EU"}]}},"_links":{"self":[{"href":"https:\/\/www.citaprevia-teatroarriaga.eus\/eu\/wp-json\/wp\/v2\/pages\/2022","targetHints":{"allow":["GET"]}}],"collection":[{"href":"https:\/\/www.citaprevia-teatroarriaga.eus\/eu\/wp-json\/wp\/v2\/pages"}],"about":[{"href":"https:\/\/www.citaprevia-teatroarriaga.eus\/eu\/wp-json\/wp\/v2\/types\/page"}],"author":[{"embeddable":true,"href":"https:\/\/www.citaprevia-teatroarriaga.eus\/eu\/wp-json\/wp\/v2\/users\/10"}],"replies":[{"embeddable":true,"href":"https:\/\/www.citaprevia-teatroarriaga.eus\/eu\/wp-json\/wp\/v2\/comments?post=2022"}],"version-history":[{"count":0,"href":"https:\/\/www.citaprevia-teatroarriaga.eus\/eu\/wp-json\/wp\/v2\/pages\/2022\/revisions"}],"wp:featuredmedia":[{"embeddable":true,"href":"https:\/\/www.citaprevia-teatroarriaga.eus\/eu\/wp-json\/wp\/v2\/media\/6250"}],"wp:attachment":[{"href":"https:\/\/www.citaprevia-teatroarriaga.eus\/eu\/wp-json\/wp\/v2\/media?parent=2022"}],"curies":[{"name":"wp","href":"https:\/\/api.w.org\/{rel}","templated":true}]}}