{"id":1991,"date":"2016-03-09T15:21:13","date_gmt":"2016-03-09T15:21:13","guid":{"rendered":"http:\/\/www.citaprevia-teatroarriaga.eus\/amigoa-de-grupo\/?lang=eu"},"modified":"2024-06-04T09:33:45","modified_gmt":"2024-06-04T07:33:45","slug":"amigoa-de-grupo","status":"publish","type":"page","link":"https:\/\/www.citaprevia-teatroarriaga.eus\/eu\/amigoa-de-grupo\/","title":{"rendered":"Taldeko laguna"},"content":{"rendered":"<div class=\"ow-content\">\n<div class=\"col-md-12 left-col wl-pa-top-md wl-pa-bottom-lg\">\n<h3><strong>% 35ERAINOKO DESKONTUA, ETA SARRERAK EROSTEKO LEHENTASUNA<\/strong><\/h3>\n<p>% 35eko deskontua &#8220;Arriagaren Lagunak&#8221; programako ikuskizunetarako sarreren prezioan, 42 sarrera edo gehiago erosiz ikuskizun desberdinetarako, lagunen kanpainan, taldekideak bezainbeste sarrera.<\/p>\n<p>% 25eko deskontua &#8220;Arriagaren Lagunak&#8221; programako ikuskizunetarako sarreren prezioan, 18 eta 41 sarrera bitarte erosiz gutxienez 3 ikuskizun desberdinetarako, lagunen kanpainan.<\/p>\n<p>% 35erainoko deskontua programazioaren sasoi osoan erositako sarreren prezioan, ikuskizun bakoitzean adierazten denaren arabera.<\/p>\n<p>Sasoiaren hasieran sarrerak erosteko lehentasuna, gehienez bi astean, hitzordu pertsonalizatuen sistema baten bidez. (Denbora-tarte hori murriztu ahal izango da sasoiaren diseinuaren arabera, eta lehentasuna bertan behera utzi ahal izango da besaulki-patioko 1. eta 2. ilaretan).<\/p>\n<p>Arriagaren Lagunaren doako txartel izendun, pertsonal eta transferiezina sasoirako; honek eskubidea ematen du sarrera bat ikuskizun bakoitzeko erosteko, kasu bakoitzerako ezarritako deskontuarekin.<\/p>\n<p>Arriaga Antzokiaren programazioari buruzko informazioa, zure e-mailera bidalita.<\/p>\n<p>Arreta pertsonalizatua. Informazio Bulegoa antzokian bertan, astelehenetik ostiralera, 11:00etatik 14:00etara eta 17:00etatik 20:00etara, edo 944792036 telefonoan.<\/p>\n<hr \/>\n<h3><strong>TALDEKO LAGUNA IZATEKO BETEKIZUNAK<\/strong><\/h3>\n<p>Arau orokor gisa, beharrezkoa da 6 pertsonen talde bat osatzea, eta horiek 18 sarrera edo gehiago erostea 3 ikuskizun desberdinetarako.<\/p>\n<p>6 kidetik gorako taldeen kasuan, sarrera kopuru handiagoa erosi beharko da; kopuru hori proportzionala izango da, arau honen arabera: Taldeko kide bakoitzak 3 sarrera edo gehiago erosten baditu, % 25eko deskontua aplikatuko da. Taldeko kide bakoitzak 7 sarrera edo gehiago erosten baditu, % 35eko deskontua lortzen da.<\/p>\n<p>6 kide baino gutxiago dituzten taldeen kasuan, derrigorrezkoa da gutxienez 18 sarrera erostea, ikuskizun desberdin gehiagorako.<\/p>\n<p>Kudeaketa errazteko, taldeko pertsona bat ordezkari gisa arituko da antzokiarekin \u201clotzeko\u201d.<\/p>\n<p>Ikuskizun bakoitzerako erositako sarrera kopurua ezin izan daiteke taldekideen kopurua baino handigoa, eta, kasu batzuetan, deskontua txikiagoa izan daiteke, lagunen programaren arabera.<\/p>\n<p>Txartelak sasoi bateko iraupena izango du.<\/p>\n<p>Deskontu hori duten sarrerak leihatilan eros daitezke, edo online salmentaren bidez.<\/p>\n<p>Sarrerak erosterakoan eta ikuskizunetara sartzerakoan, lagunaren txartela aurkeztu beharko da, NANarekin batera.<\/p>\n<p>Abantaila horiek Arriagaren lagunak programan sartutako ikuskizunei aplikatzen zaizkie (programa horretan ez dira sartzen sustatzaile-ikuskizunak, ezta aurretik determinatutako beste batzuk ere).<\/p>\n<p>Programa honetan izena emateko, Informazio Bulegora jo dezakezu, antzokian bertan, astelehenetik ostiralera, 11:00etatik 14:00etara eta 17:00etatik 20:00etara, edo 944792036 telefonoan, edo <a href=\"mailto:informacion@teatroarriaga.eus\">informacion@teatroarriaga.eus<\/a> e-mailean.<\/p>\n<\/div>\n<\/div>\n","protected":false},"excerpt":{"rendered":"% 35ERAINOKO DESKONTUA, ETA SARRERAK EROSTEKO LEHENTASUNA % 35eko deskontua &#8220;Arriagaren Lagunak&#8221; programako ikuskizunetarako sarreren prezioan, 42 sarrera edo gehiago erosiz ikuskizun desberdinetarako, lagunen kanpainan, taldekideak bezainbeste sarrera. % 25eko deskontua &#8220;Arriagaren Lagunak&#8221; programako ikuskizunetarako sarreren prezioan, 18 eta 41 sarrera bitarte erosiz gutxienez 3 ikuskizun desberdinetarako, lagunen kanpainan. % 35erainoko deskontua programazioaren sasoi osoan [&hellip;]<div class=\"clearfix\"><\/div>","protected":false},"author":10,"featured_media":6207,"parent":0,"menu_order":0,"comment_status":"closed","ping_status":"closed","template":"","meta":{"_acf_changed":false,"footnotes":""},"class_list":["post-1991","page","type-page","status-publish","has-post-thumbnail","hentry"],"acf":[],"yoast_head":"<!-- This site is optimized with the Yoast SEO plugin v27.6 - https:\/\/yoast.com\/product\/yoast-seo-wordpress\/ -->\n<title>Taldeko laguna - Teatro Arriaga Antzokia<\/title>\n<meta name=\"robots\" content=\"index, follow, max-snippet:-1, max-image-preview:large, max-video-preview:-1\" \/>\n<link rel=\"canonical\" href=\"https:\/\/www.citaprevia-teatroarriaga.eus\/?page_id=865\" \/>\n<meta property=\"og:locale\" content=\"en_US\" \/>\n<meta property=\"og:type\" content=\"article\" \/>\n<meta property=\"og:title\" content=\"Taldeko laguna - Teatro Arriaga Antzokia\" \/>\n<meta property=\"og:description\" content=\"% 35ERAINOKO DESKONTUA, ETA SARRERAK EROSTEKO LEHENTASUNA % 35eko deskontua &#8220;Arriagaren Lagunak&#8221; programako ikuskizunetarako sarreren prezioan, 42 sarrera edo gehiago erosiz ikuskizun desberdinetarako, lagunen kanpainan, taldekideak bezainbeste sarrera. % 25eko deskontua &#8220;Arriagaren Lagunak&#8221; programako ikuskizunetarako sarreren prezioan, 18 eta 41 sarrera bitarte erosiz gutxienez 3 ikuskizun desberdinetarako, lagunen kanpainan. % 35erainoko deskontua programazioaren sasoi osoan [&hellip;]\" \/>\n<meta property=\"og:url\" content=\"https:\/\/www.citaprevia-teatroarriaga.eus\/?page_id=865\" \/>\n<meta property=\"og:site_name\" content=\"Teatro Arriaga Antzokia\" \/>\n<meta property=\"article:modified_time\" content=\"2024-06-04T07:33:45+00:00\" \/>\n<meta property=\"og:image\" content=\"https:\/\/www.citaprevia-teatroarriaga.eus\/wp-content\/uploads\/2016\/03\/Foto_submenu_amigos_grupo_byn1800.jpg\" \/>\n\t<meta property=\"og:image:width\" content=\"1800\" \/>\n\t<meta property=\"og:image:height\" content=\"800\" \/>\n\t<meta property=\"og:image:type\" content=\"image\/jpeg\" \/>\n<meta name=\"twitter:card\" content=\"summary_large_image\" \/>\n<meta name=\"twitter:label1\" content=\"Est. reading time\" \/>\n\t<meta name=\"twitter:data1\" content=\"3 minutes\" \/>\n<script type=\"application\/ld+json\" class=\"yoast-schema-graph\">{\"@context\":\"https:\\\/\\\/schema.org\",\"@graph\":[{\"@type\":\"WebPage\",\"@id\":\"https:\\\/\\\/www.citaprevia-teatroarriaga.eus\\\/?page_id=865\",\"url\":\"https:\\\/\\\/www.citaprevia-teatroarriaga.eus\\\/?page_id=865\",\"name\":\"Taldeko laguna - Teatro Arriaga Antzokia\",\"isPartOf\":{\"@id\":\"https:\\\/\\\/www.citaprevia-teatroarriaga.eus\\\/#website\"},\"primaryImageOfPage\":{\"@id\":\"https:\\\/\\\/www.citaprevia-teatroarriaga.eus\\\/?page_id=865#primaryimage\"},\"image\":{\"@id\":\"https:\\\/\\\/www.citaprevia-teatroarriaga.eus\\\/?page_id=865#primaryimage\"},\"thumbnailUrl\":\"https:\\\/\\\/www.citaprevia-teatroarriaga.eus\\\/wp-content\\\/uploads\\\/2016\\\/03\\\/Foto_submenu_amigos_grupo_byn1800.jpg\",\"datePublished\":\"2016-03-09T15:21:13+00:00\",\"dateModified\":\"2024-06-04T07:33:45+00:00\",\"breadcrumb\":{\"@id\":\"https:\\\/\\\/www.citaprevia-teatroarriaga.eus\\\/?page_id=865#breadcrumb\"},\"inLanguage\":\"eu-EU\",\"potentialAction\":[{\"@type\":\"ReadAction\",\"target\":[\"https:\\\/\\\/www.citaprevia-teatroarriaga.eus\\\/?page_id=865\"]}]},{\"@type\":\"ImageObject\",\"inLanguage\":\"eu-EU\",\"@id\":\"https:\\\/\\\/www.citaprevia-teatroarriaga.eus\\\/?page_id=865#primaryimage\",\"url\":\"https:\\\/\\\/www.citaprevia-teatroarriaga.eus\\\/wp-content\\\/uploads\\\/2016\\\/03\\\/Foto_submenu_amigos_grupo_byn1800.jpg\",\"contentUrl\":\"https:\\\/\\\/www.citaprevia-teatroarriaga.eus\\\/wp-content\\\/uploads\\\/2016\\\/03\\\/Foto_submenu_amigos_grupo_byn1800.jpg\",\"width\":1800,\"height\":800},{\"@type\":\"BreadcrumbList\",\"@id\":\"https:\\\/\\\/www.citaprevia-teatroarriaga.eus\\\/?page_id=865#breadcrumb\",\"itemListElement\":[{\"@type\":\"ListItem\",\"position\":1,\"name\":\"Portada\",\"item\":\"https:\\\/\\\/www.citaprevia-teatroarriaga.eus\\\/\"},{\"@type\":\"ListItem\",\"position\":2,\"name\":\"Arriagaren lagunak\",\"item\":\"https:\\\/\\\/www.citaprevia-teatroarriaga.eus\\\/?page_id=9\"},{\"@type\":\"ListItem\",\"position\":3,\"name\":\"Taldeko laguna\"}]},{\"@type\":\"WebSite\",\"@id\":\"https:\\\/\\\/www.citaprevia-teatroarriaga.eus\\\/#website\",\"url\":\"https:\\\/\\\/www.citaprevia-teatroarriaga.eus\\\/\",\"name\":\"Teatro Arriaga Antzokia\",\"description\":\"Sitio web oficial del Teatro. Programaci\u00f3n y venta de entradas para espect\u00e1culos. Teatro, danza, conciertos, \u00f3pera.  Edificio emblem\u00e1tico de Bilbao\",\"potentialAction\":[{\"@type\":\"SearchAction\",\"target\":{\"@type\":\"EntryPoint\",\"urlTemplate\":\"https:\\\/\\\/www.citaprevia-teatroarriaga.eus\\\/?s={search_term_string}\"},\"query-input\":{\"@type\":\"PropertyValueSpecification\",\"valueRequired\":true,\"valueName\":\"search_term_string\"}}],\"inLanguage\":\"eu-EU\"}]}<\/script>\n<!-- \/ Yoast SEO plugin. -->","yoast_head_json":{"title":"Taldeko laguna - Teatro Arriaga Antzokia","robots":{"index":"index","follow":"follow","max-snippet":"max-snippet:-1","max-image-preview":"max-image-preview:large","max-video-preview":"max-video-preview:-1"},"canonical":"https:\/\/www.citaprevia-teatroarriaga.eus\/?page_id=865","og_locale":"en_US","og_type":"article","og_title":"Taldeko laguna - Teatro Arriaga Antzokia","og_description":"% 35ERAINOKO DESKONTUA, ETA SARRERAK EROSTEKO LEHENTASUNA % 35eko deskontua &#8220;Arriagaren Lagunak&#8221; programako ikuskizunetarako sarreren prezioan, 42 sarrera edo gehiago erosiz ikuskizun desberdinetarako, lagunen kanpainan, taldekideak bezainbeste sarrera. % 25eko deskontua &#8220;Arriagaren Lagunak&#8221; programako ikuskizunetarako sarreren prezioan, 18 eta 41 sarrera bitarte erosiz gutxienez 3 ikuskizun desberdinetarako, lagunen kanpainan. % 35erainoko deskontua programazioaren sasoi osoan [&hellip;]","og_url":"https:\/\/www.citaprevia-teatroarriaga.eus\/?page_id=865","og_site_name":"Teatro Arriaga Antzokia","article_modified_time":"2024-06-04T07:33:45+00:00","og_image":[{"width":1800,"height":800,"url":"https:\/\/www.citaprevia-teatroarriaga.eus\/wp-content\/uploads\/2016\/03\/Foto_submenu_amigos_grupo_byn1800.jpg","type":"image\/jpeg"}],"twitter_card":"summary_large_image","twitter_misc":{"Est. reading time":"3 minutes"},"schema":{"@context":"https:\/\/schema.org","@graph":[{"@type":"WebPage","@id":"https:\/\/www.citaprevia-teatroarriaga.eus\/?page_id=865","url":"https:\/\/www.citaprevia-teatroarriaga.eus\/?page_id=865","name":"Taldeko laguna - Teatro Arriaga Antzokia","isPartOf":{"@id":"https:\/\/www.citaprevia-teatroarriaga.eus\/#website"},"primaryImageOfPage":{"@id":"https:\/\/www.citaprevia-teatroarriaga.eus\/?page_id=865#primaryimage"},"image":{"@id":"https:\/\/www.citaprevia-teatroarriaga.eus\/?page_id=865#primaryimage"},"thumbnailUrl":"https:\/\/www.citaprevia-teatroarriaga.eus\/wp-content\/uploads\/2016\/03\/Foto_submenu_amigos_grupo_byn1800.jpg","datePublished":"2016-03-09T15:21:13+00:00","dateModified":"2024-06-04T07:33:45+00:00","breadcrumb":{"@id":"https:\/\/www.citaprevia-teatroarriaga.eus\/?page_id=865#breadcrumb"},"inLanguage":"eu-EU","potentialAction":[{"@type":"ReadAction","target":["https:\/\/www.citaprevia-teatroarriaga.eus\/?page_id=865"]}]},{"@type":"ImageObject","inLanguage":"eu-EU","@id":"https:\/\/www.citaprevia-teatroarriaga.eus\/?page_id=865#primaryimage","url":"https:\/\/www.citaprevia-teatroarriaga.eus\/wp-content\/uploads\/2016\/03\/Foto_submenu_amigos_grupo_byn1800.jpg","contentUrl":"https:\/\/www.citaprevia-teatroarriaga.eus\/wp-content\/uploads\/2016\/03\/Foto_submenu_amigos_grupo_byn1800.jpg","width":1800,"height":800},{"@type":"BreadcrumbList","@id":"https:\/\/www.citaprevia-teatroarriaga.eus\/?page_id=865#breadcrumb","itemListElement":[{"@type":"ListItem","position":1,"name":"Portada","item":"https:\/\/www.citaprevia-teatroarriaga.eus\/"},{"@type":"ListItem","position":2,"name":"Arriagaren lagunak","item":"https:\/\/www.citaprevia-teatroarriaga.eus\/?page_id=9"},{"@type":"ListItem","position":3,"name":"Taldeko laguna"}]},{"@type":"WebSite","@id":"https:\/\/www.citaprevia-teatroarriaga.eus\/#website","url":"https:\/\/www.citaprevia-teatroarriaga.eus\/","name":"Teatro Arriaga Antzokia","description":"Sitio web oficial del Teatro. Programaci\u00f3n y venta de entradas para espect\u00e1culos. Teatro, danza, conciertos, \u00f3pera.  Edificio emblem\u00e1tico de Bilbao","potentialAction":[{"@type":"SearchAction","target":{"@type":"EntryPoint","urlTemplate":"https:\/\/www.citaprevia-teatroarriaga.eus\/?s={search_term_string}"},"query-input":{"@type":"PropertyValueSpecification","valueRequired":true,"valueName":"search_term_string"}}],"inLanguage":"eu-EU"}]}},"_links":{"self":[{"href":"https:\/\/www.citaprevia-teatroarriaga.eus\/eu\/wp-json\/wp\/v2\/pages\/1991","targetHints":{"allow":["GET"]}}],"collection":[{"href":"https:\/\/www.citaprevia-teatroarriaga.eus\/eu\/wp-json\/wp\/v2\/pages"}],"about":[{"href":"https:\/\/www.citaprevia-teatroarriaga.eus\/eu\/wp-json\/wp\/v2\/types\/page"}],"author":[{"embeddable":true,"href":"https:\/\/www.citaprevia-teatroarriaga.eus\/eu\/wp-json\/wp\/v2\/users\/10"}],"replies":[{"embeddable":true,"href":"https:\/\/www.citaprevia-teatroarriaga.eus\/eu\/wp-json\/wp\/v2\/comments?post=1991"}],"version-history":[{"count":0,"href":"https:\/\/www.citaprevia-teatroarriaga.eus\/eu\/wp-json\/wp\/v2\/pages\/1991\/revisions"}],"wp:featuredmedia":[{"embeddable":true,"href":"https:\/\/www.citaprevia-teatroarriaga.eus\/eu\/wp-json\/wp\/v2\/media\/6207"}],"wp:attachment":[{"href":"https:\/\/www.citaprevia-teatroarriaga.eus\/eu\/wp-json\/wp\/v2\/media?parent=1991"}],"curies":[{"name":"wp","href":"https:\/\/api.w.org\/{rel}","templated":true}]}}