{"id":10788,"date":"2018-05-26T09:54:15","date_gmt":"2018-05-26T07:54:15","guid":{"rendered":"http:\/\/www.citaprevia-teatroarriaga.eus\/amigoa-gaztea-del-arriaga\/"},"modified":"2025-02-07T08:51:02","modified_gmt":"2025-02-07T07:51:02","slug":"amigoa-gaztea-del-arriaga","status":"publish","type":"page","link":"https:\/\/www.citaprevia-teatroarriaga.eus\/eu\/amigoa-gaztea-del-arriaga\/","title":{"rendered":"LAGUN GAZTEA"},"content":{"rendered":"<div class=\"ow-content\">\n<div class=\"col-md-12 left-col wl-pa-top-md wl-pa-bottom-lg\">\n<div class=\"col-md-6\" style=\"float: right; margin-bottom: 50px\">\n<iframe loading=\"lazy\" width=\"560\" height=\"315\" src=\"https:\/\/www.youtube.com\/embed\/k6hWawHv0UQ?si=FuhXPDW88FVOq5lC\" title=\"YouTube video player\" frameborder=\"0\" allow=\"accelerometer; autoplay; clipboard-write; encrypted-media; gyroscope; picture-in-picture; web-share\" referrerpolicy=\"strict-origin-when-cross-origin\" allowfullscreen><\/iframe>\n<\/div>\n<h3><strong>GAZTE KUPOA<\/strong><\/h3>\n<p>Sarrerak 5 eurotan erostea, kupo mugatu batean, \u201cArriagaren Lagunak\u201d programako ikuskizunetan, salmentaren hasieratik hori adierazten den kasuetan.<\/p>\n<p>Palku, anfiteatro eta goialdeko eserlekuetarako soilik (aurrekoak izan ezik), eta eserleku guztietan eszena irekiko ikuskizunetan. Ez du balio foyer-erako, ezta eszenatokiko espaziorako ere.<\/p>\n<p>Kupoko sarrerak leihatilan soilik eros daitezke.<\/p>\n<hr \/>\n<h3><strong>% 70EKO DESKONTUA AZKEN ORDUAN<\/strong><\/h3>\n<p>Azken orduan, % 70eko deskontua lor daiteke \u201cArriagaren Lagunak\u201d programako ikuskizun batzuetan, horrela adierazten den kasuetan; sarrera ikuskizunaren egun berean erosi behar da, leihatilaren arratsaldeko ordutegian.<\/p>\n<p>Arriaga Antzokiaren programazioari buruzko informazioa, zure e-mailera bidalita.<\/p>\n<p>Arreta pertsonalizatua. Informazio Bulegoa antzokian bertan, astelehenetik ostiralera, 11:00etatik 14:00etara eta 17:00etatik 20:00etara, edo 944792036 telefonoan.<\/p>\n<p>Beste abantaila batzuk: Topaketak artistekin; entsegu orokorretara etortzeko aukera; lehiaketak; eskaintza bereziak sare sozialen bidez\u2026<\/p>\n<p>Deskontu hori duten sarrerak leihatilan eros daitezke, edo online salmentaren bidez.<\/p>\n<hr \/>\n<h3><strong>LAGUN GAZTEA IZATEKO BETEKIZUNAK<\/strong><\/h3>\n<p>16 eta 30 urte bitartean izatea, biak barne sartuta.<\/p>\n<p>Txartel izendun, pertsonal eta transferiezina erostea, 3 eurotan. Txartelaren iraupena urtebetekoa da erosten den egunetik.<\/p>\n<p>Dohainik berritzea: Fideltasunaren sari gisa, txartel hau beste urte batez berritu daiteke dohainik, iraungi baino lehen. Horretarako, indarrean dagoen txartelarekin 4 ikuskizun desberdinetarako erositako sarrerak aurkeztu behar dira leihatilan.<\/p>\n<p>Sarrerak erosterakoan eta ikuskizunetara sartzerakoan, lagunaren txartela aurkeztu beharko da, NANarekin batera.<\/p>\n<p>Txartelak baliozkotasunik gabe geratzen da 31 urte betetzen direnean.<\/p>\n<p>Abantaila horiek Arriagaren lagunak programan sartutako ikuskizunei aplikatzen zaizkie (programa horretan ez dira sartzen sustatzaile-ikuskizunak, ezta aurretik determinatutako beste batzuk ere).<\/p>\n<p>Bi abantailak bateragarriak dira, baina ez aldi berean. Hautatu behar da gazte kupoa edo azken orduko % 70ko deskontua.<\/p>\n<p>Lagun gaztearen txartela erosteko, antzokiko Informazio Bulegora jo behar da, eta bertan kudeatuko da eskaria; edo, bestela, FORMULARIO DIGITALA bete behar da, eta horren ostean antzokiarekin kontaktatu, lagunaren txartela Informazio Bulegoan jasotzeko, beraren zenbatekoa ordaindu eta gero.<\/p>\n<hr \/>\n<p class=\"wpcf7-contact-form-not-found\"><strong>Error:<\/strong> Contact form not found.<\/p>\n<\/div>\n<\/div>\n","protected":false},"excerpt":{"rendered":"GAZTE KUPOA Sarrerak 5 eurotan erostea, kupo mugatu batean, \u201cArriagaren Lagunak\u201d programako ikuskizunetan, salmentaren hasieratik hori adierazten den kasuetan. Palku, anfiteatro eta goialdeko eserlekuetarako soilik (aurrekoak izan ezik), eta eserleku guztietan eszena irekiko ikuskizunetan. Ez du balio foyer-erako, ezta eszenatokiko espaziorako ere. Kupoko sarrerak leihatilan soilik eros daitezke. % 70EKO DESKONTUA AZKEN ORDUAN Azken orduan, [&hellip;]<div class=\"clearfix\"><\/div>","protected":false},"author":10,"featured_media":10791,"parent":0,"menu_order":0,"comment_status":"closed","ping_status":"closed","template":"","meta":{"_acf_changed":false,"footnotes":""},"class_list":["post-10788","page","type-page","status-publish","has-post-thumbnail","hentry"],"acf":[],"yoast_head":"<!-- This site is optimized with the Yoast SEO plugin v27.6 - https:\/\/yoast.com\/product\/yoast-seo-wordpress\/ -->\n<title>LAGUN GAZTEA - Teatro Arriaga Antzokia<\/title>\n<meta name=\"robots\" content=\"index, follow, max-snippet:-1, max-image-preview:large, max-video-preview:-1\" \/>\n<link rel=\"canonical\" href=\"https:\/\/www.citaprevia-teatroarriaga.eus\/?page_id=10786\" \/>\n<meta property=\"og:locale\" content=\"en_US\" \/>\n<meta property=\"og:type\" content=\"article\" \/>\n<meta property=\"og:title\" content=\"LAGUN GAZTEA - Teatro Arriaga Antzokia\" \/>\n<meta property=\"og:description\" content=\"GAZTE KUPOA Sarrerak 5 eurotan erostea, kupo mugatu batean, \u201cArriagaren Lagunak\u201d programako ikuskizunetan, salmentaren hasieratik hori adierazten den kasuetan. Palku, anfiteatro eta goialdeko eserlekuetarako soilik (aurrekoak izan ezik), eta eserleku guztietan eszena irekiko ikuskizunetan. Ez du balio foyer-erako, ezta eszenatokiko espaziorako ere. Kupoko sarrerak leihatilan soilik eros daitezke. % 70EKO DESKONTUA AZKEN ORDUAN Azken orduan, [&hellip;]\" \/>\n<meta property=\"og:url\" content=\"https:\/\/www.citaprevia-teatroarriaga.eus\/?page_id=10786\" \/>\n<meta property=\"og:site_name\" content=\"Teatro Arriaga Antzokia\" \/>\n<meta property=\"article:modified_time\" content=\"2025-02-07T07:51:02+00:00\" \/>\n<meta property=\"og:image\" content=\"https:\/\/www.citaprevia-teatroarriaga.eus\/wp-content\/uploads\/2018\/05\/submenu_amigo_amigo_gaztea_byn1800-1.jpg\" \/>\n\t<meta property=\"og:image:width\" content=\"1800\" \/>\n\t<meta property=\"og:image:height\" content=\"800\" \/>\n\t<meta property=\"og:image:type\" content=\"image\/jpeg\" \/>\n<meta name=\"twitter:card\" content=\"summary_large_image\" \/>\n<meta name=\"twitter:label1\" content=\"Est. reading time\" \/>\n\t<meta name=\"twitter:data1\" content=\"2 minutes\" \/>\n<script type=\"application\/ld+json\" class=\"yoast-schema-graph\">{\"@context\":\"https:\\\/\\\/schema.org\",\"@graph\":[{\"@type\":\"WebPage\",\"@id\":\"https:\\\/\\\/www.citaprevia-teatroarriaga.eus\\\/?page_id=10786\",\"url\":\"https:\\\/\\\/www.citaprevia-teatroarriaga.eus\\\/?page_id=10786\",\"name\":\"LAGUN GAZTEA - Teatro Arriaga Antzokia\",\"isPartOf\":{\"@id\":\"https:\\\/\\\/www.citaprevia-teatroarriaga.eus\\\/#website\"},\"primaryImageOfPage\":{\"@id\":\"https:\\\/\\\/www.citaprevia-teatroarriaga.eus\\\/?page_id=10786#primaryimage\"},\"image\":{\"@id\":\"https:\\\/\\\/www.citaprevia-teatroarriaga.eus\\\/?page_id=10786#primaryimage\"},\"thumbnailUrl\":\"https:\\\/\\\/www.citaprevia-teatroarriaga.eus\\\/wp-content\\\/uploads\\\/2018\\\/05\\\/submenu_amigo_amigo_gaztea_byn1800-1.jpg\",\"datePublished\":\"2018-05-26T07:54:15+00:00\",\"dateModified\":\"2025-02-07T07:51:02+00:00\",\"breadcrumb\":{\"@id\":\"https:\\\/\\\/www.citaprevia-teatroarriaga.eus\\\/?page_id=10786#breadcrumb\"},\"inLanguage\":\"eu-EU\",\"potentialAction\":[{\"@type\":\"ReadAction\",\"target\":[\"https:\\\/\\\/www.citaprevia-teatroarriaga.eus\\\/?page_id=10786\"]}]},{\"@type\":\"ImageObject\",\"inLanguage\":\"eu-EU\",\"@id\":\"https:\\\/\\\/www.citaprevia-teatroarriaga.eus\\\/?page_id=10786#primaryimage\",\"url\":\"https:\\\/\\\/www.citaprevia-teatroarriaga.eus\\\/wp-content\\\/uploads\\\/2018\\\/05\\\/submenu_amigo_amigo_gaztea_byn1800-1.jpg\",\"contentUrl\":\"https:\\\/\\\/www.citaprevia-teatroarriaga.eus\\\/wp-content\\\/uploads\\\/2018\\\/05\\\/submenu_amigo_amigo_gaztea_byn1800-1.jpg\",\"width\":1800,\"height\":800,\"caption\":\"Amigo\\\/a Gaztea de Arriaga\"},{\"@type\":\"BreadcrumbList\",\"@id\":\"https:\\\/\\\/www.citaprevia-teatroarriaga.eus\\\/?page_id=10786#breadcrumb\",\"itemListElement\":[{\"@type\":\"ListItem\",\"position\":1,\"name\":\"Portada\",\"item\":\"https:\\\/\\\/www.citaprevia-teatroarriaga.eus\\\/\"},{\"@type\":\"ListItem\",\"position\":2,\"name\":\"Arriagaren lagunak\",\"item\":\"https:\\\/\\\/www.citaprevia-teatroarriaga.eus\\\/?page_id=9\"},{\"@type\":\"ListItem\",\"position\":3,\"name\":\"LAGUN GAZTEA\"}]},{\"@type\":\"WebSite\",\"@id\":\"https:\\\/\\\/www.citaprevia-teatroarriaga.eus\\\/#website\",\"url\":\"https:\\\/\\\/www.citaprevia-teatroarriaga.eus\\\/\",\"name\":\"Teatro Arriaga Antzokia\",\"description\":\"Sitio web oficial del Teatro. Programaci\u00f3n y venta de entradas para espect\u00e1culos. Teatro, danza, conciertos, \u00f3pera.  Edificio emblem\u00e1tico de Bilbao\",\"potentialAction\":[{\"@type\":\"SearchAction\",\"target\":{\"@type\":\"EntryPoint\",\"urlTemplate\":\"https:\\\/\\\/www.citaprevia-teatroarriaga.eus\\\/?s={search_term_string}\"},\"query-input\":{\"@type\":\"PropertyValueSpecification\",\"valueRequired\":true,\"valueName\":\"search_term_string\"}}],\"inLanguage\":\"eu-EU\"}]}<\/script>\n<!-- \/ Yoast SEO plugin. -->","yoast_head_json":{"title":"LAGUN GAZTEA - Teatro Arriaga Antzokia","robots":{"index":"index","follow":"follow","max-snippet":"max-snippet:-1","max-image-preview":"max-image-preview:large","max-video-preview":"max-video-preview:-1"},"canonical":"https:\/\/www.citaprevia-teatroarriaga.eus\/?page_id=10786","og_locale":"en_US","og_type":"article","og_title":"LAGUN GAZTEA - Teatro Arriaga Antzokia","og_description":"GAZTE KUPOA Sarrerak 5 eurotan erostea, kupo mugatu batean, \u201cArriagaren Lagunak\u201d programako ikuskizunetan, salmentaren hasieratik hori adierazten den kasuetan. Palku, anfiteatro eta goialdeko eserlekuetarako soilik (aurrekoak izan ezik), eta eserleku guztietan eszena irekiko ikuskizunetan. Ez du balio foyer-erako, ezta eszenatokiko espaziorako ere. Kupoko sarrerak leihatilan soilik eros daitezke. % 70EKO DESKONTUA AZKEN ORDUAN Azken orduan, [&hellip;]","og_url":"https:\/\/www.citaprevia-teatroarriaga.eus\/?page_id=10786","og_site_name":"Teatro Arriaga Antzokia","article_modified_time":"2025-02-07T07:51:02+00:00","og_image":[{"width":1800,"height":800,"url":"https:\/\/www.citaprevia-teatroarriaga.eus\/wp-content\/uploads\/2018\/05\/submenu_amigo_amigo_gaztea_byn1800-1.jpg","type":"image\/jpeg"}],"twitter_card":"summary_large_image","twitter_misc":{"Est. reading time":"2 minutes"},"schema":{"@context":"https:\/\/schema.org","@graph":[{"@type":"WebPage","@id":"https:\/\/www.citaprevia-teatroarriaga.eus\/?page_id=10786","url":"https:\/\/www.citaprevia-teatroarriaga.eus\/?page_id=10786","name":"LAGUN GAZTEA - Teatro Arriaga Antzokia","isPartOf":{"@id":"https:\/\/www.citaprevia-teatroarriaga.eus\/#website"},"primaryImageOfPage":{"@id":"https:\/\/www.citaprevia-teatroarriaga.eus\/?page_id=10786#primaryimage"},"image":{"@id":"https:\/\/www.citaprevia-teatroarriaga.eus\/?page_id=10786#primaryimage"},"thumbnailUrl":"https:\/\/www.citaprevia-teatroarriaga.eus\/wp-content\/uploads\/2018\/05\/submenu_amigo_amigo_gaztea_byn1800-1.jpg","datePublished":"2018-05-26T07:54:15+00:00","dateModified":"2025-02-07T07:51:02+00:00","breadcrumb":{"@id":"https:\/\/www.citaprevia-teatroarriaga.eus\/?page_id=10786#breadcrumb"},"inLanguage":"eu-EU","potentialAction":[{"@type":"ReadAction","target":["https:\/\/www.citaprevia-teatroarriaga.eus\/?page_id=10786"]}]},{"@type":"ImageObject","inLanguage":"eu-EU","@id":"https:\/\/www.citaprevia-teatroarriaga.eus\/?page_id=10786#primaryimage","url":"https:\/\/www.citaprevia-teatroarriaga.eus\/wp-content\/uploads\/2018\/05\/submenu_amigo_amigo_gaztea_byn1800-1.jpg","contentUrl":"https:\/\/www.citaprevia-teatroarriaga.eus\/wp-content\/uploads\/2018\/05\/submenu_amigo_amigo_gaztea_byn1800-1.jpg","width":1800,"height":800,"caption":"Amigo\/a Gaztea de Arriaga"},{"@type":"BreadcrumbList","@id":"https:\/\/www.citaprevia-teatroarriaga.eus\/?page_id=10786#breadcrumb","itemListElement":[{"@type":"ListItem","position":1,"name":"Portada","item":"https:\/\/www.citaprevia-teatroarriaga.eus\/"},{"@type":"ListItem","position":2,"name":"Arriagaren lagunak","item":"https:\/\/www.citaprevia-teatroarriaga.eus\/?page_id=9"},{"@type":"ListItem","position":3,"name":"LAGUN GAZTEA"}]},{"@type":"WebSite","@id":"https:\/\/www.citaprevia-teatroarriaga.eus\/#website","url":"https:\/\/www.citaprevia-teatroarriaga.eus\/","name":"Teatro Arriaga Antzokia","description":"Sitio web oficial del Teatro. Programaci\u00f3n y venta de entradas para espect\u00e1culos. Teatro, danza, conciertos, \u00f3pera.  Edificio emblem\u00e1tico de Bilbao","potentialAction":[{"@type":"SearchAction","target":{"@type":"EntryPoint","urlTemplate":"https:\/\/www.citaprevia-teatroarriaga.eus\/?s={search_term_string}"},"query-input":{"@type":"PropertyValueSpecification","valueRequired":true,"valueName":"search_term_string"}}],"inLanguage":"eu-EU"}]}},"_links":{"self":[{"href":"https:\/\/www.citaprevia-teatroarriaga.eus\/eu\/wp-json\/wp\/v2\/pages\/10788","targetHints":{"allow":["GET"]}}],"collection":[{"href":"https:\/\/www.citaprevia-teatroarriaga.eus\/eu\/wp-json\/wp\/v2\/pages"}],"about":[{"href":"https:\/\/www.citaprevia-teatroarriaga.eus\/eu\/wp-json\/wp\/v2\/types\/page"}],"author":[{"embeddable":true,"href":"https:\/\/www.citaprevia-teatroarriaga.eus\/eu\/wp-json\/wp\/v2\/users\/10"}],"replies":[{"embeddable":true,"href":"https:\/\/www.citaprevia-teatroarriaga.eus\/eu\/wp-json\/wp\/v2\/comments?post=10788"}],"version-history":[{"count":2,"href":"https:\/\/www.citaprevia-teatroarriaga.eus\/eu\/wp-json\/wp\/v2\/pages\/10788\/revisions"}],"predecessor-version":[{"id":10876,"href":"https:\/\/www.citaprevia-teatroarriaga.eus\/eu\/wp-json\/wp\/v2\/pages\/10788\/revisions\/10876"}],"wp:featuredmedia":[{"embeddable":true,"href":"https:\/\/www.citaprevia-teatroarriaga.eus\/eu\/wp-json\/wp\/v2\/media\/10791"}],"wp:attachment":[{"href":"https:\/\/www.citaprevia-teatroarriaga.eus\/eu\/wp-json\/wp\/v2\/media?parent=10788"}],"curies":[{"name":"wp","href":"https:\/\/api.w.org\/{rel}","templated":true}]}}